{"id":7173,"date":"2022-05-24T17:42:25","date_gmt":"2022-05-24T09:42:25","guid":{"rendered":"https:\/\/darksalmon-dugong-512221.hostingersite.com\/?post_type=product&#038;p=7173"},"modified":"2022-05-24T17:54:36","modified_gmt":"2022-05-24T09:54:36","slug":"mylion-ft12v150ah-solar-battery-free-maintenance-sealed-gel-agm-lead-acid-storage-battery-for-ups-power-station","status":"publish","type":"product","link":"https:\/\/ygspower.com\/es\/producto\/mylion-ft12v150ah-solar-battery-free-maintenance-sealed-gel-agm-lead-acid-storage-battery-for-ups-power-station\/","title":{"rendered":"Bater\u00eda solar Mylion FT12V150Ah, libre de mantenimiento, sellada, GEL AGM, bater\u00eda de plomo \u00e1cido, terminal frontal, para almacenamiento de energ\u00eda UPS"},"content":{"rendered":"<p>Bater\u00eda solar Mylion FT12V150Ah, libre de mantenimiento, sellada, GEL AGM, bater\u00eda de plomo \u00e1cido, terminal frontal, para almacenamiento de energ\u00eda UPS<\/p>\n<table width=\"759\">\n<tbody>\n<tr>\n<td width=\"163\">Nombre del producto<\/td>\n<td width=\"149\">ML12-FT-100<\/td>\n<td width=\"149\"><span style=\"color: #ff0000;\"><strong>ML12-FT-150<\/strong><\/span><\/td>\n<td width=\"149\">ML12-FT-180<\/td>\n<td width=\"149\">ML12-FT-200<\/td>\n<\/tr>\n<tr>\n<td>Nombre del estilo<\/td>\n<td>12 V 100 Ah<\/td>\n<td>12 V 150 Ah<\/td>\n<td>12 V 180 Ah<\/td>\n<td>12 V 200 Ah<\/td>\n<\/tr>\n<tr>\n<td>Capacidad normal<\/td>\n<td>100 Ah\/10 horas<\/td>\n<td>150 Ah\/10 horas<\/td>\n<td>180 Ah\/10 horas<\/td>\n<td>200 Ah\/10 horas<\/td>\n<\/tr>\n<tr>\n<td>Voltaje nominal<\/td>\n<td>12 V<\/td>\n<td>12 V<\/td>\n<td>12 V<\/td>\n<td>12 V<\/td>\n<\/tr>\n<tr>\n<td>Voltaje m\u00e1ximo de carga<\/td>\n<td>14,8 V<\/td>\n<td>14,8 V<\/td>\n<td>14,8 V<\/td>\n<td>14,8 V<\/td>\n<\/tr>\n<tr>\n<td>Corriente de carga m\u00e1xima<\/td>\n<td>0,2 \u00b0C 20 A<\/td>\n<td>0,2 \u00b0C 30 A<\/td>\n<td>0,2 \u00b0C 36 A<\/td>\n<td>0,2 \u00b0C 40 A<\/td>\n<\/tr>\n<tr>\n<td>Corriente m\u00e1xima de descarga<\/td>\n<td>30A<\/td>\n<td>45A<\/td>\n<td>54A<\/td>\n<td>60A<\/td>\n<\/tr>\n<tr>\n<td>Potencia de salida<\/td>\n<td>1200 W<\/td>\n<td>1800 W<\/td>\n<td>2160 W<\/td>\n<td>2400 W<\/td>\n<\/tr>\n<tr>\n<td>Terminal<\/td>\n<td>M8x18, T8<\/td>\n<td>M8x20, T8<\/td>\n<td>M8x20, T8<\/td>\n<td>M8x20, T8<\/td>\n<\/tr>\n<tr>\n<td>color<\/td>\n<td>Rojo\/Negro\/Gris<\/td>\n<td>Rojo\/Negro\/Gris<\/td>\n<td>Negro\/gris<\/td>\n<td>Rojo\/Negro\/Gris<\/td>\n<\/tr>\n<tr>\n<td>Dimensiones de la bater\u00eda (mm)<\/td>\n<td>410*110*295 mil\u00edmetros<\/td>\n<td>550*110*288 mil\u00edmetros<\/td>\n<td>560*125*316 mil\u00edmetros<\/td>\n<td>560*125*316 mm<\/td>\n<\/tr>\n<tr>\n<td>Peso<\/td>\n<td>Aprox. 29,5 kg<\/td>\n<td>Aprox. 42,5 kg<\/td>\n<td>Aplicaci\u00f3n 52,5 kg<\/td>\n<td>Aplicaci\u00f3n 59,5 kg<\/td>\n<\/tr>\n<tr>\n<td>Solicitud<\/td>\n<td colspan=\"4\" width=\"596\">Sistema solar, bater\u00eda de almacenamiento, bater\u00eda de iluminaci\u00f3n, bater\u00eda UPS, etc.<\/td>\n<\/tr>\n<tr>\n<td>Paquete<\/td>\n<td width=\"149\">1 unidad en una caja de cart\u00f3n de aproximadamente 29,5 kg\/caja<\/td>\n<td width=\"149\">1 unidad en una caja de cart\u00f3n de aproximadamente 42,5 kg\/caja<\/td>\n<td width=\"149\">1 unidad en una caja de cart\u00f3n de aproximadamente 59,5 kg\/caja<\/td>\n<td width=\"149\">1 unidad en una caja de cart\u00f3n de aproximadamente 67,5 kg\/caja<\/td>\n<\/tr>\n<tr>\n<td>Garant\u00eda<\/td>\n<td>12 meses<\/td>\n<td>12 meses<\/td>\n<td>12 meses<\/td>\n<td>12 meses<\/td>\n<\/tr>\n<\/tbody>\n<\/table>\n<p><img fetchpriority=\"high\" decoding=\"async\" class=\"aligncenter size-full wp-image-7174\" src=\"http:\/\/ygspower.com\/wp-content\/uploads\/2022\/05\/agm-battery-1.jpg\" alt=\"\" width=\"750\" height=\"326\" srcset=\"https:\/\/ygspower.com\/wp-content\/uploads\/2022\/05\/agm-battery-1.jpg 750w, https:\/\/ygspower.com\/wp-content\/uploads\/2022\/05\/agm-battery-1-600x261.jpg 600w, https:\/\/ygspower.com\/wp-content\/uploads\/2022\/05\/agm-battery-1-300x130.jpg 300w\" sizes=\"(max-width: 750px) 100vw, 750px\" \/> <img decoding=\"async\" class=\"aligncenter size-full wp-image-7175\" src=\"http:\/\/ygspower.com\/wp-content\/uploads\/2022\/05\/agm-battery-2.jpg\" alt=\"\" width=\"750\" height=\"948\" srcset=\"https:\/\/ygspower.com\/wp-content\/uploads\/2022\/05\/agm-battery-2.jpg 750w, https:\/\/ygspower.com\/wp-content\/uploads\/2022\/05\/agm-battery-2-600x758.jpg 600w, https:\/\/ygspower.com\/wp-content\/uploads\/2022\/05\/agm-battery-2-237x300.jpg 237w\" sizes=\"(max-width: 750px) 100vw, 750px\" \/> <img decoding=\"async\" class=\"aligncenter size-full wp-image-7176\" src=\"http:\/\/ygspower.com\/wp-content\/uploads\/2022\/05\/agm-battery-3.jpg\" alt=\"\" width=\"750\" height=\"948\" srcset=\"https:\/\/ygspower.com\/wp-content\/uploads\/2022\/05\/agm-battery-3.jpg 750w, https:\/\/ygspower.com\/wp-content\/uploads\/2022\/05\/agm-battery-3-600x758.jpg 600w, https:\/\/ygspower.com\/wp-content\/uploads\/2022\/05\/agm-battery-3-237x300.jpg 237w\" sizes=\"(max-width: 750px) 100vw, 750px\" \/> <img loading=\"lazy\" decoding=\"async\" class=\"aligncenter size-full wp-image-7177\" src=\"http:\/\/ygspower.com\/wp-content\/uploads\/2022\/05\/agm-battery-4.jpg\" alt=\"\" width=\"750\" height=\"1228\" srcset=\"https:\/\/ygspower.com\/wp-content\/uploads\/2022\/05\/agm-battery-4.jpg 750w, https:\/\/ygspower.com\/wp-content\/uploads\/2022\/05\/agm-battery-4-600x982.jpg 600w, https:\/\/ygspower.com\/wp-content\/uploads\/2022\/05\/agm-battery-4-183x300.jpg 183w, https:\/\/ygspower.com\/wp-content\/uploads\/2022\/05\/agm-battery-4-625x1024.jpg 625w\" sizes=\"(max-width: 750px) 100vw, 750px\" \/> <img loading=\"lazy\" decoding=\"async\" class=\"aligncenter size-full wp-image-7178\" src=\"http:\/\/ygspower.com\/wp-content\/uploads\/2022\/05\/agm-battery-8.jpg\" alt=\"\" width=\"750\" height=\"2048\" srcset=\"https:\/\/ygspower.com\/wp-content\/uploads\/2022\/05\/agm-battery-8.jpg 750w, https:\/\/ygspower.com\/wp-content\/uploads\/2022\/05\/agm-battery-8-600x1638.jpg 600w, https:\/\/ygspower.com\/wp-content\/uploads\/2022\/05\/agm-battery-8-110x300.jpg 110w, https:\/\/ygspower.com\/wp-content\/uploads\/2022\/05\/agm-battery-8-375x1024.jpg 375w, https:\/\/ygspower.com\/wp-content\/uploads\/2022\/05\/agm-battery-8-563x1536.jpg 563w\" sizes=\"(max-width: 750px) 100vw, 750px\" \/> <img loading=\"lazy\" decoding=\"async\" class=\"aligncenter size-full wp-image-7179\" src=\"http:\/\/ygspower.com\/wp-content\/uploads\/2022\/05\/agm-battery-9.jpg\" alt=\"\" width=\"750\" height=\"825\" srcset=\"https:\/\/ygspower.com\/wp-content\/uploads\/2022\/05\/agm-battery-9.jpg 750w, https:\/\/ygspower.com\/wp-content\/uploads\/2022\/05\/agm-battery-9-600x660.jpg 600w, https:\/\/ygspower.com\/wp-content\/uploads\/2022\/05\/agm-battery-9-273x300.jpg 273w\" sizes=\"(max-width: 750px) 100vw, 750px\" \/> <img loading=\"lazy\" decoding=\"async\" class=\"aligncenter size-full wp-image-7180\" src=\"http:\/\/ygspower.com\/wp-content\/uploads\/2022\/05\/agm-battery-10.jpg\" alt=\"\" width=\"750\" height=\"524\" srcset=\"https:\/\/ygspower.com\/wp-content\/uploads\/2022\/05\/agm-battery-10.jpg 750w, https:\/\/ygspower.com\/wp-content\/uploads\/2022\/05\/agm-battery-10-600x419.jpg 600w, https:\/\/ygspower.com\/wp-content\/uploads\/2022\/05\/agm-battery-10-300x210.jpg 300w\" sizes=\"(max-width: 750px) 100vw, 750px\" \/><\/p>\n<p>&nbsp;<\/p>\n<p>&nbsp;<\/p>\n<p>&nbsp;<\/p>","protected":false},"excerpt":{"rendered":"<div class=\"elementor-element elementor-element-2906a469 elementor-widget elementor-widget-woocommerce-product-short-description\" data-id=\"2906a469\" data-element_type=\"widget\" data-widget_type=\"woocommerce-product-short-description.default\">\n<div class=\"elementor-widget-container\">\n<div class=\"woocommerce-product-details__short-description\">\n<dl class=\"do-entry-item\">\n<dt class=\"do-entry-item\"><span class=\"attr-name J-attr-name\" title=\"Tama\u00f1o de la bater\u00eda\">* Voltaje y capacidad de la bater\u00eda:\u00a0<\/span>12 V 150 Ah<\/dt>\n<\/dl>\n<dl class=\"do-entry-item\">\n<dt class=\"do-entry-item\"><span class=\"attr-name J-attr-name\" title=\"Tipo de bater\u00eda\">* Tipo de bater\u00eda: Terminal frontal <\/span>Bater\u00eda de almacenamiento de plomo y \u00e1cido sellada y sin mantenimiento<\/dt>\n<\/dl>\n<dl class=\"do-entry-item\">\n<dt class=\"do-entry-item\"><span class=\"attr-name J-attr-name\" title=\"N\u00famero de modelo\">* N\u00famero de modelo: ML 12<\/span>-FT-150<\/dt>\n<dt>* Dimensiones: L550xW110xH288mm<\/dt>\n<\/dl>\n<dl class=\"do-entry-item\">\n<dt class=\"do-entry-item\"><span class=\"attr-name J-attr-name\" title=\"Peso\">* Peso: 43<\/span>Kilogramo<\/dt>\n<dt>\n<dl class=\"do-entry-item\">\n<dt class=\"do-entry-item\"><span class=\"attr-name J-attr-name\" title=\"Solicitud\">* Aplicaci\u00f3n: Residencial,\u00a0<\/span>Electrodom\u00e9sticos, Sistemas de Energ\u00eda El\u00e9ctrica, Sistemas de Energ\u00eda Solar, Sistemas de Alimentaci\u00f3n Ininterrumpida UPS, Sistema solar, iluminaci\u00f3n, etc.<\/dt>\n<\/dl>\n<\/dt>\n<\/dl>\n<\/div>\n<\/div>\n<\/div>\n<div class=\"elementor-element elementor-element-4ec4e175 elementor-product-price-block-yes elementor-widget elementor-widget-woocommerce-product-price\" data-id=\"4ec4e175\" data-element_type=\"widget\" data-widget_type=\"woocommerce-product-price.default\">\n<div class=\"elementor-widget-container\">\n<p class=\"price\">\n<\/div>\n<\/div>","protected":false},"featured_media":7181,"template":"","meta":{"_seopress_robots_primary_cat":"none","_seopress_titles_title":"mylion 12v 150ah solar panel battery charger controll rechargeable battery solar power bank etc solar power storage batteries","_seopress_titles_desc":"mylion 12v 150ah solar panel battery charger control rechargeable battery solar power bank etc solar power storage batteries, mylion, solar panel, battery charger, rechargeable battery, solar power bank, solar power, 12v 150ah battery","_seopress_robots_index":"","site-sidebar-layout":"default","site-content-layout":"default","ast-site-content-layout":"default","site-content-style":"default","site-sidebar-style":"default","ast-global-header-display":"","ast-banner-title-visibility":"","ast-main-header-display":"","ast-hfb-above-header-display":"","ast-hfb-below-header-display":"","ast-hfb-mobile-header-display":"","site-post-title":"","ast-breadcrumbs-content":"","ast-featured-img":"","footer-sml-layout":"","theme-transparent-header-meta":"","adv-header-id-meta":"","stick-header-meta":"","header-above-stick-meta":"","header-main-stick-meta":"","header-below-stick-meta":"","astra-migrate-meta-layouts":"default","ast-page-background-enabled":"default","ast-page-background-meta":{"desktop":{"background-color":"","background-image":"","background-repeat":"repeat","background-position":"center center","background-size":"auto","background-attachment":"scroll","background-type":"","background-media":"","overlay-type":"","overlay-color":"","overlay-opacity":"","overlay-gradient":""},"tablet":{"background-color":"","background-image":"","background-repeat":"repeat","background-position":"center center","background-size":"auto","background-attachment":"scroll","background-type":"","background-media":"","overlay-type":"","overlay-color":"","overlay-opacity":"","overlay-gradient":""},"mobile":{"background-color":"","background-image":"","background-repeat":"repeat","background-position":"center center","background-size":"auto","background-attachment":"scroll","background-type":"","background-media":"","overlay-type":"","overlay-color":"","overlay-opacity":"","overlay-gradient":""}},"ast-content-background-meta":{"desktop":{"background-color":"var(--ast-global-color-5)","background-image":"","background-repeat":"repeat","background-position":"center center","background-size":"auto","background-attachment":"scroll","background-type":"","background-media":"","overlay-type":"","overlay-color":"","overlay-opacity":"","overlay-gradient":""},"tablet":{"background-color":"var(--ast-global-color-5)","background-image":"","background-repeat":"repeat","background-position":"center center","background-size":"auto","background-attachment":"scroll","background-type":"","background-media":"","overlay-type":"","overlay-color":"","overlay-opacity":"","overlay-gradient":""},"mobile":{"background-color":"var(--ast-global-color-5)","background-image":"","background-repeat":"repeat","background-position":"center center","background-size":"auto","background-attachment":"scroll","background-type":"","background-media":"","overlay-type":"","overlay-color":"","overlay-opacity":"","overlay-gradient":""}}},"product_brand":[],"product_cat":[411],"product_tag":[417,677,413,687,688,74,406,418,404,380,416,675],"class_list":{"0":"post-7173","1":"product","2":"type-product","3":"status-publish","4":"has-post-thumbnail","6":"product_cat-lead-acid-battery","7":"product_tag-12v-150ah-battery","8":"product_tag-12v150ah-battery","9":"product_tag-battery-charger","10":"product_tag-front-terminal-battery","11":"product_tag-ft12v150ah-battery","12":"product_tag-mylion","13":"product_tag-rechargeable-battery","14":"product_tag-solar-battery","15":"product_tag-solar-panel","16":"product_tag-solar-power","17":"product_tag-solar-power-bank","18":"product_tag-storage-battery","19":"desktop-align-left","20":"tablet-align-left","21":"mobile-align-left","23":"first","24":"instock","25":"shipping-taxable","26":"product-type-simple"},"_links":{"self":[{"href":"https:\/\/ygspower.com\/es\/wp-json\/wp\/v2\/product\/7173","targetHints":{"allow":["GET"]}}],"collection":[{"href":"https:\/\/ygspower.com\/es\/wp-json\/wp\/v2\/product"}],"about":[{"href":"https:\/\/ygspower.com\/es\/wp-json\/wp\/v2\/types\/product"}],"version-history":[{"count":0,"href":"https:\/\/ygspower.com\/es\/wp-json\/wp\/v2\/product\/7173\/revisions"}],"wp:featuredmedia":[{"embeddable":true,"href":"https:\/\/ygspower.com\/es\/wp-json\/wp\/v2\/media\/7181"}],"wp:attachment":[{"href":"https:\/\/ygspower.com\/es\/wp-json\/wp\/v2\/media?parent=7173"}],"wp:term":[{"taxonomy":"product_brand","embeddable":true,"href":"https:\/\/ygspower.com\/es\/wp-json\/wp\/v2\/product_brand?post=7173"},{"taxonomy":"product_cat","embeddable":true,"href":"https:\/\/ygspower.com\/es\/wp-json\/wp\/v2\/product_cat?post=7173"},{"taxonomy":"product_tag","embeddable":true,"href":"https:\/\/ygspower.com\/es\/wp-json\/wp\/v2\/product_tag?post=7173"}],"curies":[{"name":"wp","href":"https:\/\/api.w.org\/{rel}","templated":true}]}}