{"id":7309,"date":"2022-06-09T19:02:51","date_gmt":"2022-06-09T11:02:51","guid":{"rendered":"https:\/\/darksalmon-dugong-512221.hostingersite.com\/?post_type=product&#038;p=7309"},"modified":"2022-06-09T20:01:14","modified_gmt":"2022-06-09T12:01:14","slug":"mylion-lfp72v-100ah-130ah-150ah-lifepo4-power-battery-for-electric-vehicle","status":"publish","type":"product","link":"https:\/\/ygspower.com\/es\/producto\/mylion-lfp72v-100ah-130ah-150ah-lifepo4-power-battery-for-electric-vehicle\/","title":{"rendered":"Bater\u00eda de fosfato de hierro y litio Mylion LFP72V 100 Ah 130 Ah 150 Ah LiFePO4 para veh\u00edculos el\u00e9ctricos"},"content":{"rendered":"<p>Bater\u00eda de fosfato de hierro y litio Mylion LFP72V 100 Ah 130 Ah 150 Ah LiFePO4 para veh\u00edculos el\u00e9ctricos<\/p>\n<table style=\"height: 744px;\" width=\"999\">\n<tbody>\n<tr>\n<td width=\"211\">Nombre del producto<\/td>\n<td width=\"207\">Modelo ML-LF-72100<\/td>\n<td width=\"207\">Modelo ML-LF-72130<\/td>\n<td width=\"207\">Modelo ML-LF-72150<\/td>\n<\/tr>\n<tr>\n<td>Nombre del estilo<\/td>\n<td>72 V 100 Ah<\/td>\n<td>72 V 130 Ah<\/td>\n<td>72 V 150 Ah<\/td>\n<\/tr>\n<tr>\n<td>Capacidad normal<\/td>\n<td>7,2 kWh<\/td>\n<td>9,36 kWh<\/td>\n<td>10,8 kWh<\/td>\n<\/tr>\n<tr>\n<td>Voltaje est\u00e1ndar<\/td>\n<td>73,6 V<\/td>\n<td>73,6 V<\/td>\n<td>73,6 V<\/td>\n<\/tr>\n<tr>\n<td>Voltaje m\u00e1ximo de carga<\/td>\n<td>84 V<\/td>\n<td>84 V<\/td>\n<td>84 V<\/td>\n<\/tr>\n<tr>\n<td>Corriente de descarga est\u00e1ndar<\/td>\n<td>100A<\/td>\n<td>130A<\/td>\n<td>150A<\/td>\n<\/tr>\n<tr>\n<td>Corriente m\u00e1xima de descarga de pulso<\/td>\n<td>200A<\/td>\n<td>260A<\/td>\n<td>300A<\/td>\n<\/tr>\n<tr>\n<td>Material de la c\u00e9lula<\/td>\n<td>Bater\u00eda de litio de 23 s (LiFePO4)<\/td>\n<td>Bater\u00eda de litio de 23 s (LiFePO4)<\/td>\n<td>Bater\u00eda de litio de 23 s (LiFePO4)<\/td>\n<\/tr>\n<tr>\n<td>Utilice la potencia del motor<\/td>\n<td>1500-4000 W<\/td>\n<td>1500-4000 W<\/td>\n<td>1500-5000 W<\/td>\n<\/tr>\n<tr>\n<td>Terminal<\/td>\n<td colspan=\"3\">Tap\u00f3n Anderson o personalizado<\/td>\n<\/tr>\n<tr>\n<td>Material de la carcasa<\/td>\n<td colspan=\"3\">Carcasa de metal negro<\/td>\n<\/tr>\n<tr>\n<td>Dimensiones de la bater\u00eda (mm)<\/td>\n<td>453*276*240 mil\u00edmetros<\/td>\n<td>565*276*240 mil\u00edmetros<\/td>\n<td>680*276*240 mil\u00edmetros<\/td>\n<\/tr>\n<tr>\n<td>Peso<\/td>\n<td>Aprox. 65 kg<\/td>\n<td>Aprox. 75 kg<\/td>\n<td>Aplicaci\u00f3n 100 kg<\/td>\n<\/tr>\n<tr>\n<td>Solicitud<\/td>\n<td colspan=\"3\" width=\"621\">Sistema de potencia del motor, AGV, veh\u00edculo el\u00e9ctrico, bicicleta el\u00e9ctrica, coche el\u00e9ctrico, coche de golf, etc.<\/td>\n<\/tr>\n<tr>\n<td>Paquete<\/td>\n<td width=\"207\">1 unidad en una caja de cart\u00f3n de aproximadamente 66 kg\/caja<\/td>\n<td width=\"207\">1 unidad en una caja de cart\u00f3n de aproximadamente 76 kg\/caja<\/td>\n<td width=\"207\">1 unidad en una caja de aproximadamente 101 kg\/caja<\/td>\n<\/tr>\n<tr>\n<td>Garant\u00eda<\/td>\n<td>12 meses<\/td>\n<td>12 meses<\/td>\n<td>12 meses<\/td>\n<\/tr>\n<\/tbody>\n<\/table>\n<p><img fetchpriority=\"high\" decoding=\"async\" class=\"aligncenter size-full wp-image-7317\" src=\"http:\/\/ygspower.com\/wp-content\/uploads\/2022\/06\/72V100Ah-battery-8.jpg\" alt=\"\" width=\"800\" height=\"1039\" srcset=\"https:\/\/ygspower.com\/wp-content\/uploads\/2022\/06\/72V100Ah-battery-8.jpg 800w, https:\/\/ygspower.com\/wp-content\/uploads\/2022\/06\/72V100Ah-battery-8-600x779.jpg 600w, https:\/\/ygspower.com\/wp-content\/uploads\/2022\/06\/72V100Ah-battery-8-231x300.jpg 231w, https:\/\/ygspower.com\/wp-content\/uploads\/2022\/06\/72V100Ah-battery-8-788x1024.jpg 788w, https:\/\/ygspower.com\/wp-content\/uploads\/2022\/06\/72V100Ah-battery-8-768x997.jpg 768w\" sizes=\"(max-width: 800px) 100vw, 800px\" \/><\/p>\n<p><img decoding=\"async\" class=\"aligncenter size-full wp-image-7318\" src=\"http:\/\/ygspower.com\/wp-content\/uploads\/2022\/06\/72V130Ah-battery-8.jpg\" alt=\"\" width=\"800\" height=\"1039\" srcset=\"https:\/\/ygspower.com\/wp-content\/uploads\/2022\/06\/72V130Ah-battery-8.jpg 800w, https:\/\/ygspower.com\/wp-content\/uploads\/2022\/06\/72V130Ah-battery-8-600x779.jpg 600w, https:\/\/ygspower.com\/wp-content\/uploads\/2022\/06\/72V130Ah-battery-8-231x300.jpg 231w, https:\/\/ygspower.com\/wp-content\/uploads\/2022\/06\/72V130Ah-battery-8-788x1024.jpg 788w, https:\/\/ygspower.com\/wp-content\/uploads\/2022\/06\/72V130Ah-battery-8-768x997.jpg 768w\" sizes=\"(max-width: 800px) 100vw, 800px\" \/><img decoding=\"async\" class=\"aligncenter size-full wp-image-7319\" src=\"http:\/\/ygspower.com\/wp-content\/uploads\/2022\/06\/72V150Ah-battery-8.jpg\" alt=\"\" width=\"800\" height=\"1038\" srcset=\"https:\/\/ygspower.com\/wp-content\/uploads\/2022\/06\/72V150Ah-battery-8.jpg 800w, https:\/\/ygspower.com\/wp-content\/uploads\/2022\/06\/72V150Ah-battery-8-600x779.jpg 600w, https:\/\/ygspower.com\/wp-content\/uploads\/2022\/06\/72V150Ah-battery-8-231x300.jpg 231w, https:\/\/ygspower.com\/wp-content\/uploads\/2022\/06\/72V150Ah-battery-8-789x1024.jpg 789w, https:\/\/ygspower.com\/wp-content\/uploads\/2022\/06\/72V150Ah-battery-8-768x996.jpg 768w\" sizes=\"(max-width: 800px) 100vw, 800px\" \/><img loading=\"lazy\" decoding=\"async\" class=\"aligncenter size-full wp-image-7311\" src=\"http:\/\/ygspower.com\/wp-content\/uploads\/2022\/06\/72V100Ah-battery-2.jpg\" alt=\"\" width=\"800\" height=\"1751\" srcset=\"https:\/\/ygspower.com\/wp-content\/uploads\/2022\/06\/72V100Ah-battery-2.jpg 800w, https:\/\/ygspower.com\/wp-content\/uploads\/2022\/06\/72V100Ah-battery-2-600x1313.jpg 600w, https:\/\/ygspower.com\/wp-content\/uploads\/2022\/06\/72V100Ah-battery-2-137x300.jpg 137w, https:\/\/ygspower.com\/wp-content\/uploads\/2022\/06\/72V100Ah-battery-2-468x1024.jpg 468w, https:\/\/ygspower.com\/wp-content\/uploads\/2022\/06\/72V100Ah-battery-2-768x1681.jpg 768w, https:\/\/ygspower.com\/wp-content\/uploads\/2022\/06\/72V100Ah-battery-2-702x1536.jpg 702w\" sizes=\"(max-width: 800px) 100vw, 800px\" \/> <img loading=\"lazy\" decoding=\"async\" class=\"aligncenter size-full wp-image-7312\" src=\"http:\/\/ygspower.com\/wp-content\/uploads\/2022\/06\/72V100Ah-battery-3.jpg\" alt=\"\" width=\"800\" height=\"1813\" srcset=\"https:\/\/ygspower.com\/wp-content\/uploads\/2022\/06\/72V100Ah-battery-3.jpg 800w, https:\/\/ygspower.com\/wp-content\/uploads\/2022\/06\/72V100Ah-battery-3-600x1360.jpg 600w, https:\/\/ygspower.com\/wp-content\/uploads\/2022\/06\/72V100Ah-battery-3-132x300.jpg 132w, https:\/\/ygspower.com\/wp-content\/uploads\/2022\/06\/72V100Ah-battery-3-452x1024.jpg 452w, https:\/\/ygspower.com\/wp-content\/uploads\/2022\/06\/72V100Ah-battery-3-768x1740.jpg 768w, https:\/\/ygspower.com\/wp-content\/uploads\/2022\/06\/72V100Ah-battery-3-678x1536.jpg 678w\" sizes=\"(max-width: 800px) 100vw, 800px\" \/> <img loading=\"lazy\" decoding=\"async\" class=\"aligncenter size-full wp-image-7313\" src=\"http:\/\/ygspower.com\/wp-content\/uploads\/2022\/06\/72V100Ah-battery-4.jpg\" alt=\"\" width=\"800\" height=\"2069\" srcset=\"https:\/\/ygspower.com\/wp-content\/uploads\/2022\/06\/72V100Ah-battery-4.jpg 800w, https:\/\/ygspower.com\/wp-content\/uploads\/2022\/06\/72V100Ah-battery-4-600x1552.jpg 600w, https:\/\/ygspower.com\/wp-content\/uploads\/2022\/06\/72V100Ah-battery-4-116x300.jpg 116w, https:\/\/ygspower.com\/wp-content\/uploads\/2022\/06\/72V100Ah-battery-4-396x1024.jpg 396w, https:\/\/ygspower.com\/wp-content\/uploads\/2022\/06\/72V100Ah-battery-4-768x1986.jpg 768w, https:\/\/ygspower.com\/wp-content\/uploads\/2022\/06\/72V100Ah-battery-4-594x1536.jpg 594w, https:\/\/ygspower.com\/wp-content\/uploads\/2022\/06\/72V100Ah-battery-4-792x2048.jpg 792w\" sizes=\"(max-width: 800px) 100vw, 800px\" \/> <img loading=\"lazy\" decoding=\"async\" class=\"aligncenter size-full wp-image-7314\" src=\"http:\/\/ygspower.com\/wp-content\/uploads\/2022\/06\/72V100Ah-battery-5.jpg\" alt=\"\" width=\"800\" height=\"1110\" srcset=\"https:\/\/ygspower.com\/wp-content\/uploads\/2022\/06\/72V100Ah-battery-5.jpg 800w, https:\/\/ygspower.com\/wp-content\/uploads\/2022\/06\/72V100Ah-battery-5-600x833.jpg 600w, https:\/\/ygspower.com\/wp-content\/uploads\/2022\/06\/72V100Ah-battery-5-216x300.jpg 216w, https:\/\/ygspower.com\/wp-content\/uploads\/2022\/06\/72V100Ah-battery-5-738x1024.jpg 738w, https:\/\/ygspower.com\/wp-content\/uploads\/2022\/06\/72V100Ah-battery-5-768x1066.jpg 768w\" sizes=\"(max-width: 800px) 100vw, 800px\" \/> <img loading=\"lazy\" decoding=\"async\" class=\"aligncenter size-full wp-image-7315\" src=\"http:\/\/ygspower.com\/wp-content\/uploads\/2022\/06\/72V100Ah-battery-6-scaled.jpg\" alt=\"\" width=\"805\" height=\"2560\" srcset=\"https:\/\/ygspower.com\/wp-content\/uploads\/2022\/06\/72V100Ah-battery-6-scaled.jpg 805w, https:\/\/ygspower.com\/wp-content\/uploads\/2022\/06\/72V100Ah-battery-6-600x1909.jpg 600w, https:\/\/ygspower.com\/wp-content\/uploads\/2022\/06\/72V100Ah-battery-6-94x300.jpg 94w, https:\/\/ygspower.com\/wp-content\/uploads\/2022\/06\/72V100Ah-battery-6-322x1024.jpg 322w, https:\/\/ygspower.com\/wp-content\/uploads\/2022\/06\/72V100Ah-battery-6-483x1536.jpg 483w, https:\/\/ygspower.com\/wp-content\/uploads\/2022\/06\/72V100Ah-battery-6-644x2048.jpg 644w\" sizes=\"(max-width: 805px) 100vw, 805px\" \/> <img loading=\"lazy\" decoding=\"async\" class=\"aligncenter size-full wp-image-7316\" src=\"http:\/\/ygspower.com\/wp-content\/uploads\/2022\/06\/72V100Ah-battery-7.jpg\" alt=\"\" width=\"800\" height=\"1503\" srcset=\"https:\/\/ygspower.com\/wp-content\/uploads\/2022\/06\/72V100Ah-battery-7.jpg 800w, https:\/\/ygspower.com\/wp-content\/uploads\/2022\/06\/72V100Ah-battery-7-600x1127.jpg 600w, https:\/\/ygspower.com\/wp-content\/uploads\/2022\/06\/72V100Ah-battery-7-160x300.jpg 160w, https:\/\/ygspower.com\/wp-content\/uploads\/2022\/06\/72V100Ah-battery-7-545x1024.jpg 545w, https:\/\/ygspower.com\/wp-content\/uploads\/2022\/06\/72V100Ah-battery-7-768x1443.jpg 768w\" sizes=\"(max-width: 800px) 100vw, 800px\" \/><\/p>\n<p>&nbsp;<\/p>\n<p>&nbsp;<\/p>\n<p>&nbsp;<\/p>\n<p>&nbsp;<\/p>","protected":false},"excerpt":{"rendered":"<ul class=\"ul1\">\n<li class=\"li1\">Tipo: Bater\u00eda LiFe PO4 LFP72V 100Ah 72V130Ah 72V150Ah para veh\u00edculos el\u00e9ctricos<\/li>\n<li class=\"li1\">Nombre del producto: Bater\u00eda de iones de litio de potencia LiFe PO4<\/li>\n<li>Voltaje de la bater\u00eda: 72 V<\/li>\n<li class=\"li1\">Capacidad de la bater\u00eda: 100 Ah, 130 Ah, 150 Ah<\/li>\n<li class=\"li1\">Ciclo de vida: m\u00e1s de 2000 veces 70%DOD<\/li>\n<li class=\"li1\">Aplicaci\u00f3n: veh\u00edculo el\u00e9ctrico<span class=\"s2\">,<\/span> coche el\u00e9ctrico, coche de golf, etc.<\/li>\n<li class=\"li1\">Caracter\u00edstica: alta potencia y capacidad.<span class=\"s2\">,<\/span>\u00a0seguro<span class=\"s2\">,<\/span>\u00a0ciclo de vida largo<span class=\"s2\">,<\/span>\u00a0verde<span class=\"s2\">,<\/span>\u00a0Respetuoso del medio ambiente<span class=\"s2\">,<\/span>\u00a0Buen rendimiento en altas temperaturas.<\/li>\n<\/ul>","protected":false},"featured_media":7320,"template":"","meta":{"_seopress_robots_primary_cat":"none","_seopress_titles_title":"Mylion 72v 22ah 30ah 50ah 65ah lifepo4 power battery pack Lithium Iron Phosphate Batteries Deep Cycle Battery for Electric vehicle","_seopress_titles_desc":"Mylion 72v 22ah 30ah 50ah 65ah lifepo4 power battery pack Lithium Iron Phosphate Batteries Deep Cycle Battery for Electric vehicle, Mylion, lifepo4, power battery pack, Lithium Iron Phosphate Batteries, Deep Cycle Battery, Electric vehicle","_seopress_robots_index":"","site-sidebar-layout":"default","site-content-layout":"default","ast-site-content-layout":"default","site-content-style":"default","site-sidebar-style":"default","ast-global-header-display":"","ast-banner-title-visibility":"","ast-main-header-display":"","ast-hfb-above-header-display":"","ast-hfb-below-header-display":"","ast-hfb-mobile-header-display":"","site-post-title":"","ast-breadcrumbs-content":"","ast-featured-img":"","footer-sml-layout":"","theme-transparent-header-meta":"","adv-header-id-meta":"","stick-header-meta":"","header-above-stick-meta":"","header-main-stick-meta":"","header-below-stick-meta":"","astra-migrate-meta-layouts":"default","ast-page-background-enabled":"default","ast-page-background-meta":{"desktop":{"background-color":"","background-image":"","background-repeat":"repeat","background-position":"center center","background-size":"auto","background-attachment":"scroll","background-type":"","background-media":"","overlay-type":"","overlay-color":"","overlay-opacity":"","overlay-gradient":""},"tablet":{"background-color":"","background-image":"","background-repeat":"repeat","background-position":"center center","background-size":"auto","background-attachment":"scroll","background-type":"","background-media":"","overlay-type":"","overlay-color":"","overlay-opacity":"","overlay-gradient":""},"mobile":{"background-color":"","background-image":"","background-repeat":"repeat","background-position":"center center","background-size":"auto","background-attachment":"scroll","background-type":"","background-media":"","overlay-type":"","overlay-color":"","overlay-opacity":"","overlay-gradient":""}},"ast-content-background-meta":{"desktop":{"background-color":"var(--ast-global-color-5)","background-image":"","background-repeat":"repeat","background-position":"center center","background-size":"auto","background-attachment":"scroll","background-type":"","background-media":"","overlay-type":"","overlay-color":"","overlay-opacity":"","overlay-gradient":""},"tablet":{"background-color":"var(--ast-global-color-5)","background-image":"","background-repeat":"repeat","background-position":"center center","background-size":"auto","background-attachment":"scroll","background-type":"","background-media":"","overlay-type":"","overlay-color":"","overlay-opacity":"","overlay-gradient":""},"mobile":{"background-color":"var(--ast-global-color-5)","background-image":"","background-repeat":"repeat","background-position":"center center","background-size":"auto","background-attachment":"scroll","background-type":"","background-media":"","overlay-type":"","overlay-color":"","overlay-opacity":"","overlay-gradient":""}}},"product_brand":[],"product_cat":[28],"product_tag":[718,717,719,710,711,712,713,716,613,715,720,615,315,714,612,74,616],"class_list":{"0":"post-7309","1":"product","2":"type-product","3":"status-publish","4":"has-post-thumbnail","6":"product_cat-life-po4-battery","7":"product_tag-72v-130ah-battery","8":"product_tag-72v100ah","9":"product_tag-72v150ah-battery","10":"product_tag-72v22ah-battery","11":"product_tag-72v30ah-battery","12":"product_tag-72v50ah-battery","13":"product_tag-72v65ah-battery","14":"product_tag-car-battery","15":"product_tag-deep-cycle-battery","16":"product_tag-e-vehicle-battery","17":"product_tag-e-car-battery","18":"product_tag-electric-vehicle","19":"product_tag-lifepo4","20":"product_tag-lifepo4-battery-for-e-car","21":"product_tag-lithium-iron-phosphate-batteries","22":"product_tag-mylion","23":"product_tag-power-battery-pack","24":"desktop-align-left","25":"tablet-align-left","26":"mobile-align-left","28":"first","29":"instock","30":"shipping-taxable","31":"product-type-simple"},"_links":{"self":[{"href":"https:\/\/ygspower.com\/es\/wp-json\/wp\/v2\/product\/7309","targetHints":{"allow":["GET"]}}],"collection":[{"href":"https:\/\/ygspower.com\/es\/wp-json\/wp\/v2\/product"}],"about":[{"href":"https:\/\/ygspower.com\/es\/wp-json\/wp\/v2\/types\/product"}],"version-history":[{"count":0,"href":"https:\/\/ygspower.com\/es\/wp-json\/wp\/v2\/product\/7309\/revisions"}],"wp:featuredmedia":[{"embeddable":true,"href":"https:\/\/ygspower.com\/es\/wp-json\/wp\/v2\/media\/7320"}],"wp:attachment":[{"href":"https:\/\/ygspower.com\/es\/wp-json\/wp\/v2\/media?parent=7309"}],"wp:term":[{"taxonomy":"product_brand","embeddable":true,"href":"https:\/\/ygspower.com\/es\/wp-json\/wp\/v2\/product_brand?post=7309"},{"taxonomy":"product_cat","embeddable":true,"href":"https:\/\/ygspower.com\/es\/wp-json\/wp\/v2\/product_cat?post=7309"},{"taxonomy":"product_tag","embeddable":true,"href":"https:\/\/ygspower.com\/es\/wp-json\/wp\/v2\/product_tag?post=7309"}],"curies":[{"name":"wp","href":"https:\/\/api.w.org\/{rel}","templated":true}]}}