{"id":740,"date":"2020-11-07T09:51:15","date_gmt":"2020-11-07T01:51:15","guid":{"rendered":"https:\/\/darksalmon-dugong-512221.hostingersite.com\/?post_type=product&#038;p=740"},"modified":"2022-10-25T17:04:22","modified_gmt":"2022-10-25T09:04:22","slug":"mini-dc-ups-battery-backup-mu1625","status":"publish","type":"product","link":"https:\/\/ygspower.com\/es\/producto\/mini-dc-ups-battery-backup-mu1625\/","title":{"rendered":"Bater\u00eda de respaldo solar impermeable Mini DC UPS MU1625S 148W 40000mAh Bater\u00eda de respaldo de litio"},"content":{"rendered":"<div class=\"ast-oembed-container\" style=\"height: 100%;\"><iframe title=\"Kit de bater\u00eda de respaldo mini SAI CC resistente al agua con energ\u00eda solar Mylion\" width=\"500\" height=\"281\" src=\"https:\/\/www.youtube.com\/embed\/qQ5vkAZZDVk?feature=oembed\" frameborder=\"0\" allow=\"accelerometer; autoplay; clipboard-write; encrypted-media; gyroscope; picture-in-picture; web-share\" referrerpolicy=\"strict-origin-when-cross-origin\" allowfullscreen><\/iframe><\/div>\n<p><img fetchpriority=\"high\" decoding=\"async\" class=\"aligncenter size-full wp-image-681\" src=\"http:\/\/ygspower.com\/wp-content\/uploads\/2020\/11\/220v2a-mini-dc-ups-details_01.jpg\" alt=\"\" width=\"750\" height=\"329\" srcset=\"https:\/\/ygspower.com\/wp-content\/uploads\/2020\/11\/220v2a-mini-dc-ups-details_01.jpg 750w, https:\/\/ygspower.com\/wp-content\/uploads\/2020\/11\/220v2a-mini-dc-ups-details_01-600x263.jpg 600w, https:\/\/ygspower.com\/wp-content\/uploads\/2020\/11\/220v2a-mini-dc-ups-details_01-300x132.jpg 300w\" sizes=\"(max-width: 750px) 100vw, 750px\" \/> <img decoding=\"async\" class=\"aligncenter size-full wp-image-682\" src=\"http:\/\/ygspower.com\/wp-content\/uploads\/2020\/11\/220v2a-mini-dc-ups-details_02.jpg\" alt=\"\" width=\"750\" height=\"830\" srcset=\"https:\/\/ygspower.com\/wp-content\/uploads\/2020\/11\/220v2a-mini-dc-ups-details_02.jpg 750w, https:\/\/ygspower.com\/wp-content\/uploads\/2020\/11\/220v2a-mini-dc-ups-details_02-600x664.jpg 600w, https:\/\/ygspower.com\/wp-content\/uploads\/2020\/11\/220v2a-mini-dc-ups-details_02-271x300.jpg 271w\" sizes=\"(max-width: 750px) 100vw, 750px\" \/> <img decoding=\"async\" class=\"aligncenter size-full wp-image-683\" src=\"http:\/\/ygspower.com\/wp-content\/uploads\/2020\/11\/220v2a-mini-dc-ups-details_03.jpg\" alt=\"\" width=\"750\" height=\"1261\" srcset=\"https:\/\/ygspower.com\/wp-content\/uploads\/2020\/11\/220v2a-mini-dc-ups-details_03.jpg 750w, https:\/\/ygspower.com\/wp-content\/uploads\/2020\/11\/220v2a-mini-dc-ups-details_03-600x1009.jpg 600w, https:\/\/ygspower.com\/wp-content\/uploads\/2020\/11\/220v2a-mini-dc-ups-details_03-178x300.jpg 178w, https:\/\/ygspower.com\/wp-content\/uploads\/2020\/11\/220v2a-mini-dc-ups-details_03-609x1024.jpg 609w\" sizes=\"(max-width: 750px) 100vw, 750px\" \/> <img loading=\"lazy\" decoding=\"async\" class=\"aligncenter size-full wp-image-684\" src=\"http:\/\/ygspower.com\/wp-content\/uploads\/2020\/11\/220v2a-mini-dc-ups-details_04.jpg\" alt=\"\" width=\"750\" height=\"1682\" srcset=\"https:\/\/ygspower.com\/wp-content\/uploads\/2020\/11\/220v2a-mini-dc-ups-details_04.jpg 750w, https:\/\/ygspower.com\/wp-content\/uploads\/2020\/11\/220v2a-mini-dc-ups-details_04-600x1346.jpg 600w, https:\/\/ygspower.com\/wp-content\/uploads\/2020\/11\/220v2a-mini-dc-ups-details_04-134x300.jpg 134w, https:\/\/ygspower.com\/wp-content\/uploads\/2020\/11\/220v2a-mini-dc-ups-details_04-457x1024.jpg 457w, https:\/\/ygspower.com\/wp-content\/uploads\/2020\/11\/220v2a-mini-dc-ups-details_04-685x1536.jpg 685w\" sizes=\"(max-width: 750px) 100vw, 750px\" \/> <img loading=\"lazy\" decoding=\"async\" class=\"aligncenter size-full wp-image-685\" src=\"http:\/\/ygspower.com\/wp-content\/uploads\/2020\/11\/220v2a-mini-dc-ups-details_05.jpg\" alt=\"\" width=\"750\" height=\"1957\" srcset=\"https:\/\/ygspower.com\/wp-content\/uploads\/2020\/11\/220v2a-mini-dc-ups-details_05.jpg 750w, https:\/\/ygspower.com\/wp-content\/uploads\/2020\/11\/220v2a-mini-dc-ups-details_05-600x1566.jpg 600w, https:\/\/ygspower.com\/wp-content\/uploads\/2020\/11\/220v2a-mini-dc-ups-details_05-115x300.jpg 115w, https:\/\/ygspower.com\/wp-content\/uploads\/2020\/11\/220v2a-mini-dc-ups-details_05-392x1024.jpg 392w, https:\/\/ygspower.com\/wp-content\/uploads\/2020\/11\/220v2a-mini-dc-ups-details_05-589x1536.jpg 589w\" sizes=\"(max-width: 750px) 100vw, 750px\" \/> <img loading=\"lazy\" decoding=\"async\" class=\"aligncenter size-full wp-image-686\" src=\"http:\/\/ygspower.com\/wp-content\/uploads\/2020\/11\/220v2a-mini-dc-ups-details_06.jpg\" alt=\"\" width=\"750\" height=\"1142\" srcset=\"https:\/\/ygspower.com\/wp-content\/uploads\/2020\/11\/220v2a-mini-dc-ups-details_06.jpg 750w, https:\/\/ygspower.com\/wp-content\/uploads\/2020\/11\/220v2a-mini-dc-ups-details_06-600x914.jpg 600w, https:\/\/ygspower.com\/wp-content\/uploads\/2020\/11\/220v2a-mini-dc-ups-details_06-197x300.jpg 197w, https:\/\/ygspower.com\/wp-content\/uploads\/2020\/11\/220v2a-mini-dc-ups-details_06-673x1024.jpg 673w\" sizes=\"(max-width: 750px) 100vw, 750px\" \/> <img loading=\"lazy\" decoding=\"async\" class=\"aligncenter size-full wp-image-687\" src=\"http:\/\/ygspower.com\/wp-content\/uploads\/2020\/11\/220v2a-mini-dc-ups-details_07.jpg\" alt=\"\" width=\"750\" height=\"1000\" srcset=\"https:\/\/ygspower.com\/wp-content\/uploads\/2020\/11\/220v2a-mini-dc-ups-details_07.jpg 750w, https:\/\/ygspower.com\/wp-content\/uploads\/2020\/11\/220v2a-mini-dc-ups-details_07-600x800.jpg 600w, https:\/\/ygspower.com\/wp-content\/uploads\/2020\/11\/220v2a-mini-dc-ups-details_07-225x300.jpg 225w\" sizes=\"(max-width: 750px) 100vw, 750px\" \/> <img loading=\"lazy\" decoding=\"async\" class=\"aligncenter size-full wp-image-688\" src=\"http:\/\/ygspower.com\/wp-content\/uploads\/2020\/11\/220v2a-mini-dc-ups-details_08.jpg\" alt=\"\" width=\"750\" height=\"1225\" srcset=\"https:\/\/ygspower.com\/wp-content\/uploads\/2020\/11\/220v2a-mini-dc-ups-details_08.jpg 750w, https:\/\/ygspower.com\/wp-content\/uploads\/2020\/11\/220v2a-mini-dc-ups-details_08-600x980.jpg 600w, https:\/\/ygspower.com\/wp-content\/uploads\/2020\/11\/220v2a-mini-dc-ups-details_08-184x300.jpg 184w, https:\/\/ygspower.com\/wp-content\/uploads\/2020\/11\/220v2a-mini-dc-ups-details_08-627x1024.jpg 627w\" sizes=\"(max-width: 750px) 100vw, 750px\" \/> <img loading=\"lazy\" decoding=\"async\" class=\"aligncenter size-full wp-image-689\" src=\"http:\/\/ygspower.com\/wp-content\/uploads\/2020\/11\/220v2a-mini-dc-ups-details_09.jpg\" alt=\"\" width=\"750\" height=\"708\" srcset=\"https:\/\/ygspower.com\/wp-content\/uploads\/2020\/11\/220v2a-mini-dc-ups-details_09.jpg 750w, https:\/\/ygspower.com\/wp-content\/uploads\/2020\/11\/220v2a-mini-dc-ups-details_09-600x566.jpg 600w, https:\/\/ygspower.com\/wp-content\/uploads\/2020\/11\/220v2a-mini-dc-ups-details_09-300x283.jpg 300w\" sizes=\"(max-width: 750px) 100vw, 750px\" \/><\/p>\n<table width=\"805\">\n<tbody>\n<tr>\n<td colspan=\"2\" width=\"805\">Toda la informaci\u00f3n a continuaci\u00f3n es correcta y REAL.<\/td>\n<\/tr>\n<tr>\n<td>Nombre del estilo<\/td>\n<td>SAI de energ\u00eda solar MU1625S<\/td>\n<\/tr>\n<tr>\n<td>Nombre del producto<\/td>\n<td width=\"553\">Mini UPS de energ\u00eda solar para enrutador ADSL, enrutador WiFi, c\u00e1mara de seguridad\/CCTV para exteriores, farola, l\u00e1mpara solar, etc.<\/td>\n<\/tr>\n<tr>\n<td>Voltaje de salida<\/td>\n<td>12 V<\/td>\n<\/tr>\n<tr>\n<td>Corriente de salida<\/td>\n<td>2A<\/td>\n<\/tr>\n<tr>\n<td>Potencia de salida<\/td>\n<td>148 Wh\/40 000 mAh<\/td>\n<\/tr>\n<tr>\n<td>Voltaje de entrada<\/td>\n<td>Voltaje de entrada personalizado o alimentado por panel solar de 15 V-24 V<\/td>\n<\/tr>\n<tr>\n<td>Corriente de entrada<\/td>\n<td>M\u00e1ximo 2A<\/td>\n<\/tr>\n<tr>\n<td rowspan=\"2\">Tiempo de trabajo<\/td>\n<td>Salida 12 V 0,5 A (6 W): aprox. 25 horas<\/td>\n<\/tr>\n<tr>\n<td>Salida 12 V 1 A (12 W): aproximadamente 13 horas<\/td>\n<\/tr>\n<tr>\n<td>Puerto de carga (IN)<\/td>\n<td>DC.5.5\u00d72.1 a prueba de agua<\/td>\n<\/tr>\n<tr>\n<td>Puerto de descarga (OUT)<\/td>\n<td>DC.5.5\u00d72.5 a prueba de agua<\/td>\n<\/tr>\n<tr>\n<td>Material de la caja<\/td>\n<td>ABS resistente al agua<\/td>\n<\/tr>\n<tr>\n<td>Cambiar<\/td>\n<td>Impermeable<\/td>\n<\/tr>\n<tr>\n<td>Indicador LED<\/td>\n<td>Trabajo y carga<\/td>\n<\/tr>\n<tr>\n<td>Color de la caja<\/td>\n<td>Gris<\/td>\n<\/tr>\n<tr>\n<td>Dimensiones de la caja<\/td>\n<td>Largo 200 x Ancho 120 x Alto 75 mm<\/td>\n<\/tr>\n<tr>\n<td>Peso<\/td>\n<td>1200 gramos<\/td>\n<\/tr>\n<tr>\n<td>Marca de celda de bater\u00eda<\/td>\n<td>Celular de marca china<\/td>\n<\/tr>\n<tr>\n<td>Certificaci\u00f3n de celdas de bater\u00eda<\/td>\n<td>CB, UN38.3, BIS, KC, MSDS, ROHS, CQC, CEM<\/td>\n<\/tr>\n<tr>\n<td>Protecci\u00f3n de la bater\u00eda<\/td>\n<td width=\"553\">Protecci\u00f3n de temperatura, sobrecarga y descarga, sobrecorriente, cortocircuito.<\/td>\n<\/tr>\n<tr>\n<td>Ciclo de vida<\/td>\n<td>Capacidad est\u00e1ndar de carga y descarga \u226580% C5mAh, ciclo de vida \u2265600<\/td>\n<\/tr>\n<tr>\n<td>Solicitud<\/td>\n<td>Luz LED\/tira de LED\/c\u00e1mara de seguridad CCTV\/IP, WIFI, enrutador<\/td>\n<\/tr>\n<tr>\n<td>Paquete<\/td>\n<td>7 piezas en una caja (L46xW31xH32cm), aproximadamente 9,5 kg\/caja<\/td>\n<\/tr>\n<tr>\n<td>Garant\u00eda<\/td>\n<td>12 meses<\/td>\n<\/tr>\n<\/tbody>\n<\/table>","protected":false},"excerpt":{"rendered":"<p>Mini UPS de energ\u00eda solar Mylion MU1625S 15-24 V Entrada 12 V constante Salida 2 A Mini UPS de CC para farolas LED, c\u00e1maras de seguridad\/CCTV\/IP, acceso de puerta, m\u00f3dem ADSL, enrutador WiFi, m\u00e1quina expendedora de AP inal\u00e1mbrico, huella digital, etc.<\/p>\n<ul>\n<li>Nombre del producto: MU1625S 148Wh 15-24V Energ\u00eda solar ENTRADA 12V 2A SALIDA MINI DC UPS<\/li>\n<li>Aplicaci\u00f3n: luz LED, seguridad, IP, c\u00e1mara CCTV, WIFI, enrutador, CPAP m\u00e9dico<\/li>\n<li>Funci\u00f3n: ofrecer suministro de energ\u00eda ininterrumpido a la electr\u00f3nica.<\/li>\n<li>Conector: DC5.5\u00d72.1 y enchufe de CA<\/li>\n<li>Caracter\u00edsticas: energ\u00eda solar, impermeable.<\/li>\n<li>Tipo de bater\u00eda: bater\u00eda de iones de litio<\/li>\n<li>Protecci\u00f3n: temperatura, sobrecarga y descarga, sobrecorriente, cortocircuito.<\/li>\n<\/ul>","protected":false},"featured_media":7405,"template":"","meta":{"_seopress_robots_primary_cat":"none","_seopress_titles_title":"Solar Power Waterproof Mini DC UPS Battery Backup MU1625S","_seopress_titles_desc":"Solar Power Waterproof Mini DC UPS Battery Backup MU1625S","_seopress_robots_index":"","site-sidebar-layout":"default","site-content-layout":"default","ast-site-content-layout":"default","site-content-style":"default","site-sidebar-style":"default","ast-global-header-display":"","ast-banner-title-visibility":"","ast-main-header-display":"","ast-hfb-above-header-display":"","ast-hfb-below-header-display":"","ast-hfb-mobile-header-display":"","site-post-title":"","ast-breadcrumbs-content":"","ast-featured-img":"","footer-sml-layout":"","theme-transparent-header-meta":"default","adv-header-id-meta":"","stick-header-meta":"","header-above-stick-meta":"","header-main-stick-meta":"","header-below-stick-meta":"","astra-migrate-meta-layouts":"default","ast-page-background-enabled":"default","ast-page-background-meta":{"desktop":{"background-color":"","background-image":"","background-repeat":"repeat","background-position":"center center","background-size":"auto","background-attachment":"scroll","background-type":"","background-media":"","overlay-type":"","overlay-color":"","overlay-opacity":"","overlay-gradient":""},"tablet":{"background-color":"","background-image":"","background-repeat":"repeat","background-position":"center center","background-size":"auto","background-attachment":"scroll","background-type":"","background-media":"","overlay-type":"","overlay-color":"","overlay-opacity":"","overlay-gradient":""},"mobile":{"background-color":"","background-image":"","background-repeat":"repeat","background-position":"center center","background-size":"auto","background-attachment":"scroll","background-type":"","background-media":"","overlay-type":"","overlay-color":"","overlay-opacity":"","overlay-gradient":""}},"ast-content-background-meta":{"desktop":{"background-color":"var(--ast-global-color-5)","background-image":"","background-repeat":"repeat","background-position":"center center","background-size":"auto","background-attachment":"scroll","background-type":"","background-media":"","overlay-type":"","overlay-color":"","overlay-opacity":"","overlay-gradient":""},"tablet":{"background-color":"var(--ast-global-color-5)","background-image":"","background-repeat":"repeat","background-position":"center center","background-size":"auto","background-attachment":"scroll","background-type":"","background-media":"","overlay-type":"","overlay-color":"","overlay-opacity":"","overlay-gradient":""},"mobile":{"background-color":"var(--ast-global-color-5)","background-image":"","background-repeat":"repeat","background-position":"center center","background-size":"auto","background-attachment":"scroll","background-type":"","background-media":"","overlay-type":"","overlay-color":"","overlay-opacity":"","overlay-gradient":""}}},"product_brand":[],"product_cat":[3],"product_tag":[708,709,52,706,705,707],"class_list":{"0":"post-740","1":"product","2":"type-product","3":"status-publish","4":"has-post-thumbnail","6":"product_cat-mini-dc-ups","7":"product_tag-148w-dc-ups","8":"product_tag-40000mah-dc-ups","9":"product_tag-dc-ups","10":"product_tag-solar-dc-ups","11":"product_tag-solar-ups","12":"product_tag-waterproof-ups","13":"desktop-align-left","14":"tablet-align-left","15":"mobile-align-left","17":"first","18":"instock","19":"shipping-taxable","20":"product-type-simple"},"_links":{"self":[{"href":"https:\/\/ygspower.com\/es\/wp-json\/wp\/v2\/product\/740","targetHints":{"allow":["GET"]}}],"collection":[{"href":"https:\/\/ygspower.com\/es\/wp-json\/wp\/v2\/product"}],"about":[{"href":"https:\/\/ygspower.com\/es\/wp-json\/wp\/v2\/types\/product"}],"version-history":[{"count":0,"href":"https:\/\/ygspower.com\/es\/wp-json\/wp\/v2\/product\/740\/revisions"}],"wp:featuredmedia":[{"embeddable":true,"href":"https:\/\/ygspower.com\/es\/wp-json\/wp\/v2\/media\/7405"}],"wp:attachment":[{"href":"https:\/\/ygspower.com\/es\/wp-json\/wp\/v2\/media?parent=740"}],"wp:term":[{"taxonomy":"product_brand","embeddable":true,"href":"https:\/\/ygspower.com\/es\/wp-json\/wp\/v2\/product_brand?post=740"},{"taxonomy":"product_cat","embeddable":true,"href":"https:\/\/ygspower.com\/es\/wp-json\/wp\/v2\/product_cat?post=740"},{"taxonomy":"product_tag","embeddable":true,"href":"https:\/\/ygspower.com\/es\/wp-json\/wp\/v2\/product_tag?post=740"}],"curies":[{"name":"wp","href":"https:\/\/api.w.org\/{rel}","templated":true}]}}