{"id":9583,"date":"2024-01-24T14:51:36","date_gmt":"2024-01-24T06:51:36","guid":{"rendered":"https:\/\/darksalmon-dugong-512221.hostingersite.com\/?post_type=product&#038;p=9583"},"modified":"2025-10-11T14:10:39","modified_gmt":"2025-10-11T06:10:39","slug":"mylion-12v-5a-77-7wh-mini-ups-lithium-battery-pack-backup-uninterruptible-power-supply-for-wifi-7-ont-smart-home","status":"publish","type":"product","link":"https:\/\/ygspower.com\/es\/producto\/mylion-12v-5a-77-7wh-mini-ups-lithium-battery-pack-backup-uninterruptible-power-supply-for-wifi-7-ont-smart-home\/","title":{"rendered":"Mylin 12V 5A 77.7Wh Mini UPS lithium battery pack backup Uninterruptible Power Supply for WiFi 7 ONT Smart Home"},"content":{"rendered":"<p>Mylin 12V 5A 77.7Wh Mini UPS lithium battery pack backup Uninterruptible Power Supply for WiFi 7 ONT Smart Home<\/p>\n<table style=\"height: 1728px;\" width=\"770\">\n<tbody>\n<tr>\n<td width=\"180\">Nombre del estilo<\/td>\n<td width=\"416\">MU35W<\/td>\n<\/tr>\n<tr>\n<td width=\"180\">Tipo de bater\u00eda<\/td>\n<td width=\"416\">Bater\u00eda de litio Panasonic\/LG Li-ion<\/td>\n<\/tr>\n<tr>\n<td width=\"180\">Voltaje de salida<\/td>\n<td width=\"416\">12 V<\/td>\n<\/tr>\n<tr>\n<td width=\"180\">Corriente de salida<\/td>\n<td width=\"416\">5A m\u00e1x.<\/td>\n<\/tr>\n<tr>\n<td width=\"180\">Capacidad de la bater\u00eda<\/td>\n<td width=\"416\">77,7 Wh<\/td>\n<\/tr>\n<tr>\n<td width=\"180\">Voltaje de entrada<\/td>\n<td width=\"416\">12 V CC<\/td>\n<\/tr>\n<tr>\n<td width=\"180\">Corriente de entrada<\/td>\n<td width=\"416\">6A m\u00e1x.<\/td>\n<\/tr>\n<tr>\n<td rowspan=\"2\" width=\"180\">Tiempo de trabajo<\/td>\n<td width=\"416\">13-14 horas de autonom\u00eda para dispositivo 12V0.5A<\/td>\n<\/tr>\n<tr>\n<td width=\"416\">Tiempo de respaldo de 4 a 5 horas para dispositivo de 12 V 2 A<\/td>\n<\/tr>\n<tr>\n<td width=\"180\">Puerto de carga (IN)<\/td>\n<td width=\"416\">Negro DC.5.5\u00d72.1<\/td>\n<\/tr>\n<tr>\n<td width=\"180\">Puerto de descarga (OUT)<\/td>\n<td width=\"416\">DC amarillo 5,5 x 2,5<\/td>\n<\/tr>\n<tr>\n<td width=\"180\">Indicador LED<\/td>\n<td width=\"416\">4 piezas LED que muestran el estado de la bater\u00eda<\/td>\n<\/tr>\n<tr>\n<td width=\"180\">Admirador<\/td>\n<td width=\"416\">Ventilador silencioso con motor sin escobillas para disipaci\u00f3n del calor.<\/td>\n<\/tr>\n<tr>\n<td width=\"180\">Cambiar<\/td>\n<td width=\"416\">Coloque el interruptor en ON antes de usarlo<\/td>\n<\/tr>\n<tr>\n<td width=\"180\">Material de la caja<\/td>\n<td width=\"416\">Pl\u00e1stico ABS antiincendios<\/td>\n<\/tr>\n<tr>\n<td width=\"180\">Color de la caja<\/td>\n<td width=\"416\">Blanco<\/td>\n<\/tr>\n<tr>\n<td width=\"180\">Material de la caja<\/td>\n<td width=\"416\">ABS antiincendios<\/td>\n<\/tr>\n<tr>\n<td width=\"180\">Dimensiones de la caja<\/td>\n<td width=\"416\">Largo 100 x Ancho 100 x Profundidad 60 mm<\/td>\n<\/tr>\n<tr>\n<td width=\"180\">Peso<\/td>\n<td width=\"416\">490 gramos<\/td>\n<\/tr>\n<tr>\n<td rowspan=\"3\" width=\"180\">Caracter\u00edstica<\/td>\n<td width=\"416\">Control inteligente de IC, carga, descarga y temperatura.<\/td>\n<\/tr>\n<tr>\n<td width=\"416\">La corriente de trabajo de 5 A puede soportar 2 o m\u00e1s dispositivos juntos<\/td>\n<\/tr>\n<tr>\n<td width=\"416\">El cable de transferencia opcional puede ofrecer diferentes voltajes de salida.<\/td>\n<\/tr>\n<tr>\n<td width=\"180\">Solicitud<\/td>\n<td width=\"416\">Enrutador\/CPE\/ONT\/ONU\/HUB\/Tel\u00e9fono VoIP\/C\u00e1mara IP\/Seguridad<\/p>\n<p>Acceso al sistema\/puerta<\/td>\n<\/tr>\n<tr>\n<td width=\"180\">Dimensiones de la caja de regalo<\/td>\n<td width=\"416\">Largo 130 x Ancho 104 x Profundidad 68 mm<\/td>\n<\/tr>\n<tr>\n<td width=\"180\">Proceso de dar un t\u00edtulo<\/td>\n<td width=\"416\">Pruebas CE, IEC62133, CB, EMC, ROHS, UKCE, FCC y UL<\/td>\n<\/tr>\n<tr>\n<td width=\"180\">Adaptador de CA opcional<\/td>\n<td width=\"416\">El adaptador de CA compatible de 12 V 6 A es opcional. Si lo necesita, comun\u00edquese con el vendedor de Mylion.<\/td>\n<\/tr>\n<tr>\n<td width=\"180\">Paquete<\/td>\n<td width=\"416\">18 piezas en una caja (35 x 21 x 30 cm), aproximadamente 9,5 kg\/caja<\/td>\n<\/tr>\n<\/tbody>\n<\/table>\n<p>&nbsp;<\/p>\n<p><span data-spm-anchor-id=\"a2700.pc-decorate.0.i37.80083333FIaJd0\"><img fetchpriority=\"high\" decoding=\"async\" class=\"aligncenter size-full wp-image-11769\" src=\"http:\/\/ygspower.com\/wp-content\/uploads\/2023\/11\/MU05_01.jpg\" alt=\"\" width=\"1500\" height=\"2015\" srcset=\"https:\/\/ygspower.com\/wp-content\/uploads\/2023\/11\/MU05_01.jpg 1500w, https:\/\/ygspower.com\/wp-content\/uploads\/2023\/11\/MU05_01-223x300.jpg 223w, https:\/\/ygspower.com\/wp-content\/uploads\/2023\/11\/MU05_01-762x1024.jpg 762w, https:\/\/ygspower.com\/wp-content\/uploads\/2023\/11\/MU05_01-768x1032.jpg 768w, https:\/\/ygspower.com\/wp-content\/uploads\/2023\/11\/MU05_01-1143x1536.jpg 1143w, https:\/\/ygspower.com\/wp-content\/uploads\/2023\/11\/MU05_01-9x12.jpg 9w, https:\/\/ygspower.com\/wp-content\/uploads\/2023\/11\/MU05_01-600x806.jpg 600w\" sizes=\"(max-width: 1500px) 100vw, 1500px\" \/> <img decoding=\"async\" class=\"aligncenter size-full wp-image-11770\" src=\"http:\/\/ygspower.com\/wp-content\/uploads\/2023\/11\/MU05_02.jpg\" alt=\"\" width=\"1500\" height=\"1744\" srcset=\"https:\/\/ygspower.com\/wp-content\/uploads\/2023\/11\/MU05_02.jpg 1500w, https:\/\/ygspower.com\/wp-content\/uploads\/2023\/11\/MU05_02-258x300.jpg 258w, https:\/\/ygspower.com\/wp-content\/uploads\/2023\/11\/MU05_02-881x1024.jpg 881w, https:\/\/ygspower.com\/wp-content\/uploads\/2023\/11\/MU05_02-768x893.jpg 768w, https:\/\/ygspower.com\/wp-content\/uploads\/2023\/11\/MU05_02-1321x1536.jpg 1321w, https:\/\/ygspower.com\/wp-content\/uploads\/2023\/11\/MU05_02-10x12.jpg 10w, https:\/\/ygspower.com\/wp-content\/uploads\/2023\/11\/MU05_02-600x698.jpg 600w\" sizes=\"(max-width: 1500px) 100vw, 1500px\" \/> <img decoding=\"async\" class=\"aligncenter size-full wp-image-11771\" src=\"http:\/\/ygspower.com\/wp-content\/uploads\/2023\/11\/MU05_03.jpg\" alt=\"\" width=\"1500\" height=\"2255\" srcset=\"https:\/\/ygspower.com\/wp-content\/uploads\/2023\/11\/MU05_03.jpg 1500w, https:\/\/ygspower.com\/wp-content\/uploads\/2023\/11\/MU05_03-200x300.jpg 200w, https:\/\/ygspower.com\/wp-content\/uploads\/2023\/11\/MU05_03-681x1024.jpg 681w, https:\/\/ygspower.com\/wp-content\/uploads\/2023\/11\/MU05_03-768x1155.jpg 768w, https:\/\/ygspower.com\/wp-content\/uploads\/2023\/11\/MU05_03-1022x1536.jpg 1022w, https:\/\/ygspower.com\/wp-content\/uploads\/2023\/11\/MU05_03-1362x2048.jpg 1362w, https:\/\/ygspower.com\/wp-content\/uploads\/2023\/11\/MU05_03-8x12.jpg 8w, https:\/\/ygspower.com\/wp-content\/uploads\/2023\/11\/MU05_03-600x902.jpg 600w\" sizes=\"(max-width: 1500px) 100vw, 1500px\" \/> <img loading=\"lazy\" decoding=\"async\" class=\"aligncenter size-full wp-image-11772\" src=\"http:\/\/ygspower.com\/wp-content\/uploads\/2023\/11\/MU05_04.jpg\" alt=\"\" width=\"1500\" height=\"1210\" srcset=\"https:\/\/ygspower.com\/wp-content\/uploads\/2023\/11\/MU05_04.jpg 1500w, https:\/\/ygspower.com\/wp-content\/uploads\/2023\/11\/MU05_04-300x242.jpg 300w, https:\/\/ygspower.com\/wp-content\/uploads\/2023\/11\/MU05_04-1024x826.jpg 1024w, https:\/\/ygspower.com\/wp-content\/uploads\/2023\/11\/MU05_04-768x620.jpg 768w, https:\/\/ygspower.com\/wp-content\/uploads\/2023\/11\/MU05_04-15x12.jpg 15w, https:\/\/ygspower.com\/wp-content\/uploads\/2023\/11\/MU05_04-600x484.jpg 600w\" sizes=\"(max-width: 1500px) 100vw, 1500px\" \/> <img loading=\"lazy\" decoding=\"async\" class=\"aligncenter size-full wp-image-11773\" src=\"http:\/\/ygspower.com\/wp-content\/uploads\/2023\/11\/MU05_05.jpg\" alt=\"\" width=\"1500\" height=\"1871\" srcset=\"https:\/\/ygspower.com\/wp-content\/uploads\/2023\/11\/MU05_05.jpg 1500w, https:\/\/ygspower.com\/wp-content\/uploads\/2023\/11\/MU05_05-241x300.jpg 241w, https:\/\/ygspower.com\/wp-content\/uploads\/2023\/11\/MU05_05-821x1024.jpg 821w, https:\/\/ygspower.com\/wp-content\/uploads\/2023\/11\/MU05_05-768x958.jpg 768w, https:\/\/ygspower.com\/wp-content\/uploads\/2023\/11\/MU05_05-1231x1536.jpg 1231w, https:\/\/ygspower.com\/wp-content\/uploads\/2023\/11\/MU05_05-10x12.jpg 10w, https:\/\/ygspower.com\/wp-content\/uploads\/2023\/11\/MU05_05-600x748.jpg 600w\" sizes=\"(max-width: 1500px) 100vw, 1500px\" \/> <img loading=\"lazy\" decoding=\"async\" class=\"aligncenter size-full wp-image-11774\" src=\"http:\/\/ygspower.com\/wp-content\/uploads\/2023\/11\/MU05_06.jpg\" alt=\"\" width=\"1500\" height=\"1800\" srcset=\"https:\/\/ygspower.com\/wp-content\/uploads\/2023\/11\/MU05_06.jpg 1500w, https:\/\/ygspower.com\/wp-content\/uploads\/2023\/11\/MU05_06-250x300.jpg 250w, https:\/\/ygspower.com\/wp-content\/uploads\/2023\/11\/MU05_06-853x1024.jpg 853w, https:\/\/ygspower.com\/wp-content\/uploads\/2023\/11\/MU05_06-768x922.jpg 768w, https:\/\/ygspower.com\/wp-content\/uploads\/2023\/11\/MU05_06-1280x1536.jpg 1280w, https:\/\/ygspower.com\/wp-content\/uploads\/2023\/11\/MU05_06-10x12.jpg 10w, https:\/\/ygspower.com\/wp-content\/uploads\/2023\/11\/MU05_06-600x720.jpg 600w\" sizes=\"(max-width: 1500px) 100vw, 1500px\" \/> <img loading=\"lazy\" decoding=\"async\" class=\"aligncenter size-full wp-image-11775\" src=\"http:\/\/ygspower.com\/wp-content\/uploads\/2023\/11\/MU05_07.jpg\" alt=\"\" width=\"1500\" height=\"2232\" srcset=\"https:\/\/ygspower.com\/wp-content\/uploads\/2023\/11\/MU05_07.jpg 1500w, https:\/\/ygspower.com\/wp-content\/uploads\/2023\/11\/MU05_07-202x300.jpg 202w, https:\/\/ygspower.com\/wp-content\/uploads\/2023\/11\/MU05_07-688x1024.jpg 688w, https:\/\/ygspower.com\/wp-content\/uploads\/2023\/11\/MU05_07-768x1143.jpg 768w, https:\/\/ygspower.com\/wp-content\/uploads\/2023\/11\/MU05_07-1032x1536.jpg 1032w, https:\/\/ygspower.com\/wp-content\/uploads\/2023\/11\/MU05_07-1376x2048.jpg 1376w, https:\/\/ygspower.com\/wp-content\/uploads\/2023\/11\/MU05_07-8x12.jpg 8w, https:\/\/ygspower.com\/wp-content\/uploads\/2023\/11\/MU05_07-600x893.jpg 600w\" sizes=\"(max-width: 1500px) 100vw, 1500px\" \/> <img loading=\"lazy\" decoding=\"async\" class=\"aligncenter size-full wp-image-11776\" src=\"http:\/\/ygspower.com\/wp-content\/uploads\/2023\/11\/MU05_08-scaled.jpg\" alt=\"\" width=\"1345\" height=\"2560\" srcset=\"https:\/\/ygspower.com\/wp-content\/uploads\/2023\/11\/MU05_08-scaled.jpg 1345w, https:\/\/ygspower.com\/wp-content\/uploads\/2023\/11\/MU05_08-158x300.jpg 158w, https:\/\/ygspower.com\/wp-content\/uploads\/2023\/11\/MU05_08-538x1024.jpg 538w, https:\/\/ygspower.com\/wp-content\/uploads\/2023\/11\/MU05_08-768x1461.jpg 768w, https:\/\/ygspower.com\/wp-content\/uploads\/2023\/11\/MU05_08-807x1536.jpg 807w, https:\/\/ygspower.com\/wp-content\/uploads\/2023\/11\/MU05_08-1076x2048.jpg 1076w, https:\/\/ygspower.com\/wp-content\/uploads\/2023\/11\/MU05_08-6x12.jpg 6w, https:\/\/ygspower.com\/wp-content\/uploads\/2023\/11\/MU05_08-600x1142.jpg 600w\" sizes=\"(max-width: 1345px) 100vw, 1345px\" \/> <img loading=\"lazy\" decoding=\"async\" class=\"aligncenter size-full wp-image-11777\" src=\"http:\/\/ygspower.com\/wp-content\/uploads\/2023\/11\/MU05_09-scaled.jpg\" alt=\"\" width=\"1038\" height=\"2560\" srcset=\"https:\/\/ygspower.com\/wp-content\/uploads\/2023\/11\/MU05_09-scaled.jpg 1038w, https:\/\/ygspower.com\/wp-content\/uploads\/2023\/11\/MU05_09-122x300.jpg 122w, https:\/\/ygspower.com\/wp-content\/uploads\/2023\/11\/MU05_09-415x1024.jpg 415w, https:\/\/ygspower.com\/wp-content\/uploads\/2023\/11\/MU05_09-768x1893.jpg 768w, https:\/\/ygspower.com\/wp-content\/uploads\/2023\/11\/MU05_09-623x1536.jpg 623w, https:\/\/ygspower.com\/wp-content\/uploads\/2023\/11\/MU05_09-831x2048.jpg 831w, https:\/\/ygspower.com\/wp-content\/uploads\/2023\/11\/MU05_09-5x12.jpg 5w, https:\/\/ygspower.com\/wp-content\/uploads\/2023\/11\/MU05_09-600x1479.jpg 600w\" sizes=\"(max-width: 1038px) 100vw, 1038px\" \/>Preguntas frecuentes: <\/span><\/p>\n<div>\n<p><b>1. \u00bfCu\u00e1les son las principales funciones del producto? <\/b><\/p>\n<div data-spm-anchor-id=\"a2700.pc-decorate.0.i36.80083333FIaJd0\">Mylin: It can provide 0-second automatic switching of uninterrupted emergency power for the router\/device during a power outage.<\/div>\n<div><\/div>\n<div><b>2. \u00bfExisten gu\u00edas de usuario o soporte en l\u00ednea?<\/b><\/div>\n<div>Mylin: Yes, there will be instructions in each of our products, or we can also provide you with operation videos.<\/div>\n<div><\/div>\n<div><b>3. \u00bfEste producto tiene garant\u00eda? \u00bfCu\u00e1nto dura el per\u00edodo de garant\u00eda? Si algo sale mal, \u00bfc\u00f3mo solicito una reparaci\u00f3n o un servicio posventa? <\/b><\/div>\n<div>Mylin: Sure. Our warranty period is 12 months. If there is any non-human damage, you can contact us for replacement.<\/div>\n<div><\/div>\n<div><b>4. \u00bfPuede conectarse con varios dispositivos al mismo tiempo? <\/b><\/div>\n<div>Mylin: Yes. It can backup power 2 or 3 devices at the same time. Offer optional different voltage conversion cables to match different voltage applications.<\/div>\n<div><\/div>\n<div><b>5. \u00bfEn qu\u00e9 escenarios o industrias se puede utilizar? <\/b><\/div>\n<div>Mylin: Widely used in the telecommunications network industry. Our mini ups battery backup offers interrupted power to WiFi Router\/ONT\/ONU\/CPE\/IoT\/IP Telephone\/Gateway\/smart home system\/CCTV cameras etc.<\/div>\n<div><\/div>\n<div><b>6. \u00bfEs seguro? <\/b><\/div>\n<div>Mylin: Sure. Anti-fire ABS material and protection circuit temperature protection, over charge\/discharge\/current\/short circuit.<\/div>\n<div><\/div>\n<div><b>7. \u00bfQu\u00e9 tipo de soporte podemos obtener si encontramos problemas t\u00e9cnicos? <\/b><\/div>\n<div>Mylin: You can feedback questions to our sales staff, or provide you with all help via phone or video conference.<\/div>\n<div><\/div>\n<div><b>8. \u00bfC\u00f3mo puedo adquirir este producto? \u00bfExisten canales de compra especiales o sugerencias? <\/b><\/div>\n<div>Mylin: You can click Inquiry to get in touch with us or add sales staff contact information, it\u2019s up to you.<\/div>\n<div><\/div>\n<div><b>9. \u00bfEs posible el env\u00edo internacional? <\/b><\/div>\n<div>Mylin: Yes. We support express delivery, air transportation, sea transportation, etc. Hope these questions above can help you better understand<br \/>\nNuestros productos.<\/div>\n<\/div>","protected":false},"excerpt":{"rendered":"<p>Mylin Mini UPS adopts an Anti-fire ABS plastic shell. It also has overcharge\/over-discharge\/current\/short circuit protection and is equipped with a silent fan to dissipate heat for the mini UPS. There are 4 LED lights on the top to show the battery level. It can provide more than 9 hours of backup power for a 12V0.5A router.<\/p>","protected":false},"featured_media":11782,"template":"","meta":{"_seopress_robots_primary_cat":"none","_seopress_titles_title":"Mylin 12V 5A 77.7Wh Mini UPS lithium battery pack backup Uninterruptible Power Supply for WiFi 7 ONT Smart Home","_seopress_titles_desc":"Mylin Mini UPS provides 0-second automatic switching of uninterrupted emergency power for the router during a power outage. Mylion 12V5A Mini UPS can provide uninterruptible power to 2-4 devices at the same time, such as smart home hubs, WiFi routers, ONTs, gateways, FTTH Network device,etc.","_seopress_robots_index":"","site-sidebar-layout":"default","site-content-layout":"","ast-site-content-layout":"default","site-content-style":"default","site-sidebar-style":"default","ast-global-header-display":"","ast-banner-title-visibility":"","ast-main-header-display":"","ast-hfb-above-header-display":"","ast-hfb-below-header-display":"","ast-hfb-mobile-header-display":"","site-post-title":"","ast-breadcrumbs-content":"","ast-featured-img":"","footer-sml-layout":"","theme-transparent-header-meta":"default","adv-header-id-meta":"","stick-header-meta":"","header-above-stick-meta":"","header-main-stick-meta":"","header-below-stick-meta":"","astra-migrate-meta-layouts":"set","ast-page-background-enabled":"default","ast-page-background-meta":{"desktop":{"background-color":"","background-image":"","background-repeat":"repeat","background-position":"center center","background-size":"auto","background-attachment":"scroll","background-type":"","background-media":"","overlay-type":"","overlay-color":"","overlay-opacity":"","overlay-gradient":""},"tablet":{"background-color":"","background-image":"","background-repeat":"repeat","background-position":"center center","background-size":"auto","background-attachment":"scroll","background-type":"","background-media":"","overlay-type":"","overlay-color":"","overlay-opacity":"","overlay-gradient":""},"mobile":{"background-color":"","background-image":"","background-repeat":"repeat","background-position":"center center","background-size":"auto","background-attachment":"scroll","background-type":"","background-media":"","overlay-type":"","overlay-color":"","overlay-opacity":"","overlay-gradient":""}},"ast-content-background-meta":{"desktop":{"background-color":"var(--ast-global-color-5)","background-image":"","background-repeat":"repeat","background-position":"center center","background-size":"auto","background-attachment":"scroll","background-type":"","background-media":"","overlay-type":"","overlay-color":"","overlay-opacity":"","overlay-gradient":""},"tablet":{"background-color":"var(--ast-global-color-5)","background-image":"","background-repeat":"repeat","background-position":"center center","background-size":"auto","background-attachment":"scroll","background-type":"","background-media":"","overlay-type":"","overlay-color":"","overlay-opacity":"","overlay-gradient":""},"mobile":{"background-color":"var(--ast-global-color-5)","background-image":"","background-repeat":"repeat","background-position":"center center","background-size":"auto","background-attachment":"scroll","background-type":"","background-media":"","overlay-type":"","overlay-color":"","overlay-opacity":"","overlay-gradient":""}}},"product_brand":[],"product_cat":[3],"product_tag":[776,51,97,455],"class_list":{"0":"post-9583","1":"product","2":"type-product","3":"status-publish","4":"has-post-thumbnail","6":"product_cat-mini-dc-ups","7":"product_tag-bbu","8":"product_tag-mini-ups","9":"product_tag-power-supply","10":"product_tag-uninterruptible-power-supply","11":"desktop-align-left","12":"tablet-align-left","13":"mobile-align-left","15":"first","16":"instock","17":"shipping-taxable","18":"product-type-simple"},"_links":{"self":[{"href":"https:\/\/ygspower.com\/es\/wp-json\/wp\/v2\/product\/9583","targetHints":{"allow":["GET"]}}],"collection":[{"href":"https:\/\/ygspower.com\/es\/wp-json\/wp\/v2\/product"}],"about":[{"href":"https:\/\/ygspower.com\/es\/wp-json\/wp\/v2\/types\/product"}],"version-history":[{"count":4,"href":"https:\/\/ygspower.com\/es\/wp-json\/wp\/v2\/product\/9583\/revisions"}],"predecessor-version":[{"id":11787,"href":"https:\/\/ygspower.com\/es\/wp-json\/wp\/v2\/product\/9583\/revisions\/11787"}],"wp:featuredmedia":[{"embeddable":true,"href":"https:\/\/ygspower.com\/es\/wp-json\/wp\/v2\/media\/11782"}],"wp:attachment":[{"href":"https:\/\/ygspower.com\/es\/wp-json\/wp\/v2\/media?parent=9583"}],"wp:term":[{"taxonomy":"product_brand","embeddable":true,"href":"https:\/\/ygspower.com\/es\/wp-json\/wp\/v2\/product_brand?post=9583"},{"taxonomy":"product_cat","embeddable":true,"href":"https:\/\/ygspower.com\/es\/wp-json\/wp\/v2\/product_cat?post=9583"},{"taxonomy":"product_tag","embeddable":true,"href":"https:\/\/ygspower.com\/es\/wp-json\/wp\/v2\/product_tag?post=9583"}],"curies":[{"name":"wp","href":"https:\/\/api.w.org\/{rel}","templated":true}]}}