{"id":9631,"date":"2024-02-01T14:59:45","date_gmt":"2024-02-01T06:59:45","guid":{"rendered":"https:\/\/darksalmon-dugong-512221.hostingersite.com\/?post_type=product&#038;p=9631"},"modified":"2025-10-11T14:18:13","modified_gmt":"2025-10-11T06:18:13","slug":"mylion-110v-230v-ac-input-12v-2a-dc-output-mini-ups-life-po4-uninterruptible-power-supply-battery-bckup-unit-for-telecommunications-devices","status":"publish","type":"product","link":"https:\/\/ygspower.com\/es\/producto\/mylion-110v-230v-ac-input-12v-2a-dc-output-mini-ups-life-po4-uninterruptible-power-supply-battery-bckup-unit-for-telecommunications-devices\/","title":{"rendered":"Mylin 110V-230V AC Input 12V 2A DC Output Smart Charger Mini UPS LiFe PO4 Uninterruptible Power Supply For IOT WiFi Router"},"content":{"rendered":"<table width=\"742\">\n<tbody>\n<tr>\n<td width=\"180\">Nombre del producto<\/td>\n<td width=\"562\">Mini UPS de 12 V para c\u00e1mara de seguridad dom\u00e9stica<\/td>\n<\/tr>\n<tr>\n<td>Tipo de bater\u00eda<\/td>\n<td>Bater\u00eda LiFe PO4: la bater\u00eda de litio m\u00e1s segura<\/td>\n<\/tr>\n<tr>\n<td>Voltaje de salida<\/td>\n<td>12 V<\/td>\n<\/tr>\n<tr>\n<td>Corriente de salida<\/td>\n<td>2A<\/td>\n<\/tr>\n<tr>\n<td>Capacidad de la bater\u00eda<\/td>\n<td>25,6 Wh\/8000 mAh<\/td>\n<\/tr>\n<tr>\n<td>Voltaje de entrada<\/td>\n<td>CA 110-240 V<\/td>\n<\/tr>\n<tr>\n<td>Corriente de entrada<\/td>\n<td>2,5 A m\u00e1x.<\/td>\n<\/tr>\n<tr>\n<td rowspan=\"2\">Tiempo de trabajo<\/td>\n<td>Aproximadamente 4 horas de tiempo de respaldo (si su dispositivo es de 12 V 0,5 A)<\/td>\n<\/tr>\n<tr>\n<td>Tiempo de respaldo de aproximadamente 2 horas (si su dispositivo es de 12 V 1 A)<\/td>\n<\/tr>\n<tr>\n<td>Puerto de carga (IN)<\/td>\n<td>Enchufe de CA<\/td>\n<\/tr>\n<tr>\n<td>Puerto de descarga (OUT)<\/td>\n<td>2 piezas CC 5,5 \u00d7 2,5<\/td>\n<\/tr>\n<tr>\n<td>Indicador LED<\/td>\n<td>4 piezas LED que muestran el estado de la bater\u00eda<\/td>\n<\/tr>\n<tr>\n<td>Cambiar<\/td>\n<td>Interruptor de ENCENDIDO\/APAGADO\/Coloque el interruptor en ENCENDIDO antes de cargarlo o descargarlo<\/td>\n<\/tr>\n<tr>\n<td>Material de la caja<\/td>\n<td>Pl\u00e1stico ABS<\/td>\n<\/tr>\n<tr>\n<td>Color de la caja<\/td>\n<td>Blanco<\/td>\n<\/tr>\n<tr>\n<td>Material de la caja<\/td>\n<td>ABS antiincendios<\/td>\n<\/tr>\n<tr>\n<td>Dimensiones de la caja<\/td>\n<td>Largo 126 x Ancho 80 x Alto 42 mm<\/td>\n<\/tr>\n<tr>\n<td>Peso<\/td>\n<td>246 gramos<\/td>\n<\/tr>\n<tr>\n<td>Solicitud<\/td>\n<td width=\"562\">Dispositivo de 12 V: c\u00e1mara IP\/sistema de seguridad\/acceso a puerta\/luz LED\/tira LED\/altavoz\/ventiladores, etc.<\/td>\n<\/tr>\n<tr>\n<td>Paquete<\/td>\n<td>20 piezas en una caja (35 x 21 x 30 cm), aproximadamente 7,5 kg\/caja<\/td>\n<\/tr>\n<tr>\n<td>Garant\u00eda<\/td>\n<td>12 meses<\/td>\n<\/tr>\n<\/tbody>\n<\/table>\n<p><img fetchpriority=\"high\" decoding=\"async\" class=\"aligncenter size-full wp-image-11789\" src=\"http:\/\/ygspower.com\/wp-content\/uploads\/2024\/02\/LiFePO4_01.jpg\" alt=\"\" width=\"1500\" height=\"1890\" srcset=\"https:\/\/ygspower.com\/wp-content\/uploads\/2024\/02\/LiFePO4_01.jpg 1500w, https:\/\/ygspower.com\/wp-content\/uploads\/2024\/02\/LiFePO4_01-238x300.jpg 238w, https:\/\/ygspower.com\/wp-content\/uploads\/2024\/02\/LiFePO4_01-813x1024.jpg 813w, https:\/\/ygspower.com\/wp-content\/uploads\/2024\/02\/LiFePO4_01-768x968.jpg 768w, https:\/\/ygspower.com\/wp-content\/uploads\/2024\/02\/LiFePO4_01-1219x1536.jpg 1219w, https:\/\/ygspower.com\/wp-content\/uploads\/2024\/02\/LiFePO4_01-10x12.jpg 10w, https:\/\/ygspower.com\/wp-content\/uploads\/2024\/02\/LiFePO4_01-600x756.jpg 600w\" sizes=\"(max-width: 1500px) 100vw, 1500px\" \/> <img decoding=\"async\" class=\"aligncenter size-full wp-image-11790\" src=\"http:\/\/ygspower.com\/wp-content\/uploads\/2024\/02\/LiFePO4_02.jpg\" alt=\"\" width=\"1500\" height=\"1981\" srcset=\"https:\/\/ygspower.com\/wp-content\/uploads\/2024\/02\/LiFePO4_02.jpg 1500w, https:\/\/ygspower.com\/wp-content\/uploads\/2024\/02\/LiFePO4_02-227x300.jpg 227w, https:\/\/ygspower.com\/wp-content\/uploads\/2024\/02\/LiFePO4_02-775x1024.jpg 775w, https:\/\/ygspower.com\/wp-content\/uploads\/2024\/02\/LiFePO4_02-768x1014.jpg 768w, https:\/\/ygspower.com\/wp-content\/uploads\/2024\/02\/LiFePO4_02-1163x1536.jpg 1163w, https:\/\/ygspower.com\/wp-content\/uploads\/2024\/02\/LiFePO4_02-9x12.jpg 9w, https:\/\/ygspower.com\/wp-content\/uploads\/2024\/02\/LiFePO4_02-600x792.jpg 600w\" sizes=\"(max-width: 1500px) 100vw, 1500px\" \/> <img decoding=\"async\" class=\"aligncenter size-full wp-image-11791\" src=\"http:\/\/ygspower.com\/wp-content\/uploads\/2024\/02\/LiFePO4_03.jpg\" alt=\"\" width=\"1500\" height=\"1918\" srcset=\"https:\/\/ygspower.com\/wp-content\/uploads\/2024\/02\/LiFePO4_03.jpg 1500w, https:\/\/ygspower.com\/wp-content\/uploads\/2024\/02\/LiFePO4_03-235x300.jpg 235w, https:\/\/ygspower.com\/wp-content\/uploads\/2024\/02\/LiFePO4_03-801x1024.jpg 801w, https:\/\/ygspower.com\/wp-content\/uploads\/2024\/02\/LiFePO4_03-768x982.jpg 768w, https:\/\/ygspower.com\/wp-content\/uploads\/2024\/02\/LiFePO4_03-1201x1536.jpg 1201w, https:\/\/ygspower.com\/wp-content\/uploads\/2024\/02\/LiFePO4_03-9x12.jpg 9w, https:\/\/ygspower.com\/wp-content\/uploads\/2024\/02\/LiFePO4_03-600x767.jpg 600w\" sizes=\"(max-width: 1500px) 100vw, 1500px\" \/> <img loading=\"lazy\" decoding=\"async\" class=\"aligncenter size-full wp-image-11792\" src=\"http:\/\/ygspower.com\/wp-content\/uploads\/2024\/02\/LiFePO4_04.jpg\" alt=\"\" width=\"1500\" height=\"1222\" srcset=\"https:\/\/ygspower.com\/wp-content\/uploads\/2024\/02\/LiFePO4_04.jpg 1500w, https:\/\/ygspower.com\/wp-content\/uploads\/2024\/02\/LiFePO4_04-300x244.jpg 300w, https:\/\/ygspower.com\/wp-content\/uploads\/2024\/02\/LiFePO4_04-1024x834.jpg 1024w, https:\/\/ygspower.com\/wp-content\/uploads\/2024\/02\/LiFePO4_04-768x626.jpg 768w, https:\/\/ygspower.com\/wp-content\/uploads\/2024\/02\/LiFePO4_04-15x12.jpg 15w, https:\/\/ygspower.com\/wp-content\/uploads\/2024\/02\/LiFePO4_04-600x489.jpg 600w\" sizes=\"(max-width: 1500px) 100vw, 1500px\" \/> <img loading=\"lazy\" decoding=\"async\" class=\"aligncenter size-full wp-image-11793\" src=\"http:\/\/ygspower.com\/wp-content\/uploads\/2024\/02\/LiFePO4_05.jpg\" alt=\"\" width=\"1500\" height=\"1197\" srcset=\"https:\/\/ygspower.com\/wp-content\/uploads\/2024\/02\/LiFePO4_05.jpg 1500w, https:\/\/ygspower.com\/wp-content\/uploads\/2024\/02\/LiFePO4_05-300x239.jpg 300w, https:\/\/ygspower.com\/wp-content\/uploads\/2024\/02\/LiFePO4_05-1024x817.jpg 1024w, https:\/\/ygspower.com\/wp-content\/uploads\/2024\/02\/LiFePO4_05-768x613.jpg 768w, https:\/\/ygspower.com\/wp-content\/uploads\/2024\/02\/LiFePO4_05-15x12.jpg 15w, https:\/\/ygspower.com\/wp-content\/uploads\/2024\/02\/LiFePO4_05-600x479.jpg 600w\" sizes=\"(max-width: 1500px) 100vw, 1500px\" \/> <img loading=\"lazy\" decoding=\"async\" class=\"aligncenter size-full wp-image-11794\" src=\"http:\/\/ygspower.com\/wp-content\/uploads\/2024\/02\/LiFePO4_06.jpg\" alt=\"\" width=\"1500\" height=\"1678\" srcset=\"https:\/\/ygspower.com\/wp-content\/uploads\/2024\/02\/LiFePO4_06.jpg 1500w, https:\/\/ygspower.com\/wp-content\/uploads\/2024\/02\/LiFePO4_06-268x300.jpg 268w, https:\/\/ygspower.com\/wp-content\/uploads\/2024\/02\/LiFePO4_06-915x1024.jpg 915w, https:\/\/ygspower.com\/wp-content\/uploads\/2024\/02\/LiFePO4_06-768x859.jpg 768w, https:\/\/ygspower.com\/wp-content\/uploads\/2024\/02\/LiFePO4_06-1373x1536.jpg 1373w, https:\/\/ygspower.com\/wp-content\/uploads\/2024\/02\/LiFePO4_06-11x12.jpg 11w, https:\/\/ygspower.com\/wp-content\/uploads\/2024\/02\/LiFePO4_06-600x671.jpg 600w\" sizes=\"(max-width: 1500px) 100vw, 1500px\" \/> <img loading=\"lazy\" decoding=\"async\" class=\"aligncenter size-full wp-image-11795\" src=\"http:\/\/ygspower.com\/wp-content\/uploads\/2024\/02\/LiFePO4_07-scaled.jpg\" alt=\"\" width=\"1178\" height=\"2560\" srcset=\"https:\/\/ygspower.com\/wp-content\/uploads\/2024\/02\/LiFePO4_07-scaled.jpg 1178w, https:\/\/ygspower.com\/wp-content\/uploads\/2024\/02\/LiFePO4_07-138x300.jpg 138w, https:\/\/ygspower.com\/wp-content\/uploads\/2024\/02\/LiFePO4_07-471x1024.jpg 471w, https:\/\/ygspower.com\/wp-content\/uploads\/2024\/02\/LiFePO4_07-768x1670.jpg 768w, https:\/\/ygspower.com\/wp-content\/uploads\/2024\/02\/LiFePO4_07-707x1536.jpg 707w, https:\/\/ygspower.com\/wp-content\/uploads\/2024\/02\/LiFePO4_07-942x2048.jpg 942w, https:\/\/ygspower.com\/wp-content\/uploads\/2024\/02\/LiFePO4_07-6x12.jpg 6w, https:\/\/ygspower.com\/wp-content\/uploads\/2024\/02\/LiFePO4_07-600x1304.jpg 600w\" sizes=\"(max-width: 1178px) 100vw, 1178px\" \/><\/p>\n<p>&nbsp;<\/p>","protected":false},"excerpt":{"rendered":"<p>Nombre del producto: Mini UPS de 12 V para c\u00e1mara de seguridad dom\u00e9stica<br \/>\nTipo de bater\u00eda: Bater\u00eda LiFe PO4: la bater\u00eda de litio m\u00e1s segura<br \/>\nVoltaje de salida: 12 V<br \/>\nCorriente de salida: 2A<br \/>\nCapacidad de la bater\u00eda: 3,2 V 4000 mAh\/25,6 Wh<br \/>\nVoltaje de entrada: CA 110-240 V<br \/>\nCorriente de entrada: 1 A m\u00e1x.<\/p>","protected":false},"featured_media":11797,"template":"","meta":{"_seopress_robots_primary_cat":"none","_seopress_titles_title":"Mylin 110V-230V AC Input 12V 2A DC Output Mini UPS LiFe PO4 Uninterruptible Power Supply Battery Bckup Unit For telecommunications devices","_seopress_titles_desc":"Product name: Mini 12V UPS for security home camera\r\nBattery type: LiFe PO4 Battery- the safest lithium battery\r\nOutput voltage: 12V\r\nOutput current: 2A\r\nBattery capacity: 3.2V4000mah\/25.6Wh\r\nInput voltage: AC110-240V\r\nInput current: 1A Max","_seopress_robots_index":"","site-sidebar-layout":"default","site-content-layout":"","ast-site-content-layout":"default","site-content-style":"default","site-sidebar-style":"default","ast-global-header-display":"","ast-banner-title-visibility":"","ast-main-header-display":"","ast-hfb-above-header-display":"","ast-hfb-below-header-display":"","ast-hfb-mobile-header-display":"","site-post-title":"","ast-breadcrumbs-content":"","ast-featured-img":"","footer-sml-layout":"","theme-transparent-header-meta":"default","adv-header-id-meta":"","stick-header-meta":"","header-above-stick-meta":"","header-main-stick-meta":"","header-below-stick-meta":"","astra-migrate-meta-layouts":"set","ast-page-background-enabled":"default","ast-page-background-meta":{"desktop":{"background-color":"","background-image":"","background-repeat":"repeat","background-position":"center center","background-size":"auto","background-attachment":"scroll","background-type":"","background-media":"","overlay-type":"","overlay-color":"","overlay-opacity":"","overlay-gradient":""},"tablet":{"background-color":"","background-image":"","background-repeat":"repeat","background-position":"center center","background-size":"auto","background-attachment":"scroll","background-type":"","background-media":"","overlay-type":"","overlay-color":"","overlay-opacity":"","overlay-gradient":""},"mobile":{"background-color":"","background-image":"","background-repeat":"repeat","background-position":"center center","background-size":"auto","background-attachment":"scroll","background-type":"","background-media":"","overlay-type":"","overlay-color":"","overlay-opacity":"","overlay-gradient":""}},"ast-content-background-meta":{"desktop":{"background-color":"var(--ast-global-color-5)","background-image":"","background-repeat":"repeat","background-position":"center center","background-size":"auto","background-attachment":"scroll","background-type":"","background-media":"","overlay-type":"","overlay-color":"","overlay-opacity":"","overlay-gradient":""},"tablet":{"background-color":"var(--ast-global-color-5)","background-image":"","background-repeat":"repeat","background-position":"center center","background-size":"auto","background-attachment":"scroll","background-type":"","background-media":"","overlay-type":"","overlay-color":"","overlay-opacity":"","overlay-gradient":""},"mobile":{"background-color":"var(--ast-global-color-5)","background-image":"","background-repeat":"repeat","background-position":"center center","background-size":"auto","background-attachment":"scroll","background-type":"","background-media":"","overlay-type":"","overlay-color":"","overlay-opacity":"","overlay-gradient":""}}},"product_brand":[],"product_cat":[80,3],"product_tag":[778,777,51,455],"class_list":{"0":"post-9631","1":"product","2":"type-product","3":"status-publish","4":"has-post-thumbnail","6":"product_cat-4-main-products-mini-ups-battery-backup-life-po4-battery-gel-battery-lithium-battery","7":"product_cat-mini-dc-ups","8":"product_tag-backup-battery","9":"product_tag-lifepo4-mini-ups","10":"product_tag-mini-ups","11":"product_tag-uninterruptible-power-supply","12":"desktop-align-left","13":"tablet-align-left","14":"mobile-align-left","16":"first","17":"instock","18":"shipping-taxable","19":"product-type-simple"},"_links":{"self":[{"href":"https:\/\/ygspower.com\/es\/wp-json\/wp\/v2\/product\/9631","targetHints":{"allow":["GET"]}}],"collection":[{"href":"https:\/\/ygspower.com\/es\/wp-json\/wp\/v2\/product"}],"about":[{"href":"https:\/\/ygspower.com\/es\/wp-json\/wp\/v2\/types\/product"}],"version-history":[{"count":4,"href":"https:\/\/ygspower.com\/es\/wp-json\/wp\/v2\/product\/9631\/revisions"}],"predecessor-version":[{"id":11804,"href":"https:\/\/ygspower.com\/es\/wp-json\/wp\/v2\/product\/9631\/revisions\/11804"}],"wp:featuredmedia":[{"embeddable":true,"href":"https:\/\/ygspower.com\/es\/wp-json\/wp\/v2\/media\/11797"}],"wp:attachment":[{"href":"https:\/\/ygspower.com\/es\/wp-json\/wp\/v2\/media?parent=9631"}],"wp:term":[{"taxonomy":"product_brand","embeddable":true,"href":"https:\/\/ygspower.com\/es\/wp-json\/wp\/v2\/product_brand?post=9631"},{"taxonomy":"product_cat","embeddable":true,"href":"https:\/\/ygspower.com\/es\/wp-json\/wp\/v2\/product_cat?post=9631"},{"taxonomy":"product_tag","embeddable":true,"href":"https:\/\/ygspower.com\/es\/wp-json\/wp\/v2\/product_tag?post=9631"}],"curies":[{"name":"wp","href":"https:\/\/api.w.org\/{rel}","templated":true}]}}