{"id":10789,"date":"2025-02-20T16:17:40","date_gmt":"2025-02-20T08:17:40","guid":{"rendered":"https:\/\/darksalmon-dugong-512221.hostingersite.com\/?post_type=product&#038;p=10789"},"modified":"2025-02-20T16:17:42","modified_gmt":"2025-02-20T08:17:42","slug":"mylion-3-7v-1000mah-402780-lithium-polymer-battery","status":"publish","type":"product","link":"https:\/\/ygspower.com\/fr\/produit\/mylion-3-7v-1000mah-402780-lithium-polymer-battery\/","title":{"rendered":"Batterie lithium-polym\u00e8re Mylion 3,7 V 1\u00a0000 mAh 402780"},"content":{"rendered":"<p><img fetchpriority=\"high\" decoding=\"async\" class=\"alignleft size-full wp-image-10798\" src=\"http:\/\/ygspower.com\/wp-content\/uploads\/2025\/02\/Lipo-Battery-2.png\" alt=\"\" width=\"1920\" height=\"1080\" srcset=\"https:\/\/ygspower.com\/wp-content\/uploads\/2025\/02\/Lipo-Battery-2.png 1920w, https:\/\/ygspower.com\/wp-content\/uploads\/2025\/02\/Lipo-Battery-2-300x169.png 300w, https:\/\/ygspower.com\/wp-content\/uploads\/2025\/02\/Lipo-Battery-2-1024x576.png 1024w, https:\/\/ygspower.com\/wp-content\/uploads\/2025\/02\/Lipo-Battery-2-768x432.png 768w, https:\/\/ygspower.com\/wp-content\/uploads\/2025\/02\/Lipo-Battery-2-1536x864.png 1536w, https:\/\/ygspower.com\/wp-content\/uploads\/2025\/02\/Lipo-Battery-2-18x10.png 18w, https:\/\/ygspower.com\/wp-content\/uploads\/2025\/02\/Lipo-Battery-2-600x338.png 600w\" sizes=\"(max-width: 1920px) 100vw, 1920px\" \/><\/p>\n<p>Les batteries lithium-polym\u00e8re (LiPo) sont utilis\u00e9es dans une grande vari\u00e9t\u00e9 d&#039;applications en raison de leur l\u00e9g\u00e8ret\u00e9, de leur densit\u00e9 \u00e9nerg\u00e9tique \u00e9lev\u00e9e et de leur forme flexible. Ces batteries sont populaires dans de nombreux secteurs, notamment l&#039;\u00e9lectronique grand public, les drones, les voitures t\u00e9l\u00e9command\u00e9es (RC) et m\u00eame dans des domaines plus sp\u00e9cialis\u00e9s tels que les appareils m\u00e9dicaux et les v\u00e9hicules \u00e9lectriques. Voici un bref aper\u00e7u de certaines applications cl\u00e9s des batteries LiPo\u00a0:<\/p>\n<p><strong><b>Drones et UAV : <\/b><\/strong>Les batteries LiPo sont essentielles pour alimenter les drones dans les secteurs grand public et industriel. Leur densit\u00e9 \u00e9nerg\u00e9tique \u00e9lev\u00e9e garantit des temps de vol plus longs et supporte des charges utiles plus lourdes, ce qui les rend id\u00e9ales pour la photographie a\u00e9rienne, l&#039;arpentage et les services de livraison. La conception compacte permet aux drones d&#039;\u00eatre plus l\u00e9gers et plus agiles, am\u00e9liorant ainsi la stabilit\u00e9 du vol.<\/p>\n<p><strong><b>V\u00e9hicules RC :<\/b><\/strong>\u00a0Les batteries LiPo sont couramment utilis\u00e9es dans les voitures, bateaux et avions t\u00e9l\u00e9command\u00e9s, fournissant la puissance n\u00e9cessaire pour des op\u00e9rations de longue dur\u00e9e et de haute performance. Leurs taux de d\u00e9charge \u00e9lev\u00e9s permettent une acc\u00e9l\u00e9ration et une r\u00e9ponse rapides, ce qui est essentiel pour les courses de comp\u00e9tition ou les activit\u00e9s de loisirs.<\/p>\n<p><strong><b>\u00c9lectronique grand public : <\/b><\/strong>Les batteries LiPo sont utilis\u00e9es dans les smartphones, les tablettes, les ordinateurs portables et les appareils portables en raison de leur format fin et flexible. Elles fournissent une source d&#039;\u00e9nergie l\u00e9g\u00e8re et efficace qui contribue \u00e0 prolonger la dur\u00e9e de vie de la batterie de l&#039;appareil, ce qui les rend id\u00e9ales pour l&#039;\u00e9lectronique portable.<\/p>\n<p><strong><b>V\u00e9hicules \u00e9lectriques :<\/b><\/strong>\u00a0Les batteries lithium-polym\u00e8re sont \u00e9galement utilis\u00e9es dans les v\u00e9hicules \u00e9lectriques (VE), en particulier dans les petites applications telles que les v\u00e9los \u00e9lectriques, les scooters et les skateboards. Elles fournissent une \u00e9nergie efficace et durable tout en conservant une taille compacte, ce qui est essentiel aux performances du v\u00e9hicule.<\/p>\n<p><strong><b>Dispositifs m\u00e9dicaux : <\/b><\/strong>Dans le domaine m\u00e9dical, les batteries lithium-polym\u00e8re alimentent des appareils tels que des proth\u00e8ses auditives, des appareils m\u00e9dicaux portables et m\u00eame certaines proth\u00e8ses avanc\u00e9es. Leur fiabilit\u00e9, leur longue dur\u00e9e de vie et leur l\u00e9g\u00e8ret\u00e9 en font des batteries id\u00e9ales pour ces applications sensibles et portables.<\/p>\n<p><img decoding=\"async\" class=\"alignleft size-full wp-image-10800\" src=\"http:\/\/ygspower.com\/wp-content\/uploads\/2025\/02\/Lipo-Battery.png\" alt=\"\" width=\"1920\" height=\"1080\" srcset=\"https:\/\/ygspower.com\/wp-content\/uploads\/2025\/02\/Lipo-Battery.png 1920w, https:\/\/ygspower.com\/wp-content\/uploads\/2025\/02\/Lipo-Battery-300x169.png 300w, https:\/\/ygspower.com\/wp-content\/uploads\/2025\/02\/Lipo-Battery-1024x576.png 1024w, https:\/\/ygspower.com\/wp-content\/uploads\/2025\/02\/Lipo-Battery-768x432.png 768w, https:\/\/ygspower.com\/wp-content\/uploads\/2025\/02\/Lipo-Battery-1536x864.png 1536w, https:\/\/ygspower.com\/wp-content\/uploads\/2025\/02\/Lipo-Battery-18x10.png 18w, https:\/\/ygspower.com\/wp-content\/uploads\/2025\/02\/Lipo-Battery-600x338.png 600w\" sizes=\"(max-width: 1920px) 100vw, 1920px\" \/><\/p>\n<p>Les batteries au lithium polym\u00e8re (LiPo) sont constitu\u00e9es de plusieurs composants cl\u00e9s qui fonctionnent ensemble pour fournir une source d&#039;\u00e9nergie efficace, l\u00e9g\u00e8re et \u00e0 haute \u00e9nergie. Voici une liste de ses principaux composants\u00a0:<\/p>\n<p><strong><b>Anode (\u00e9lectrode n\u00e9gative) : <\/b><\/strong>L&#039;anode est g\u00e9n\u00e9ralement en graphite et stocke les ions lithium pendant le processus de d\u00e9charge de la batterie. Elle joue un r\u00f4le essentiel dans les performances et la capacit\u00e9 globales de la batterie.<\/p>\n<p><strong><b>Cathode (\u00e9lectrode positive) :<\/b><\/strong>\u00a0La cathode est g\u00e9n\u00e9ralement constitu\u00e9e d&#039;oxyde m\u00e9tallique de lithium ou de phosphate de fer et de lithium. Elle lib\u00e8re des ions lithium lors de la d\u00e9charge et constitue un facteur cl\u00e9 dans la d\u00e9termination de la tension et de la capacit\u00e9 de la batterie.<\/p>\n<p><strong><b>\u00c9lectrolyte: <\/b><\/strong>Les batteries LiPo utilisent un \u00e9lectrolyte polym\u00e8re de type gel qui permet aux ions lithium de se d\u00e9placer entre l&#039;anode et la cathode. Le format gel rend la batterie plus flexible et plus s\u00fbre que les batteries lithium-ion traditionnelles.<\/p>\n<p><strong><b>S\u00e9parateur: <\/b><\/strong>Le s\u00e9parateur est un mat\u00e9riau fin et poreux qui emp\u00eache l&#039;anode et la cathode d&#039;entrer en contact tout en laissant passer les ions lithium. Il permet d&#039;\u00e9viter les courts-circuits et d&#039;assurer le fonctionnement s\u00fbr de la batterie.<\/p>\n<p><strong><b>Enveloppe: <\/b><\/strong>Les batteries LiPo sont g\u00e9n\u00e9ralement enferm\u00e9es dans une pochette souple et flexible en aluminium ou en plastique. Le bo\u00eetier permet une conception l\u00e9g\u00e8re et sa flexibilit\u00e9 permet de fa\u00e7onner la batterie pour diff\u00e9rentes applications.<\/p>\n<p><strong><b>Syst\u00e8me de gestion de batterie (BMS) : <\/b><\/strong>Bien qu&#039;il ne fasse pas partie de la batterie elle-m\u00eame, le BMS est souvent int\u00e9gr\u00e9 aux batteries lithium-polym\u00e8re. Il surveille la tension, la temp\u00e9rature et les cycles de charge de la batterie pour garantir la s\u00e9curit\u00e9 et \u00e9viter les surcharges ou les d\u00e9charges profondes.<\/p>\n<p><img decoding=\"async\" class=\"alignleft size-full wp-image-10799\" src=\"http:\/\/ygspower.com\/wp-content\/uploads\/2025\/02\/Lipo-Battery-3.png\" alt=\"\" width=\"1920\" height=\"1080\" srcset=\"https:\/\/ygspower.com\/wp-content\/uploads\/2025\/02\/Lipo-Battery-3.png 1920w, https:\/\/ygspower.com\/wp-content\/uploads\/2025\/02\/Lipo-Battery-3-300x169.png 300w, https:\/\/ygspower.com\/wp-content\/uploads\/2025\/02\/Lipo-Battery-3-1024x576.png 1024w, https:\/\/ygspower.com\/wp-content\/uploads\/2025\/02\/Lipo-Battery-3-768x432.png 768w, https:\/\/ygspower.com\/wp-content\/uploads\/2025\/02\/Lipo-Battery-3-1536x864.png 1536w, https:\/\/ygspower.com\/wp-content\/uploads\/2025\/02\/Lipo-Battery-3-18x10.png 18w, https:\/\/ygspower.com\/wp-content\/uploads\/2025\/02\/Lipo-Battery-3-600x338.png 600w\" sizes=\"(max-width: 1920px) 100vw, 1920px\" \/><\/p>\n<p>Le syst\u00e8me de gestion de la batterie (BMS) des batteries lithium-polym\u00e8re (LiPo) joue un r\u00f4le essentiel pour garantir la s\u00e9curit\u00e9, la dur\u00e9e de vie et les performances de la batterie. Il surveille et prot\u00e8ge la batterie en ex\u00e9cutant plusieurs fonctions cl\u00e9s\u00a0:<\/p>\n<p><strong><b>Protection contre les surcharges :<\/b><\/strong>\u00a0Le BMS emp\u00eache la batterie de se charger au-del\u00e0 de sa limite de tension de s\u00e9curit\u00e9. Une surcharge peut entra\u00eener une d\u00e9gradation de la batterie, une surchauffe et m\u00eame un incendie. Le BMS arr\u00eate donc la charge lorsque la tension atteint un seuil pr\u00e9d\u00e9fini.<\/p>\n<p><strong><b>Protection contre les d\u00e9charges excessives : <\/b><\/strong>Il emp\u00eache \u00e9galement la batterie de se d\u00e9charger excessivement, ce qui peut l&#039;endommager et r\u00e9duire sa dur\u00e9e de vie. Le BMS coupe la charge lorsque la tension descend en dessous d&#039;un certain niveau.<\/p>\n<p><strong><b>Protection contre les surintensit\u00e9s : <\/b><\/strong>Le BMS surveille le courant et \u00e9vite les exc\u00e8s de courant qui peuvent provoquer une surchauffe ou des dommages internes. Il garantit que la batterie ne fonctionne que dans des limites de courant s\u00fbres.<\/p>\n<p><strong><b>Surveillance de la temp\u00e9rature :<\/b><\/strong>\u00a0Le BMS v\u00e9rifie la temp\u00e9rature de la batterie pendant la charge et la d\u00e9charge. Si la temp\u00e9rature est sup\u00e9rieure ou inf\u00e9rieure \u00e0 la limite de s\u00e9curit\u00e9, il arr\u00eate la charge ou la d\u00e9charge pour prot\u00e9ger la batterie des dommages thermiques.<\/p>\n<p><strong><b>\u00c9quilibrage: <\/b><\/strong>Dans une batterie LiPo multicellulaire, le BMS garantit que toutes les cellules restent \u00e9quilibr\u00e9es en surveillant les niveaux de tension. Il garantit qu&#039;aucune cellule n&#039;est surcharg\u00e9e ou d\u00e9charg\u00e9e par rapport aux autres, am\u00e9liorant ainsi les performances et prolongeant la dur\u00e9e de vie de la batterie.<\/p>\n<p><strong><b>Protection contre les courts-circuits : <\/b><\/strong>Le BMS d\u00e9tecte un court-circuit \u00e0 l&#039;int\u00e9rieur de la batterie et coupe imm\u00e9diatement l&#039;alimentation pour \u00e9viter tout risque de dommage ou d&#039;incendie.<\/p>","protected":false},"excerpt":{"rendered":"<p>Nom du produit : Batterie lithium-polym\u00e8re 3,7 V 1000 mAh<\/p>\n<p>Nom du mod\u00e8le : 3,7 V 1\u00a0000 mAh<\/p>\n<p>Capacit\u00e9 nominale : 1000 mAh<\/p>\n<p>Courant de d\u00e9charge continu maximal : 1 A<\/p>\n<p>Poids : environ 19 g<\/p>\n<p>Protection de la batterie : surcharge et d\u00e9charge, surintensit\u00e9, court-circuit<\/p>\n<p>Application : Bluetooth et \u00e9lectronique grand public<\/p>\n<p>Garantie: 12 mois<\/p>","protected":false},"featured_media":10793,"template":"","meta":{"_seopress_robots_primary_cat":"","_seopress_titles_title":"Mylion 3.7v 1000mah 402780 lithium polymer battery 3.7V Lipo","_seopress_titles_desc":"Mylion 3.7v 1000mah 402780 lithium polymer battery,Lithium polymer battery, 3.7v  Lipo battery, Mylion,Custom Lipo Battery,Custom PCB","_seopress_robots_index":"","site-sidebar-layout":"default","site-content-layout":"","ast-site-content-layout":"default","site-content-style":"default","site-sidebar-style":"default","ast-global-header-display":"","ast-banner-title-visibility":"","ast-main-header-display":"","ast-hfb-above-header-display":"","ast-hfb-below-header-display":"","ast-hfb-mobile-header-display":"","site-post-title":"","ast-breadcrumbs-content":"","ast-featured-img":"","footer-sml-layout":"","theme-transparent-header-meta":"default","adv-header-id-meta":"","stick-header-meta":"","header-above-stick-meta":"","header-main-stick-meta":"","header-below-stick-meta":"","astra-migrate-meta-layouts":"set","ast-page-background-enabled":"default","ast-page-background-meta":{"desktop":{"background-color":"","background-image":"","background-repeat":"repeat","background-position":"center center","background-size":"auto","background-attachment":"scroll","background-type":"","background-media":"","overlay-type":"","overlay-color":"","overlay-opacity":"","overlay-gradient":""},"tablet":{"background-color":"","background-image":"","background-repeat":"repeat","background-position":"center center","background-size":"auto","background-attachment":"scroll","background-type":"","background-media":"","overlay-type":"","overlay-color":"","overlay-opacity":"","overlay-gradient":""},"mobile":{"background-color":"","background-image":"","background-repeat":"repeat","background-position":"center center","background-size":"auto","background-attachment":"scroll","background-type":"","background-media":"","overlay-type":"","overlay-color":"","overlay-opacity":"","overlay-gradient":""}},"ast-content-background-meta":{"desktop":{"background-color":"var(--ast-global-color-5)","background-image":"","background-repeat":"repeat","background-position":"center center","background-size":"auto","background-attachment":"scroll","background-type":"","background-media":"","overlay-type":"","overlay-color":"","overlay-opacity":"","overlay-gradient":""},"tablet":{"background-color":"var(--ast-global-color-5)","background-image":"","background-repeat":"repeat","background-position":"center center","background-size":"auto","background-attachment":"scroll","background-type":"","background-media":"","overlay-type":"","overlay-color":"","overlay-opacity":"","overlay-gradient":""},"mobile":{"background-color":"var(--ast-global-color-5)","background-image":"","background-repeat":"repeat","background-position":"center center","background-size":"auto","background-attachment":"scroll","background-type":"","background-media":"","overlay-type":"","overlay-color":"","overlay-opacity":"","overlay-gradient":""}}},"product_brand":[],"product_cat":[30],"product_tag":[],"class_list":{"0":"post-10789","1":"product","2":"type-product","3":"status-publish","4":"has-post-thumbnail","6":"product_cat-lithium-plymer-battery","7":"desktop-align-left","8":"tablet-align-left","9":"mobile-align-left","11":"first","12":"instock","13":"shipping-taxable","14":"product-type-simple"},"_links":{"self":[{"href":"https:\/\/ygspower.com\/fr\/wp-json\/wp\/v2\/product\/10789","targetHints":{"allow":["GET"]}}],"collection":[{"href":"https:\/\/ygspower.com\/fr\/wp-json\/wp\/v2\/product"}],"about":[{"href":"https:\/\/ygspower.com\/fr\/wp-json\/wp\/v2\/types\/product"}],"version-history":[{"count":1,"href":"https:\/\/ygspower.com\/fr\/wp-json\/wp\/v2\/product\/10789\/revisions"}],"predecessor-version":[{"id":10801,"href":"https:\/\/ygspower.com\/fr\/wp-json\/wp\/v2\/product\/10789\/revisions\/10801"}],"wp:featuredmedia":[{"embeddable":true,"href":"https:\/\/ygspower.com\/fr\/wp-json\/wp\/v2\/media\/10793"}],"wp:attachment":[{"href":"https:\/\/ygspower.com\/fr\/wp-json\/wp\/v2\/media?parent=10789"}],"wp:term":[{"taxonomy":"product_brand","embeddable":true,"href":"https:\/\/ygspower.com\/fr\/wp-json\/wp\/v2\/product_brand?post=10789"},{"taxonomy":"product_cat","embeddable":true,"href":"https:\/\/ygspower.com\/fr\/wp-json\/wp\/v2\/product_cat?post=10789"},{"taxonomy":"product_tag","embeddable":true,"href":"https:\/\/ygspower.com\/fr\/wp-json\/wp\/v2\/product_tag?post=10789"}],"curies":[{"name":"wp","href":"https:\/\/api.w.org\/{rel}","templated":true}]}}