{"id":10839,"date":"2025-03-04T17:19:22","date_gmt":"2025-03-04T09:19:22","guid":{"rendered":"https:\/\/darksalmon-dugong-512221.hostingersite.com\/?post_type=product&#038;p=10839"},"modified":"2025-03-04T17:19:24","modified_gmt":"2025-03-04T09:19:24","slug":"12v-lifepo4-lithium-battery-high-performance-lead-acid-replacement-for-solar-panels","status":"publish","type":"product","link":"https:\/\/ygspower.com\/fr\/produit\/12v-lifepo4-lithium-battery-high-performance-lead-acid-replacement-for-solar-panels\/","title":{"rendered":"Batterie au lithium LiFePO4 12 V \u2013 Remplacement de la batterie plomb-acide haute performance pour panneaux solaires"},"content":{"rendered":"<table width=\"885\">\n<tbody>\n<tr>\n<td width=\"254\">Nom du style<\/td>\n<td width=\"196\">Batterie LiFe PO4 12V7Ah<\/td>\n<td width=\"214\">Batterie LiFe PO4 12V7Ah<\/td>\n<td width=\"220\">Batterie LiFe PO4 12V12Ah<\/td>\n<\/tr>\n<tr>\n<td>Capacit\u00e9 nominale<\/td>\n<td>7 Ah<\/td>\n<td>7 Ah<\/td>\n<td>12 Ah<\/td>\n<\/tr>\n<tr>\n<td>Tension nominale<\/td>\n<td>12V<\/td>\n<td>12V<\/td>\n<td>12V<\/td>\n<\/tr>\n<tr>\n<td>Tension de charge maximale<\/td>\n<td>14,6 V<\/td>\n<td>14,6 V<\/td>\n<td>14,6 V<\/td>\n<\/tr>\n<tr>\n<td>Courant de d\u00e9charge continu maximal<\/td>\n<td>10A<\/td>\n<td>10A<\/td>\n<td>10A<\/td>\n<\/tr>\n<tr>\n<td>Courant de charge<\/td>\n<td>3A<\/td>\n<td>3A<\/td>\n<td>3A<\/td>\n<\/tr>\n<tr>\n<td>Puissance de sortie<\/td>\n<td>84W<\/td>\n<td>84W<\/td>\n<td>144W<\/td>\n<\/tr>\n<tr>\n<td>Port de charge\/d\u00e9charge<\/td>\n<td>DC.5.5\u00d72.1\/DC.5.5\u00d72.5<\/td>\n<td colspan=\"2\">plaque m\u00e9tallique (rouge + noir-)<\/td>\n<\/tr>\n<tr>\n<td>Bo\u00eetier en plastique ABS<\/td>\n<td>Bo\u00eetier \u00e9tanche gris<\/td>\n<td colspan=\"2\">Jaune ou noir<\/td>\n<\/tr>\n<tr>\n<td>Dimensions de la batterie (mm)<\/td>\n<td>L158xL90xH64<\/td>\n<td>L150xL65xH95mm<\/td>\n<td>L150xL95xH98mm<\/td>\n<\/tr>\n<tr>\n<td>Poids<\/td>\n<td>Environ 1 kg<\/td>\n<td>Environ 0,7 kg<\/td>\n<td>Environ 1,2 kg<\/td>\n<\/tr>\n<tr>\n<td>Protection de la batterie<\/td>\n<td colspan=\"3\">Surcharge et d\u00e9charge, surintensit\u00e9, court-circuit<\/td>\n<\/tr>\n<tr>\n<td>Cycle de vie<\/td>\n<td colspan=\"3\">capacit\u00e9 de charge et de d\u00e9charge standard \u2265 80% C5mAh, dur\u00e9e de vie du cycle \u2265 1500<\/td>\n<\/tr>\n<tr>\n<td>Application<\/td>\n<td colspan=\"3\">UPS, \u00e9nergie solaire, \u00e9clairage, pulv\u00e9risateur de jardin, instrument ext\u00e9rieur, commande de porte, solaire<\/td>\n<\/tr>\n<tr>\n<td>Garantie<\/td>\n<td colspan=\"3\">12 mois<\/td>\n<\/tr>\n<\/tbody>\n<\/table>\n<p><img fetchpriority=\"high\" decoding=\"async\" class=\"alignleft size-full wp-image-10853\" src=\"http:\/\/ygspower.com\/wp-content\/uploads\/2025\/03\/12V-LiFePO4-Battery-4-1.jpg\" alt=\"\" width=\"1920\" height=\"1080\" srcset=\"https:\/\/ygspower.com\/wp-content\/uploads\/2025\/03\/12V-LiFePO4-Battery-4-1.jpg 1920w, https:\/\/ygspower.com\/wp-content\/uploads\/2025\/03\/12V-LiFePO4-Battery-4-1-300x169.jpg 300w, https:\/\/ygspower.com\/wp-content\/uploads\/2025\/03\/12V-LiFePO4-Battery-4-1-1024x576.jpg 1024w, https:\/\/ygspower.com\/wp-content\/uploads\/2025\/03\/12V-LiFePO4-Battery-4-1-768x432.jpg 768w, https:\/\/ygspower.com\/wp-content\/uploads\/2025\/03\/12V-LiFePO4-Battery-4-1-1536x864.jpg 1536w, https:\/\/ygspower.com\/wp-content\/uploads\/2025\/03\/12V-LiFePO4-Battery-4-1-18x10.jpg 18w, https:\/\/ygspower.com\/wp-content\/uploads\/2025\/03\/12V-LiFePO4-Battery-4-1-600x338.jpg 600w\" sizes=\"(max-width: 1920px) 100vw, 1920px\" \/><\/p>\n<p><a href=\"https:\/\/darksalmon-dugong-512221.hostingersite.com\/en\/category\/life-po4-battery\/\">Batterie LiFePO4 12V<\/a> C&#039;est une excellente alternative aux batteries plomb-acide traditionnelles, offrant un rendement sup\u00e9rieur, une dur\u00e9e de vie prolong\u00e9e et une s\u00e9curit\u00e9 accrue. Largement utilis\u00e9e dans diverses applications, elle constitue le choix privil\u00e9gi\u00e9 pour le stockage d&#039;\u00e9nergie et les solutions d&#039;alimentation de secours.<\/p>\n<p><strong><b>Principaux avantages<\/b><\/strong><\/p>\n<p><strong><b>Dur\u00e9e de vie plus longue<\/b><\/strong>\u00a0\u2013 dur\u00e9e de vie de 2000 \u00e0 5000 cycles, soit 4 \u00e0 10 fois plus longue que les batteries au plomb-acide.<\/p>\n<p><strong><b>L\u00e9ger et compact<\/b><\/strong>\u00a0\u2013 ne p\u00e8se qu\u2019un tiers des batteries au plomb-acide, ce qui am\u00e9liore la portabilit\u00e9 et facilite l\u2019installation.<\/p>\n<p><strong><b>Haute s\u00e9curit\u00e9 et stabilit\u00e9 <\/b><\/strong>\u2013 La chimie LiFePO4 est thermiquement stable, r\u00e9sistante \u00e0 la surchauffe et dispose d\u2019une protection int\u00e9gr\u00e9e contre les surcharges, les d\u00e9charges excessives et les courts-circuits.<\/p>\n<p><strong><b>Charge rapide et haute efficacit\u00e9<\/b><\/strong>\u00a0\u2013 la vitesse de charge est 3 \u00e0 5 fois plus rapide que celle des batteries au plomb-acide, ce qui r\u00e9duit les temps d\u2019arr\u00eat et am\u00e9liore l\u2019efficacit\u00e9 \u00e9nerg\u00e9tique.<\/p>\n<p><strong><b>Grande adaptabilit\u00e9 \u00e0 la temp\u00e9rature<\/b><\/strong>\u00a0\u2013 fonctionnement fiable \u00e0 des temp\u00e9ratures extr\u00eames de -20\u00b0C \u00e0 60\u00b0C, adapt\u00e9 \u00e0 une vari\u00e9t\u00e9 d&#039;applications ext\u00e9rieures et hors r\u00e9seau.<\/p>\n<p><strong><b>Respectueux de l&#039;environnement et sans entretien<\/b><\/strong>\u00a0\u2013 ne contient pas de m\u00e9taux lourds nocifs, n\u2019est pas toxique et ne n\u00e9cessite pas d\u2019entretien r\u00e9gulier.<\/p>\n<p><img decoding=\"async\" class=\"alignleft size-full wp-image-10850\" src=\"http:\/\/ygspower.com\/wp-content\/uploads\/2025\/03\/12V-LiFePO4-Battery-1-1.jpg\" alt=\"\" width=\"1920\" height=\"1080\" srcset=\"https:\/\/ygspower.com\/wp-content\/uploads\/2025\/03\/12V-LiFePO4-Battery-1-1.jpg 1920w, https:\/\/ygspower.com\/wp-content\/uploads\/2025\/03\/12V-LiFePO4-Battery-1-1-300x169.jpg 300w, https:\/\/ygspower.com\/wp-content\/uploads\/2025\/03\/12V-LiFePO4-Battery-1-1-1024x576.jpg 1024w, https:\/\/ygspower.com\/wp-content\/uploads\/2025\/03\/12V-LiFePO4-Battery-1-1-768x432.jpg 768w, https:\/\/ygspower.com\/wp-content\/uploads\/2025\/03\/12V-LiFePO4-Battery-1-1-1536x864.jpg 1536w, https:\/\/ygspower.com\/wp-content\/uploads\/2025\/03\/12V-LiFePO4-Battery-1-1-18x10.jpg 18w, https:\/\/ygspower.com\/wp-content\/uploads\/2025\/03\/12V-LiFePO4-Battery-1-1-600x338.jpg 600w\" sizes=\"(max-width: 1920px) 100vw, 1920px\" \/><\/p>\n<p><strong><b>Applications courantes de <a href=\"https:\/\/darksalmon-dugong-512221.hostingersite.com\/en\/category\/life-po4-battery\/\">Batteries LiFePO4 12 V<\/a><\/b><\/strong><\/p>\n<p><strong><b>Stockage de l&#039;\u00e9nergie solaire<\/b><\/strong><\/p>\n<p>Les batteries LiFePO4 sont utilis\u00e9es dans les syst\u00e8mes solaires hors r\u00e9seau et hybrides pour stocker l&#039;exc\u00e9dent d&#039;\u00e9nergie solaire pour une utilisation nocturne ou d&#039;urgence, garantissant une alimentation \u00e9lectrique stable et durable.<\/p>\n<p><strong><b>VR, camping-cars et camping-cars<\/b><\/strong><\/p>\n<p>Leur l\u00e9g\u00e8ret\u00e9 et leurs capacit\u00e9s de cycle profond rendent les batteries LiFePO4 id\u00e9ales pour le camping hors r\u00e9seau, alimentant des appareils tels que des r\u00e9frig\u00e9rateurs, des lumi\u00e8res et des onduleurs dans les camping-cars et les fourgonnettes.<\/p>\n<p><strong><b>Alimentations sans interruption (UPS) et alimentation de secours<\/b><\/strong><\/p>\n<p>Les batteries LiFePO4 fournissent une alimentation de secours fiable pour les \u00e9quipements domestiques, de bureau et industriels, garantissant un fonctionnement continu pendant les pannes de courant.<\/p>\n<p><strong><b>Marine et navigation de plaisance<\/b><\/strong><\/p>\n<p>En raison de leur construction l\u00e9g\u00e8re, de leur conception \u00e9tanche et de leur longue dur\u00e9e de fonctionnement, ils sont largement utilis\u00e9s dans les bateaux de p\u00eache, les yachts et les moteurs de p\u00eache \u00e0 la tra\u00eene \u00e9lectriques.<\/p>\n<p><strong><b>V\u00e9hicules \u00e9lectriques<\/b><\/strong><\/p>\n<p>Les batteries LiFePO4 alimentent les fauteuils roulants \u00e9lectriques, les voiturettes de golf et les v\u00e9los \u00e9lectriques, offrant une puissance de sortie constante et une distance de conduite plus longue.<\/p>\n<p><strong><b>Syst\u00e8mes de s\u00e9curit\u00e9 et de surveillance<\/b><\/strong><\/p>\n<p>Les cam\u00e9ras de vid\u00e9osurveillance \u00e0 distance, les stations de surveillance et l&#039;\u00e9clairage de secours s&#039;appuient sur des batteries LiFePO4 pour fournir une source d&#039;alimentation fiable, en particulier dans les zones hors r\u00e9seau.<\/p>\n<p><img decoding=\"async\" class=\"alignleft size-full wp-image-10852\" src=\"http:\/\/ygspower.com\/wp-content\/uploads\/2025\/03\/12V-LiFePO4-Battery-3-1.jpg\" alt=\"\" width=\"1920\" height=\"1080\" srcset=\"https:\/\/ygspower.com\/wp-content\/uploads\/2025\/03\/12V-LiFePO4-Battery-3-1.jpg 1920w, https:\/\/ygspower.com\/wp-content\/uploads\/2025\/03\/12V-LiFePO4-Battery-3-1-300x169.jpg 300w, https:\/\/ygspower.com\/wp-content\/uploads\/2025\/03\/12V-LiFePO4-Battery-3-1-1024x576.jpg 1024w, https:\/\/ygspower.com\/wp-content\/uploads\/2025\/03\/12V-LiFePO4-Battery-3-1-768x432.jpg 768w, https:\/\/ygspower.com\/wp-content\/uploads\/2025\/03\/12V-LiFePO4-Battery-3-1-1536x864.jpg 1536w, https:\/\/ygspower.com\/wp-content\/uploads\/2025\/03\/12V-LiFePO4-Battery-3-1-18x10.jpg 18w, https:\/\/ygspower.com\/wp-content\/uploads\/2025\/03\/12V-LiFePO4-Battery-3-1-600x338.jpg 600w\" sizes=\"(max-width: 1920px) 100vw, 1920px\" \/><\/p>\n<p><strong><b>Conclusion<\/b><\/strong><\/p>\n<p>La batterie lithium fer phosphate 12 V est une am\u00e9lioration r\u00e9volutionnaire des batteries plomb-acide traditionnelles. Elle offre une dur\u00e9e de vie prolong\u00e9e, une s\u00e9curit\u00e9 accrue, une vitesse de charge plus rapide et une meilleure efficacit\u00e9 \u00e9nerg\u00e9tique. Qu&#039;il s&#039;agisse de stockage d&#039;\u00e9nergie solaire, de camping-cars, d&#039;applications marines ou d&#039;alimentation de secours, elle offre une solution durable et \u00e9conomique aux besoins \u00e9nerg\u00e9tiques modernes.<\/p>\n<p>Avec les progr\u00e8s continus des \u00e9nergies renouvelables et de la technologie des batteries, les batteries au lithium fer phosphate fa\u00e7onnent l\u2019avenir du stockage de l\u2019\u00e9nergie et fournissent des solutions \u00e9nerg\u00e9tiques plus propres, plus s\u00fbres et plus efficaces pour le monde.<\/p>\n<p>&nbsp;<\/p>\n<p>&nbsp;<\/p>\n<p>&nbsp;<\/p>\n<p>&nbsp;<\/p>","protected":false},"excerpt":{"rendered":"<p>Avantages de la batterie LiFePO4 12 V :<br \/>\n1. Longue dur\u00e9e de vie \u2013 2000 \u00e0 5000 cycles, bien plus longue que les batteries au plomb-acide.<br \/>\n2. L\u00e9ger et haute densit\u00e9 \u00e9nerg\u00e9tique \u2013 Seulement 1\/3 du poids du plomb-acide avec une efficacit\u00e9 sup\u00e9rieure.<br \/>\n3. Haute s\u00e9curit\u00e9 \u2013 Protection stable, non explosive et int\u00e9gr\u00e9e contre les surcharges, les d\u00e9charges excessives et les courts-circuits.<br \/>\n4. Charge rapide \u2013 Charge en 1 \u00e0 3 heures, beaucoup plus rapidement que le plomb-acide.<br \/>\n5. Respectueux de l\u2019environnement \u2013 \u200b\u200bSans m\u00e9taux toxiques, \u00e9conome en \u00e9nergie et durable.<br \/>\n6. Grande adaptabilit\u00e9 \u00e0 la temp\u00e9rature \u2013 Fonctionne de -20\u00b0C \u00e0 60\u00b0C, id\u00e9al pour divers environnements.<br \/>\n7. Remplacement facile \u2013 Installation directe pour les batteries plomb-acide 12 V.<\/p>","protected":false},"featured_media":10846,"template":"","meta":{"_seopress_robots_primary_cat":"","_seopress_titles_title":"Applications and advantages of 12V LiFePO4 battery","_seopress_titles_desc":"Need a safer, longer-lasting battery? 12V LiFePO4 offers high efficiency, fast charging, and reliable power for solar, RV, and more - Upgrade now!","_seopress_robots_index":"","site-sidebar-layout":"default","site-content-layout":"","ast-site-content-layout":"default","site-content-style":"default","site-sidebar-style":"default","ast-global-header-display":"","ast-banner-title-visibility":"","ast-main-header-display":"","ast-hfb-above-header-display":"","ast-hfb-below-header-display":"","ast-hfb-mobile-header-display":"","site-post-title":"","ast-breadcrumbs-content":"","ast-featured-img":"","footer-sml-layout":"","theme-transparent-header-meta":"default","adv-header-id-meta":"","stick-header-meta":"","header-above-stick-meta":"","header-main-stick-meta":"","header-below-stick-meta":"","astra-migrate-meta-layouts":"set","ast-page-background-enabled":"default","ast-page-background-meta":{"desktop":{"background-color":"","background-image":"","background-repeat":"repeat","background-position":"center center","background-size":"auto","background-attachment":"scroll","background-type":"","background-media":"","overlay-type":"","overlay-color":"","overlay-opacity":"","overlay-gradient":""},"tablet":{"background-color":"","background-image":"","background-repeat":"repeat","background-position":"center center","background-size":"auto","background-attachment":"scroll","background-type":"","background-media":"","overlay-type":"","overlay-color":"","overlay-opacity":"","overlay-gradient":""},"mobile":{"background-color":"","background-image":"","background-repeat":"repeat","background-position":"center center","background-size":"auto","background-attachment":"scroll","background-type":"","background-media":"","overlay-type":"","overlay-color":"","overlay-opacity":"","overlay-gradient":""}},"ast-content-background-meta":{"desktop":{"background-color":"var(--ast-global-color-5)","background-image":"","background-repeat":"repeat","background-position":"center center","background-size":"auto","background-attachment":"scroll","background-type":"","background-media":"","overlay-type":"","overlay-color":"","overlay-opacity":"","overlay-gradient":""},"tablet":{"background-color":"var(--ast-global-color-5)","background-image":"","background-repeat":"repeat","background-position":"center center","background-size":"auto","background-attachment":"scroll","background-type":"","background-media":"","overlay-type":"","overlay-color":"","overlay-opacity":"","overlay-gradient":""},"mobile":{"background-color":"var(--ast-global-color-5)","background-image":"","background-repeat":"repeat","background-position":"center center","background-size":"auto","background-attachment":"scroll","background-type":"","background-media":"","overlay-type":"","overlay-color":"","overlay-opacity":"","overlay-gradient":""}}},"product_brand":[],"product_cat":[28],"product_tag":[],"class_list":{"0":"post-10839","1":"product","2":"type-product","3":"status-publish","4":"has-post-thumbnail","6":"product_cat-life-po4-battery","7":"desktop-align-left","8":"tablet-align-left","9":"mobile-align-left","11":"first","12":"instock","13":"shipping-taxable","14":"product-type-simple"},"_links":{"self":[{"href":"https:\/\/ygspower.com\/fr\/wp-json\/wp\/v2\/product\/10839","targetHints":{"allow":["GET"]}}],"collection":[{"href":"https:\/\/ygspower.com\/fr\/wp-json\/wp\/v2\/product"}],"about":[{"href":"https:\/\/ygspower.com\/fr\/wp-json\/wp\/v2\/types\/product"}],"version-history":[{"count":1,"href":"https:\/\/ygspower.com\/fr\/wp-json\/wp\/v2\/product\/10839\/revisions"}],"predecessor-version":[{"id":10860,"href":"https:\/\/ygspower.com\/fr\/wp-json\/wp\/v2\/product\/10839\/revisions\/10860"}],"wp:featuredmedia":[{"embeddable":true,"href":"https:\/\/ygspower.com\/fr\/wp-json\/wp\/v2\/media\/10846"}],"wp:attachment":[{"href":"https:\/\/ygspower.com\/fr\/wp-json\/wp\/v2\/media?parent=10839"}],"wp:term":[{"taxonomy":"product_brand","embeddable":true,"href":"https:\/\/ygspower.com\/fr\/wp-json\/wp\/v2\/product_brand?post=10839"},{"taxonomy":"product_cat","embeddable":true,"href":"https:\/\/ygspower.com\/fr\/wp-json\/wp\/v2\/product_cat?post=10839"},{"taxonomy":"product_tag","embeddable":true,"href":"https:\/\/ygspower.com\/fr\/wp-json\/wp\/v2\/product_tag?post=10839"}],"curies":[{"name":"wp","href":"https:\/\/api.w.org\/{rel}","templated":true}]}}