{"id":19,"date":"2020-10-16T07:44:25","date_gmt":"2020-10-15T23:44:25","guid":{"rendered":"http:\/\/zhangs1.sg-host.com\/?post_type=product&#038;p=19"},"modified":"2025-10-11T13:32:44","modified_gmt":"2025-10-11T05:32:44","slug":"mini-dc-ups-mu68w-12v-lithium-ion-battery-backup","status":"publish","type":"product","link":"https:\/\/ygspower.com\/fr\/produit\/mini-dc-ups-mu68w-12v-lithium-ion-battery-backup\/","title":{"rendered":"Best seller Mylin Newest MU68W 45W 12V 3A Mini UPS Lithium Battery Backup Mini UPS For WiFi Router"},"content":{"rendered":"<p><span style=\"color: #ff0000;\">Promotion:<\/span><\/p>\n<p>-Free Shipping Mylin Newest MU68W 45W 12V 3A Mini UPS Lithium Battery Backup Mini UPS For WiFi Router<\/p>\n<p><span style=\"color: #000000;\">Livraison gratuite pour les pays ci-dessous :<\/span><br \/>\nJapon, Cor\u00e9e du Sud, Myanmar, Malaisie, Singapour, Tha\u00eflande, Vietnam, Canada, \u00c9tats-Unis, Australie, Belgique, France, Pologne, Royaume-Uni, Andorre, Russie, Italie, Allemagne, Espagne, Pays-Bas, Ukraine, Su\u00e8de.<\/p>\n<p>Si vous \u00eates originaire d&#039;autres pays, veuillez contacter le responsable des ventes de Mylion pour un devis d\u00e9taill\u00e9 : sales@darksalmon-dugong-512221.hostingersite.com<\/p>\n<table style=\"height: 1091px;\" width=\"802\">\n<tbody>\n<tr>\n<td width=\"231\">Nom du style<\/td>\n<td width=\"544\">MU68W<\/td>\n<\/tr>\n<tr>\n<td>Nom du produit<\/td>\n<td>Mini DC UPS pour modem ADSL Routeur WiFi CCTV\/Cam\u00e9ra de s\u00e9curit\u00e9<\/td>\n<\/tr>\n<tr>\n<td>Tension de sortie<\/td>\n<td>12V<\/td>\n<\/tr>\n<tr>\n<td>Courant de sortie<\/td>\n<td>2A<\/td>\n<\/tr>\n<tr>\n<td>Puissance de sortie<\/td>\n<td>45 Wh\/12 000 mAh<\/td>\n<\/tr>\n<tr>\n<td>Tension d&#039;entr\u00e9e<\/td>\n<td>12 V CC<\/td>\n<\/tr>\n<tr>\n<td>Courant d&#039;entr\u00e9e<\/td>\n<td>DC2,5A<\/td>\n<\/tr>\n<tr>\n<td rowspan=\"2\">Temps de travail<\/td>\n<td>Sortie 12 V 0,5 A (6 W) : environ 8 heures<\/td>\n<\/tr>\n<tr>\n<td>Sortie 12 V 1,0 A (12 W) : environ 4 heures<\/td>\n<\/tr>\n<tr>\n<td>Port de charge (IN)Noir<\/td>\n<td>DC5.5\u00d72.1<\/td>\n<\/tr>\n<tr>\n<td>Port de d\u00e9charge (OUT)Jaune<\/td>\n<td>DC5,5\u00d72,5<\/td>\n<\/tr>\n<tr>\n<td>Mat\u00e9riau du bo\u00eetier<\/td>\n<td>FR-ABS anti-incendie<\/td>\n<\/tr>\n<tr>\n<td>Couleur du bo\u00eetier<\/td>\n<td>Blanc<\/td>\n<\/tr>\n<tr>\n<td>Dimensions du bo\u00eetier<\/td>\n<td>112x70x60mm<\/td>\n<\/tr>\n<tr>\n<td>Poids<\/td>\n<td>405g<\/td>\n<\/tr>\n<tr>\n<td>C\u00e2ble de transfert gratuit<\/td>\n<td>AWG#20 50 cm de longueur, DC5,5 \u00d7 2,1 noir et DC.5,5 \u00d7 2,5 jaune<\/td>\n<\/tr>\n<tr>\n<td>M\u00e9thode de charge<\/td>\n<td>Adaptateur 12V2.5A (le prix n&#039;inclut pas le co\u00fbt de l&#039;adaptateur)<\/td>\n<\/tr>\n<tr>\n<td>Marque de la cellule de batterie<\/td>\n<td>Cellule de marque chinoise ou cellule japonaise cor\u00e9enne<\/td>\n<\/tr>\n<tr>\n<td>Certification UPS<\/td>\n<td>Rapport de test CE, FCC, CEM, UL<\/td>\n<\/tr>\n<tr>\n<td>Protection de la batterie<\/td>\n<td width=\"544\">Protection contre la temp\u00e9rature, surcharge et d\u00e9charge, surintensit\u00e9, court-circuit<\/td>\n<\/tr>\n<tr>\n<td>Cycle de vie<\/td>\n<td>capacit\u00e9 de charge et de d\u00e9charge standard \u2265 80%, dur\u00e9e de vie du cycle \u2265 600 fois<\/td>\n<\/tr>\n<tr>\n<td>Application<\/td>\n<td width=\"544\">WIFI, routeur\/lien tp\/cam\u00e9ra IP\/syst\u00e8me de s\u00e9curit\u00e9\/acc\u00e8s de porte\/distributeur automatique\/lumi\u00e8re LED\/bande LED\/ONT,CPE,OLT,ONU,ODN<\/td>\n<\/tr>\n<tr>\n<td>Emballer<\/td>\n<td>18 pi\u00e8ces dans un carton (35x21x30cm), environ 9,5 kg\/carton<\/td>\n<\/tr>\n<tr>\n<td>Garantie<\/td>\n<td>12 mois<\/td>\n<\/tr>\n<\/tbody>\n<\/table>\n<p><img fetchpriority=\"high\" decoding=\"async\" class=\"aligncenter size-full wp-image-11750\" src=\"http:\/\/ygspower.com\/wp-content\/uploads\/2020\/10\/MU68_01.jpg\" alt=\"\" width=\"1500\" height=\"709\" srcset=\"https:\/\/ygspower.com\/wp-content\/uploads\/2020\/10\/MU68_01.jpg 1500w, https:\/\/ygspower.com\/wp-content\/uploads\/2020\/10\/MU68_01-300x142.jpg 300w, https:\/\/ygspower.com\/wp-content\/uploads\/2020\/10\/MU68_01-1024x484.jpg 1024w, https:\/\/ygspower.com\/wp-content\/uploads\/2020\/10\/MU68_01-768x363.jpg 768w, https:\/\/ygspower.com\/wp-content\/uploads\/2020\/10\/MU68_01-18x9.jpg 18w, https:\/\/ygspower.com\/wp-content\/uploads\/2020\/10\/MU68_01-600x284.jpg 600w\" sizes=\"(max-width: 1500px) 100vw, 1500px\" \/> <img decoding=\"async\" class=\"aligncenter size-full wp-image-11751\" src=\"http:\/\/ygspower.com\/wp-content\/uploads\/2020\/10\/MU68_02.jpg\" alt=\"\" width=\"1500\" height=\"965\" srcset=\"https:\/\/ygspower.com\/wp-content\/uploads\/2020\/10\/MU68_02.jpg 1500w, https:\/\/ygspower.com\/wp-content\/uploads\/2020\/10\/MU68_02-300x193.jpg 300w, https:\/\/ygspower.com\/wp-content\/uploads\/2020\/10\/MU68_02-1024x659.jpg 1024w, https:\/\/ygspower.com\/wp-content\/uploads\/2020\/10\/MU68_02-768x494.jpg 768w, https:\/\/ygspower.com\/wp-content\/uploads\/2020\/10\/MU68_02-18x12.jpg 18w, https:\/\/ygspower.com\/wp-content\/uploads\/2020\/10\/MU68_02-600x386.jpg 600w\" sizes=\"(max-width: 1500px) 100vw, 1500px\" \/> <img decoding=\"async\" class=\"aligncenter size-full wp-image-11752\" src=\"http:\/\/ygspower.com\/wp-content\/uploads\/2020\/10\/MU68_03.jpg\" alt=\"\" width=\"1500\" height=\"1826\" srcset=\"https:\/\/ygspower.com\/wp-content\/uploads\/2020\/10\/MU68_03.jpg 1500w, https:\/\/ygspower.com\/wp-content\/uploads\/2020\/10\/MU68_03-246x300.jpg 246w, https:\/\/ygspower.com\/wp-content\/uploads\/2020\/10\/MU68_03-841x1024.jpg 841w, https:\/\/ygspower.com\/wp-content\/uploads\/2020\/10\/MU68_03-768x935.jpg 768w, https:\/\/ygspower.com\/wp-content\/uploads\/2020\/10\/MU68_03-1262x1536.jpg 1262w, https:\/\/ygspower.com\/wp-content\/uploads\/2020\/10\/MU68_03-10x12.jpg 10w, https:\/\/ygspower.com\/wp-content\/uploads\/2020\/10\/MU68_03-600x730.jpg 600w\" sizes=\"(max-width: 1500px) 100vw, 1500px\" \/> <img loading=\"lazy\" decoding=\"async\" class=\"aligncenter size-full wp-image-11753\" src=\"http:\/\/ygspower.com\/wp-content\/uploads\/2020\/10\/MU68_04.jpg\" alt=\"\" width=\"1500\" height=\"1536\" srcset=\"https:\/\/ygspower.com\/wp-content\/uploads\/2020\/10\/MU68_04.jpg 1500w, https:\/\/ygspower.com\/wp-content\/uploads\/2020\/10\/MU68_04-293x300.jpg 293w, https:\/\/ygspower.com\/wp-content\/uploads\/2020\/10\/MU68_04-1000x1024.jpg 1000w, https:\/\/ygspower.com\/wp-content\/uploads\/2020\/10\/MU68_04-768x786.jpg 768w, https:\/\/ygspower.com\/wp-content\/uploads\/2020\/10\/MU68_04-12x12.jpg 12w, https:\/\/ygspower.com\/wp-content\/uploads\/2020\/10\/MU68_04-600x614.jpg 600w\" sizes=\"(max-width: 1500px) 100vw, 1500px\" \/> <img loading=\"lazy\" decoding=\"async\" class=\"aligncenter size-full wp-image-11754\" src=\"http:\/\/ygspower.com\/wp-content\/uploads\/2020\/10\/MU68_05.jpg\" alt=\"\" width=\"1500\" height=\"1557\" srcset=\"https:\/\/ygspower.com\/wp-content\/uploads\/2020\/10\/MU68_05.jpg 1500w, https:\/\/ygspower.com\/wp-content\/uploads\/2020\/10\/MU68_05-289x300.jpg 289w, https:\/\/ygspower.com\/wp-content\/uploads\/2020\/10\/MU68_05-987x1024.jpg 987w, https:\/\/ygspower.com\/wp-content\/uploads\/2020\/10\/MU68_05-768x797.jpg 768w, https:\/\/ygspower.com\/wp-content\/uploads\/2020\/10\/MU68_05-1480x1536.jpg 1480w, https:\/\/ygspower.com\/wp-content\/uploads\/2020\/10\/MU68_05-12x12.jpg 12w, https:\/\/ygspower.com\/wp-content\/uploads\/2020\/10\/MU68_05-600x623.jpg 600w\" sizes=\"(max-width: 1500px) 100vw, 1500px\" \/> <img loading=\"lazy\" decoding=\"async\" class=\"aligncenter size-full wp-image-11755\" src=\"http:\/\/ygspower.com\/wp-content\/uploads\/2020\/10\/MU68_06.jpg\" alt=\"\" width=\"1500\" height=\"1597\" srcset=\"https:\/\/ygspower.com\/wp-content\/uploads\/2020\/10\/MU68_06.jpg 1500w, https:\/\/ygspower.com\/wp-content\/uploads\/2020\/10\/MU68_06-282x300.jpg 282w, https:\/\/ygspower.com\/wp-content\/uploads\/2020\/10\/MU68_06-962x1024.jpg 962w, https:\/\/ygspower.com\/wp-content\/uploads\/2020\/10\/MU68_06-768x818.jpg 768w, https:\/\/ygspower.com\/wp-content\/uploads\/2020\/10\/MU68_06-1443x1536.jpg 1443w, https:\/\/ygspower.com\/wp-content\/uploads\/2020\/10\/MU68_06-11x12.jpg 11w, https:\/\/ygspower.com\/wp-content\/uploads\/2020\/10\/MU68_06-600x639.jpg 600w\" sizes=\"(max-width: 1500px) 100vw, 1500px\" \/> <img loading=\"lazy\" decoding=\"async\" class=\"aligncenter size-full wp-image-11756\" src=\"http:\/\/ygspower.com\/wp-content\/uploads\/2020\/10\/MU68_07.jpg\" alt=\"\" width=\"1500\" height=\"1366\" srcset=\"https:\/\/ygspower.com\/wp-content\/uploads\/2020\/10\/MU68_07.jpg 1500w, https:\/\/ygspower.com\/wp-content\/uploads\/2020\/10\/MU68_07-300x273.jpg 300w, https:\/\/ygspower.com\/wp-content\/uploads\/2020\/10\/MU68_07-1024x933.jpg 1024w, https:\/\/ygspower.com\/wp-content\/uploads\/2020\/10\/MU68_07-768x699.jpg 768w, https:\/\/ygspower.com\/wp-content\/uploads\/2020\/10\/MU68_07-13x12.jpg 13w, https:\/\/ygspower.com\/wp-content\/uploads\/2020\/10\/MU68_07-600x546.jpg 600w\" sizes=\"(max-width: 1500px) 100vw, 1500px\" \/> <img loading=\"lazy\" decoding=\"async\" class=\"aligncenter size-full wp-image-11757\" src=\"http:\/\/ygspower.com\/wp-content\/uploads\/2020\/10\/MU68_08.jpg\" alt=\"\" width=\"1500\" height=\"1916\" srcset=\"https:\/\/ygspower.com\/wp-content\/uploads\/2020\/10\/MU68_08.jpg 1500w, https:\/\/ygspower.com\/wp-content\/uploads\/2020\/10\/MU68_08-235x300.jpg 235w, https:\/\/ygspower.com\/wp-content\/uploads\/2020\/10\/MU68_08-802x1024.jpg 802w, https:\/\/ygspower.com\/wp-content\/uploads\/2020\/10\/MU68_08-768x981.jpg 768w, https:\/\/ygspower.com\/wp-content\/uploads\/2020\/10\/MU68_08-1203x1536.jpg 1203w, https:\/\/ygspower.com\/wp-content\/uploads\/2020\/10\/MU68_08-9x12.jpg 9w, https:\/\/ygspower.com\/wp-content\/uploads\/2020\/10\/MU68_08-600x766.jpg 600w\" sizes=\"(max-width: 1500px) 100vw, 1500px\" \/> <img loading=\"lazy\" decoding=\"async\" class=\"aligncenter size-full wp-image-11758\" src=\"http:\/\/ygspower.com\/wp-content\/uploads\/2020\/10\/MU68_09.jpg\" alt=\"\" width=\"1500\" height=\"2498\" srcset=\"https:\/\/ygspower.com\/wp-content\/uploads\/2020\/10\/MU68_09.jpg 1500w, https:\/\/ygspower.com\/wp-content\/uploads\/2020\/10\/MU68_09-180x300.jpg 180w, https:\/\/ygspower.com\/wp-content\/uploads\/2020\/10\/MU68_09-615x1024.jpg 615w, https:\/\/ygspower.com\/wp-content\/uploads\/2020\/10\/MU68_09-768x1279.jpg 768w, https:\/\/ygspower.com\/wp-content\/uploads\/2020\/10\/MU68_09-922x1536.jpg 922w, https:\/\/ygspower.com\/wp-content\/uploads\/2020\/10\/MU68_09-1230x2048.jpg 1230w, https:\/\/ygspower.com\/wp-content\/uploads\/2020\/10\/MU68_09-7x12.jpg 7w, https:\/\/ygspower.com\/wp-content\/uploads\/2020\/10\/MU68_09-600x999.jpg 600w\" sizes=\"(max-width: 1500px) 100vw, 1500px\" \/> <img loading=\"lazy\" decoding=\"async\" class=\"aligncenter size-full wp-image-11759\" src=\"http:\/\/ygspower.com\/wp-content\/uploads\/2020\/10\/MU68_10-scaled.jpg\" alt=\"\" width=\"1326\" height=\"2560\" srcset=\"https:\/\/ygspower.com\/wp-content\/uploads\/2020\/10\/MU68_10-scaled.jpg 1326w, https:\/\/ygspower.com\/wp-content\/uploads\/2020\/10\/MU68_10-155x300.jpg 155w, https:\/\/ygspower.com\/wp-content\/uploads\/2020\/10\/MU68_10-530x1024.jpg 530w, https:\/\/ygspower.com\/wp-content\/uploads\/2020\/10\/MU68_10-768x1483.jpg 768w, https:\/\/ygspower.com\/wp-content\/uploads\/2020\/10\/MU68_10-796x1536.jpg 796w, https:\/\/ygspower.com\/wp-content\/uploads\/2020\/10\/MU68_10-1061x2048.jpg 1061w, https:\/\/ygspower.com\/wp-content\/uploads\/2020\/10\/MU68_10-6x12.jpg 6w, https:\/\/ygspower.com\/wp-content\/uploads\/2020\/10\/MU68_10-600x1158.jpg 600w\" sizes=\"(max-width: 1326px) 100vw, 1326px\" \/><\/p>\n<p>&nbsp;<\/p>\n<p align=\"left\" data-spm-anchor-id=\"a2700.wholesale.0.i27.aa498e710SqqCh\"><strong><span data-spm-anchor-id=\"a2700.wholesale.0.i28.aa498e710SqqCh\">FAQ.<\/span><\/strong><\/p>\n<p align=\"left\"><strong>Etes-vous un fabricant ?<\/strong><\/p>\n<p align=\"left\">Oui, Mylion est un fabricant.<\/p>\n<p align=\"left\"><strong>Puis-je avoir une commande d&#039;\u00e9chantillon ?<\/strong><\/p>\n<p align=\"left\">Oui, nous acceptons les commandes d&#039;\u00e9chantillons pour tester et v\u00e9rifier la qualit\u00e9.<\/p>\n<p align=\"left\"><strong>Qu&#039;en est-il du d\u00e9lai de livraison ?<\/strong><\/p>\n<p align=\"left\">1. L&#039;\u00e9chantillon n\u00e9cessite 3 \u00e0 5 jours<\/p>\n<p align=\"left\">2. Commande officielle, le temps de production en s\u00e9rie n\u00e9cessite 2 \u00e0 4 semaines<\/p>\n<p align=\"left\"><strong>Avez-vous une limite de MOQ ?<\/strong><\/p>\n<p align=\"left\">1. Pour les ventes au d\u00e9tail, nous n&#039;avons pas de MOQ., 1pc peut \u00eatre une commande.<\/p>\n<p align=\"left\">2. Pour les ventes en gros, nous avons MOQ pour un meilleur prix, normalement 100 pi\u00e8ces.<\/p>\n<p align=\"left\"><strong>Comment exp\u00e9diez-vous les marchandises et combien de temps faut-il pour qu&#039;elles arrivent ?<\/strong><\/p>\n<p align=\"left\">1. Pour les petites quantit\u00e9s, nous exp\u00e9dions souvent par express, le d\u00e9lai d&#039;arriv\u00e9e est d&#039;environ 3 \u00e0 10 jours dans diff\u00e9rents pays.<\/p>\n<p align=\"left\">2. Pour une commande officielle, nous vous sugg\u00e9rons d&#039;exp\u00e9dier par voie maritime pour r\u00e9duire les co\u00fbts. Aux \u00c9tats-Unis, le d\u00e9lai de livraison est d&#039;environ 20 \u00e0 25 jours, en Europe, le d\u00e9lai de livraison est d&#039;environ 25 \u00e0 30 jours.<\/p>\n<p align=\"left\"><strong>Comment proc\u00e9der \u00e0 une commande ?<\/strong><\/p>\n<p align=\"left\">1. Faites-nous part de vos besoins ou de votre application.<\/p>\n<p align=\"left\">2. Nous \u00e9tablissons un devis selon vos besoins ou nos suggestions.<\/p>\n<p align=\"left\">3. Le client confirme les \u00e9chantillons et verse un acompte pour la commande formelle.<\/p>\n<p align=\"left\">4. Nous organisons la production.<\/p>\n<p align=\"left\"><strong>Puis-je imprimer mon logo sur le produit ?<\/strong><\/p>\n<p align=\"left\">1.\u00a0\u00a0\u00a0\u00a0\u00a0\u00a0<span data-spm-anchor-id=\"a2700.wholesale.0.i29.aa498e710SqqCh\">Pour les commandes en petites quantit\u00e9s ou au d\u00e9tail<\/span>, pas de service personnalis\u00e9.<\/p>\n<p align=\"left\">2. Pour les ventes en gros, un service personnalis\u00e9 est le bienvenu, veuillez nous envoyer votre illustration.<\/p>\n<p align=\"left\"><strong>Quels certificats poss\u00e9dez-vous ?<\/strong><\/p>\n<p align=\"left\">Nous avons CE\/FCC\/ROHS\/UN38.3\/MSDS\u2026etc. Nous promettons une bonne qualit\u00e9 \u00e0 nos clients.<\/p>\n<p align=\"left\"><strong>Qu&#039;en est-il de la garantie ?<\/strong><\/p>\n<p>Garantie 1 an<\/p>\n<p>Pour toute question, veuillez contacter l&#039;\u00e9quipe Mylionsales.<\/p>\n<p>Skype : appleasia. WhatsApp : +86 15601782817<\/p>\n<p>Vous pouvez obtenir notre r\u00e9ponse dans les 8 heures.<\/p>","protected":false},"excerpt":{"rendered":"<ul>\n<li>Type : MU68W 12V 2A 45Wh<\/li>\n<li>Nom du produit : Mylion Mini DC UPS 12 V, fournisseur d&#039;alimentation de secours avec batterie au lithium<\/li>\n<li>Application\u00a0: routeur, ONT, CPE, OLT, ONU, ODN, t\u00e9l\u00e9communications, wifi, internet, etc.<\/li>\n<li>Caract\u00e9ristiques : bo\u00eetier anti-incendie, protection contre la temp\u00e9rature, design cool, petit, s\u00fbr, intelligent.<\/li>\n<li>Type de batterie : batterie lithium-ion<\/li>\n<li>Autonomie de secours : plus de 9 heures pour un routeur 12v0.5a<\/li>\n<li>Fonction : fournit automatiquement de l&#039;\u00e9nergie aux appareils \u00e9lectroniques en cas de panne de courant<\/li>\n<li>Certifications : CE, FCC, tests UL<\/li>\n<\/ul>","protected":false},"featured_media":11741,"template":"","meta":{"_seopress_robots_primary_cat":"none","_seopress_titles_title":"Mylin Mini DC UPS MU68W 12V Lithium ion Battery Backup","_seopress_titles_desc":"#Mylin Mini DC UPS MU68W 12V #Lithium ion #Battery Backup","_seopress_robots_index":"","site-sidebar-layout":"default","site-content-layout":"default","ast-site-content-layout":"default","site-content-style":"default","site-sidebar-style":"default","ast-global-header-display":"","ast-banner-title-visibility":"","ast-main-header-display":"","ast-hfb-above-header-display":"","ast-hfb-below-header-display":"","ast-hfb-mobile-header-display":"","site-post-title":"","ast-breadcrumbs-content":"","ast-featured-img":"","footer-sml-layout":"","theme-transparent-header-meta":"default","adv-header-id-meta":"","stick-header-meta":"","header-above-stick-meta":"","header-main-stick-meta":"","header-below-stick-meta":"","astra-migrate-meta-layouts":"set","ast-page-background-enabled":"default","ast-page-background-meta":{"desktop":{"background-color":"","background-image":"","background-repeat":"repeat","background-position":"center center","background-size":"auto","background-attachment":"scroll","background-type":"","background-media":"","overlay-type":"","overlay-color":"","overlay-opacity":"","overlay-gradient":""},"tablet":{"background-color":"","background-image":"","background-repeat":"repeat","background-position":"center center","background-size":"auto","background-attachment":"scroll","background-type":"","background-media":"","overlay-type":"","overlay-color":"","overlay-opacity":"","overlay-gradient":""},"mobile":{"background-color":"","background-image":"","background-repeat":"repeat","background-position":"center center","background-size":"auto","background-attachment":"scroll","background-type":"","background-media":"","overlay-type":"","overlay-color":"","overlay-opacity":"","overlay-gradient":""}},"ast-content-background-meta":{"desktop":{"background-color":"var(--ast-global-color-5)","background-image":"","background-repeat":"repeat","background-position":"center center","background-size":"auto","background-attachment":"scroll","background-type":"","background-media":"","overlay-type":"","overlay-color":"","overlay-opacity":"","overlay-gradient":""},"tablet":{"background-color":"var(--ast-global-color-5)","background-image":"","background-repeat":"repeat","background-position":"center center","background-size":"auto","background-attachment":"scroll","background-type":"","background-media":"","overlay-type":"","overlay-color":"","overlay-opacity":"","overlay-gradient":""},"mobile":{"background-color":"var(--ast-global-color-5)","background-image":"","background-repeat":"repeat","background-position":"center center","background-size":"auto","background-attachment":"scroll","background-type":"","background-media":"","overlay-type":"","overlay-color":"","overlay-opacity":"","overlay-gradient":""}}},"product_brand":[],"product_cat":[80,3,21],"product_tag":[54,56,70,55,173,52,51,74,183,53],"class_list":{"0":"post-19","1":"product","2":"type-product","3":"status-publish","4":"has-post-thumbnail","6":"product_cat-4-main-products-mini-ups-battery-backup-life-po4-battery-gel-battery-lithium-battery","7":"product_cat-mini-dc-ups","8":"product_cat-promotion-wholesales-factory-price","9":"product_tag-12v-dc-ups","10":"product_tag-12v-lithium-battery","11":"product_tag-12v-mini-ups","12":"product_tag-battery-backup","13":"product_tag-blackfriday","14":"product_tag-dc-ups","15":"product_tag-mini-ups","16":"product_tag-mylion","17":"product_tag-mylion-mini-ups","18":"product_tag-router-ups","19":"product_shipping_class-bulk","20":"desktop-align-left","21":"tablet-align-left","22":"mobile-align-left","24":"first","25":"instock","26":"shipping-taxable","27":"product-type-simple"},"_links":{"self":[{"href":"https:\/\/ygspower.com\/fr\/wp-json\/wp\/v2\/product\/19","targetHints":{"allow":["GET"]}}],"collection":[{"href":"https:\/\/ygspower.com\/fr\/wp-json\/wp\/v2\/product"}],"about":[{"href":"https:\/\/ygspower.com\/fr\/wp-json\/wp\/v2\/types\/product"}],"version-history":[{"count":7,"href":"https:\/\/ygspower.com\/fr\/wp-json\/wp\/v2\/product\/19\/revisions"}],"predecessor-version":[{"id":11760,"href":"https:\/\/ygspower.com\/fr\/wp-json\/wp\/v2\/product\/19\/revisions\/11760"}],"wp:featuredmedia":[{"embeddable":true,"href":"https:\/\/ygspower.com\/fr\/wp-json\/wp\/v2\/media\/11741"}],"wp:attachment":[{"href":"https:\/\/ygspower.com\/fr\/wp-json\/wp\/v2\/media?parent=19"}],"wp:term":[{"taxonomy":"product_brand","embeddable":true,"href":"https:\/\/ygspower.com\/fr\/wp-json\/wp\/v2\/product_brand?post=19"},{"taxonomy":"product_cat","embeddable":true,"href":"https:\/\/ygspower.com\/fr\/wp-json\/wp\/v2\/product_cat?post=19"},{"taxonomy":"product_tag","embeddable":true,"href":"https:\/\/ygspower.com\/fr\/wp-json\/wp\/v2\/product_tag?post=19"}],"curies":[{"name":"wp","href":"https:\/\/api.w.org\/{rel}","templated":true}]}}