{"id":215,"date":"2020-10-26T08:21:53","date_gmt":"2020-10-26T00:21:53","guid":{"rendered":"http:\/\/zhangs1.sg-host.com\/?post_type=product&#038;p=215"},"modified":"2022-10-25T16:45:58","modified_gmt":"2022-10-25T08:45:58","slug":"mini-ups-battery-backup-mu26","status":"publish","type":"product","link":"https:\/\/ygspower.com\/fr\/produit\/mini-ups-battery-backup-mu26\/","title":{"rendered":"Livraison gratuite Mylion Mini UPS 12V MU26 5200mAh pour routeur"},"content":{"rendered":"<div class=\"ast-oembed-container\" style=\"height: 100%;\"><iframe title=\"Mylion anti-incendie intelligent et s\u00fbr mini DC UPS 12 V 2 A 3 A sortie, laissez vos appareils \u00e9lectroniques ne jamais s&#039;arr\u00eater\" width=\"500\" height=\"281\" src=\"https:\/\/www.youtube.com\/embed\/oj755cYmdXI?feature=oembed\" frameborder=\"0\" allow=\"accelerometer; autoplay; clipboard-write; encrypted-media; gyroscope; picture-in-picture; web-share\" referrerpolicy=\"strict-origin-when-cross-origin\" allowfullscreen><\/iframe><\/div>\n<table width=\"781\">\n<tbody>\n<tr>\n<td colspan=\"2\" width=\"781\">Toutes les informations ci-dessous sont correctes et R\u00c9ELLES.<\/td>\n<\/tr>\n<tr>\n<td>Nom du style<\/td>\n<td>MU26W<\/td>\n<\/tr>\n<tr>\n<td>Nom du produit<\/td>\n<td>Mini DC UPS pour modem ADSL Routeur WiFi CCTV\/Cam\u00e9ra de s\u00e9curit\u00e9<\/td>\n<\/tr>\n<tr>\n<td>Tension de sortie<\/td>\n<td>12V<\/td>\n<\/tr>\n<tr>\n<td>Courant de sortie<\/td>\n<td>2A Max<\/td>\n<\/tr>\n<tr>\n<td>Puissance de sortie<\/td>\n<td>19,24 Wh\/5200 mAh<\/td>\n<\/tr>\n<tr>\n<td>Tension d&#039;entr\u00e9e<\/td>\n<td>12 V CC<\/td>\n<\/tr>\n<tr>\n<td>Courant d&#039;entr\u00e9e<\/td>\n<td>DC2,5A<\/td>\n<\/tr>\n<tr>\n<td rowspan=\"2\">Temps de travail<\/td>\n<td>Sortie 12 V 0,5 A (6 W) : environ 3,5 heures<\/td>\n<\/tr>\n<tr>\n<td>Sortie 12 V 1,0 A (12 W) : environ 2 heures<\/td>\n<\/tr>\n<tr>\n<td>Port de charge (IN)Noir<\/td>\n<td>DC5.5\u00d72.1<\/td>\n<\/tr>\n<tr>\n<td>Port de d\u00e9charge (OUT)Jaune<\/td>\n<td>DC5,5\u00d72,5<\/td>\n<\/tr>\n<tr>\n<td>Mat\u00e9riau du bo\u00eetier<\/td>\n<td>FR-ABS anti-incendie<\/td>\n<\/tr>\n<tr>\n<td>Couleur du bo\u00eetier<\/td>\n<td>Blanc<\/td>\n<\/tr>\n<tr>\n<td>Dimensions du bo\u00eetier<\/td>\n<td>112x70x60mm<\/td>\n<\/tr>\n<tr>\n<td>Poids<\/td>\n<td>235g<\/td>\n<\/tr>\n<tr>\n<td>C\u00e2ble de transfert gratuit<\/td>\n<td>AWG#20 50 cm de longueur, DC5,5 \u00d7 2,1 noir et DC.5,5 \u00d7 2,5 jaune<\/td>\n<\/tr>\n<tr>\n<td>M\u00e9thode de charge<\/td>\n<td>Adaptateur 12V2.5A (le prix n&#039;inclut pas le co\u00fbt de l&#039;adaptateur)<\/td>\n<\/tr>\n<tr>\n<td>Marque de la cellule de batterie<\/td>\n<td>Cellule de marque chinoise ou cellule japonaise cor\u00e9enne<\/td>\n<\/tr>\n<tr>\n<td>Certification UPS<\/td>\n<td>CE, FCC, EMC, Rapport<\/td>\n<\/tr>\n<tr>\n<td>Protection de la batterie<\/td>\n<td width=\"553\">Protection contre la temp\u00e9rature, surcharge et d\u00e9charge, surintensit\u00e9, court-circuit<\/td>\n<\/tr>\n<tr>\n<td>Cycle de vie<\/td>\n<td>capacit\u00e9 de charge et de d\u00e9charge standard \u2265 80%, dur\u00e9e de vie du cycle \u2265 600 fois<\/td>\n<\/tr>\n<tr>\n<td>Application<\/td>\n<td width=\"553\">WIFI, routeur\/lien tp\/cam\u00e9ra IP\/syst\u00e8me de s\u00e9curit\u00e9\/acc\u00e8s de porte\/distributeur automatique\/lumi\u00e8re LED\/bande LED<\/td>\n<\/tr>\n<tr>\n<td>Emballer<\/td>\n<td>20 pi\u00e8ces dans un carton (35x21x30cm), environ 7 kg\/carton<\/td>\n<\/tr>\n<tr>\n<td>Garantie<\/td>\n<td>12 mois<\/td>\n<\/tr>\n<\/tbody>\n<\/table>\n<p class=\"p1\">Le meilleur partenaire du travail \u00e0 domicile. Ne laissez jamais votre WiFi s&#039;arr\u00eater, m\u00eame en cas de panne de courant.<span class=\"Apple-converted-space\">\u00a0<\/span><\/p>\n<p class=\"p1\">L&#039;onduleur Mylion Smart Mini fournit une alimentation \u00e9lectrique ininterrompue \u00e0 votre routeur. Connectez l&#039;onduleur Mylion Mini \u00e0 l&#039;alimentation secteur et \u00e0 votre routeur ensemble. En cas de panne de courant, l&#039;onduleur Mylion Mini fournit automatiquement de l&#039;\u00e9nergie \u00e0 votre routeur en 0 seconde. Ne laissez jamais votre WiFi s&#039;arr\u00eater.<\/p>\n<p class=\"p1\">Bienvenue distributeur !<\/p>\n<p><img fetchpriority=\"high\" decoding=\"async\" class=\"aligncenter size-full wp-image-2800\" src=\"http:\/\/ygspower.com\/wp-content\/uploads\/2020\/10\/mylion-mini-ups-1-2.jpg\" alt=\"\" width=\"750\" height=\"325\" srcset=\"https:\/\/ygspower.com\/wp-content\/uploads\/2020\/10\/mylion-mini-ups-1-2.jpg 750w, https:\/\/ygspower.com\/wp-content\/uploads\/2020\/10\/mylion-mini-ups-1-2-600x260.jpg 600w, https:\/\/ygspower.com\/wp-content\/uploads\/2020\/10\/mylion-mini-ups-1-2-300x130.jpg 300w\" sizes=\"(max-width: 750px) 100vw, 750px\" \/> <img decoding=\"async\" class=\"aligncenter size-full wp-image-2801\" src=\"http:\/\/ygspower.com\/wp-content\/uploads\/2020\/10\/mylion-mini-ups-2-2.jpg\" alt=\"\" width=\"750\" height=\"947\" srcset=\"https:\/\/ygspower.com\/wp-content\/uploads\/2020\/10\/mylion-mini-ups-2-2.jpg 750w, https:\/\/ygspower.com\/wp-content\/uploads\/2020\/10\/mylion-mini-ups-2-2-600x758.jpg 600w, https:\/\/ygspower.com\/wp-content\/uploads\/2020\/10\/mylion-mini-ups-2-2-238x300.jpg 238w\" sizes=\"(max-width: 750px) 100vw, 750px\" \/> <img decoding=\"async\" class=\"aligncenter size-full wp-image-2802\" src=\"http:\/\/ygspower.com\/wp-content\/uploads\/2020\/10\/mylion-mini-ups-3-2.jpg\" alt=\"\" width=\"750\" height=\"2095\" srcset=\"https:\/\/ygspower.com\/wp-content\/uploads\/2020\/10\/mylion-mini-ups-3-2.jpg 750w, https:\/\/ygspower.com\/wp-content\/uploads\/2020\/10\/mylion-mini-ups-3-2-600x1676.jpg 600w, https:\/\/ygspower.com\/wp-content\/uploads\/2020\/10\/mylion-mini-ups-3-2-107x300.jpg 107w, https:\/\/ygspower.com\/wp-content\/uploads\/2020\/10\/mylion-mini-ups-3-2-367x1024.jpg 367w, https:\/\/ygspower.com\/wp-content\/uploads\/2020\/10\/mylion-mini-ups-3-2-550x1536.jpg 550w, https:\/\/ygspower.com\/wp-content\/uploads\/2020\/10\/mylion-mini-ups-3-2-733x2048.jpg 733w\" sizes=\"(max-width: 750px) 100vw, 750px\" \/> <img loading=\"lazy\" decoding=\"async\" class=\"aligncenter size-full wp-image-2803\" src=\"http:\/\/ygspower.com\/wp-content\/uploads\/2020\/10\/mylion-mini-ups-4-2.jpg\" alt=\"\" width=\"750\" height=\"1475\" srcset=\"https:\/\/ygspower.com\/wp-content\/uploads\/2020\/10\/mylion-mini-ups-4-2.jpg 750w, https:\/\/ygspower.com\/wp-content\/uploads\/2020\/10\/mylion-mini-ups-4-2-600x1180.jpg 600w, https:\/\/ygspower.com\/wp-content\/uploads\/2020\/10\/mylion-mini-ups-4-2-153x300.jpg 153w, https:\/\/ygspower.com\/wp-content\/uploads\/2020\/10\/mylion-mini-ups-4-2-521x1024.jpg 521w\" sizes=\"(max-width: 750px) 100vw, 750px\" \/> <img loading=\"lazy\" decoding=\"async\" class=\"aligncenter size-full wp-image-2804\" src=\"http:\/\/ygspower.com\/wp-content\/uploads\/2020\/10\/mylion-mini-ups-5-2.jpg\" alt=\"\" width=\"750\" height=\"1346\" srcset=\"https:\/\/ygspower.com\/wp-content\/uploads\/2020\/10\/mylion-mini-ups-5-2.jpg 750w, https:\/\/ygspower.com\/wp-content\/uploads\/2020\/10\/mylion-mini-ups-5-2-600x1077.jpg 600w, https:\/\/ygspower.com\/wp-content\/uploads\/2020\/10\/mylion-mini-ups-5-2-167x300.jpg 167w, https:\/\/ygspower.com\/wp-content\/uploads\/2020\/10\/mylion-mini-ups-5-2-571x1024.jpg 571w\" sizes=\"(max-width: 750px) 100vw, 750px\" \/> <img loading=\"lazy\" decoding=\"async\" class=\"aligncenter size-full wp-image-2805\" src=\"http:\/\/ygspower.com\/wp-content\/uploads\/2020\/10\/mylion-mini-ups-6-2.jpg\" alt=\"\" width=\"750\" height=\"1854\" srcset=\"https:\/\/ygspower.com\/wp-content\/uploads\/2020\/10\/mylion-mini-ups-6-2.jpg 750w, https:\/\/ygspower.com\/wp-content\/uploads\/2020\/10\/mylion-mini-ups-6-2-600x1483.jpg 600w, https:\/\/ygspower.com\/wp-content\/uploads\/2020\/10\/mylion-mini-ups-6-2-121x300.jpg 121w, https:\/\/ygspower.com\/wp-content\/uploads\/2020\/10\/mylion-mini-ups-6-2-414x1024.jpg 414w, https:\/\/ygspower.com\/wp-content\/uploads\/2020\/10\/mylion-mini-ups-6-2-621x1536.jpg 621w\" sizes=\"(max-width: 750px) 100vw, 750px\" \/> <img loading=\"lazy\" decoding=\"async\" class=\"aligncenter size-full wp-image-2806\" src=\"http:\/\/ygspower.com\/wp-content\/uploads\/2020\/10\/mylion-mini-ups-7-2-scaled.jpg\" alt=\"\" width=\"679\" height=\"2560\" srcset=\"https:\/\/ygspower.com\/wp-content\/uploads\/2020\/10\/mylion-mini-ups-7-2-scaled.jpg 679w, https:\/\/ygspower.com\/wp-content\/uploads\/2020\/10\/mylion-mini-ups-7-2-600x2261.jpg 600w\" sizes=\"(max-width: 679px) 100vw, 679px\" \/> <img loading=\"lazy\" decoding=\"async\" class=\"aligncenter size-full wp-image-2807\" src=\"http:\/\/ygspower.com\/wp-content\/uploads\/2020\/10\/mylion-mini-ups-8-2.jpg\" alt=\"\" width=\"750\" height=\"2402\" srcset=\"https:\/\/ygspower.com\/wp-content\/uploads\/2020\/10\/mylion-mini-ups-8-2.jpg 750w, https:\/\/ygspower.com\/wp-content\/uploads\/2020\/10\/mylion-mini-ups-8-2-600x1922.jpg 600w, https:\/\/ygspower.com\/wp-content\/uploads\/2020\/10\/mylion-mini-ups-8-2-94x300.jpg 94w, https:\/\/ygspower.com\/wp-content\/uploads\/2020\/10\/mylion-mini-ups-8-2-320x1024.jpg 320w, https:\/\/ygspower.com\/wp-content\/uploads\/2020\/10\/mylion-mini-ups-8-2-480x1536.jpg 480w, https:\/\/ygspower.com\/wp-content\/uploads\/2020\/10\/mylion-mini-ups-8-2-639x2048.jpg 639w\" sizes=\"(max-width: 750px) 100vw, 750px\" \/> <img loading=\"lazy\" decoding=\"async\" class=\"aligncenter size-full wp-image-2808\" src=\"http:\/\/ygspower.com\/wp-content\/uploads\/2020\/10\/mylion-mini-ups-9-2.jpg\" alt=\"\" width=\"750\" height=\"2402\" srcset=\"https:\/\/ygspower.com\/wp-content\/uploads\/2020\/10\/mylion-mini-ups-9-2.jpg 750w, https:\/\/ygspower.com\/wp-content\/uploads\/2020\/10\/mylion-mini-ups-9-2-600x1922.jpg 600w, https:\/\/ygspower.com\/wp-content\/uploads\/2020\/10\/mylion-mini-ups-9-2-94x300.jpg 94w, https:\/\/ygspower.com\/wp-content\/uploads\/2020\/10\/mylion-mini-ups-9-2-320x1024.jpg 320w, https:\/\/ygspower.com\/wp-content\/uploads\/2020\/10\/mylion-mini-ups-9-2-480x1536.jpg 480w, https:\/\/ygspower.com\/wp-content\/uploads\/2020\/10\/mylion-mini-ups-9-2-639x2048.jpg 639w\" sizes=\"(max-width: 750px) 100vw, 750px\" \/> <img loading=\"lazy\" decoding=\"async\" class=\"aligncenter size-full wp-image-2809\" src=\"http:\/\/ygspower.com\/wp-content\/uploads\/2020\/10\/mylion-mini-ups-10-2.jpg\" alt=\"\" width=\"750\" height=\"1037\" srcset=\"https:\/\/ygspower.com\/wp-content\/uploads\/2020\/10\/mylion-mini-ups-10-2.jpg 750w, https:\/\/ygspower.com\/wp-content\/uploads\/2020\/10\/mylion-mini-ups-10-2-600x830.jpg 600w, https:\/\/ygspower.com\/wp-content\/uploads\/2020\/10\/mylion-mini-ups-10-2-217x300.jpg 217w, https:\/\/ygspower.com\/wp-content\/uploads\/2020\/10\/mylion-mini-ups-10-2-741x1024.jpg 741w\" sizes=\"(max-width: 750px) 100vw, 750px\" \/><\/p>\n<p>&nbsp;<\/p>","protected":false},"excerpt":{"rendered":"<ul class=\"ul1\">\n<li class=\"li2\">Type : MU26W 12 V 2 A 19,24 Wh 5800 mah.<\/li>\n<li class=\"li2\">Nom du produit : batterie de secours au lithium mylion mini dc ups<\/li>\n<li class=\"li2\">Certification: CE<span class=\"s2\">,<\/span>FCC<span class=\"s2\">,<\/span>CEM<\/li>\n<li class=\"li2\">Application : routeur<span class=\"s2\">,<\/span>ADSL<span class=\"s2\">,<\/span>modem<span class=\"s2\">,<\/span>CCTV<span class=\"s2\">,<\/span>t\u00e9l\u00e9communication<span class=\"s2\">,<\/span>Wifi<span class=\"s2\">,<\/span>m\u00e9dical<span class=\"s2\">,<\/span>sans fil<span class=\"s2\">,<\/span>dirig\u00e9<span class=\"s2\">,<\/span>r\u00e9seau<span class=\"s2\">,<\/span>Internet<\/li>\n<li class=\"li2\">Caract\u00e9ristiques : bo\u00eetier anti-incendie<span class=\"s2\">,<\/span> protection de temp\u00e9rature<span class=\"s2\">,<\/span> peut \u00eatre aliment\u00e9 par l&#039;\u00e9nergie solaire<span class=\"s2\">,<\/span> conception de perspective \u00e9l\u00e9gante<\/li>\n<li class=\"li2\">Type de batterie : batterie lithium-ion<\/li>\n<li class=\"li2\">Fonction : petite<span class=\"s2\">,<\/span>intelligent<span class=\"s2\">,<\/span>s\u00fbr<span class=\"s2\">,<\/span>fournir de l&#039;\u00e9nergie aux appareils \u00e9lectroniques en cas de panne de courant alternatif<\/li>\n<li class=\"li2\">Protection : fournit de l&#039;\u00e9nergie au routeur 12v0,5A pendant environ 3 \u00e0 4 heures<\/li>\n<\/ul>","protected":false},"featured_media":2817,"template":"","meta":{"_seopress_robots_primary_cat":"none","_seopress_titles_title":"Mylion Mini UPS Lithium Battery Backup MU26 19.24Wh 5200mAh For Router","_seopress_titles_desc":"Mylion Mini UPS Lithium Battery Backup MU26 19.24Wh 5200mAh For Router","_seopress_robots_index":"","site-sidebar-layout":"default","site-content-layout":"default","ast-site-content-layout":"default","site-content-style":"default","site-sidebar-style":"default","ast-global-header-display":"","ast-banner-title-visibility":"","ast-main-header-display":"","ast-hfb-above-header-display":"","ast-hfb-below-header-display":"","ast-hfb-mobile-header-display":"","site-post-title":"","ast-breadcrumbs-content":"","ast-featured-img":"","footer-sml-layout":"","theme-transparent-header-meta":"default","adv-header-id-meta":"","stick-header-meta":"","header-above-stick-meta":"","header-main-stick-meta":"","header-below-stick-meta":"","astra-migrate-meta-layouts":"default","ast-page-background-enabled":"default","ast-page-background-meta":{"desktop":{"background-color":"","background-image":"","background-repeat":"repeat","background-position":"center center","background-size":"auto","background-attachment":"scroll","background-type":"","background-media":"","overlay-type":"","overlay-color":"","overlay-opacity":"","overlay-gradient":""},"tablet":{"background-color":"","background-image":"","background-repeat":"repeat","background-position":"center center","background-size":"auto","background-attachment":"scroll","background-type":"","background-media":"","overlay-type":"","overlay-color":"","overlay-opacity":"","overlay-gradient":""},"mobile":{"background-color":"","background-image":"","background-repeat":"repeat","background-position":"center center","background-size":"auto","background-attachment":"scroll","background-type":"","background-media":"","overlay-type":"","overlay-color":"","overlay-opacity":"","overlay-gradient":""}},"ast-content-background-meta":{"desktop":{"background-color":"var(--ast-global-color-5)","background-image":"","background-repeat":"repeat","background-position":"center center","background-size":"auto","background-attachment":"scroll","background-type":"","background-media":"","overlay-type":"","overlay-color":"","overlay-opacity":"","overlay-gradient":""},"tablet":{"background-color":"var(--ast-global-color-5)","background-image":"","background-repeat":"repeat","background-position":"center center","background-size":"auto","background-attachment":"scroll","background-type":"","background-media":"","overlay-type":"","overlay-color":"","overlay-opacity":"","overlay-gradient":""},"mobile":{"background-color":"var(--ast-global-color-5)","background-image":"","background-repeat":"repeat","background-position":"center center","background-size":"auto","background-attachment":"scroll","background-type":"","background-media":"","overlay-type":"","overlay-color":"","overlay-opacity":"","overlay-gradient":""}}},"product_brand":[],"product_cat":[21],"product_tag":[54,70,52,51,74,75,53,73],"class_list":{"0":"post-215","1":"product","2":"type-product","3":"status-publish","4":"has-post-thumbnail","6":"product_cat-promotion-wholesales-factory-price","7":"product_tag-12v-dc-ups","8":"product_tag-12v-mini-ups","9":"product_tag-dc-ups","10":"product_tag-mini-ups","11":"product_tag-mylion","12":"product_tag-mylion-ups","13":"product_tag-router-ups","14":"product_tag-small-ups","15":"desktop-align-left","16":"tablet-align-left","17":"mobile-align-left","19":"first","20":"instock","21":"shipping-taxable","22":"product-type-simple"},"_links":{"self":[{"href":"https:\/\/ygspower.com\/fr\/wp-json\/wp\/v2\/product\/215","targetHints":{"allow":["GET"]}}],"collection":[{"href":"https:\/\/ygspower.com\/fr\/wp-json\/wp\/v2\/product"}],"about":[{"href":"https:\/\/ygspower.com\/fr\/wp-json\/wp\/v2\/types\/product"}],"version-history":[{"count":0,"href":"https:\/\/ygspower.com\/fr\/wp-json\/wp\/v2\/product\/215\/revisions"}],"wp:featuredmedia":[{"embeddable":true,"href":"https:\/\/ygspower.com\/fr\/wp-json\/wp\/v2\/media\/2817"}],"wp:attachment":[{"href":"https:\/\/ygspower.com\/fr\/wp-json\/wp\/v2\/media?parent=215"}],"wp:term":[{"taxonomy":"product_brand","embeddable":true,"href":"https:\/\/ygspower.com\/fr\/wp-json\/wp\/v2\/product_brand?post=215"},{"taxonomy":"product_cat","embeddable":true,"href":"https:\/\/ygspower.com\/fr\/wp-json\/wp\/v2\/product_cat?post=215"},{"taxonomy":"product_tag","embeddable":true,"href":"https:\/\/ygspower.com\/fr\/wp-json\/wp\/v2\/product_tag?post=215"}],"curies":[{"name":"wp","href":"https:\/\/api.w.org\/{rel}","templated":true}]}}