{"id":220,"date":"2020-10-26T08:40:53","date_gmt":"2020-10-26T00:40:53","guid":{"rendered":"http:\/\/zhangs1.sg-host.com\/?post_type=product&#038;p=220"},"modified":"2025-06-04T13:15:11","modified_gmt":"2025-06-04T05:15:11","slug":"mylion-mini-dc-ups-lithium-ion-battery-backup-mu626","status":"publish","type":"product","link":"https:\/\/ygspower.com\/fr\/produit\/mylion-mini-dc-ups-lithium-ion-battery-backup-mu626\/","title":{"rendered":"Onduleur DC Mini Mylion avec batterie de secours lithium-ion MU626 58 Wh"},"content":{"rendered":"<div class=\"ast-oembed-container\" style=\"height: 100%;\"><iframe title=\"Mylion anti-incendie intelligent et s\u00fbr mini DC UPS 12 V 2 A 3 A sortie, laissez vos appareils \u00e9lectroniques ne jamais s&#039;arr\u00eater\" width=\"500\" height=\"281\" src=\"https:\/\/www.youtube.com\/embed\/oj755cYmdXI?feature=oembed\" frameborder=\"0\" allow=\"accelerometer; autoplay; clipboard-write; encrypted-media; gyroscope; picture-in-picture; web-share\" referrerpolicy=\"strict-origin-when-cross-origin\" allowfullscreen><\/iframe><\/div>\n<table width=\"781\">\n<tbody>\n<tr>\n<td colspan=\"2\" width=\"781\">Toutes les informations ci-dessous sont correctes et R\u00c9ELLES.<\/td>\n<\/tr>\n<tr>\n<td>Nom du style<\/td>\n<td>MU626W<\/td>\n<\/tr>\n<tr>\n<td>Nom du produit<\/td>\n<td>Mini DC UPS pour modem ADSL Routeur WiFi CCTV\/Cam\u00e9ra de s\u00e9curit\u00e9<\/td>\n<\/tr>\n<tr>\n<td>Tension de sortie<\/td>\n<td>12V<\/td>\n<\/tr>\n<tr>\n<td>Courant de sortie<\/td>\n<td>2A<\/td>\n<\/tr>\n<tr>\n<td>Puissance de sortie<\/td>\n<td>58 Wh\/15 600 mAh<\/td>\n<\/tr>\n<tr>\n<td>Tension d&#039;entr\u00e9e<\/td>\n<td>12 V CC<\/td>\n<\/tr>\n<tr>\n<td>Courant d&#039;entr\u00e9e<\/td>\n<td>DC2,5A<\/td>\n<\/tr>\n<tr>\n<td rowspan=\"2\">Temps de travail<\/td>\n<td>Sortie 12 V 0,5 A (6 W) : environ 9,5 heures<\/td>\n<\/tr>\n<tr>\n<td>Sortie 12 V 1,0 A (12 W) : environ 4,5 heures<\/td>\n<\/tr>\n<tr>\n<td>Port de charge (IN)Noir<\/td>\n<td>DC5.5\u00d72.1<\/td>\n<\/tr>\n<tr>\n<td>Port de d\u00e9charge (OUT)Jaune<\/td>\n<td>DC5,5\u00d72,5<\/td>\n<\/tr>\n<tr>\n<td>Mat\u00e9riau du bo\u00eetier<\/td>\n<td>FR-ABS<\/td>\n<\/tr>\n<tr>\n<td>Couleur du bo\u00eetier<\/td>\n<td>Blanc<\/td>\n<\/tr>\n<tr>\n<td>Dimensions du bo\u00eetier<\/td>\n<td>112x70x60mm<\/td>\n<\/tr>\n<tr>\n<td>Poids<\/td>\n<td>405g<\/td>\n<\/tr>\n<tr>\n<td>C\u00e2ble de transfert gratuit<\/td>\n<td>AWG#20 50 cm de longueur, DC5,5 \u00d7 2,1 noir et DC.5,5 \u00d7 2,5 jaune<\/td>\n<\/tr>\n<tr>\n<td>M\u00e9thode de charge<\/td>\n<td>Adaptateur 12V2.5A (le prix n&#039;inclut pas le co\u00fbt de l&#039;adaptateur)<\/td>\n<\/tr>\n<tr>\n<td>Marque de la cellule de batterie<\/td>\n<td>Cellule de marque chinoise ou cellule japonaise cor\u00e9enne<\/td>\n<\/tr>\n<tr>\n<td>Certification UPS<\/td>\n<td>CE, FCC, EMC, Rapport<\/td>\n<\/tr>\n<tr>\n<td>Protection de la batterie<\/td>\n<td width=\"553\">Protection contre la temp\u00e9rature, surcharge et d\u00e9charge, surintensit\u00e9, court-circuit<\/td>\n<\/tr>\n<tr>\n<td>Cycle de vie<\/td>\n<td>capacit\u00e9 de charge et de d\u00e9charge standard \u2265 80%, dur\u00e9e de vie du cycle \u2265 600 fois<\/td>\n<\/tr>\n<tr>\n<td>Application<\/td>\n<td width=\"553\">WIFI, routeur\/lien tp\/cam\u00e9ra IP\/syst\u00e8me de s\u00e9curit\u00e9\/acc\u00e8s de porte\/distributeur automatique\/lumi\u00e8re LED\/bande LED<\/td>\n<\/tr>\n<tr>\n<td>Emballer<\/td>\n<td>18 pi\u00e8ces dans un carton (35x21x30cm), environ 9,5 kg\/carton<\/td>\n<\/tr>\n<tr>\n<td>Garantie<\/td>\n<td>12 mois<\/td>\n<\/tr>\n<\/tbody>\n<\/table>\n<p style=\"text-align: center;\"><img fetchpriority=\"high\" decoding=\"async\" class=\"alignnone size-full wp-image-8953\" src=\"http:\/\/ygspower.com\/wp-content\/uploads\/2021\/11\/Mini-UPS-01.jpg\" alt=\"\" width=\"750\" height=\"352\" srcset=\"https:\/\/ygspower.com\/wp-content\/uploads\/2021\/11\/Mini-UPS-01.jpg 750w, https:\/\/ygspower.com\/wp-content\/uploads\/2021\/11\/Mini-UPS-01-300x141.jpg 300w, https:\/\/ygspower.com\/wp-content\/uploads\/2021\/11\/Mini-UPS-01-600x282.jpg 600w\" sizes=\"(max-width: 750px) 100vw, 750px\" \/>\u00a0<img decoding=\"async\" class=\"alignnone size-full wp-image-8867\" src=\"http:\/\/ygspower.com\/wp-content\/uploads\/2021\/11\/mini_02.jpg\" alt=\"\" width=\"750\" height=\"798\" srcset=\"https:\/\/ygspower.com\/wp-content\/uploads\/2021\/11\/mini_02.jpg 750w, https:\/\/ygspower.com\/wp-content\/uploads\/2021\/11\/mini_02-282x300.jpg 282w, https:\/\/ygspower.com\/wp-content\/uploads\/2021\/11\/mini_02-600x638.jpg 600w\" sizes=\"(max-width: 750px) 100vw, 750px\" \/><\/p>\n<p style=\"text-align: center;\"><img decoding=\"async\" class=\"wp-image-11071 aligncenter\" src=\"http:\/\/ygspower.com\/wp-content\/uploads\/2021\/11\/MU68.jpg\" alt=\"\" width=\"746\" height=\"1242\" srcset=\"https:\/\/ygspower.com\/wp-content\/uploads\/2021\/11\/MU68.jpg 1500w, https:\/\/ygspower.com\/wp-content\/uploads\/2021\/11\/MU68-180x300.jpg 180w, https:\/\/ygspower.com\/wp-content\/uploads\/2021\/11\/MU68-615x1024.jpg 615w, https:\/\/ygspower.com\/wp-content\/uploads\/2021\/11\/MU68-768x1279.jpg 768w, https:\/\/ygspower.com\/wp-content\/uploads\/2021\/11\/MU68-922x1536.jpg 922w, https:\/\/ygspower.com\/wp-content\/uploads\/2021\/11\/MU68-1230x2048.jpg 1230w, https:\/\/ygspower.com\/wp-content\/uploads\/2021\/11\/MU68-7x12.jpg 7w, https:\/\/ygspower.com\/wp-content\/uploads\/2021\/11\/MU68-600x999.jpg 600w\" sizes=\"(max-width: 746px) 100vw, 746px\" \/> <img loading=\"lazy\" decoding=\"async\" class=\"alignnone size-full wp-image-8868\" src=\"http:\/\/ygspower.com\/wp-content\/uploads\/2021\/11\/mini_03.jpg\" alt=\"\" width=\"750\" height=\"898\" srcset=\"https:\/\/ygspower.com\/wp-content\/uploads\/2021\/11\/mini_03.jpg 750w, https:\/\/ygspower.com\/wp-content\/uploads\/2021\/11\/mini_03-251x300.jpg 251w, https:\/\/ygspower.com\/wp-content\/uploads\/2021\/11\/mini_03-600x718.jpg 600w\" sizes=\"(max-width: 750px) 100vw, 750px\" \/> <img loading=\"lazy\" decoding=\"async\" class=\"alignnone size-full wp-image-8869\" src=\"http:\/\/ygspower.com\/wp-content\/uploads\/2021\/11\/mini_04.jpg\" alt=\"\" width=\"750\" height=\"1252\" srcset=\"https:\/\/ygspower.com\/wp-content\/uploads\/2021\/11\/mini_04.jpg 750w, https:\/\/ygspower.com\/wp-content\/uploads\/2021\/11\/mini_04-180x300.jpg 180w, https:\/\/ygspower.com\/wp-content\/uploads\/2021\/11\/mini_04-613x1024.jpg 613w, https:\/\/ygspower.com\/wp-content\/uploads\/2021\/11\/mini_04-600x1002.jpg 600w\" sizes=\"(max-width: 750px) 100vw, 750px\" \/> <img loading=\"lazy\" decoding=\"async\" class=\"alignnone size-full wp-image-8870\" src=\"http:\/\/ygspower.com\/wp-content\/uploads\/2021\/11\/mini_05.jpg\" alt=\"\" width=\"750\" height=\"891\" srcset=\"https:\/\/ygspower.com\/wp-content\/uploads\/2021\/11\/mini_05.jpg 750w, https:\/\/ygspower.com\/wp-content\/uploads\/2021\/11\/mini_05-253x300.jpg 253w, https:\/\/ygspower.com\/wp-content\/uploads\/2021\/11\/mini_05-600x713.jpg 600w\" sizes=\"(max-width: 750px) 100vw, 750px\" \/> <img loading=\"lazy\" decoding=\"async\" class=\"alignnone size-full wp-image-8871\" src=\"http:\/\/ygspower.com\/wp-content\/uploads\/2021\/11\/mini_06.jpg\" alt=\"\" width=\"750\" height=\"1757\" srcset=\"https:\/\/ygspower.com\/wp-content\/uploads\/2021\/11\/mini_06.jpg 750w, https:\/\/ygspower.com\/wp-content\/uploads\/2021\/11\/mini_06-128x300.jpg 128w, https:\/\/ygspower.com\/wp-content\/uploads\/2021\/11\/mini_06-437x1024.jpg 437w, https:\/\/ygspower.com\/wp-content\/uploads\/2021\/11\/mini_06-656x1536.jpg 656w, https:\/\/ygspower.com\/wp-content\/uploads\/2021\/11\/mini_06-600x1406.jpg 600w\" sizes=\"(max-width: 750px) 100vw, 750px\" \/> <img loading=\"lazy\" decoding=\"async\" class=\"alignnone size-full wp-image-8872\" src=\"http:\/\/ygspower.com\/wp-content\/uploads\/2021\/11\/mini_07.jpg\" alt=\"\" width=\"750\" height=\"884\" srcset=\"https:\/\/ygspower.com\/wp-content\/uploads\/2021\/11\/mini_07.jpg 750w, https:\/\/ygspower.com\/wp-content\/uploads\/2021\/11\/mini_07-255x300.jpg 255w, https:\/\/ygspower.com\/wp-content\/uploads\/2021\/11\/mini_07-600x707.jpg 600w\" sizes=\"(max-width: 750px) 100vw, 750px\" \/> <img loading=\"lazy\" decoding=\"async\" class=\"alignnone size-full wp-image-8873\" src=\"http:\/\/ygspower.com\/wp-content\/uploads\/2021\/11\/mini_08.jpg\" alt=\"\" width=\"750\" height=\"1211\" srcset=\"https:\/\/ygspower.com\/wp-content\/uploads\/2021\/11\/mini_08.jpg 750w, https:\/\/ygspower.com\/wp-content\/uploads\/2021\/11\/mini_08-186x300.jpg 186w, https:\/\/ygspower.com\/wp-content\/uploads\/2021\/11\/mini_08-634x1024.jpg 634w, https:\/\/ygspower.com\/wp-content\/uploads\/2021\/11\/mini_08-600x969.jpg 600w\" sizes=\"(max-width: 750px) 100vw, 750px\" \/> <img loading=\"lazy\" decoding=\"async\" class=\"alignnone size-full wp-image-8874\" src=\"http:\/\/ygspower.com\/wp-content\/uploads\/2021\/11\/mini_09.jpg\" alt=\"\" width=\"750\" height=\"1032\" srcset=\"https:\/\/ygspower.com\/wp-content\/uploads\/2021\/11\/mini_09.jpg 750w, https:\/\/ygspower.com\/wp-content\/uploads\/2021\/11\/mini_09-218x300.jpg 218w, https:\/\/ygspower.com\/wp-content\/uploads\/2021\/11\/mini_09-744x1024.jpg 744w, https:\/\/ygspower.com\/wp-content\/uploads\/2021\/11\/mini_09-600x826.jpg 600w\" sizes=\"(max-width: 750px) 100vw, 750px\" \/> <img loading=\"lazy\" decoding=\"async\" class=\"alignnone size-full wp-image-8875\" src=\"http:\/\/ygspower.com\/wp-content\/uploads\/2021\/11\/mini_10.jpg\" alt=\"\" width=\"750\" height=\"1335\" srcset=\"https:\/\/ygspower.com\/wp-content\/uploads\/2021\/11\/mini_10.jpg 750w, https:\/\/ygspower.com\/wp-content\/uploads\/2021\/11\/mini_10-169x300.jpg 169w, https:\/\/ygspower.com\/wp-content\/uploads\/2021\/11\/mini_10-575x1024.jpg 575w, https:\/\/ygspower.com\/wp-content\/uploads\/2021\/11\/mini_10-600x1068.jpg 600w\" sizes=\"(max-width: 750px) 100vw, 750px\" \/> <img loading=\"lazy\" decoding=\"async\" class=\"alignnone size-full wp-image-8876\" src=\"http:\/\/ygspower.com\/wp-content\/uploads\/2021\/11\/mini_11.jpg\" alt=\"\" width=\"750\" height=\"1841\" srcset=\"https:\/\/ygspower.com\/wp-content\/uploads\/2021\/11\/mini_11.jpg 750w, https:\/\/ygspower.com\/wp-content\/uploads\/2021\/11\/mini_11-122x300.jpg 122w, https:\/\/ygspower.com\/wp-content\/uploads\/2021\/11\/mini_11-417x1024.jpg 417w, https:\/\/ygspower.com\/wp-content\/uploads\/2021\/11\/mini_11-626x1536.jpg 626w, https:\/\/ygspower.com\/wp-content\/uploads\/2021\/11\/mini_11-600x1473.jpg 600w\" sizes=\"(max-width: 750px) 100vw, 750px\" \/> <img loading=\"lazy\" decoding=\"async\" class=\"alignnone size-full wp-image-8877\" src=\"http:\/\/ygspower.com\/wp-content\/uploads\/2021\/11\/mini_12.jpg\" alt=\"\" width=\"750\" height=\"2014\" srcset=\"https:\/\/ygspower.com\/wp-content\/uploads\/2021\/11\/mini_12.jpg 750w, https:\/\/ygspower.com\/wp-content\/uploads\/2021\/11\/mini_12-112x300.jpg 112w, https:\/\/ygspower.com\/wp-content\/uploads\/2021\/11\/mini_12-381x1024.jpg 381w, https:\/\/ygspower.com\/wp-content\/uploads\/2021\/11\/mini_12-572x1536.jpg 572w, https:\/\/ygspower.com\/wp-content\/uploads\/2021\/11\/mini_12-600x1611.jpg 600w\" sizes=\"(max-width: 750px) 100vw, 750px\" \/> <img loading=\"lazy\" decoding=\"async\" class=\"alignnone size-full wp-image-8878\" src=\"http:\/\/ygspower.com\/wp-content\/uploads\/2021\/11\/mini_13.jpg\" alt=\"\" width=\"750\" height=\"1228\" srcset=\"https:\/\/ygspower.com\/wp-content\/uploads\/2021\/11\/mini_13.jpg 750w, https:\/\/ygspower.com\/wp-content\/uploads\/2021\/11\/mini_13-183x300.jpg 183w, https:\/\/ygspower.com\/wp-content\/uploads\/2021\/11\/mini_13-625x1024.jpg 625w, https:\/\/ygspower.com\/wp-content\/uploads\/2021\/11\/mini_13-600x982.jpg 600w\" sizes=\"(max-width: 750px) 100vw, 750px\" \/> <img loading=\"lazy\" decoding=\"async\" class=\"alignnone size-full wp-image-8879\" src=\"http:\/\/ygspower.com\/wp-content\/uploads\/2021\/11\/mini_14.jpg\" alt=\"\" width=\"750\" height=\"1022\" srcset=\"https:\/\/ygspower.com\/wp-content\/uploads\/2021\/11\/mini_14.jpg 750w, https:\/\/ygspower.com\/wp-content\/uploads\/2021\/11\/mini_14-220x300.jpg 220w, https:\/\/ygspower.com\/wp-content\/uploads\/2021\/11\/mini_14-600x818.jpg 600w\" sizes=\"(max-width: 750px) 100vw, 750px\" \/><\/p>","protected":false},"excerpt":{"rendered":"<ul class=\"ul1\">\n<li class=\"li2\"><i>Taper: <\/i>MU626W 12V 2A 58Wh<\/li>\n<li class=\"li2\"><i>Nom du produit:\u00a0<\/i>batterie de secours au lithium pour onduleur mini dc mylion<\/li>\n<li class=\"li2\">Certification: CE<span class=\"s2\">,<\/span>FCC<span class=\"s2\">,<\/span>CEM<\/li>\n<li class=\"li2\"><i>Application : routeur<\/i><span class=\"s2\">,<\/span><i>ADSL<\/i><span class=\"s2\">,<\/span><i>modem<\/i><span class=\"s2\">,<\/span><i>UN\u00a0<\/i>vid\u00e9osurveillance<span class=\"s2\">,<\/span>t\u00e9l\u00e9communication<span class=\"s2\">,<\/span>Wifi<span class=\"s2\">,<\/span>m\u00e9dical<span class=\"s2\">,<\/span>sans fil<span class=\"s2\">,<\/span>dirig\u00e9<span class=\"s2\">,<\/span>r\u00e9seau<span class=\"s2\">,<\/span>Internet<\/li>\n<li class=\"li2\"><i>Caract\u00e9ristiques:\u00a0<\/i>\u00e9tui anti-incendie<span class=\"s2\">,<\/span> protection de temp\u00e9rature<span class=\"s2\">,<\/span> peut \u00eatre aliment\u00e9 par l&#039;\u00e9nergie solaire<span class=\"s2\">,<\/span> conception de perspective \u00e9l\u00e9gante<\/li>\n<li class=\"li2\"><i>Type de batterie :\u00a0<\/i>batterie lithium-ion<\/li>\n<li class=\"li2\"><i>Fonction:\u00a0<\/i>petit<span class=\"s2\">,<\/span>intelligent<span class=\"s2\">,<\/span>s\u00fbr<span class=\"s2\">,<\/span>fournir de l&#039;\u00e9nergie aux appareils \u00e9lectroniques en cas de panne de courant alternatif<\/li>\n<li class=\"li2\"><i>Protection : fournit de l&#039;\u00e9nergie au routeur 12v0,5A pendant environ 9 \u00e0 10 heures<\/i><\/li>\n<\/ul>","protected":false},"featured_media":11111,"template":"","meta":{"_seopress_robots_primary_cat":"none","_seopress_titles_title":"Mylion Mini DC UPS Lithium ion battery backup MU626 58Wh","_seopress_titles_desc":"Mylion Mini DC UPS Lithium ion battery backup MU626 58Wh","_seopress_robots_index":"","site-sidebar-layout":"default","site-content-layout":"default","ast-site-content-layout":"default","site-content-style":"default","site-sidebar-style":"default","ast-global-header-display":"","ast-banner-title-visibility":"","ast-main-header-display":"","ast-hfb-above-header-display":"","ast-hfb-below-header-display":"","ast-hfb-mobile-header-display":"","site-post-title":"","ast-breadcrumbs-content":"","ast-featured-img":"","footer-sml-layout":"","theme-transparent-header-meta":"default","adv-header-id-meta":"","stick-header-meta":"","header-above-stick-meta":"","header-main-stick-meta":"","header-below-stick-meta":"","astra-migrate-meta-layouts":"set","ast-page-background-enabled":"default","ast-page-background-meta":{"desktop":{"background-color":"","background-image":"","background-repeat":"repeat","background-position":"center center","background-size":"auto","background-attachment":"scroll","background-type":"","background-media":"","overlay-type":"","overlay-color":"","overlay-opacity":"","overlay-gradient":""},"tablet":{"background-color":"","background-image":"","background-repeat":"repeat","background-position":"center center","background-size":"auto","background-attachment":"scroll","background-type":"","background-media":"","overlay-type":"","overlay-color":"","overlay-opacity":"","overlay-gradient":""},"mobile":{"background-color":"","background-image":"","background-repeat":"repeat","background-position":"center center","background-size":"auto","background-attachment":"scroll","background-type":"","background-media":"","overlay-type":"","overlay-color":"","overlay-opacity":"","overlay-gradient":""}},"ast-content-background-meta":{"desktop":{"background-color":"var(--ast-global-color-5)","background-image":"","background-repeat":"repeat","background-position":"center center","background-size":"auto","background-attachment":"scroll","background-type":"","background-media":"","overlay-type":"","overlay-color":"","overlay-opacity":"","overlay-gradient":""},"tablet":{"background-color":"var(--ast-global-color-5)","background-image":"","background-repeat":"repeat","background-position":"center center","background-size":"auto","background-attachment":"scroll","background-type":"","background-media":"","overlay-type":"","overlay-color":"","overlay-opacity":"","overlay-gradient":""},"mobile":{"background-color":"var(--ast-global-color-5)","background-image":"","background-repeat":"repeat","background-position":"center center","background-size":"auto","background-attachment":"scroll","background-type":"","background-media":"","overlay-type":"","overlay-color":"","overlay-opacity":"","overlay-gradient":""}}},"product_brand":[],"product_cat":[3],"product_tag":[],"class_list":{"0":"post-220","1":"product","2":"type-product","3":"status-publish","4":"has-post-thumbnail","6":"product_cat-mini-dc-ups","7":"desktop-align-left","8":"tablet-align-left","9":"mobile-align-left","11":"first","12":"instock","13":"shipping-taxable","14":"product-type-simple"},"_links":{"self":[{"href":"https:\/\/ygspower.com\/fr\/wp-json\/wp\/v2\/product\/220","targetHints":{"allow":["GET"]}}],"collection":[{"href":"https:\/\/ygspower.com\/fr\/wp-json\/wp\/v2\/product"}],"about":[{"href":"https:\/\/ygspower.com\/fr\/wp-json\/wp\/v2\/types\/product"}],"version-history":[{"count":4,"href":"https:\/\/ygspower.com\/fr\/wp-json\/wp\/v2\/product\/220\/revisions"}],"predecessor-version":[{"id":11175,"href":"https:\/\/ygspower.com\/fr\/wp-json\/wp\/v2\/product\/220\/revisions\/11175"}],"wp:featuredmedia":[{"embeddable":true,"href":"https:\/\/ygspower.com\/fr\/wp-json\/wp\/v2\/media\/11111"}],"wp:attachment":[{"href":"https:\/\/ygspower.com\/fr\/wp-json\/wp\/v2\/media?parent=220"}],"wp:term":[{"taxonomy":"product_brand","embeddable":true,"href":"https:\/\/ygspower.com\/fr\/wp-json\/wp\/v2\/product_brand?post=220"},{"taxonomy":"product_cat","embeddable":true,"href":"https:\/\/ygspower.com\/fr\/wp-json\/wp\/v2\/product_cat?post=220"},{"taxonomy":"product_tag","embeddable":true,"href":"https:\/\/ygspower.com\/fr\/wp-json\/wp\/v2\/product_tag?post=220"}],"curies":[{"name":"wp","href":"https:\/\/api.w.org\/{rel}","templated":true}]}}