{"id":2237,"date":"2021-07-12T08:41:10","date_gmt":"2021-07-12T00:41:10","guid":{"rendered":"https:\/\/darksalmon-dugong-512221.hostingersite.com\/?post_type=product&#038;p=2237"},"modified":"2021-09-03T16:33:35","modified_gmt":"2021-09-03T08:33:35","slug":"5v-10000mah-portable-power-bank-p425","status":"publish","type":"product","link":"https:\/\/ygspower.com\/fr\/produit\/5v-10000mah-portable-power-bank-p425\/","title":{"rendered":"Batterie externe portable 5 V 10 000 mAh P425"},"content":{"rendered":"<p><img decoding=\"async\" src=\"\/\/sc04.alicdn.com\/kf\/Haf0e5401e0914257a17f9211db92aa05I\/248515790\/Haf0e5401e0914257a17f9211db92aa05I.jpg\" alt=\"5V 10000mah power bank (1).jpg\" \/><img decoding=\"async\" src=\"\/\/sc04.alicdn.com\/kf\/H21c1312b6a824c75bef3f673578af896N\/248515790\/H21c1312b6a824c75bef3f673578af896N.jpg\" alt=\"5V 10000mah power bank (2).jpg\" \/><img decoding=\"async\" src=\"\/\/sc04.alicdn.com\/kf\/H66d5324512674d53a23d16d80c89c260I\/248515790\/H66d5324512674d53a23d16d80c89c260I.jpg\" alt=\"5V 10000mah power bank (3).jpg\" \/><img decoding=\"async\" src=\"\/\/sc04.alicdn.com\/kf\/H172a6d68e5c74740a0f2883301c143b7R\/248515790\/H172a6d68e5c74740a0f2883301c143b7R.jpg\" alt=\"5V 10000mah power bank (4).jpg\" \/><img decoding=\"async\" src=\"\/\/sc04.alicdn.com\/kf\/H5ce595602c994ea68c4010d01475cc97R\/248515790\/H5ce595602c994ea68c4010d01475cc97R.jpg\" alt=\"5V 10000mah power bank (5).jpg\" \/><img decoding=\"async\" src=\"\/\/sc04.alicdn.com\/kf\/H76a0eb0c5a454c15a40e1172b246d259I\/248515790\/H76a0eb0c5a454c15a40e1172b246d259I.jpg\" alt=\"5V 10000mah power bank (6).jpg\" \/><img decoding=\"async\" src=\"\/\/sc04.alicdn.com\/kf\/H8ae55868b83a4f7da4f3640036229f9d2\/248515790\/H8ae55868b83a4f7da4f3640036229f9d2.jpg\" alt=\"5V 10000mah power bank (7).jpg\" \/><img decoding=\"async\" src=\"\/\/sc04.alicdn.com\/kf\/H445a1aae91bf40c49f2925e30774b6a88\/248515790\/H445a1aae91bf40c49f2925e30774b6a88.jpg\" alt=\"5V 10000mah power bank (8).jpg\" \/><img decoding=\"async\" src=\"\/\/sc04.alicdn.com\/kf\/Hfc8161ddf0ce4852a962b9b3b3aba64al\/248515790\/Hfc8161ddf0ce4852a962b9b3b3aba64al.jpg\" alt=\"5V 10000mah power bank (9).jpg\" \/><\/p>\n<table style=\"caret-color: #000000; color: #000000; font-style: normal; font-variant-caps: normal; font-weight: normal; letter-spacing: normal; text-align: start; text-indent: 0px; text-transform: none; white-space: normal; word-spacing: 0px; -webkit-text-stroke-width: 0px; text-decoration: none; border-collapse: collapse; width: 750px; border: 1px solid #cccccc; border-spacing: 0px;\" border=\"1\" width=\"832\" cellspacing=\"0\" cellpadding=\"0\">\n<colgroup>\n<col style=\"width: 152pt;\" width=\"203\" \/>\n<col style=\"width: 472pt;\" width=\"629\" \/><\/colgroup>\n<tbody>\n<tr style=\"height: 21pt;\">\n<td class=\"xl67\" style=\"padding: 0px; color: black; font-size: 10pt; font-weight: 400; font-style: normal; text-decoration: none; font-family: Arial; vertical-align: middle; border: 1px solid #cccccc; white-space: nowrap; height: 21pt; width: 746.535px;\" colspan=\"2\" height=\"28\">Certaines des informations ci-dessous sont correctes et R\u00c9ELLES.<\/td>\n<\/tr>\n<tr style=\"height: 21pt;\">\n<td class=\"xl68\" style=\"padding: 0px; color: black; font-size: 10pt; font-weight: 400; font-style: normal; text-decoration: none; font-family: Arial; vertical-align: middle; border: 1px solid #cccccc; white-space: nowrap; height: 21pt; width: 173.267px;\" height=\"28\">Nom du style<\/td>\n<td class=\"xl69\" style=\"padding: 0px; color: black; font-size: 10pt; font-weight: 400; font-style: normal; text-decoration: none; font-family: Arial; vertical-align: middle; border: 1px solid #cccccc; white-space: nowrap; text-align: left; width: 572.277px;\">P425<\/td>\n<\/tr>\n<tr style=\"height: 21pt;\">\n<td class=\"xl70\" style=\"padding: 0px; color: black; font-size: 10pt; font-weight: 400; font-style: normal; text-decoration: none; font-family: Arial; vertical-align: middle; border: 1px solid #cccccc; white-space: nowrap; height: 21pt; width: 173.267px;\" height=\"28\">Nom du produit<\/td>\n<td class=\"xl71\" style=\"padding: 0px; color: black; font-size: 10pt; font-weight: 400; font-style: normal; text-decoration: none; font-family: Arial; vertical-align: middle; border: 1px solid #cccccc; white-space: nowrap; text-align: left; width: 572.277px;\">Mini Power Bank 5V10000mAh avec chargement rapide Type C et Micro USB<\/td>\n<\/tr>\n<tr style=\"height: 21pt;\">\n<td class=\"xl70\" style=\"padding: 0px; color: black; font-size: 10pt; font-weight: 400; font-style: normal; text-decoration: none; font-family: Arial; vertical-align: middle; border: 1px solid #cccccc; white-space: nowrap; height: 21pt; width: 173.267px;\" height=\"28\">Capacit\u00e9 r\u00e9elle<\/td>\n<td class=\"xl71\" style=\"padding: 0px; color: black; font-size: 10pt; font-weight: 400; font-style: normal; text-decoration: none; font-family: Arial; vertical-align: middle; border: 1px solid #cccccc; white-space: nowrap; text-align: left; width: 572.277px;\">10000mAh (batterie certifi\u00e9e)<\/td>\n<\/tr>\n<tr style=\"height: 21pt;\">\n<td class=\"xl70\" style=\"padding: 0px; color: black; font-size: 10pt; font-weight: 400; font-style: normal; text-decoration: none; font-family: Arial; vertical-align: middle; border: 1px solid #cccccc; white-space: nowrap; height: 21pt; width: 173.267px;\" height=\"28\">Entr\u00e9e 1<\/td>\n<td class=\"xl73\" style=\"padding: 0px; color: black; font-size: 10pt; font-weight: 400; font-style: normal; text-decoration: none; font-family: Arial; vertical-align: middle; border: 1px solid #cccccc; white-space: nowrap; width: 572.277px;\">Micro USB<\/td>\n<\/tr>\n<tr style=\"height: 21pt;\">\n<td class=\"xl74\" style=\"padding: 0px; color: windowtext; font-size: 10pt; font-weight: 400; font-style: normal; text-decoration: none; font-family: Arial; vertical-align: middle; border: 1px solid #cccccc; white-space: nowrap; height: 21pt; width: 173.267px;\" height=\"28\">Entr\u00e9e 2<\/td>\n<td class=\"xl75\" style=\"padding: 0px; color: windowtext; font-size: 10pt; font-weight: 400; font-style: normal; text-decoration: none; font-family: Arial; vertical-align: middle; border: 1px solid #cccccc; white-space: nowrap; text-align: left; width: 572.277px;\">Type C<\/td>\n<\/tr>\n<tr style=\"height: 21pt;\">\n<td class=\"xl74\" style=\"padding: 0px; color: windowtext; font-size: 10pt; font-weight: 400; font-style: normal; text-decoration: none; font-family: Arial; vertical-align: middle; border: 1px solid #cccccc; white-space: nowrap; height: 21pt; width: 173.267px;\" height=\"28\">Sortie 1<\/td>\n<td class=\"xl75\" style=\"padding: 0px; color: windowtext; font-size: 10pt; font-weight: 400; font-style: normal; text-decoration: none; font-family: Arial; vertical-align: middle; border: 1px solid #cccccc; white-space: nowrap; text-align: left; width: 572.277px;\">Charge rapide USB 5 V 2 A pour iPhone 12 en 40 minutes<\/td>\n<\/tr>\n<tr style=\"height: 21pt;\">\n<td class=\"xl74\" style=\"padding: 0px; color: windowtext; font-size: 10pt; font-weight: 400; font-style: normal; text-decoration: none; font-family: Arial; vertical-align: middle; border: 1px solid #cccccc; white-space: nowrap; height: 21pt; width: 173.267px;\" height=\"28\">Sortie 2<\/td>\n<td class=\"xl75\" style=\"padding: 0px; color: windowtext; font-size: 10pt; font-weight: 400; font-style: normal; text-decoration: none; font-family: Arial; vertical-align: middle; border: 1px solid #cccccc; white-space: nowrap; text-align: left; width: 572.277px;\">Charge rapide USB 5V 2A pour Huawei P40 en 50 minutes<\/td>\n<\/tr>\n<tr style=\"height: 21pt;\">\n<td class=\"xl77\" style=\"padding: 0px; color: windowtext; font-size: 10pt; font-weight: 400; font-style: normal; text-decoration: none; font-family: Arial; vertical-align: middle; border: 1px solid #cccccc; white-space: nowrap; text-align: left; height: 42pt; width: 173.267px;\" rowspan=\"2\" height=\"56\">Temps de sauvegarde<\/td>\n<td class=\"xl75\" style=\"padding: 0px; color: windowtext; font-size: 10pt; font-weight: 400; font-style: normal; text-decoration: none; font-family: Arial; vertical-align: middle; border: 1px solid #cccccc; white-space: nowrap; text-align: left; width: 572.277px;\">chargez l&#039;application Huawei Pro40 4 \u00e0 5 fois, l&#039;application iPhone 12 5 \u00e0 6 fois<\/td>\n<\/tr>\n<tr style=\"height: 21pt;\">\n<td class=\"xl75\" style=\"padding: 0px; color: windowtext; font-size: 10pt; font-weight: 400; font-style: normal; text-decoration: none; font-family: Arial; vertical-align: middle; border: 1px solid #cccccc; white-space: nowrap; text-align: left; height: 21pt; width: 572.277px;\" height=\"28\">autonomie de secours pour une LED de 5 W environ 7 \u00e0 8 heures<\/td>\n<\/tr>\n<tr style=\"height: 21pt;\">\n<td class=\"xl76\" style=\"padding: 0px; color: windowtext; font-size: 10pt; font-weight: 400; font-style: normal; text-decoration: none; font-family: Arial; vertical-align: middle; border: 1px solid #cccccc; white-space: nowrap; height: 21pt; width: 173.267px;\" height=\"28\">Indicateur de batterie<\/td>\n<td class=\"xl75\" style=\"padding: 0px; color: windowtext; font-size: 10pt; font-weight: 400; font-style: normal; text-decoration: none; font-family: Arial; vertical-align: middle; border: 1px solid #cccccc; white-space: nowrap; text-align: left; width: 572.277px;\">\u00c9cran LCD<\/td>\n<\/tr>\n<tr style=\"height: 21pt;\">\n<td class=\"xl74\" style=\"padding: 0px; color: windowtext; font-size: 10pt; font-weight: 400; font-style: normal; text-decoration: none; font-family: Arial; vertical-align: middle; border: 1px solid #cccccc; white-space: nowrap; height: 21pt; width: 173.267px;\" height=\"28\">Changer<\/td>\n<td class=\"xl75\" style=\"padding: 0px; color: windowtext; font-size: 10pt; font-weight: 400; font-style: normal; text-decoration: none; font-family: Arial; vertical-align: middle; border: 1px solid #cccccc; white-space: nowrap; text-align: left; width: 572.277px;\">Bouton marche\/arr\u00eat<\/td>\n<\/tr>\n<tr style=\"height: 21pt;\">\n<td class=\"xl74\" style=\"padding: 0px; color: windowtext; font-size: 10pt; font-weight: 400; font-style: normal; text-decoration: none; font-family: Arial; vertical-align: middle; border: 1px solid #cccccc; white-space: nowrap; height: 21pt; width: 173.267px;\" height=\"28\">Lampe de poche<\/td>\n<td class=\"xl75\" style=\"padding: 0px; color: windowtext; font-size: 10pt; font-weight: 400; font-style: normal; text-decoration: none; font-family: Arial; vertical-align: middle; border: 1px solid #cccccc; white-space: nowrap; text-align: left; width: 572.277px;\">Lampe de poche LED 2 pi\u00e8ces<\/td>\n<\/tr>\n<tr style=\"height: 21pt;\">\n<td class=\"xl74\" style=\"padding: 0px; color: windowtext; font-size: 10pt; font-weight: 400; font-style: normal; text-decoration: none; font-family: Arial; vertical-align: middle; border: 1px solid #cccccc; white-space: nowrap; height: 21pt; width: 173.267px;\" height=\"28\">Couleur du bo\u00eetier<\/td>\n<td class=\"xl75\" style=\"padding: 0px; color: windowtext; font-size: 10pt; font-weight: 400; font-style: normal; text-decoration: none; font-family: Arial; vertical-align: middle; border: 1px solid #cccccc; white-space: nowrap; text-align: left; width: 572.277px;\">Noir\/Blanc<\/td>\n<\/tr>\n<tr style=\"height: 21pt;\">\n<td class=\"xl74\" style=\"padding: 0px; color: windowtext; font-size: 10pt; font-weight: 400; font-style: normal; text-decoration: none; font-family: Arial; vertical-align: middle; border: 1px solid #cccccc; white-space: nowrap; height: 21pt; width: 173.267px;\" height=\"28\">Dimensions du bo\u00eetier<\/td>\n<td class=\"xl75\" style=\"padding: 0px; color: windowtext; font-size: 10pt; font-weight: 400; font-style: normal; text-decoration: none; font-family: Arial; vertical-align: middle; border: 1px solid #cccccc; white-space: nowrap; text-align: left; width: 572.277px;\">L138xL84xP42mm<\/td>\n<\/tr>\n<tr style=\"height: 21pt;\">\n<td class=\"xl70\" style=\"padding: 0px; color: black; font-size: 10pt; font-weight: 400; font-style: normal; text-decoration: none; font-family: Arial; vertical-align: middle; border: 1px solid #cccccc; white-space: nowrap; height: 21pt; width: 173.267px;\" height=\"28\">Poids<\/td>\n<td class=\"xl71\" style=\"padding: 0px; color: black; font-size: 10pt; font-weight: 400; font-style: normal; text-decoration: none; font-family: Arial; vertical-align: middle; border: 1px solid #cccccc; white-space: nowrap; text-align: left; width: 572.277px;\">302g<\/td>\n<\/tr>\n<tr style=\"height: 21pt;\">\n<td class=\"xl70\" style=\"padding: 0px; color: black; font-size: 10pt; font-weight: 400; font-style: normal; text-decoration: none; font-family: Arial; vertical-align: middle; border: 1px solid #cccccc; white-space: nowrap; height: 21pt; width: 173.267px;\" height=\"28\">Marque de la cellule de batterie<\/td>\n<td class=\"xl71\" style=\"padding: 0px; color: black; font-size: 10pt; font-weight: 400; font-style: normal; text-decoration: none; font-family: Arial; vertical-align: middle; border: 1px solid #cccccc; white-space: nowrap; text-align: left; width: 572.277px;\">Cellule de marque chinoise<\/td>\n<\/tr>\n<tr style=\"height: 21pt;\">\n<td class=\"xl70\" style=\"padding: 0px; color: black; font-size: 10pt; font-weight: 400; font-style: normal; text-decoration: none; font-family: Arial; vertical-align: middle; border: 1px solid #cccccc; white-space: nowrap; height: 21pt; width: 173.267px;\" height=\"28\">Protection de la batterie<\/td>\n<td class=\"xl72\" style=\"padding: 0px; color: black; font-size: 10pt; font-weight: 400; font-style: normal; text-decoration: none; font-family: Arial; vertical-align: middle; border: 1px solid #cccccc; white-space: normal; text-align: left; width: 572.277px;\">Protection contre la temp\u00e9rature, surcharge et d\u00e9charge, surintensit\u00e9, court-circuit<\/td>\n<\/tr>\n<tr style=\"height: 21pt;\">\n<td class=\"xl70\" style=\"padding: 0px; color: black; font-size: 10pt; font-weight: 400; font-style: normal; text-decoration: none; font-family: Arial; vertical-align: middle; border: 1px solid #cccccc; white-space: nowrap; height: 21pt; width: 173.267px;\" height=\"28\">Cycle de vie<\/td>\n<td class=\"xl71\" style=\"padding: 0px; color: black; font-size: 10pt; font-weight: 400; font-style: normal; text-decoration: none; font-family: Arial; vertical-align: middle; border: 1px solid #cccccc; white-space: nowrap; text-align: left; width: 572.277px;\">capacit\u00e9 de charge et de d\u00e9charge standard \u2265 80%, dur\u00e9e de vie du cycle \u2265 600 fois<\/td>\n<\/tr>\n<tr style=\"height: 21pt;\">\n<td class=\"xl70\" style=\"padding: 0px; color: black; font-size: 10pt; font-weight: 400; font-style: normal; text-decoration: none; font-family: Arial; vertical-align: middle; border: 1px solid #cccccc; white-space: nowrap; height: 21pt; width: 173.267px;\" height=\"28\">Application<\/td>\n<td class=\"xl71\" style=\"padding: 0px; color: black; font-size: 10pt; font-weight: 400; font-style: normal; text-decoration: none; font-family: Arial; vertical-align: middle; border: 1px solid #cccccc; white-space: nowrap; text-align: left; width: 572.277px;\">t\u00e9l\u00e9phone\/drone\/PTZ portable\/cam\u00e9ra de vid\u00e9osurveillance\/jouets\/lumi\u00e8res LED<\/td>\n<\/tr>\n<tr style=\"height: 21pt;\">\n<td class=\"xl70\" style=\"padding: 0px; color: black; font-size: 10pt; font-weight: 400; font-style: normal; text-decoration: none; font-family: Arial; vertical-align: middle; border: 1px solid #cccccc; white-space: nowrap; height: 21pt; width: 173.267px;\" height=\"28\">Emballer<\/td>\n<td class=\"xl71\" style=\"padding: 0px; color: black; font-size: 10pt; font-weight: 400; font-style: normal; text-decoration: none; font-family: Arial; vertical-align: middle; border: 1px solid #cccccc; white-space: nowrap; text-align: left; width: 572.277px;\">20 pi\u00e8ces dans un carton (46x30x32cm), environ 9 kg\/carton<\/td>\n<\/tr>\n<tr style=\"height: 21pt;\">\n<td class=\"xl70\" style=\"padding: 0px; color: black; font-size: 10pt; font-weight: 400; font-style: normal; text-decoration: none; font-family: Arial; vertical-align: middle; border: 1px solid #cccccc; white-space: nowrap; height: 21pt; width: 173.267px;\" height=\"28\">Garantie<\/td>\n<td class=\"xl71\" style=\"padding: 0px; color: black; font-size: 10pt; font-weight: 400; font-style: normal; text-decoration: none; font-family: Arial; vertical-align: middle; border: 1px solid #cccccc; white-space: nowrap; text-align: left; width: 572.277px;\">12 mois<\/td>\n<\/tr>\n<\/tbody>\n<\/table>\n<p align=\"left\" data-spm-anchor-id=\"a2700.wholesale.0.i15.2f7c6d9cTq6fXd\"><strong>FAQ.<\/strong><\/p>\n<p align=\"left\"><strong>Etes-vous un fabricant ?<\/strong><\/p>\n<p align=\"left\">Oui, Mylion est un fabricant.<\/p>\n<p align=\"left\"><strong>Puis-je avoir une commande d&#039;\u00e9chantillon ?<\/strong><\/p>\n<p align=\"left\">Oui, nous acceptons les commandes d&#039;\u00e9chantillons pour tester et v\u00e9rifier la qualit\u00e9.<\/p>\n<p align=\"left\"><strong>Qu&#039;en est-il du d\u00e9lai de livraison ?<\/strong><\/p>\n<p align=\"left\">1. L&#039;\u00e9chantillon n\u00e9cessite 3 \u00e0 5 jours<\/p>\n<p align=\"left\">2. Commande officielle, le temps de production en s\u00e9rie n\u00e9cessite 2 \u00e0 4 semaines<\/p>\n<p align=\"left\"><strong>Avez-vous une limite de MOQ ?<\/strong><\/p>\n<p align=\"left\">1. Pour les ventes au d\u00e9tail, nous n&#039;avons pas de MOQ., 1pc peut \u00eatre une commande.<\/p>\n<p align=\"left\">2. Pour les ventes en gros, nous avons MOQ pour un meilleur prix, normalement 100 pi\u00e8ces.<\/p>\n<p align=\"left\"><strong>Comment exp\u00e9diez-vous les marchandises et combien de temps faut-il pour qu&#039;elles arrivent ?<\/strong><\/p>\n<p align=\"left\">1. Pour les petites quantit\u00e9s, nous exp\u00e9dions souvent par express, le d\u00e9lai d&#039;arriv\u00e9e est d&#039;environ 3 \u00e0 10 jours dans diff\u00e9rents pays.<\/p>\n<p align=\"left\">2. Pour une commande officielle, nous vous sugg\u00e9rons d&#039;exp\u00e9dier par voie maritime pour r\u00e9duire les co\u00fbts. Aux \u00c9tats-Unis, le d\u00e9lai de livraison est d&#039;environ 20 \u00e0 25 jours, en Europe, le d\u00e9lai de livraison est d&#039;environ 25 \u00e0 30 jours.<\/p>\n<p align=\"left\"><strong>Comment proc\u00e9der \u00e0 une commande ?<\/strong><\/p>\n<p align=\"left\">1. Faites-nous part de vos besoins ou de votre application.<\/p>\n<p align=\"left\">2. Nous \u00e9tablissons un devis selon vos besoins ou nos suggestions.<\/p>\n<p align=\"left\">3. Le client confirme les \u00e9chantillons et verse un acompte pour la commande formelle.<\/p>\n<p align=\"left\">4. Nous organisons la production.<\/p>\n<p align=\"left\"><strong>Puis-je imprimer mon logo sur le produit ?<\/strong><\/p>\n<p align=\"left\">1. Pour les commandes en petite quantit\u00e9 ou les ventes au d\u00e9tail, aucun service personnalis\u00e9.<\/p>\n<p align=\"left\">2. Pour les ventes en gros, un service personnalis\u00e9 est le bienvenu, veuillez nous envoyer votre illustration.<\/p>\n<p align=\"left\" data-spm-anchor-id=\"a2700.wholesale.0.i16.2f7c6d9cTq6fXd\"><strong>Quels certificats poss\u00e9dez-vous ?<\/strong><\/p>\n<p align=\"left\">Nous avons CE\/FCC\/ROHS\/UN38.3\/MSDS\u2026etc. Nous promettons une bonne qualit\u00e9 \u00e0 nos clients.<\/p>\n<p align=\"left\"><strong>Qu&#039;en est-il de la garantie ?<\/strong><\/p>\n<p data-spm-anchor-id=\"a2700.wholesale.0.i13.2f7c6d9cTq6fXd\">Garantie 1 an<\/p>","protected":false},"excerpt":{"rendered":"<ul class=\"ul1\">\n<li class=\"li1\">Type : P425<\/li>\n<li class=\"li1\">Nom du produit : batterie de secours lithium-ion 5 V<\/li>\n<li class=\"li1\">Fonction : sortie USB 5 V multifonction<\/li>\n<li class=\"li1\">Capacit\u00e9 de la batterie : 10000mAh (batterie certifi\u00e9e)<\/li>\n<li class=\"li1\">Type de batterie : Batterie lithium-ion<\/li>\n<li class=\"li1\">Application : t\u00e9l\u00e9phone\/drone\/PTZ portable\/cam\u00e9ra de vid\u00e9osurveillance\/jouets\/lumi\u00e8res LED, etc.<\/li>\n<li class=\"li1\">Fonctionnalit\u00e9 : multifonction<span class=\"s2\">,<\/span>\u00a0petite taille grande capacit\u00e9<span class=\"s2\">,<\/span> portable<\/li>\n<li class=\"li1\">Lampe de poche : 2 lampes de poche LED<\/li>\n<li>Protection de la batterie : protection contre la temp\u00e9rature, surcharge et d\u00e9charge, surintensit\u00e9, court-circuit<\/li>\n<li>Garantie: 1 an<\/li>\n<\/ul>","protected":false},"featured_media":2239,"template":"","meta":{"_seopress_robots_primary_cat":"none","_seopress_titles_title":"5V 10000mah Portable Power Bank P425","_seopress_titles_desc":"5V 10000mah Portable Power Bank P425","_seopress_robots_index":"","site-sidebar-layout":"default","site-content-layout":"default","ast-site-content-layout":"default","site-content-style":"default","site-sidebar-style":"default","ast-global-header-display":"","ast-banner-title-visibility":"","ast-main-header-display":"","ast-hfb-above-header-display":"","ast-hfb-below-header-display":"","ast-hfb-mobile-header-display":"","site-post-title":"","ast-breadcrumbs-content":"","ast-featured-img":"","footer-sml-layout":"","theme-transparent-header-meta":"default","adv-header-id-meta":"","stick-header-meta":"","header-above-stick-meta":"","header-main-stick-meta":"","header-below-stick-meta":"","astra-migrate-meta-layouts":"default","ast-page-background-enabled":"default","ast-page-background-meta":{"desktop":{"background-color":"","background-image":"","background-repeat":"repeat","background-position":"center center","background-size":"auto","background-attachment":"scroll","background-type":"","background-media":"","overlay-type":"","overlay-color":"","overlay-opacity":"","overlay-gradient":""},"tablet":{"background-color":"","background-image":"","background-repeat":"repeat","background-position":"center center","background-size":"auto","background-attachment":"scroll","background-type":"","background-media":"","overlay-type":"","overlay-color":"","overlay-opacity":"","overlay-gradient":""},"mobile":{"background-color":"","background-image":"","background-repeat":"repeat","background-position":"center center","background-size":"auto","background-attachment":"scroll","background-type":"","background-media":"","overlay-type":"","overlay-color":"","overlay-opacity":"","overlay-gradient":""}},"ast-content-background-meta":{"desktop":{"background-color":"var(--ast-global-color-5)","background-image":"","background-repeat":"repeat","background-position":"center center","background-size":"auto","background-attachment":"scroll","background-type":"","background-media":"","overlay-type":"","overlay-color":"","overlay-opacity":"","overlay-gradient":""},"tablet":{"background-color":"var(--ast-global-color-5)","background-image":"","background-repeat":"repeat","background-position":"center center","background-size":"auto","background-attachment":"scroll","background-type":"","background-media":"","overlay-type":"","overlay-color":"","overlay-opacity":"","overlay-gradient":""},"mobile":{"background-color":"var(--ast-global-color-5)","background-image":"","background-repeat":"repeat","background-position":"center center","background-size":"auto","background-attachment":"scroll","background-type":"","background-media":"","overlay-type":"","overlay-color":"","overlay-opacity":"","overlay-gradient":""}}},"product_brand":[],"product_cat":[5],"product_tag":[],"class_list":{"0":"post-2237","1":"product","2":"type-product","3":"status-publish","4":"has-post-thumbnail","6":"product_cat-multi-function-powerbank-portable-battery-portable-power-supply-backup","7":"desktop-align-left","8":"tablet-align-left","9":"mobile-align-left","11":"first","12":"instock","13":"shipping-taxable","14":"product-type-simple"},"_links":{"self":[{"href":"https:\/\/ygspower.com\/fr\/wp-json\/wp\/v2\/product\/2237","targetHints":{"allow":["GET"]}}],"collection":[{"href":"https:\/\/ygspower.com\/fr\/wp-json\/wp\/v2\/product"}],"about":[{"href":"https:\/\/ygspower.com\/fr\/wp-json\/wp\/v2\/types\/product"}],"version-history":[{"count":0,"href":"https:\/\/ygspower.com\/fr\/wp-json\/wp\/v2\/product\/2237\/revisions"}],"wp:featuredmedia":[{"embeddable":true,"href":"https:\/\/ygspower.com\/fr\/wp-json\/wp\/v2\/media\/2239"}],"wp:attachment":[{"href":"https:\/\/ygspower.com\/fr\/wp-json\/wp\/v2\/media?parent=2237"}],"wp:term":[{"taxonomy":"product_brand","embeddable":true,"href":"https:\/\/ygspower.com\/fr\/wp-json\/wp\/v2\/product_brand?post=2237"},{"taxonomy":"product_cat","embeddable":true,"href":"https:\/\/ygspower.com\/fr\/wp-json\/wp\/v2\/product_cat?post=2237"},{"taxonomy":"product_tag","embeddable":true,"href":"https:\/\/ygspower.com\/fr\/wp-json\/wp\/v2\/product_tag?post=2237"}],"curies":[{"name":"wp","href":"https:\/\/api.w.org\/{rel}","templated":true}]}}