{"id":2246,"date":"2021-07-13T08:59:57","date_gmt":"2021-07-13T00:59:57","guid":{"rendered":"https:\/\/darksalmon-dugong-512221.hostingersite.com\/?post_type=product&#038;p=2246"},"modified":"2021-09-03T16:33:27","modified_gmt":"2021-09-03T08:33:27","slug":"11-1v12v-10ah-lithium-ion-battery-pack","status":"publish","type":"product","link":"https:\/\/ygspower.com\/fr\/produit\/11-1v12v-10ah-lithium-ion-battery-pack\/","title":{"rendered":"Pack de batteries lithium-ion 11,1 V 12 V 10 Ah"},"content":{"rendered":"<div class=\"ast-oembed-container\" style=\"height: 100%;\"><iframe title=\"S\u00e9rie de 11 piles au lithium 1 V\" width=\"500\" height=\"281\" src=\"https:\/\/www.youtube.com\/embed\/or6Kgnjjzwc?feature=oembed\" frameborder=\"0\" allow=\"accelerometer; autoplay; clipboard-write; encrypted-media; gyroscope; picture-in-picture; web-share\" referrerpolicy=\"strict-origin-when-cross-origin\" allowfullscreen><\/iframe><\/div>\n<p><img fetchpriority=\"high\" decoding=\"async\" src=\"https:\/\/sc04.alicdn.com\/kf\/H9214b827ad6b493dab60a63b305c0387w\/202118431\/H9214b827ad6b493dab60a63b305c0387w.jpg\" alt=\"11.1v 12v 10ah lithium ion battery pack\" width=\"750\" height=\"935\" data-src=\"\/\/sc04.alicdn.com\/kf\/H9214b827ad6b493dab60a63b305c0387w\/202118431\/H9214b827ad6b493dab60a63b305c0387w.jpg\" data-alt=\"11.1v 12v 10ah lithium ion battery pack\" \/><img decoding=\"async\" src=\"https:\/\/sc04.alicdn.com\/kf\/H25146ea48e1346ddbce788339c04a1a0I\/202118431\/H25146ea48e1346ddbce788339c04a1a0I.jpg\" alt=\"11.1v 12v 10ah lithium ion battery pack\" width=\"750\" height=\"1235\" data-src=\"\/\/sc04.alicdn.com\/kf\/H25146ea48e1346ddbce788339c04a1a0I\/202118431\/H25146ea48e1346ddbce788339c04a1a0I.jpg\" data-alt=\"11.1v 12v 10ah lithium ion battery pack\" \/><img decoding=\"async\" src=\"https:\/\/sc04.alicdn.com\/kf\/H867f7f7cacfd4a0db32e36613e2cafbf4\/202118431\/H867f7f7cacfd4a0db32e36613e2cafbf4.jpg\" alt=\"11.1v 12v 10ah lithium ion battery pack\" width=\"750\" height=\"1433\" data-src=\"\/\/sc04.alicdn.com\/kf\/H867f7f7cacfd4a0db32e36613e2cafbf4\/202118431\/H867f7f7cacfd4a0db32e36613e2cafbf4.jpg\" data-alt=\"11.1v 12v 10ah lithium ion battery pack\" \/><img loading=\"lazy\" decoding=\"async\" src=\"https:\/\/sc04.alicdn.com\/kf\/Hce4bffb9a8f1415d9bd2ef0e95952d57M\/202118431\/Hce4bffb9a8f1415d9bd2ef0e95952d57M.jpg\" alt=\"11.1v 12v 10ah lithium ion battery pack\" width=\"750\" height=\"2382\" data-src=\"\/\/sc04.alicdn.com\/kf\/Hce4bffb9a8f1415d9bd2ef0e95952d57M\/202118431\/Hce4bffb9a8f1415d9bd2ef0e95952d57M.jpg\" data-alt=\"11.1v 12v 10ah lithium ion battery pack\" \/><img loading=\"lazy\" decoding=\"async\" src=\"https:\/\/sc04.alicdn.com\/kf\/Hf5b0302d56c24e5c9fb66fbcb5470c136\/202118431\/Hf5b0302d56c24e5c9fb66fbcb5470c136.jpg\" alt=\"11.1v 12v 10ah lithium ion battery pack\" width=\"750\" height=\"2423\" data-src=\"\/\/sc04.alicdn.com\/kf\/Hf5b0302d56c24e5c9fb66fbcb5470c136\/202118431\/Hf5b0302d56c24e5c9fb66fbcb5470c136.jpg\" data-alt=\"11.1v 12v 10ah lithium ion battery pack\" \/><img loading=\"lazy\" decoding=\"async\" src=\"https:\/\/sc04.alicdn.com\/kf\/H1301d0c632d0433582a7633ef08f95b7P\/202118431\/H1301d0c632d0433582a7633ef08f95b7P.jpg\" alt=\"11.1v 12v 10ah lithium ion battery pack\" width=\"750\" height=\"1825\" data-src=\"\/\/sc04.alicdn.com\/kf\/H1301d0c632d0433582a7633ef08f95b7P\/202118431\/H1301d0c632d0433582a7633ef08f95b7P.jpg\" data-alt=\"11.1v 12v 10ah lithium ion battery pack\" \/><img loading=\"lazy\" decoding=\"async\" src=\"https:\/\/sc04.alicdn.com\/kf\/H7e951d86d50b4126b3933c220840b73f3\/202118431\/H7e951d86d50b4126b3933c220840b73f3.jpg\" alt=\"11.1v 12v 10ah lithium ion battery pack\" width=\"750\" height=\"886\" data-src=\"\/\/sc04.alicdn.com\/kf\/H7e951d86d50b4126b3933c220840b73f3\/202118431\/H7e951d86d50b4126b3933c220840b73f3.jpg\" data-alt=\"11.1v 12v 10ah lithium ion battery pack\" \/><\/p>\n<table border=\"1\" width=\"986\" cellspacing=\"0\" cellpadding=\"0\">\n<tbody>\n<tr>\n<td colspan=\"2\" width=\"986\" height=\"28\">Toutes les informations ci-dessous sont correctes et R\u00c9ELLES.<\/td>\n<\/tr>\n<tr>\n<td height=\"28\">Nom du produit<\/td>\n<td>Pack de batteries lithium-ion<\/td>\n<\/tr>\n<tr>\n<td height=\"28\">Nom du style<\/td>\n<td>11,1 V 10 Ah<\/td>\n<\/tr>\n<tr>\n<td height=\"28\">Capacit\u00e9 nominale<\/td>\n<td>10 Ah<\/td>\n<\/tr>\n<tr>\n<td height=\"28\">Tension nominale<\/td>\n<td>11,1 V<\/td>\n<\/tr>\n<tr>\n<td height=\"28\">Tension de charge maximale<\/td>\n<td>12,6 V<\/td>\n<\/tr>\n<tr>\n<td height=\"28\">Tension de coupure de d\u00e9charge<\/td>\n<td>9,0 V<\/td>\n<\/tr>\n<tr>\n<td height=\"28\">Courant de d\u00e9charge continu maximal<\/td>\n<td>1-2A<\/td>\n<\/tr>\n<tr>\n<td height=\"28\">Courant de charge<\/td>\n<td>1-2A<\/td>\n<\/tr>\n<tr>\n<td height=\"28\">Puissance de sortie<\/td>\n<td>111W<\/td>\n<\/tr>\n<tr>\n<td rowspan=\"2\" height=\"56\">Temps de travail<\/td>\n<td>Sortie 11,1 V 0,5 A (5,55 W) : environ 20 heures<\/td>\n<\/tr>\n<tr>\n<td height=\"28\">Sortie 11,1 V 1,0 A (11,1 W) : environ 10 heures<\/td>\n<\/tr>\n<tr>\n<td height=\"28\">Port de charge (IN)<\/td>\n<td rowspan=\"2\">fil conducteur ou fiche s\u00e9lectionn\u00e9e<\/td>\n<\/tr>\n<tr>\n<td height=\"28\">Orifice de d\u00e9charge (OUT)<\/td>\n<\/tr>\n<tr>\n<td height=\"28\">Couleur PVC<\/td>\n<td>Bleu<\/td>\n<\/tr>\n<tr>\n<td height=\"28\">Dimensions de la batterie (mm)<\/td>\n<td>130x54x42<\/td>\n<\/tr>\n<tr>\n<td height=\"28\">Poids<\/td>\n<td>Env. 540 g<\/td>\n<\/tr>\n<tr>\n<td height=\"28\">Marque de la cellule de batterie<\/td>\n<td>Cellule de marque chinoise (ou cellule Samsung LG Sony Sanyo Panasonic)<\/td>\n<\/tr>\n<tr>\n<td height=\"28\">Certification des cellules de batterie<\/td>\n<td>CB, CE, UL, UN38.3, BIS, KC, FDS, ROHS, CQC, SGS, CEM<\/td>\n<\/tr>\n<tr>\n<td height=\"28\">Protection de la batterie<\/td>\n<td>Surcharge et d\u00e9charge, surintensit\u00e9, court-circuit<\/td>\n<\/tr>\n<tr>\n<td height=\"28\">Cycle de vie<\/td>\n<td>capacit\u00e9 de charge et de d\u00e9charge standard \u2265 80% C5mAh, dur\u00e9e de vie du cycle \u2265 600<\/td>\n<\/tr>\n<tr>\n<td height=\"28\">Application<\/td>\n<td width=\"632\">Pulv\u00e9risateur de jardin, instrument m\u00e9dical, instrument d&#039;ext\u00e9rieur, commande de porte, LED solaire, remplacement de batterie au plomb 12 V, etc.<\/td>\n<\/tr>\n<tr>\n<td height=\"28\">Emballer<\/td>\n<td>15 pi\u00e8ces dans un carton (15x29x37cm), environ 9,2 kg\/carton<\/td>\n<\/tr>\n<tr>\n<td height=\"28\">Garantie<\/td>\n<td>12 mois<\/td>\n<\/tr>\n<\/tbody>\n<\/table>\n<p style=\"text-align: left;\" align=\"left\"><strong><span style=\"font-size: 12.0pt;\">FAQ.<\/span><\/strong><\/p>\n<p style=\"text-align: left;\" align=\"left\"><strong><span style=\"font-size: 12.0pt;\">Etes-vous un fabricant ?<\/span><\/strong><\/p>\n<p style=\"text-align: left;\" align=\"left\"><span style=\"font-size: 12.0pt;\">Oui<\/span><span style=\"font-size: 12.0pt;\">,<\/span><span style=\"font-size: 12.0pt;\">\u00a0Mylion est un fabricant.<\/span><\/p>\n<p style=\"text-align: left;\" align=\"left\"><strong><span style=\"font-size: 12.0pt;\">Puis-je avoir une commande d&#039;\u00e9chantillon ?<\/span><\/strong><\/p>\n<p style=\"text-align: left;\" align=\"left\"><span style=\"font-size: 12.0pt;\">Oui<\/span><span style=\"font-size: 12.0pt;\">,<\/span><span style=\"font-size: 12.0pt;\">\u00a0nous acceptons les commandes d&#039;\u00e9chantillons pour tester et v\u00e9rifier la qualit\u00e9.<\/span><\/p>\n<p style=\"text-align: left;\" align=\"left\"><strong><span style=\"font-size: 12.0pt;\">Qu&#039;en est-il du d\u00e9lai de livraison ?<\/span><\/strong><\/p>\n<p style=\"margin-left: 0cm; text-align: left;\" align=\"left\"><span style=\"font-size: 12.0pt;\">1.\u00a0\u00a0\u00a0\u00a0\u00a0\u00a0<\/span><span style=\"font-size: 12.0pt;\">L&#039;\u00e9chantillon n\u00e9cessite 3 \u00e0 5 jours<\/span><\/p>\n<p style=\"margin-left: 0cm; text-align: left;\" align=\"left\"><span style=\"font-size: 12.0pt;\">2.\u00a0\u00a0\u00a0\u00a0\u00a0\u00a0<\/span><span style=\"font-size: 12.0pt;\">Ordre officiel<\/span><span style=\"font-size: 12.0pt;\">,<\/span><span style=\"font-size: 12.0pt;\">Le d\u00e9lai de production en s\u00e9rie est de 2 \u00e0 4 semaines<\/span><\/p>\n<p style=\"text-align: left;\" align=\"left\"><strong><span style=\"font-size: 12.0pt;\">Avez-vous une limite de MOQ ?<\/span><\/strong><\/p>\n<p style=\"margin-left: 0cm; text-align: left;\" align=\"left\"><span style=\"font-size: 12.0pt;\">1.\u00a0\u00a0\u00a0\u00a0\u00a0\u00a0<\/span><span style=\"font-size: 12.0pt;\">Pour les d\u00e9taillants<\/span><span style=\"font-size: 12.0pt;\">,<\/span><span style=\"font-size: 12.0pt;\">nous n&#039;avons pas de MOQ.<\/span><span style=\"font-size: 12.0pt;\">,<\/span><span style=\"font-size: 12.0pt;\">1pc peut \u00eatre une commande.<\/span><\/p>\n<p style=\"margin-left: 0cm; text-align: left;\" align=\"left\"><span style=\"font-size: 12.0pt;\">2.\u00a0\u00a0\u00a0\u00a0\u00a0\u00a0<\/span><span style=\"font-size: 12.0pt;\">Pour les grossistes<\/span><span style=\"font-size: 12.0pt;\">,<\/span><span style=\"font-size: 12.0pt;\">nous avons MOQ pour un meilleur prix<\/span><span style=\"font-size: 12.0pt;\">,<\/span><span style=\"font-size: 12.0pt;\">\u00a0normalement 100 pi\u00e8ces.<\/span><\/p>\n<p style=\"text-align: left;\" align=\"left\"><strong><span style=\"font-size: 12.0pt;\">Comment exp\u00e9diez-vous les marchandises et combien de temps faut-il pour qu&#039;elles arrivent ?<\/span><\/strong><\/p>\n<p style=\"margin-left: 0cm; text-align: left;\" align=\"left\"><span style=\"font-size: 12.0pt;\">1.\u00a0\u00a0\u00a0\u00a0\u00a0\u00a0<\/span><span style=\"font-size: 12.0pt;\">Pour petite quantit\u00e9<\/span><span style=\"font-size: 12.0pt;\">,<\/span><span style=\"font-size: 12.0pt;\">nous exp\u00e9dions souvent par express<\/span><span style=\"font-size: 12.0pt;\">,<\/span><span style=\"font-size: 12.0pt;\">\u00a0le d\u00e9lai d&#039;arriv\u00e9e est d&#039;environ 3 \u00e0 10 jours dans diff\u00e9rents pays.<\/span><\/p>\n<p style=\"margin-left: 0cm; text-align: left;\" align=\"left\"><span style=\"font-size: 12.0pt;\">2.\u00a0\u00a0\u00a0\u00a0\u00a0\u00a0<\/span><span style=\"font-size: 12.0pt;\">Pour commande officielle<\/span><span style=\"font-size: 12.0pt;\">,<\/span><span style=\"font-size: 12.0pt;\">je sugg\u00e8re d&#039;exp\u00e9dier par voie maritime pour r\u00e9duire les co\u00fbts. Aux \u00c9tats-Unis<\/span><span style=\"font-size: 12.0pt;\">,<\/span><span style=\"font-size: 12.0pt;\">\u00a0le d\u00e9lai d&#039;arriv\u00e9e est d&#039;environ 20 \u00e0 25 jours<\/span><span style=\"font-size: 12.0pt;\">,<\/span><span style=\"font-size: 12.0pt;\">vers l&#039;Europe<\/span><span style=\"font-size: 12.0pt;\">,<\/span><span style=\"font-size: 12.0pt;\">le d\u00e9lai d&#039;arriv\u00e9e est d&#039;environ 25 \u00e0 30 jours.<\/span><\/p>\n<p style=\"text-align: left;\" align=\"left\"><strong><span style=\"font-size: 12.0pt;\">Comment proc\u00e9der \u00e0 une commande ?<\/span><\/strong><\/p>\n<p style=\"margin-left: 0cm; text-align: left;\" align=\"left\"><span style=\"font-size: 12.0pt;\">1.\u00a0\u00a0\u00a0\u00a0\u00a0\u00a0<\/span><span style=\"font-size: 12.0pt;\">Faites-nous part de vos besoins ou de votre application.<\/span><\/p>\n<p style=\"margin-left: 0cm; text-align: left;\" align=\"left\"><span style=\"font-size: 12.0pt;\">2.\u00a0\u00a0\u00a0\u00a0\u00a0\u00a0<\/span><span style=\"font-size: 12.0pt;\">Nous r\u00e9alisons des devis selon vos besoins ou nos suggestions.<\/span><\/p>\n<p style=\"margin-left: 0cm; text-align: left;\" align=\"left\"><span style=\"font-size: 12.0pt;\">3.\u00a0\u00a0\u00a0\u00a0\u00a0\u00a0<\/span><span style=\"font-size: 12.0pt;\">Le client confirme les \u00e9chantillons et verse un acompte pour la commande formelle.<\/span><\/p>\n<p style=\"margin-left: 0cm; text-align: left;\" align=\"left\"><span style=\"font-size: 12.0pt;\">4.\u00a0\u00a0\u00a0\u00a0\u00a0\u00a0<\/span><span style=\"font-size: 12.0pt;\">Nous organisons la production.<\/span><\/p>\n<p style=\"text-align: left;\" align=\"left\"><strong><span style=\"font-size: 12.0pt;\">Puis-je imprimer mon logo sur le produit ?<\/span><\/strong><\/p>\n<p style=\"margin-left: 0cm; text-align: left;\" align=\"left\"><span style=\"font-size: 12.0pt;\">1.\u00a0\u00a0\u00a0\u00a0\u00a0\u00a0<\/span><span style=\"font-size: 12.0pt;\">Pour les commandes en petites quantit\u00e9s ou au d\u00e9tail<\/span><span style=\"font-size: 12.0pt;\">,<\/span><span style=\"font-size: 12.0pt;\">\u00a0aucun service personnalis\u00e9.<\/span><\/p>\n<p style=\"margin-left: 0cm; text-align: left;\" align=\"left\"><span style=\"font-size: 12.0pt;\">2.\u00a0\u00a0\u00a0\u00a0\u00a0\u00a0<\/span><span style=\"font-size: 12.0pt;\">Pour les grossistes<\/span><span style=\"font-size: 12.0pt;\">,<\/span><span style=\"font-size: 12.0pt;\">Un service personnalis\u00e9 est le bienvenu<\/span><span style=\"font-size: 12.0pt;\">,<\/span><span style=\"font-size: 12.0pt;\">\u00a0S&#039;il vous pla\u00eet, envoyez-nous vos \u0153uvres d&#039;art.<\/span><\/p>\n<p style=\"text-align: left;\" align=\"left\"><strong><span style=\"font-size: 12.0pt;\">Quels certificats poss\u00e9dez-vous ?<\/span><\/strong><\/p>\n<p style=\"text-align: left;\" align=\"left\"><span style=\"font-size: 12.0pt;\">Nous avons CE\/FCC\/ROHS\/UN38.3\/MSDS\u2026etc. Nous promettons une bonne qualit\u00e9 \u00e0 nos clients.<\/span><\/p>\n<p style=\"text-align: left;\" align=\"left\"><strong><span style=\"font-size: 12.0pt;\">Qu&#039;en est-il de la garantie ?<\/span><\/strong><\/p>\n<p><span style=\"font-size: 12.0pt;\">Garantie de 2 ans<\/span><\/p>","protected":false},"excerpt":{"rendered":"<ul>\n<li>Tension de la batterie : 11,1 V 12 V<\/li>\n<li>Capacit\u00e9 de la batterie : 10000 mAh<\/li>\n<li>Type de batterie : batterie lithium-ion<\/li>\n<li>Cellule unique : 18650<\/li>\n<li>Le connecteur est s\u00e9lectionn\u00e9<\/li>\n<li>Le pack de batteries peut \u00eatre personnalis\u00e9<\/li>\n<li>Port de charge (IN)\/Port de d\u00e9charge (OUT) : c\u00e2ble ou fiche s\u00e9lectionn\u00e9e<\/li>\n<li>Dimensions de la batterie (mm) : 130x54x42<\/li>\n<li>Poids : environ 540 g<\/li>\n<li>Protection de la batterie : surcharge et d\u00e9charge, surintensit\u00e9, court-circuit<\/li>\n<\/ul>","protected":false},"featured_media":2248,"template":"","meta":{"_seopress_robots_primary_cat":"","_seopress_titles_title":"11.1V12V 10Ah Lithium Ion Battery Pack","_seopress_titles_desc":"11.1V12V 10Ah Lithium Ion Battery Pack","_seopress_robots_index":"","site-sidebar-layout":"default","site-content-layout":"default","ast-site-content-layout":"default","site-content-style":"default","site-sidebar-style":"default","ast-global-header-display":"","ast-banner-title-visibility":"","ast-main-header-display":"","ast-hfb-above-header-display":"","ast-hfb-below-header-display":"","ast-hfb-mobile-header-display":"","site-post-title":"","ast-breadcrumbs-content":"","ast-featured-img":"","footer-sml-layout":"","theme-transparent-header-meta":"default","adv-header-id-meta":"","stick-header-meta":"","header-above-stick-meta":"","header-main-stick-meta":"","header-below-stick-meta":"","astra-migrate-meta-layouts":"default","ast-page-background-enabled":"default","ast-page-background-meta":{"desktop":{"background-color":"","background-image":"","background-repeat":"repeat","background-position":"center center","background-size":"auto","background-attachment":"scroll","background-type":"","background-media":"","overlay-type":"","overlay-color":"","overlay-opacity":"","overlay-gradient":""},"tablet":{"background-color":"","background-image":"","background-repeat":"repeat","background-position":"center center","background-size":"auto","background-attachment":"scroll","background-type":"","background-media":"","overlay-type":"","overlay-color":"","overlay-opacity":"","overlay-gradient":""},"mobile":{"background-color":"","background-image":"","background-repeat":"repeat","background-position":"center center","background-size":"auto","background-attachment":"scroll","background-type":"","background-media":"","overlay-type":"","overlay-color":"","overlay-opacity":"","overlay-gradient":""}},"ast-content-background-meta":{"desktop":{"background-color":"var(--ast-global-color-5)","background-image":"","background-repeat":"repeat","background-position":"center center","background-size":"auto","background-attachment":"scroll","background-type":"","background-media":"","overlay-type":"","overlay-color":"","overlay-opacity":"","overlay-gradient":""},"tablet":{"background-color":"var(--ast-global-color-5)","background-image":"","background-repeat":"repeat","background-position":"center center","background-size":"auto","background-attachment":"scroll","background-type":"","background-media":"","overlay-type":"","overlay-color":"","overlay-opacity":"","overlay-gradient":""},"mobile":{"background-color":"var(--ast-global-color-5)","background-image":"","background-repeat":"repeat","background-position":"center center","background-size":"auto","background-attachment":"scroll","background-type":"","background-media":"","overlay-type":"","overlay-color":"","overlay-opacity":"","overlay-gradient":""}}},"product_brand":[],"product_cat":[23],"product_tag":[],"class_list":{"0":"post-2246","1":"product","2":"type-product","3":"status-publish","4":"has-post-thumbnail","6":"product_cat-customized-lithium-battery","7":"desktop-align-left","8":"tablet-align-left","9":"mobile-align-left","11":"first","12":"instock","13":"shipping-taxable","14":"product-type-simple"},"_links":{"self":[{"href":"https:\/\/ygspower.com\/fr\/wp-json\/wp\/v2\/product\/2246","targetHints":{"allow":["GET"]}}],"collection":[{"href":"https:\/\/ygspower.com\/fr\/wp-json\/wp\/v2\/product"}],"about":[{"href":"https:\/\/ygspower.com\/fr\/wp-json\/wp\/v2\/types\/product"}],"version-history":[{"count":0,"href":"https:\/\/ygspower.com\/fr\/wp-json\/wp\/v2\/product\/2246\/revisions"}],"wp:featuredmedia":[{"embeddable":true,"href":"https:\/\/ygspower.com\/fr\/wp-json\/wp\/v2\/media\/2248"}],"wp:attachment":[{"href":"https:\/\/ygspower.com\/fr\/wp-json\/wp\/v2\/media?parent=2246"}],"wp:term":[{"taxonomy":"product_brand","embeddable":true,"href":"https:\/\/ygspower.com\/fr\/wp-json\/wp\/v2\/product_brand?post=2246"},{"taxonomy":"product_cat","embeddable":true,"href":"https:\/\/ygspower.com\/fr\/wp-json\/wp\/v2\/product_cat?post=2246"},{"taxonomy":"product_tag","embeddable":true,"href":"https:\/\/ygspower.com\/fr\/wp-json\/wp\/v2\/product_tag?post=2246"}],"curies":[{"name":"wp","href":"https:\/\/api.w.org\/{rel}","templated":true}]}}