{"id":2290,"date":"2021-07-20T09:24:21","date_gmt":"2021-07-20T01:24:21","guid":{"rendered":"https:\/\/darksalmon-dugong-512221.hostingersite.com\/?post_type=product&#038;p=2290"},"modified":"2021-09-03T16:31:27","modified_gmt":"2021-09-03T08:31:27","slug":"mylion-14-8v-18650-5200mah-lithium-battery-pack-copy","status":"publish","type":"product","link":"https:\/\/ygspower.com\/fr\/produit\/mylion-14-8v-18650-5200mah-lithium-battery-pack-copy\/","title":{"rendered":"Pack de batteries au lithium Mylion 14,8 V 18650 5\u00a0200 mAh"},"content":{"rendered":"<div class=\"ast-oembed-container\" style=\"height: 100%;\"><iframe title=\"S\u00e9rie de 14 batteries au lithium 8 V\" width=\"500\" height=\"281\" src=\"https:\/\/www.youtube.com\/embed\/XyIazoRRUAQ?feature=oembed\" frameborder=\"0\" allow=\"accelerometer; autoplay; clipboard-write; encrypted-media; gyroscope; picture-in-picture; web-share\" referrerpolicy=\"strict-origin-when-cross-origin\" allowfullscreen><\/iframe><\/div>\n<p><img fetchpriority=\"high\" decoding=\"async\" src=\"http:\/\/sc04.alicdn.com\/kf\/Hedba7609c1ed4210b15fb8894f72f29fD\/248515790\/Hedba7609c1ed4210b15fb8894f72f29fD.jpg\" alt=\"mylion 14.8v battery 18650 5000mah,batterie ion lithium,lithium ion batteries for car\" width=\"750\" height=\"329\" data-src=\"http:\/\/sc04.alicdn.com\/kf\/Hedba7609c1ed4210b15fb8894f72f29fD\/248515790\/Hedba7609c1ed4210b15fb8894f72f29fD.jpg\" data-alt=\"mylion 14.8v battery 18650 5000mah,batterie ion lithium,lithium ion batteries for car\" data-spm-anchor-id=\"a2700.details.0.i15.16dc9107P8Tea7\" \/><img decoding=\"async\" src=\"http:\/\/sc04.alicdn.com\/kf\/Hc0be1dfb2e154fd682757bd44cc63959D\/248515790\/Hc0be1dfb2e154fd682757bd44cc63959D.jpg\" alt=\"mylion 14.8v battery 18650 5000mah,batterie ion lithium,lithium ion batteries for car\" width=\"750\" height=\"933\" data-src=\"http:\/\/sc04.alicdn.com\/kf\/Hc0be1dfb2e154fd682757bd44cc63959D\/248515790\/Hc0be1dfb2e154fd682757bd44cc63959D.jpg\" data-alt=\"mylion 14.8v battery 18650 5000mah,batterie ion lithium,lithium ion batteries for car\" \/><img decoding=\"async\" src=\"http:\/\/sc04.alicdn.com\/kf\/H59cf215b129d49f6865a1684a26fd4b4Y\/248515790\/H59cf215b129d49f6865a1684a26fd4b4Y.jpg\" alt=\"mylion 14.8v battery 18650 5000mah,batterie ion lithium,lithium ion batteries for car\" width=\"750\" height=\"1233\" data-src=\"http:\/\/sc04.alicdn.com\/kf\/H59cf215b129d49f6865a1684a26fd4b4Y\/248515790\/H59cf215b129d49f6865a1684a26fd4b4Y.jpg\" data-alt=\"mylion 14.8v battery 18650 5000mah,batterie ion lithium,lithium ion batteries for car\" \/><img loading=\"lazy\" decoding=\"async\" src=\"http:\/\/sc04.alicdn.com\/kf\/He111c0cddba44c85b0c8c67272103de8s\/248515790\/He111c0cddba44c85b0c8c67272103de8s.jpg\" alt=\"mylion 14.8v battery 18650 5000mah,batterie ion lithium,lithium ion batteries for car\" width=\"750\" height=\"1236\" data-src=\"http:\/\/sc04.alicdn.com\/kf\/He111c0cddba44c85b0c8c67272103de8s\/248515790\/He111c0cddba44c85b0c8c67272103de8s.jpg\" data-alt=\"mylion 14.8v battery 18650 5000mah,batterie ion lithium,lithium ion batteries for car\" \/><img loading=\"lazy\" decoding=\"async\" src=\"http:\/\/sc04.alicdn.com\/kf\/H28bb00bd971d4ec2b22c14bb218a00a1I\/248515790\/H28bb00bd971d4ec2b22c14bb218a00a1I.jpg\" alt=\"mylion 14.8v battery 18650 5000mah,batterie ion lithium,lithium ion batteries for car\" width=\"750\" height=\"1421\" data-src=\"http:\/\/sc04.alicdn.com\/kf\/H28bb00bd971d4ec2b22c14bb218a00a1I\/248515790\/H28bb00bd971d4ec2b22c14bb218a00a1I.jpg\" data-alt=\"mylion 14.8v battery 18650 5000mah,batterie ion lithium,lithium ion batteries for car\" \/><img loading=\"lazy\" decoding=\"async\" src=\"http:\/\/sc04.alicdn.com\/kf\/Heb98a02fef774f6f94759a3a71fbf07fG\/248515790\/Heb98a02fef774f6f94759a3a71fbf07fG.jpg\" alt=\"mylion 14.8v battery 18650 5000mah,batterie ion lithium,lithium ion batteries for car\" width=\"750\" height=\"2773\" data-src=\"http:\/\/sc04.alicdn.com\/kf\/Heb98a02fef774f6f94759a3a71fbf07fG\/248515790\/Heb98a02fef774f6f94759a3a71fbf07fG.jpg\" data-alt=\"mylion 14.8v battery 18650 5000mah,batterie ion lithium,lithium ion batteries for car\" \/><img loading=\"lazy\" decoding=\"async\" src=\"http:\/\/sc04.alicdn.com\/kf\/H837330eb7a8b46b6a55652da9a85aa0cE\/248515790\/H837330eb7a8b46b6a55652da9a85aa0cE.jpg\" alt=\"mylion 14.8v battery 18650 5000mah,batterie ion lithium,lithium ion batteries for car\" width=\"750\" height=\"1868\" data-src=\"http:\/\/sc04.alicdn.com\/kf\/H837330eb7a8b46b6a55652da9a85aa0cE\/248515790\/H837330eb7a8b46b6a55652da9a85aa0cE.jpg\" data-alt=\"mylion 14.8v battery 18650 5000mah,batterie ion lithium,lithium ion batteries for car\" data-spm-anchor-id=\"a2700.details.0.i21.16dc9107P8Tea7\" \/><img loading=\"lazy\" decoding=\"async\" src=\"http:\/\/sc04.alicdn.com\/kf\/H36d741b832cd47cbbf7f013fe00b6ed9B\/248515790\/H36d741b832cd47cbbf7f013fe00b6ed9B.jpg\" alt=\"mylion 14.8v battery 18650 5000mah,batterie ion lithium,lithium ion batteries for car\" width=\"750\" height=\"1816\" data-src=\"http:\/\/sc04.alicdn.com\/kf\/H36d741b832cd47cbbf7f013fe00b6ed9B\/248515790\/H36d741b832cd47cbbf7f013fe00b6ed9B.jpg\" data-alt=\"mylion 14.8v battery 18650 5000mah,batterie ion lithium,lithium ion batteries for car\" data-spm-anchor-id=\"a2700.details.0.i20.16dc9107P8Tea7\" \/><img loading=\"lazy\" decoding=\"async\" src=\"http:\/\/sc04.alicdn.com\/kf\/H453be81215ca4229addddd257be2accf3\/248515790\/H453be81215ca4229addddd257be2accf3.jpg\" alt=\"mylion 14.8v battery 18650 5000mah,batterie ion lithium,lithium ion batteries for car\" width=\"750\" height=\"898\" data-src=\"http:\/\/sc04.alicdn.com\/kf\/H453be81215ca4229addddd257be2accf3\/248515790\/H453be81215ca4229addddd257be2accf3.jpg\" data-alt=\"mylion 14.8v battery 18650 5000mah,batterie ion lithium,lithium ion batteries for car\" \/><\/p>\n<table border=\"1\" cellspacing=\"0\" cellpadding=\"0\">\n<tbody>\n<tr>\n<td colspan=\"2\" height=\"20\" data-spm-anchor-id=\"a2700.details.0.i17.1f799e46Kdug6q\">Toutes les informations ci-dessous sont correctes et R\u00c9ELLES.<\/td>\n<\/tr>\n<tr>\n<td height=\"20\">Nom du produit<\/td>\n<td>Pack de batteries lithium-ion<\/td>\n<\/tr>\n<tr>\n<td height=\"20\">Nom du style<\/td>\n<td>14,8 V 5 200 mAh<\/td>\n<\/tr>\n<tr>\n<td height=\"20\">Capacit\u00e9 nominale<\/td>\n<td>5200mAh<\/td>\n<\/tr>\n<tr>\n<td height=\"20\">Tension nominale<\/td>\n<td>14,8 V<\/td>\n<\/tr>\n<tr>\n<td height=\"20\">Tension de charge maximale<\/td>\n<td>16,8 V<\/td>\n<\/tr>\n<tr>\n<td height=\"20\">Tension de coupure de d\u00e9charge<\/td>\n<td>12V<\/td>\n<\/tr>\n<tr>\n<td height=\"20\">Courant de d\u00e9charge continu maximal<\/td>\n<td>1-2A<\/td>\n<\/tr>\n<tr>\n<td height=\"20\">Courant de charge<\/td>\n<td>1-2A<\/td>\n<\/tr>\n<tr>\n<td height=\"20\">Puissance de sortie<\/td>\n<td>76,96 W<\/td>\n<\/tr>\n<tr>\n<td rowspan=\"2\" height=\"40\">Temps de travail<\/td>\n<td>Sortie 14,8 V 0,5 A (7,4 W) : environ 10,4 heures<\/td>\n<\/tr>\n<tr>\n<td>Sortie 14,8 V 1,0 A (14,8 W) : environ 5,8 heures<\/td>\n<\/tr>\n<tr>\n<td height=\"20\">Port de charge (IN)<\/td>\n<td rowspan=\"2\">DC.2.5\u00d75.5 ou prise s\u00e9lectionn\u00e9e<\/td>\n<\/tr>\n<tr>\n<td height=\"20\">Orifice de d\u00e9charge (OUT)<\/td>\n<\/tr>\n<tr>\n<td height=\"20\">Couleur PVC<\/td>\n<td>Bleu<\/td>\n<\/tr>\n<tr>\n<td height=\"20\">Dimensions de la batterie (mm)<\/td>\n<td>130x72x22<\/td>\n<\/tr>\n<tr>\n<td height=\"20\">Poids<\/td>\n<td>Env. 360 g<\/td>\n<\/tr>\n<tr>\n<td height=\"20\">Marque de la cellule de batterie<\/td>\n<td>Cellule de marque chinoise (ou cellule Samsung LG Sony Sanyo Panasonic)<\/td>\n<\/tr>\n<tr>\n<td height=\"20\">Certification des cellules de batterie<\/td>\n<td>CB, CE, UL, UN38.3, BIS, KC, FDS, ROHS, CQC, SGS, CEM<\/td>\n<\/tr>\n<tr>\n<td height=\"20\">Protection de la batterie<\/td>\n<td>Surcharge et d\u00e9charge, surintensit\u00e9, court-circuit<\/td>\n<\/tr>\n<tr>\n<td height=\"20\">Cycle de vie<\/td>\n<td>capacit\u00e9 de charge et de d\u00e9charge standard \u2265 80% C5mAh, dur\u00e9e de vie du cycle \u2265 600<\/td>\n<\/tr>\n<tr>\n<td height=\"20\">Application<\/td>\n<td>Pulv\u00e9risateur de jardin, instrument m\u00e9dical, aspirateur intelligent, instrument d&#039;ext\u00e9rieur, commande de porte, LED solaire, remplacement de batterie au plomb 12 V, etc.<\/td>\n<\/tr>\n<tr>\n<td height=\"20\">Emballer<\/td>\n<td>20 pi\u00e8ces dans un carton (15x29x37cm), environ 8,2 kg\/carton<\/td>\n<\/tr>\n<tr>\n<td height=\"20\">Garantie<\/td>\n<td data-spm-anchor-id=\"a2700.details.0.i16.1f799e46Kdug6q\">12 mois<\/td>\n<\/tr>\n<\/tbody>\n<\/table>","protected":false},"excerpt":{"rendered":"<ul>\n<li>Tension de la batterie : 14,8 V<\/li>\n<li>Capacit\u00e9 de la batterie : 5200 mAh<\/li>\n<li>Type de batterie : batterie lithium-ion<\/li>\n<li>Cellule unique : 18650<\/li>\n<li>Le connecteur est s\u00e9lectionn\u00e9<\/li>\n<li>Le pack de batteries peut \u00eatre personnalis\u00e9<\/li>\n<li>Port de charge (IN)\/Port de d\u00e9charge (OUT) : c\u00e2ble ou fiche s\u00e9lectionn\u00e9e<\/li>\n<li>Dimensions de la batterie (mm) : 130x72x22<\/li>\n<li>Poids : 360g<\/li>\n<li>Protection de la batterie : surcharge et d\u00e9charge, surintensit\u00e9, court-circuit<\/li>\n<\/ul>","protected":false},"featured_media":2291,"template":"","meta":{"_seopress_robots_primary_cat":"none","_seopress_titles_title":"batteries plus near me","_seopress_titles_desc":"batteries plus near me","_seopress_robots_index":"","site-sidebar-layout":"default","site-content-layout":"default","ast-site-content-layout":"default","site-content-style":"default","site-sidebar-style":"default","ast-global-header-display":"","ast-banner-title-visibility":"","ast-main-header-display":"","ast-hfb-above-header-display":"","ast-hfb-below-header-display":"","ast-hfb-mobile-header-display":"","site-post-title":"","ast-breadcrumbs-content":"","ast-featured-img":"","footer-sml-layout":"","theme-transparent-header-meta":"default","adv-header-id-meta":"","stick-header-meta":"","header-above-stick-meta":"","header-main-stick-meta":"","header-below-stick-meta":"","astra-migrate-meta-layouts":"default","ast-page-background-enabled":"default","ast-page-background-meta":{"desktop":{"background-color":"","background-image":"","background-repeat":"repeat","background-position":"center center","background-size":"auto","background-attachment":"scroll","background-type":"","background-media":"","overlay-type":"","overlay-color":"","overlay-opacity":"","overlay-gradient":""},"tablet":{"background-color":"","background-image":"","background-repeat":"repeat","background-position":"center center","background-size":"auto","background-attachment":"scroll","background-type":"","background-media":"","overlay-type":"","overlay-color":"","overlay-opacity":"","overlay-gradient":""},"mobile":{"background-color":"","background-image":"","background-repeat":"repeat","background-position":"center center","background-size":"auto","background-attachment":"scroll","background-type":"","background-media":"","overlay-type":"","overlay-color":"","overlay-opacity":"","overlay-gradient":""}},"ast-content-background-meta":{"desktop":{"background-color":"var(--ast-global-color-5)","background-image":"","background-repeat":"repeat","background-position":"center center","background-size":"auto","background-attachment":"scroll","background-type":"","background-media":"","overlay-type":"","overlay-color":"","overlay-opacity":"","overlay-gradient":""},"tablet":{"background-color":"var(--ast-global-color-5)","background-image":"","background-repeat":"repeat","background-position":"center center","background-size":"auto","background-attachment":"scroll","background-type":"","background-media":"","overlay-type":"","overlay-color":"","overlay-opacity":"","overlay-gradient":""},"mobile":{"background-color":"var(--ast-global-color-5)","background-image":"","background-repeat":"repeat","background-position":"center center","background-size":"auto","background-attachment":"scroll","background-type":"","background-media":"","overlay-type":"","overlay-color":"","overlay-opacity":"","overlay-gradient":""}}},"product_brand":[],"product_cat":[23],"product_tag":[],"class_list":{"0":"post-2290","1":"product","2":"type-product","3":"status-publish","4":"has-post-thumbnail","6":"product_cat-customized-lithium-battery","7":"desktop-align-left","8":"tablet-align-left","9":"mobile-align-left","11":"first","12":"instock","13":"shipping-taxable","14":"product-type-simple"},"_links":{"self":[{"href":"https:\/\/ygspower.com\/fr\/wp-json\/wp\/v2\/product\/2290","targetHints":{"allow":["GET"]}}],"collection":[{"href":"https:\/\/ygspower.com\/fr\/wp-json\/wp\/v2\/product"}],"about":[{"href":"https:\/\/ygspower.com\/fr\/wp-json\/wp\/v2\/types\/product"}],"version-history":[{"count":0,"href":"https:\/\/ygspower.com\/fr\/wp-json\/wp\/v2\/product\/2290\/revisions"}],"wp:featuredmedia":[{"embeddable":true,"href":"https:\/\/ygspower.com\/fr\/wp-json\/wp\/v2\/media\/2291"}],"wp:attachment":[{"href":"https:\/\/ygspower.com\/fr\/wp-json\/wp\/v2\/media?parent=2290"}],"wp:term":[{"taxonomy":"product_brand","embeddable":true,"href":"https:\/\/ygspower.com\/fr\/wp-json\/wp\/v2\/product_brand?post=2290"},{"taxonomy":"product_cat","embeddable":true,"href":"https:\/\/ygspower.com\/fr\/wp-json\/wp\/v2\/product_cat?post=2290"},{"taxonomy":"product_tag","embeddable":true,"href":"https:\/\/ygspower.com\/fr\/wp-json\/wp\/v2\/product_tag?post=2290"}],"curies":[{"name":"wp","href":"https:\/\/api.w.org\/{rel}","templated":true}]}}