{"id":2492,"date":"2021-08-03T02:42:34","date_gmt":"2021-08-02T18:42:34","guid":{"rendered":"https:\/\/darksalmon-dugong-512221.hostingersite.com\/?post_type=product&#038;p=2492"},"modified":"2022-04-20T18:07:15","modified_gmt":"2022-04-20T10:07:15","slug":"life-po4-lithium-ion-battery-12v-24ah","status":"publish","type":"product","link":"https:\/\/ygspower.com\/fr\/produit\/life-po4-lithium-ion-battery-12v-24ah\/","title":{"rendered":"Batterie lithium-ion LiFe PO4 12 V 24 Ah"},"content":{"rendered":"<p><strong>Mylion LFP 1224U, batterie Lifepo4 12 V 24 Ah, batterie de secours au lithium-ion, batterie au plomb-acide de remplacement avec USB, sortie CC, indicateur de batterie LCD<\/strong><\/p>\n<p><img fetchpriority=\"high\" decoding=\"async\" src=\"https:\/\/sc04.alicdn.com\/kf\/H29c29884ee284ea49152bcf0e4ba5c83c\/202118431\/H29c29884ee284ea49152bcf0e4ba5c83c.jpg\" alt=\"mylion lfp1218u 12v 18ah lifepo4 battery lithium ion battery backup lead acid battery replacement with usb dc output\" width=\"750\" height=\"326\" data-src=\"\/\/sc04.alicdn.com\/kf\/H29c29884ee284ea49152bcf0e4ba5c83c\/202118431\/H29c29884ee284ea49152bcf0e4ba5c83c.jpg\" data-alt=\"mylion lfp1218u 12v 18ah lifepo4 battery lithium ion battery backup lead acid battery replacement with usb dc output\" \/><img decoding=\"async\" src=\"https:\/\/sc04.alicdn.com\/kf\/H7f913399b9ec4689aea6f0f59b8348e1Q\/202118431\/H7f913399b9ec4689aea6f0f59b8348e1Q.jpg\" alt=\"mylion lfp1218u 12v 18ah lifepo4 battery lithium ion battery backup lead acid battery replacement with usb dc output\" width=\"750\" height=\"1894\" data-src=\"\/\/sc04.alicdn.com\/kf\/H7f913399b9ec4689aea6f0f59b8348e1Q\/202118431\/H7f913399b9ec4689aea6f0f59b8348e1Q.jpg\" data-alt=\"mylion lfp1218u 12v 18ah lifepo4 battery lithium ion battery backup lead acid battery replacement with usb dc output\" \/><img decoding=\"async\" src=\"https:\/\/sc04.alicdn.com\/kf\/Hb305ac6c7e0c42038397286700417159w\/202118431\/Hb305ac6c7e0c42038397286700417159w.jpg\" alt=\"mylion lfp1218u 12v 18ah lifepo4 battery lithium ion battery backup lead acid battery replacement with usb dc output\" width=\"750\" height=\"2037\" data-src=\"\/\/sc04.alicdn.com\/kf\/Hb305ac6c7e0c42038397286700417159w\/202118431\/Hb305ac6c7e0c42038397286700417159w.jpg\" data-alt=\"mylion lfp1218u 12v 18ah lifepo4 battery lithium ion battery backup lead acid battery replacement with usb dc output\" \/><img loading=\"lazy\" decoding=\"async\" src=\"https:\/\/sc04.alicdn.com\/kf\/Hc90910afd7e34750bc17dfdc3b963dfem\/202118431\/Hc90910afd7e34750bc17dfdc3b963dfem.jpg\" alt=\"mylion lfp1218u 12v 18ah lifepo4 battery lithium ion battery backup lead acid battery replacement with usb dc output\" width=\"750\" height=\"3101\" data-src=\"\/\/sc04.alicdn.com\/kf\/Hc90910afd7e34750bc17dfdc3b963dfem\/202118431\/Hc90910afd7e34750bc17dfdc3b963dfem.jpg\" data-alt=\"mylion lfp1218u 12v 18ah lifepo4 battery lithium ion battery backup lead acid battery replacement with usb dc output\" \/><img loading=\"lazy\" decoding=\"async\" src=\"https:\/\/sc04.alicdn.com\/kf\/H81e4b59b93e34874a9175e87fe45cea70\/202118431\/H81e4b59b93e34874a9175e87fe45cea70.jpg\" alt=\"mylion lfp1218u 12v 18ah lifepo4 battery lithium ion battery backup lead acid battery replacement with usb dc output\" width=\"750\" height=\"1951\" data-src=\"\/\/sc04.alicdn.com\/kf\/H81e4b59b93e34874a9175e87fe45cea70\/202118431\/H81e4b59b93e34874a9175e87fe45cea70.jpg\" data-alt=\"mylion lfp1218u 12v 18ah lifepo4 battery lithium ion battery backup lead acid battery replacement with usb dc output\" \/><img loading=\"lazy\" decoding=\"async\" src=\"https:\/\/sc04.alicdn.com\/kf\/H1c09d3dbe1234860a3e042a88ce0b22bL\/202118431\/H1c09d3dbe1234860a3e042a88ce0b22bL.jpg\" alt=\"mylion lfp1218u 12v 18ah lifepo4 battery lithium ion battery backup lead acid battery replacement with usb dc output\" width=\"750\" height=\"2031\" data-src=\"\/\/sc04.alicdn.com\/kf\/H1c09d3dbe1234860a3e042a88ce0b22bL\/202118431\/H1c09d3dbe1234860a3e042a88ce0b22bL.jpg\" data-alt=\"mylion lfp1218u 12v 18ah lifepo4 battery lithium ion battery backup lead acid battery replacement with usb dc output\" \/><\/p>\n<table width=\"925\">\n<tbody>\n<tr>\n<td width=\"341\">Nom du produit<\/td>\n<td width=\"584\">Pack de batteries lithium fer phosphate<\/td>\n<\/tr>\n<tr>\n<td>Nom du style<\/td>\n<td>Batterie LiFe PO4 12V24Ah<\/td>\n<\/tr>\n<tr>\n<td>Capacit\u00e9 nominale<\/td>\n<td>24 Ah<\/td>\n<\/tr>\n<tr>\n<td>Tension nominale<\/td>\n<td>12V<\/td>\n<\/tr>\n<tr>\n<td>Tension de charge maximale<\/td>\n<td>14,6 V<\/td>\n<\/tr>\n<tr>\n<td>Tension de coupure de d\u00e9charge<\/td>\n<td>10 V<\/td>\n<\/tr>\n<tr>\n<td>Courant de d\u00e9charge continu maximal<\/td>\n<td>20A<\/td>\n<\/tr>\n<tr>\n<td>Courant de charge<\/td>\n<td>3A<\/td>\n<\/tr>\n<tr>\n<td>Puissance de sortie<\/td>\n<td>307W<\/td>\n<\/tr>\n<tr>\n<td rowspan=\"2\">Temps de travail<\/td>\n<td>Sortie 12 V 0,5 A (6 W) : environ 52 heures<\/td>\n<\/tr>\n<tr>\n<td>Sortie 12 V 1,0 A (12 W) : environ 26 heures<\/td>\n<\/tr>\n<tr>\n<td>Port de charge (IN)<\/td>\n<td>DC.5.5\u00d72.1<\/td>\n<\/tr>\n<tr>\n<td>Port de d\u00e9charge 1 (OUT)<\/td>\n<td>Trou m\u00e9tallique (rouge + noir-)<\/td>\n<\/tr>\n<tr>\n<td>Port de d\u00e9charge 2 (OUT)<\/td>\n<td>2 piles USB 5 V 2 A<\/td>\n<\/tr>\n<tr>\n<td>\u00c9cran LCD<\/td>\n<td>\u00c9cran LCD Affichage de l&#039;\u00e9quilibre de la tension<\/td>\n<\/tr>\n<tr>\n<td>Interrupteur ON\/OFF<\/td>\n<td>commutateur d&#039;affichage d&#039;\u00e9quilibre de tension<\/td>\n<\/tr>\n<tr>\n<td>Bo\u00eetier en plastique ABS<\/td>\n<td>Coffret en plastique bleu avec poign\u00e9e<\/td>\n<\/tr>\n<tr>\n<td>Dimensions du bo\u00eetier de la batterie (mm)<\/td>\n<td>L300xL230 xP52mm<\/td>\n<\/tr>\n<tr>\n<td>Poids<\/td>\n<td>Environ 3 kg<\/td>\n<\/tr>\n<tr>\n<td>Marque de la cellule de batterie<\/td>\n<td>Cellule de marque chinoise<\/td>\n<\/tr>\n<tr>\n<td>Protection de la batterie<\/td>\n<td>Surcharge et d\u00e9charge, surintensit\u00e9, court-circuit<\/td>\n<\/tr>\n<tr>\n<td>Cycle de vie<\/td>\n<td>capacit\u00e9 de charge et de d\u00e9charge standard \u2265 80% C5mAh, dur\u00e9e de vie du cycle \u2265 1500<\/td>\n<\/tr>\n<tr>\n<td>Application<\/td>\n<td width=\"584\">\u00c9clairage, pulv\u00e9risateur de jardin, instrument ext\u00e9rieur, commande de porte, LED solaire, remplacement de batterie au plomb 12 V, etc.<\/td>\n<\/tr>\n<tr>\n<td>Emballer<\/td>\n<td>3 pi\u00e8ces dans un carton (36x21x30cm), environ 9,5 kg\/carton<\/td>\n<\/tr>\n<tr>\n<td>Garantie<\/td>\n<td>12 mois<\/td>\n<\/tr>\n<\/tbody>\n<\/table>\n<p><strong style=\"font-size: 16px;\"><strong style=\"font-size: 16px;\"><span style=\"font-size: 16px;\">Oui, Mylion est un fabricant.<\/span>Etes-vous un fabricant ?<\/strong>FAQ.<\/strong><\/p>\n<p align=\"left\"><strong>Puis-je avoir une commande d&#039;\u00e9chantillon ?<\/strong><\/p>\n<p align=\"left\">Oui, nous acceptons les commandes d&#039;\u00e9chantillons pour tester et v\u00e9rifier la qualit\u00e9.<\/p>\n<p align=\"left\"><strong>Qu&#039;en est-il du d\u00e9lai de livraison ?<\/strong><\/p>\n<p align=\"left\">1. L&#039;\u00e9chantillon n\u00e9cessite 3 \u00e0 5 jours<\/p>\n<p align=\"left\">2. Commande officielle, le temps de production en s\u00e9rie n\u00e9cessite 2 \u00e0 4 semaines<\/p>\n<p align=\"left\"><strong>Avez-vous une limite de MOQ ?<\/strong><\/p>\n<p align=\"left\">1. Pour les ventes au d\u00e9tail, nous n&#039;avons pas de MOQ., 1pc peut \u00eatre une commande.<\/p>\n<p align=\"left\">2. Pour les ventes en gros, nous avons MOQ pour un meilleur prix, normalement 100 pi\u00e8ces.<\/p>\n<p align=\"left\"><strong>Comment exp\u00e9diez-vous les marchandises et combien de temps faut-il pour qu&#039;elles arrivent ?<\/strong><\/p>\n<p align=\"left\">1. Pour les petites quantit\u00e9s, nous exp\u00e9dions souvent par express, le d\u00e9lai d&#039;arriv\u00e9e est d&#039;environ 3 \u00e0 10 jours dans diff\u00e9rents pays.<\/p>\n<p align=\"left\">2. Pour une commande officielle, nous vous sugg\u00e9rons d&#039;exp\u00e9dier par voie maritime pour r\u00e9duire les co\u00fbts. Aux \u00c9tats-Unis, le d\u00e9lai de livraison est d&#039;environ 20 \u00e0 25 jours, en Europe, le d\u00e9lai de livraison est d&#039;environ 25 \u00e0 30 jours.<\/p>\n<p align=\"left\"><strong>Comment proc\u00e9der \u00e0 une commande ?<\/strong><\/p>\n<p align=\"left\">1. Faites-nous part de vos besoins ou de votre application.<\/p>\n<p align=\"left\">2. Nous \u00e9tablissons un devis selon vos besoins ou nos suggestions.<\/p>\n<p align=\"left\">3. Le client confirme les \u00e9chantillons et verse un acompte pour la commande formelle.<\/p>\n<p align=\"left\">4. Nous organisons la production.<\/p>\n<p align=\"left\"><strong>Puis-je imprimer mon logo sur le produit ?<\/strong><\/p>\n<p align=\"left\">1. Pour les commandes en petite quantit\u00e9 ou les ventes au d\u00e9tail, aucun service personnalis\u00e9.<\/p>\n<p align=\"left\">2. Pour les ventes en gros, un service personnalis\u00e9 est le bienvenu, veuillez nous envoyer votre illustration.<\/p>\n<p align=\"left\"><strong>Quels certificats poss\u00e9dez-vous ?<\/strong><\/p>\n<p align=\"left\">Nous avons CE\/FCC\/ROHS\/UN38.3\/MSDS\u2026etc. Nous promettons une bonne qualit\u00e9 \u00e0 nos clients.<\/p>\n<p align=\"left\"><strong>Qu&#039;en est-il de la garantie ?<\/strong><\/p>\n<p>Garantie de 2 ans<\/p>","protected":false},"excerpt":{"rendered":"<p>Batterie de secours au lithium-ion Mylion LiFe PO4 12 V 24 Ah<\/p>\n<ul>\n<li>Type de batterie : batterie lifepo4<\/li>\n<li>Tension de la batterie : 12v<\/li>\n<li>Capacit\u00e9 de la batterie : 24000 mAh<\/li>\n<li>Taille : L300xL230 xP52mm<\/li>\n<li>Poids : 3 kg<\/li>\n<li>Port de charge (IN) : DC.5.5\u00d72.1<\/li>\n<li>Dur\u00e9e de fonctionnement : Sortie 12 V 0,5 A (6 W) : environ 52 heures<\/li>\n<li>Port de d\u00e9charge (OUT) : Trou m\u00e9tallique (rouge + noir-)<\/li>\n<li>Le pack de batteries peut \u00eatre personnalis\u00e9<\/li>\n<li>Application : \u00e9clairage, pulv\u00e9risateur de jardin, instrument ext\u00e9rieur, commande de porte, LED solaire, remplacement de batterie au plomb 12 V, etc.<\/li>\n<li>Garantie: 2 ans<\/li>\n<li>Protection : protection contre la temp\u00e9rature, surcharge et d\u00e9charge, surintensit\u00e9, court-circuit<\/li>\n<\/ul>","protected":false},"featured_media":2487,"template":"","meta":{"_seopress_robots_primary_cat":"none","_seopress_titles_title":"LiFe PO4 Lithium Ion battery 12V 24Ah","_seopress_titles_desc":"LiFe PO4 Lithium Ion battery 12V 24Ah","_seopress_robots_index":"","site-sidebar-layout":"default","site-content-layout":"default","ast-site-content-layout":"default","site-content-style":"default","site-sidebar-style":"default","ast-global-header-display":"","ast-banner-title-visibility":"","ast-main-header-display":"","ast-hfb-above-header-display":"","ast-hfb-below-header-display":"","ast-hfb-mobile-header-display":"","site-post-title":"","ast-breadcrumbs-content":"","ast-featured-img":"","footer-sml-layout":"","theme-transparent-header-meta":"default","adv-header-id-meta":"","stick-header-meta":"","header-above-stick-meta":"","header-main-stick-meta":"","header-below-stick-meta":"","astra-migrate-meta-layouts":"default","ast-page-background-enabled":"default","ast-page-background-meta":{"desktop":{"background-color":"","background-image":"","background-repeat":"repeat","background-position":"center center","background-size":"auto","background-attachment":"scroll","background-type":"","background-media":"","overlay-type":"","overlay-color":"","overlay-opacity":"","overlay-gradient":""},"tablet":{"background-color":"","background-image":"","background-repeat":"repeat","background-position":"center center","background-size":"auto","background-attachment":"scroll","background-type":"","background-media":"","overlay-type":"","overlay-color":"","overlay-opacity":"","overlay-gradient":""},"mobile":{"background-color":"","background-image":"","background-repeat":"repeat","background-position":"center center","background-size":"auto","background-attachment":"scroll","background-type":"","background-media":"","overlay-type":"","overlay-color":"","overlay-opacity":"","overlay-gradient":""}},"ast-content-background-meta":{"desktop":{"background-color":"var(--ast-global-color-5)","background-image":"","background-repeat":"repeat","background-position":"center center","background-size":"auto","background-attachment":"scroll","background-type":"","background-media":"","overlay-type":"","overlay-color":"","overlay-opacity":"","overlay-gradient":""},"tablet":{"background-color":"var(--ast-global-color-5)","background-image":"","background-repeat":"repeat","background-position":"center center","background-size":"auto","background-attachment":"scroll","background-type":"","background-media":"","overlay-type":"","overlay-color":"","overlay-opacity":"","overlay-gradient":""},"mobile":{"background-color":"var(--ast-global-color-5)","background-image":"","background-repeat":"repeat","background-position":"center center","background-size":"auto","background-attachment":"scroll","background-type":"","background-media":"","overlay-type":"","overlay-color":"","overlay-opacity":"","overlay-gradient":""}}},"product_brand":[],"product_cat":[28],"product_tag":[],"class_list":{"0":"post-2492","1":"product","2":"type-product","3":"status-publish","4":"has-post-thumbnail","6":"product_cat-life-po4-battery","7":"desktop-align-left","8":"tablet-align-left","9":"mobile-align-left","11":"first","12":"instock","13":"shipping-taxable","14":"product-type-simple"},"_links":{"self":[{"href":"https:\/\/ygspower.com\/fr\/wp-json\/wp\/v2\/product\/2492","targetHints":{"allow":["GET"]}}],"collection":[{"href":"https:\/\/ygspower.com\/fr\/wp-json\/wp\/v2\/product"}],"about":[{"href":"https:\/\/ygspower.com\/fr\/wp-json\/wp\/v2\/types\/product"}],"version-history":[{"count":0,"href":"https:\/\/ygspower.com\/fr\/wp-json\/wp\/v2\/product\/2492\/revisions"}],"wp:featuredmedia":[{"embeddable":true,"href":"https:\/\/ygspower.com\/fr\/wp-json\/wp\/v2\/media\/2487"}],"wp:attachment":[{"href":"https:\/\/ygspower.com\/fr\/wp-json\/wp\/v2\/media?parent=2492"}],"wp:term":[{"taxonomy":"product_brand","embeddable":true,"href":"https:\/\/ygspower.com\/fr\/wp-json\/wp\/v2\/product_brand?post=2492"},{"taxonomy":"product_cat","embeddable":true,"href":"https:\/\/ygspower.com\/fr\/wp-json\/wp\/v2\/product_cat?post=2492"},{"taxonomy":"product_tag","embeddable":true,"href":"https:\/\/ygspower.com\/fr\/wp-json\/wp\/v2\/product_tag?post=2492"}],"curies":[{"name":"wp","href":"https:\/\/api.w.org\/{rel}","templated":true}]}}