{"id":2533,"date":"2021-08-10T08:35:16","date_gmt":"2021-08-10T00:35:16","guid":{"rendered":"https:\/\/darksalmon-dugong-512221.hostingersite.com\/?post_type=product&#038;p=2533"},"modified":"2021-09-03T16:29:52","modified_gmt":"2021-09-03T08:29:52","slug":"mylion-3-7v-1800mah-103450-lithium-polymer-battery","status":"publish","type":"product","link":"https:\/\/ygspower.com\/fr\/produit\/mylion-3-7v-1800mah-103450-lithium-polymer-battery\/","title":{"rendered":"Batterie lithium-polym\u00e8re Mylion 3,7 V 1\u00a0800 mAh 103450"},"content":{"rendered":"<p><img fetchpriority=\"high\" decoding=\"async\" src=\"http:\/\/sc04.alicdn.com\/kf\/Hcc0a16f41d154eb6a759c97608b10c00e\/248515790\/Hcc0a16f41d154eb6a759c97608b10c00e.jpg\" alt=\"mylion 3.7v 1800mah lithium polymer battery pack\" width=\"750\" height=\"329\" data-src=\"http:\/\/sc04.alicdn.com\/kf\/Hcc0a16f41d154eb6a759c97608b10c00e\/248515790\/Hcc0a16f41d154eb6a759c97608b10c00e.jpg\" data-alt=\"mylion 3.7v 1800mah lithium polymer battery pack\" data-spm-anchor-id=\"a2700.wholesale.0.i23.45667691sZ3Ym3\" \/><img decoding=\"async\" src=\"http:\/\/sc04.alicdn.com\/kf\/Hd4cd597c093746429d72728d5d4351eaF\/248515790\/Hd4cd597c093746429d72728d5d4351eaF.jpg\" alt=\"mylion 3.7v 1800mah lithium polymer battery pack\" width=\"750\" height=\"933\" data-src=\"http:\/\/sc04.alicdn.com\/kf\/Hd4cd597c093746429d72728d5d4351eaF\/248515790\/Hd4cd597c093746429d72728d5d4351eaF.jpg\" data-alt=\"mylion 3.7v 1800mah lithium polymer battery pack\" \/><img decoding=\"async\" src=\"http:\/\/sc04.alicdn.com\/kf\/H3e5c4b0b8349448089e27b6c758d00b6T\/248515790\/H3e5c4b0b8349448089e27b6c758d00b6T.jpg\" alt=\"mylion 3.7v 1800mah lithium polymer battery pack\" width=\"750\" height=\"1233\" data-src=\"http:\/\/sc04.alicdn.com\/kf\/H3e5c4b0b8349448089e27b6c758d00b6T\/248515790\/H3e5c4b0b8349448089e27b6c758d00b6T.jpg\" data-alt=\"mylion 3.7v 1800mah lithium polymer battery pack\" \/><img loading=\"lazy\" decoding=\"async\" src=\"http:\/\/sc04.alicdn.com\/kf\/H7f73a0a4af9840a2a90ab6efb4596697c\/248515790\/H7f73a0a4af9840a2a90ab6efb4596697c.jpg\" alt=\"mylion 3.7v 1800mah lithium polymer battery pack\" width=\"750\" height=\"1424\" data-src=\"http:\/\/sc04.alicdn.com\/kf\/H7f73a0a4af9840a2a90ab6efb4596697c\/248515790\/H7f73a0a4af9840a2a90ab6efb4596697c.jpg\" data-alt=\"mylion 3.7v 1800mah lithium polymer battery pack\" \/><img loading=\"lazy\" decoding=\"async\" src=\"http:\/\/sc04.alicdn.com\/kf\/H953b83d6f5c443b1ba0e9f23eb739a23f\/248515790\/H953b83d6f5c443b1ba0e9f23eb739a23f.jpg\" alt=\"mylion 3.7v 1800mah lithium polymer battery pack\" width=\"750\" height=\"2378\" data-src=\"http:\/\/sc04.alicdn.com\/kf\/H953b83d6f5c443b1ba0e9f23eb739a23f\/248515790\/H953b83d6f5c443b1ba0e9f23eb739a23f.jpg\" data-alt=\"mylion 3.7v 1800mah lithium polymer battery pack\" \/><img loading=\"lazy\" decoding=\"async\" src=\"http:\/\/sc04.alicdn.com\/kf\/Hc1ff7357b56f4ebcbed6e15cd50f1695s\/248515790\/Hc1ff7357b56f4ebcbed6e15cd50f1695s.jpg\" alt=\"mylion 3.7v 1800mah lithium polymer battery pack\" width=\"750\" height=\"2262\" data-src=\"http:\/\/sc04.alicdn.com\/kf\/Hc1ff7357b56f4ebcbed6e15cd50f1695s\/248515790\/Hc1ff7357b56f4ebcbed6e15cd50f1695s.jpg\" data-alt=\"mylion 3.7v 1800mah lithium polymer battery pack\" \/><img loading=\"lazy\" decoding=\"async\" src=\"http:\/\/sc04.alicdn.com\/kf\/Hb68dc176e12141629b06910d776b2c1bW\/248515790\/Hb68dc176e12141629b06910d776b2c1bW.jpg\" alt=\"mylion 3.7v 1800mah lithium polymer battery pack\" width=\"750\" height=\"1823\" data-src=\"http:\/\/sc04.alicdn.com\/kf\/Hb68dc176e12141629b06910d776b2c1bW\/248515790\/Hb68dc176e12141629b06910d776b2c1bW.jpg\" data-alt=\"mylion 3.7v 1800mah lithium polymer battery pack\" \/><img loading=\"lazy\" decoding=\"async\" src=\"http:\/\/sc04.alicdn.com\/kf\/H1756c45a74554f24b2e2ad568fd381b2s\/248515790\/H1756c45a74554f24b2e2ad568fd381b2s.jpg\" alt=\"mylion 3.7v 1800mah lithium polymer battery pack\" width=\"750\" height=\"892\" data-src=\"http:\/\/sc04.alicdn.com\/kf\/H1756c45a74554f24b2e2ad568fd381b2s\/248515790\/H1756c45a74554f24b2e2ad568fd381b2s.jpg\" data-alt=\"mylion 3.7v 1800mah lithium polymer battery pack\" data-spm-anchor-id=\"a2700.wholesale.0.i22.45667691sZ3Ym3\" \/><\/p>\n<table border=\"1\" width=\"1038\" cellspacing=\"0\" cellpadding=\"0\">\n<tbody>\n<tr>\n<td width=\"253\" height=\"21\" data-spm-anchor-id=\"a2700.wholesale.0.i29.45667691sZ3Ym3\">Article<\/td>\n<td width=\"252\"><a href=\"https:\/\/www.alibaba.com\/product-detail\/Mylion-factory-602030-3-7v-300mah_60770925860.html?spm=a2700.wholesale.pronpeci14.2.387223ea5PsgQ8\" target=\"_blank\" rel=\"noopener noreferrer\">3,7 V 300 mAh 602030<\/a><\/td>\n<td width=\"169\"><a href=\"https:\/\/www.alibaba.com\/product-detail\/Mylion-factory-102050-3-7v-1000mah_60777948806.html?spm=a2700.wholesale.pronpeci14.3.387223ea5PsgQ8\" target=\"_blank\" rel=\"noopener noreferrer\">3,7 V 1000 mAh 102050<\/a><\/td>\n<td width=\"181\">3,7 V 1800 mAh 103450<\/td>\n<td width=\"183\"><a href=\"https:\/\/www.alibaba.com\/product-detail\/Mylion-factory-703048-3-7v-1000mah_60771328671.html?spm=a2700.wholesale.pronpeci14.4.387223ea5PsgQ8\" target=\"_blank\" rel=\"noopener noreferrer\">3,7 V 1\u00a0000 mAh 703048<\/a><\/td>\n<\/tr>\n<tr>\n<td height=\"21\">Assembler<\/td>\n<td>1S1P<\/td>\n<td>1S1P<\/td>\n<td>1S1P<\/td>\n<td>1S1P<\/td>\n<\/tr>\n<tr>\n<td height=\"21\">Capacit\u00e9 nominale<\/td>\n<td>300 mAh<\/td>\n<td>1000 mAh<\/td>\n<td>1800mAh<\/td>\n<td>1000 mAh<\/td>\n<\/tr>\n<tr>\n<td height=\"21\">Tension nominale<\/td>\n<td>3,7 V<\/td>\n<td>3,7 V<\/td>\n<td>3,7 V<\/td>\n<td>3,7 V<\/td>\n<\/tr>\n<tr>\n<td height=\"21\">Tension de charge maximale<\/td>\n<td>4,2 V<\/td>\n<td>4,2 V<\/td>\n<td>4,2 V<\/td>\n<td>4,2 V<\/td>\n<\/tr>\n<tr>\n<td height=\"21\">Tension de coupure de d\u00e9charge<\/td>\n<td data-spm-anchor-id=\"a2700.wholesale.0.i26.45667691sZ3Ym3\">3,0 V<\/td>\n<td>3,0 V<\/td>\n<td>3,0 V<\/td>\n<td>6,0 V<\/td>\n<\/tr>\n<tr>\n<td height=\"21\">Courant de d\u00e9charge continu maximal<\/td>\n<td>60-300 mA<\/td>\n<td>500-1000 mA<\/td>\n<td>900-1800 mA<\/td>\n<td>500-1000 mA<\/td>\n<\/tr>\n<tr>\n<td height=\"21\">Courant de cr\u00eate (moins de 10 s)<\/td>\n<td>300 mA<\/td>\n<td>1000 mA<\/td>\n<td>1800 mA<\/td>\n<td>1000 mA<\/td>\n<\/tr>\n<tr>\n<td height=\"21\">Courant de charge<\/td>\n<td>60-300 mA<\/td>\n<td>500-1000 mA<\/td>\n<td>900-1800 mA<\/td>\n<td>500-1000 mA<\/td>\n<\/tr>\n<tr>\n<td height=\"21\">Cellule unique<\/td>\n<td>602030<\/td>\n<td>102050<\/td>\n<td>103450<\/td>\n<td>703048<\/td>\n<\/tr>\n<tr>\n<td height=\"21\">Dimension (mm)<\/td>\n<td>6x20x32mm<\/td>\n<td>10x20x52mm<\/td>\n<td data-spm-anchor-id=\"a2700.wholesale.0.i28.45667691sZ3Ym3\"><span data-spm-anchor-id=\"a2700.wholesale.0.i27.45667691sZ3Ym3\">10x34x52mm<\/span><\/td>\n<td>7x30x50mm<\/td>\n<\/tr>\n<tr>\n<td height=\"21\">Poids (g)<\/td>\n<td>7<\/td>\n<td>18<\/td>\n<td>32<\/td>\n<td>20<\/td>\n<\/tr>\n<tr>\n<td height=\"21\">Marque de cellule<\/td>\n<td colspan=\"4\">Marque chinoise de qualit\u00e9 sup\u00e9rieure<\/td>\n<\/tr>\n<tr>\n<td height=\"21\">Protection PCB<\/td>\n<td colspan=\"4\">Surcharge et d\u00e9charge, surintensit\u00e9, court-circuit<\/td>\n<\/tr>\n<tr>\n<td height=\"21\">Cycle de vie<\/td>\n<td colspan=\"4\" data-spm-anchor-id=\"a2700.wholesale.0.i30.45667691sZ3Ym3\">Charge et d\u00e9charge standard, effectuer des cycles jusqu&#039;\u00e0 ce que la capacit\u00e9 de d\u00e9charge &lt; 60%, dur\u00e9e de vie du cycle \u2265 300<\/td>\n<\/tr>\n<tr>\n<td height=\"21\">Plage de temp\u00e9rature de stockage<\/td>\n<td colspan=\"4\">\u00a0Temp\u00e9rature (-5-35\u00b0C) ; Humidit\u00e9 relative (45- 75%) ; Pression (86-106KPa)<\/td>\n<\/tr>\n<tr>\n<td height=\"21\">Plage de temp\u00e9rature de charge<\/td>\n<td colspan=\"4\" data-spm-anchor-id=\"a2700.wholesale.0.i24.45667691sZ3Ym3\">\u00a0\u00a00-45\u00b0C<\/td>\n<\/tr>\n<tr>\n<td height=\"21\">Plage de temp\u00e9rature de fonctionnement<\/td>\n<td colspan=\"4\">\u00a0-20-60\u00b0C<\/td>\n<\/tr>\n<tr>\n<td height=\"21\">Application<\/td>\n<td colspan=\"4\" data-spm-anchor-id=\"a2700.wholesale.0.i25.45667691sZ3Ym3\">produits \u00e9lectriques Bluetooth, GPS, combin\u00e9, casque, haut-parleur, mp3, mp4, pos, etc.<\/td>\n<\/tr>\n<\/tbody>\n<\/table>\n<p>&nbsp;<\/p>","protected":false},"excerpt":{"rendered":"<p class=\"price\">Batterie lithium-polym\u00e8re 3,7 V 1800 mAh<\/p>\n<div class=\"woocommerce-product-details__short-description\">\n<ul>\n<li>Tension de la batterie : 3,7 V\/3,6 V<\/li>\n<li>Capacit\u00e9 de la batterie : 1800 mAh<\/li>\n<li>Type de batterie : pack de batteries au lithium polym\u00e8re<\/li>\n<li>Cellule unique : 103450<\/li>\n<li>Taille de la batterie : <span data-spm-anchor-id=\"a2700.wholesale.0.i27.45667691sZ3Ym3\">10x34x52mm<\/span><\/li>\n<li>Application : \u00e9lectronique grand public, produits \u00e9lectriques Bluetooth, GPS<\/li>\n<li>Le connecteur est s\u00e9lectionn\u00e9<\/li>\n<li>Le pack de batteries peut \u00eatre personnalis\u00e9<\/li>\n<li>Protection : surcharge\/d\u00e9charge, surintensit\u00e9, court-circuit<\/li>\n<\/ul>\n<\/div>","protected":false},"featured_media":2534,"template":"","meta":{"_seopress_robots_primary_cat":"none","_seopress_titles_title":"Mylion 3.7V 1800mAh 103450 Lithium Polymer Battery","_seopress_titles_desc":"Mylion 3.7V 1800mAh 103450 Lithium Polymer Battery","_seopress_robots_index":"","site-sidebar-layout":"default","site-content-layout":"default","ast-site-content-layout":"default","site-content-style":"default","site-sidebar-style":"default","ast-global-header-display":"","ast-banner-title-visibility":"","ast-main-header-display":"","ast-hfb-above-header-display":"","ast-hfb-below-header-display":"","ast-hfb-mobile-header-display":"","site-post-title":"","ast-breadcrumbs-content":"","ast-featured-img":"","footer-sml-layout":"","theme-transparent-header-meta":"default","adv-header-id-meta":"","stick-header-meta":"","header-above-stick-meta":"","header-main-stick-meta":"","header-below-stick-meta":"","astra-migrate-meta-layouts":"default","ast-page-background-enabled":"default","ast-page-background-meta":{"desktop":{"background-color":"","background-image":"","background-repeat":"repeat","background-position":"center center","background-size":"auto","background-attachment":"scroll","background-type":"","background-media":"","overlay-type":"","overlay-color":"","overlay-opacity":"","overlay-gradient":""},"tablet":{"background-color":"","background-image":"","background-repeat":"repeat","background-position":"center center","background-size":"auto","background-attachment":"scroll","background-type":"","background-media":"","overlay-type":"","overlay-color":"","overlay-opacity":"","overlay-gradient":""},"mobile":{"background-color":"","background-image":"","background-repeat":"repeat","background-position":"center center","background-size":"auto","background-attachment":"scroll","background-type":"","background-media":"","overlay-type":"","overlay-color":"","overlay-opacity":"","overlay-gradient":""}},"ast-content-background-meta":{"desktop":{"background-color":"var(--ast-global-color-5)","background-image":"","background-repeat":"repeat","background-position":"center center","background-size":"auto","background-attachment":"scroll","background-type":"","background-media":"","overlay-type":"","overlay-color":"","overlay-opacity":"","overlay-gradient":""},"tablet":{"background-color":"var(--ast-global-color-5)","background-image":"","background-repeat":"repeat","background-position":"center center","background-size":"auto","background-attachment":"scroll","background-type":"","background-media":"","overlay-type":"","overlay-color":"","overlay-opacity":"","overlay-gradient":""},"mobile":{"background-color":"var(--ast-global-color-5)","background-image":"","background-repeat":"repeat","background-position":"center center","background-size":"auto","background-attachment":"scroll","background-type":"","background-media":"","overlay-type":"","overlay-color":"","overlay-opacity":"","overlay-gradient":""}}},"product_brand":[],"product_cat":[30],"product_tag":[],"class_list":{"0":"post-2533","1":"product","2":"type-product","3":"status-publish","4":"has-post-thumbnail","6":"product_cat-lithium-plymer-battery","7":"desktop-align-left","8":"tablet-align-left","9":"mobile-align-left","11":"first","12":"instock","13":"shipping-taxable","14":"product-type-simple"},"_links":{"self":[{"href":"https:\/\/ygspower.com\/fr\/wp-json\/wp\/v2\/product\/2533","targetHints":{"allow":["GET"]}}],"collection":[{"href":"https:\/\/ygspower.com\/fr\/wp-json\/wp\/v2\/product"}],"about":[{"href":"https:\/\/ygspower.com\/fr\/wp-json\/wp\/v2\/types\/product"}],"version-history":[{"count":0,"href":"https:\/\/ygspower.com\/fr\/wp-json\/wp\/v2\/product\/2533\/revisions"}],"wp:featuredmedia":[{"embeddable":true,"href":"https:\/\/ygspower.com\/fr\/wp-json\/wp\/v2\/media\/2534"}],"wp:attachment":[{"href":"https:\/\/ygspower.com\/fr\/wp-json\/wp\/v2\/media?parent=2533"}],"wp:term":[{"taxonomy":"product_brand","embeddable":true,"href":"https:\/\/ygspower.com\/fr\/wp-json\/wp\/v2\/product_brand?post=2533"},{"taxonomy":"product_cat","embeddable":true,"href":"https:\/\/ygspower.com\/fr\/wp-json\/wp\/v2\/product_cat?post=2533"},{"taxonomy":"product_tag","embeddable":true,"href":"https:\/\/ygspower.com\/fr\/wp-json\/wp\/v2\/product_tag?post=2533"}],"curies":[{"name":"wp","href":"https:\/\/api.w.org\/{rel}","templated":true}]}}