{"id":2753,"date":"2021-08-31T20:50:27","date_gmt":"2021-08-31T12:50:27","guid":{"rendered":"https:\/\/darksalmon-dugong-512221.hostingersite.com\/?post_type=product&#038;p=2753"},"modified":"2023-11-24T15:16:52","modified_gmt":"2023-11-24T07:16:52","slug":"life-po4-12v50ah-lithium-battery-backup","status":"publish","type":"product","link":"https:\/\/ygspower.com\/fr\/produit\/life-po4-12v50ah-lithium-battery-backup\/","title":{"rendered":"Batterie de secours lithium-ion rechargeable LiFe PO4 12V50Ah"},"content":{"rendered":"<p><img fetchpriority=\"high\" decoding=\"async\" class=\"aligncenter size-full wp-image-2754\" src=\"http:\/\/ygspower.com\/wp-content\/uploads\/2021\/08\/lifepo4-battery-12v100ah_01.jpg\" alt=\"\" width=\"750\" height=\"326\" srcset=\"https:\/\/ygspower.com\/wp-content\/uploads\/2021\/08\/lifepo4-battery-12v100ah_01.jpg 750w, https:\/\/ygspower.com\/wp-content\/uploads\/2021\/08\/lifepo4-battery-12v100ah_01-600x261.jpg 600w, https:\/\/ygspower.com\/wp-content\/uploads\/2021\/08\/lifepo4-battery-12v100ah_01-300x130.jpg 300w\" sizes=\"(max-width: 750px) 100vw, 750px\" \/><\/p>\n<table width=\"925\">\n<tbody>\n<tr>\n<td colspan=\"2\" width=\"925\">Toutes les informations ci-dessous sont correctes et R\u00c9ELLES.<\/td>\n<\/tr>\n<tr>\n<td>Nom du produit<\/td>\n<td>Pack de batteries au lithium fer phosphate batteries de stockage lifepo4<\/td>\n<\/tr>\n<tr>\n<td>Nom du style<\/td>\n<td>Batterie solaire LiFe PO4 12V50Ah<\/td>\n<\/tr>\n<tr>\n<td>Capacit\u00e9 nominale<\/td>\n<td>50 Ah<\/td>\n<\/tr>\n<tr>\n<td>Tension nominale<\/td>\n<td>12V<\/td>\n<\/tr>\n<tr>\n<td>Tension de charge maximale<\/td>\n<td>14,6 V<\/td>\n<\/tr>\n<tr>\n<td>Tension de coupure de d\u00e9charge<\/td>\n<td>10 V<\/td>\n<\/tr>\n<tr>\n<td>Courant de d\u00e9charge continu maximal<\/td>\n<td>20A<\/td>\n<\/tr>\n<tr>\n<td>Courant de charge<\/td>\n<td>10A max<\/td>\n<\/tr>\n<tr>\n<td>Puissance de sortie<\/td>\n<td>600 W<\/td>\n<\/tr>\n<tr>\n<td rowspan=\"2\">Temps de travail<\/td>\n<td>Sortie 12 V 0,5 A (6 W) : environ 100 heures<\/td>\n<\/tr>\n<tr>\n<td>Sortie 12 V 1,0 A (12 W) : environ 50 heures<\/td>\n<\/tr>\n<tr>\n<td>Port de charge (IN)<\/td>\n<td rowspan=\"2\">plaque m\u00e9tallique (rouge + noir-)<\/td>\n<\/tr>\n<tr>\n<td>Orifice de d\u00e9charge (OUT)<\/td>\n<\/tr>\n<tr>\n<td>Dimensions du bo\u00eetier de la batterie (mm)<\/td>\n<td>L229xL138xH208mm<\/td>\n<\/tr>\n<tr>\n<td>Poids<\/td>\n<td>Environ 5 kg<\/td>\n<\/tr>\n<tr>\n<td>Marque de la cellule de batterie<\/td>\n<td>Cellule de marque chinoise<\/td>\n<\/tr>\n<tr>\n<td>Protection de la batterie<\/td>\n<td>Surcharge et d\u00e9charge, surintensit\u00e9, court-circuit<\/td>\n<\/tr>\n<tr>\n<td>Cycle de vie<\/td>\n<td>capacit\u00e9 de charge et de d\u00e9charge standard \u2265 80% C5mAh, dur\u00e9e de vie du cycle \u2265 1500<\/td>\n<\/tr>\n<tr>\n<td>Application<\/td>\n<td width=\"584\">\u00c9clairage, pulv\u00e9risateur de jardin, instrument ext\u00e9rieur, commande de porte, LED solaire, remplacement de batterie au plomb 12 V, etc.<\/td>\n<\/tr>\n<tr>\n<td>Emballer<\/td>\n<td>1 pi\u00e8ce dans un carton (15 x 29 x 37 cm), environ 6,5 kg\/carton<\/td>\n<\/tr>\n<tr>\n<td>Garantie<\/td>\n<td>12 mois<\/td>\n<\/tr>\n<\/tbody>\n<\/table>\n<p><img decoding=\"async\" class=\"aligncenter size-full wp-image-2755\" src=\"http:\/\/ygspower.com\/wp-content\/uploads\/2021\/08\/lifepo4-battery-12v100ah_02.jpg\" alt=\"\" width=\"750\" height=\"948\" srcset=\"https:\/\/ygspower.com\/wp-content\/uploads\/2021\/08\/lifepo4-battery-12v100ah_02.jpg 750w, https:\/\/ygspower.com\/wp-content\/uploads\/2021\/08\/lifepo4-battery-12v100ah_02-600x758.jpg 600w, https:\/\/ygspower.com\/wp-content\/uploads\/2021\/08\/lifepo4-battery-12v100ah_02-237x300.jpg 237w\" sizes=\"(max-width: 750px) 100vw, 750px\" \/> <img decoding=\"async\" class=\"aligncenter size-full wp-image-2756\" src=\"http:\/\/ygspower.com\/wp-content\/uploads\/2021\/08\/lifepo4-battery-12v100ah_03.jpg\" alt=\"\" width=\"750\" height=\"948\" srcset=\"https:\/\/ygspower.com\/wp-content\/uploads\/2021\/08\/lifepo4-battery-12v100ah_03.jpg 750w, https:\/\/ygspower.com\/wp-content\/uploads\/2021\/08\/lifepo4-battery-12v100ah_03-600x758.jpg 600w, https:\/\/ygspower.com\/wp-content\/uploads\/2021\/08\/lifepo4-battery-12v100ah_03-237x300.jpg 237w\" sizes=\"(max-width: 750px) 100vw, 750px\" \/> <img loading=\"lazy\" decoding=\"async\" class=\"aligncenter size-full wp-image-2757\" src=\"http:\/\/ygspower.com\/wp-content\/uploads\/2021\/08\/lifepo4-battery-12v100ah_04.jpg\" alt=\"\" width=\"750\" height=\"1228\" srcset=\"https:\/\/ygspower.com\/wp-content\/uploads\/2021\/08\/lifepo4-battery-12v100ah_04.jpg 750w, https:\/\/ygspower.com\/wp-content\/uploads\/2021\/08\/lifepo4-battery-12v100ah_04-600x982.jpg 600w, https:\/\/ygspower.com\/wp-content\/uploads\/2021\/08\/lifepo4-battery-12v100ah_04-183x300.jpg 183w, https:\/\/ygspower.com\/wp-content\/uploads\/2021\/08\/lifepo4-battery-12v100ah_04-625x1024.jpg 625w\" sizes=\"(max-width: 750px) 100vw, 750px\" \/> <img loading=\"lazy\" decoding=\"async\" class=\"aligncenter size-full wp-image-2758\" src=\"http:\/\/ygspower.com\/wp-content\/uploads\/2021\/08\/lifepo4-battery-12v100ah_05.jpg\" alt=\"\" width=\"750\" height=\"847\" srcset=\"https:\/\/ygspower.com\/wp-content\/uploads\/2021\/08\/lifepo4-battery-12v100ah_05.jpg 750w, https:\/\/ygspower.com\/wp-content\/uploads\/2021\/08\/lifepo4-battery-12v100ah_05-600x678.jpg 600w, https:\/\/ygspower.com\/wp-content\/uploads\/2021\/08\/lifepo4-battery-12v100ah_05-266x300.jpg 266w\" sizes=\"(max-width: 750px) 100vw, 750px\" \/> <img loading=\"lazy\" decoding=\"async\" class=\"aligncenter size-full wp-image-2759\" src=\"http:\/\/ygspower.com\/wp-content\/uploads\/2021\/08\/lifepo4-battery-12v100ah_06.jpg\" alt=\"\" width=\"750\" height=\"655\" srcset=\"https:\/\/ygspower.com\/wp-content\/uploads\/2021\/08\/lifepo4-battery-12v100ah_06.jpg 750w, https:\/\/ygspower.com\/wp-content\/uploads\/2021\/08\/lifepo4-battery-12v100ah_06-600x524.jpg 600w, https:\/\/ygspower.com\/wp-content\/uploads\/2021\/08\/lifepo4-battery-12v100ah_06-300x262.jpg 300w\" sizes=\"(max-width: 750px) 100vw, 750px\" \/> <img loading=\"lazy\" decoding=\"async\" class=\"aligncenter size-full wp-image-2760\" src=\"http:\/\/ygspower.com\/wp-content\/uploads\/2021\/08\/lifepo4-battery-12v100ah_07.jpg\" alt=\"\" width=\"750\" height=\"684\" srcset=\"https:\/\/ygspower.com\/wp-content\/uploads\/2021\/08\/lifepo4-battery-12v100ah_07.jpg 750w, https:\/\/ygspower.com\/wp-content\/uploads\/2021\/08\/lifepo4-battery-12v100ah_07-600x547.jpg 600w, https:\/\/ygspower.com\/wp-content\/uploads\/2021\/08\/lifepo4-battery-12v100ah_07-300x274.jpg 300w\" sizes=\"(max-width: 750px) 100vw, 750px\" \/> <img loading=\"lazy\" decoding=\"async\" class=\"aligncenter size-full wp-image-2761\" src=\"http:\/\/ygspower.com\/wp-content\/uploads\/2021\/08\/lifepo4-battery-12v100ah_08.jpg\" alt=\"\" width=\"750\" height=\"867\" srcset=\"https:\/\/ygspower.com\/wp-content\/uploads\/2021\/08\/lifepo4-battery-12v100ah_08.jpg 750w, https:\/\/ygspower.com\/wp-content\/uploads\/2021\/08\/lifepo4-battery-12v100ah_08-600x694.jpg 600w, https:\/\/ygspower.com\/wp-content\/uploads\/2021\/08\/lifepo4-battery-12v100ah_08-260x300.jpg 260w\" sizes=\"(max-width: 750px) 100vw, 750px\" \/> <img loading=\"lazy\" decoding=\"async\" class=\"aligncenter size-full wp-image-2762\" src=\"http:\/\/ygspower.com\/wp-content\/uploads\/2021\/08\/lifepo4-battery-12v100ah_09.jpg\" alt=\"\" width=\"750\" height=\"1519\" srcset=\"https:\/\/ygspower.com\/wp-content\/uploads\/2021\/08\/lifepo4-battery-12v100ah_09.jpg 750w, https:\/\/ygspower.com\/wp-content\/uploads\/2021\/08\/lifepo4-battery-12v100ah_09-600x1215.jpg 600w, https:\/\/ygspower.com\/wp-content\/uploads\/2021\/08\/lifepo4-battery-12v100ah_09-148x300.jpg 148w, https:\/\/ygspower.com\/wp-content\/uploads\/2021\/08\/lifepo4-battery-12v100ah_09-506x1024.jpg 506w\" sizes=\"(max-width: 750px) 100vw, 750px\" \/> <img loading=\"lazy\" decoding=\"async\" class=\"aligncenter size-full wp-image-2763\" src=\"http:\/\/ygspower.com\/wp-content\/uploads\/2021\/08\/lifepo4-battery-12v100ah_10.jpg\" alt=\"\" width=\"750\" height=\"1172\" srcset=\"https:\/\/ygspower.com\/wp-content\/uploads\/2021\/08\/lifepo4-battery-12v100ah_10.jpg 750w, https:\/\/ygspower.com\/wp-content\/uploads\/2021\/08\/lifepo4-battery-12v100ah_10-600x938.jpg 600w, https:\/\/ygspower.com\/wp-content\/uploads\/2021\/08\/lifepo4-battery-12v100ah_10-192x300.jpg 192w, https:\/\/ygspower.com\/wp-content\/uploads\/2021\/08\/lifepo4-battery-12v100ah_10-655x1024.jpg 655w\" sizes=\"(max-width: 750px) 100vw, 750px\" \/> <img loading=\"lazy\" decoding=\"async\" class=\"aligncenter size-full wp-image-2764\" src=\"http:\/\/ygspower.com\/wp-content\/uploads\/2021\/08\/lifepo4-battery-12v100ah_11.jpg\" alt=\"\" width=\"750\" height=\"1228\" srcset=\"https:\/\/ygspower.com\/wp-content\/uploads\/2021\/08\/lifepo4-battery-12v100ah_11.jpg 750w, https:\/\/ygspower.com\/wp-content\/uploads\/2021\/08\/lifepo4-battery-12v100ah_11-600x982.jpg 600w, https:\/\/ygspower.com\/wp-content\/uploads\/2021\/08\/lifepo4-battery-12v100ah_11-183x300.jpg 183w, https:\/\/ygspower.com\/wp-content\/uploads\/2021\/08\/lifepo4-battery-12v100ah_11-625x1024.jpg 625w\" sizes=\"(max-width: 750px) 100vw, 750px\" \/><\/p>","protected":false},"excerpt":{"rendered":"<ul class=\"ul1\">\n<li class=\"li1\">Type : Remplacement de batterie au plomb LFP1250<\/li>\n<li class=\"li1\">Nom du produit : batterie solaire de stockage de secours au lithium-ion 12V 50ah LiFe PO4<\/li>\n<li class=\"li1\">Dimensions du bo\u00eetier noir : 229x138x208mm<\/li>\n<li class=\"li1\">Poids : environ 5 kg<\/li>\n<li>Tension de la batterie : batterie lithium-ion 12 V<\/li>\n<li class=\"li1\">Capacit\u00e9 de la batterie : batterie po4 d&#039;une dur\u00e9e de vie de 50 Ah<\/li>\n<li class=\"li1\">Dur\u00e9e de vie du cycle : plus de 2000 fois 70%DOD<\/li>\n<li class=\"li1\">Application : stockage d&#039;\u00e9nergie solaire<span class=\"s2\">,<\/span> v\u00e9hicule \u00e9lectrique<span class=\"s2\">,<\/span> Oups<span class=\"s2\">,<\/span>centrale \u00e9lectrique<\/li>\n<li class=\"li1\">Caract\u00e9ristiques : haute puissance et capacit\u00e9<span class=\"s2\">,<\/span> s\u00fbr<span class=\"s2\">,<\/span> longue dur\u00e9e de vie<span class=\"s2\">,<\/span> vert<span class=\"s2\">,<\/span> respectueux de l&#039;environnement<span class=\"s2\">,<\/span> bonne performance \u00e0 haute temp\u00e9rature<\/li>\n<\/ul>","protected":false},"featured_media":348,"template":"","meta":{"_seopress_robots_primary_cat":"none","_seopress_titles_title":"12V50Ah LiFe PO4 Rechargeable Storage Lithium ion Battery Backup","_seopress_titles_desc":"12V 50ah LiFe PO4 lithium ion battery backup storage solar battery","_seopress_robots_index":"","site-sidebar-layout":"default","site-content-layout":"default","ast-site-content-layout":"default","site-content-style":"default","site-sidebar-style":"default","ast-global-header-display":"","ast-banner-title-visibility":"","ast-main-header-display":"","ast-hfb-above-header-display":"","ast-hfb-below-header-display":"","ast-hfb-mobile-header-display":"","site-post-title":"","ast-breadcrumbs-content":"","ast-featured-img":"","footer-sml-layout":"","theme-transparent-header-meta":"default","adv-header-id-meta":"","stick-header-meta":"","header-above-stick-meta":"","header-main-stick-meta":"","header-below-stick-meta":"","astra-migrate-meta-layouts":"default","ast-page-background-enabled":"default","ast-page-background-meta":{"desktop":{"background-color":"","background-image":"","background-repeat":"repeat","background-position":"center center","background-size":"auto","background-attachment":"scroll","background-type":"","background-media":"","overlay-type":"","overlay-color":"","overlay-opacity":"","overlay-gradient":""},"tablet":{"background-color":"","background-image":"","background-repeat":"repeat","background-position":"center center","background-size":"auto","background-attachment":"scroll","background-type":"","background-media":"","overlay-type":"","overlay-color":"","overlay-opacity":"","overlay-gradient":""},"mobile":{"background-color":"","background-image":"","background-repeat":"repeat","background-position":"center center","background-size":"auto","background-attachment":"scroll","background-type":"","background-media":"","overlay-type":"","overlay-color":"","overlay-opacity":"","overlay-gradient":""}},"ast-content-background-meta":{"desktop":{"background-color":"var(--ast-global-color-5)","background-image":"","background-repeat":"repeat","background-position":"center center","background-size":"auto","background-attachment":"scroll","background-type":"","background-media":"","overlay-type":"","overlay-color":"","overlay-opacity":"","overlay-gradient":""},"tablet":{"background-color":"var(--ast-global-color-5)","background-image":"","background-repeat":"repeat","background-position":"center center","background-size":"auto","background-attachment":"scroll","background-type":"","background-media":"","overlay-type":"","overlay-color":"","overlay-opacity":"","overlay-gradient":""},"mobile":{"background-color":"var(--ast-global-color-5)","background-image":"","background-repeat":"repeat","background-position":"center center","background-size":"auto","background-attachment":"scroll","background-type":"","background-media":"","overlay-type":"","overlay-color":"","overlay-opacity":"","overlay-gradient":""}}},"product_brand":[],"product_cat":[28],"product_tag":[],"class_list":{"0":"post-2753","1":"product","2":"type-product","3":"status-publish","4":"has-post-thumbnail","6":"product_cat-life-po4-battery","7":"desktop-align-left","8":"tablet-align-left","9":"mobile-align-left","11":"first","12":"instock","13":"shipping-taxable","14":"product-type-simple"},"_links":{"self":[{"href":"https:\/\/ygspower.com\/fr\/wp-json\/wp\/v2\/product\/2753","targetHints":{"allow":["GET"]}}],"collection":[{"href":"https:\/\/ygspower.com\/fr\/wp-json\/wp\/v2\/product"}],"about":[{"href":"https:\/\/ygspower.com\/fr\/wp-json\/wp\/v2\/types\/product"}],"version-history":[{"count":0,"href":"https:\/\/ygspower.com\/fr\/wp-json\/wp\/v2\/product\/2753\/revisions"}],"wp:featuredmedia":[{"embeddable":true,"href":"https:\/\/ygspower.com\/fr\/wp-json\/wp\/v2\/media\/348"}],"wp:attachment":[{"href":"https:\/\/ygspower.com\/fr\/wp-json\/wp\/v2\/media?parent=2753"}],"wp:term":[{"taxonomy":"product_brand","embeddable":true,"href":"https:\/\/ygspower.com\/fr\/wp-json\/wp\/v2\/product_brand?post=2753"},{"taxonomy":"product_cat","embeddable":true,"href":"https:\/\/ygspower.com\/fr\/wp-json\/wp\/v2\/product_cat?post=2753"},{"taxonomy":"product_tag","embeddable":true,"href":"https:\/\/ygspower.com\/fr\/wp-json\/wp\/v2\/product_tag?post=2753"}],"curies":[{"name":"wp","href":"https:\/\/api.w.org\/{rel}","templated":true}]}}