{"id":3361,"date":"2021-10-06T12:20:06","date_gmt":"2021-10-06T04:20:06","guid":{"rendered":"https:\/\/darksalmon-dugong-512221.hostingersite.com\/?post_type=product&#038;p=3361"},"modified":"2021-10-06T12:33:12","modified_gmt":"2021-10-06T04:33:12","slug":"mylion-mu5-01-mini-dc-ups-5v-2a-lithium-ion-battery-backup","status":"publish","type":"product","link":"https:\/\/ygspower.com\/fr\/produit\/mylion-mu5-01-mini-dc-ups-5v-2a-lithium-ion-battery-backup\/","title":{"rendered":"Mylion MU5-01 Mini DC UPS 5V 2A Batterie de secours lithium-ion"},"content":{"rendered":"<p><img fetchpriority=\"high\" decoding=\"async\" class=\"aligncenter size-full wp-image-3362\" src=\"http:\/\/ygspower.com\/wp-content\/uploads\/2021\/10\/5v-usb-02.jpg\" alt=\"\" width=\"750\" height=\"478\" srcset=\"https:\/\/ygspower.com\/wp-content\/uploads\/2021\/10\/5v-usb-02.jpg 750w, https:\/\/ygspower.com\/wp-content\/uploads\/2021\/10\/5v-usb-02-600x382.jpg 600w, https:\/\/ygspower.com\/wp-content\/uploads\/2021\/10\/5v-usb-02-300x191.jpg 300w\" sizes=\"(max-width: 750px) 100vw, 750px\" \/> <img decoding=\"async\" class=\"aligncenter size-full wp-image-3363\" src=\"http:\/\/ygspower.com\/wp-content\/uploads\/2021\/10\/5v-usb005-B001.jpg\" alt=\"\" width=\"750\" height=\"375\" srcset=\"https:\/\/ygspower.com\/wp-content\/uploads\/2021\/10\/5v-usb005-B001.jpg 750w, https:\/\/ygspower.com\/wp-content\/uploads\/2021\/10\/5v-usb005-B001-600x300.jpg 600w, https:\/\/ygspower.com\/wp-content\/uploads\/2021\/10\/5v-usb005-B001-300x150.jpg 300w\" sizes=\"(max-width: 750px) 100vw, 750px\" \/><\/p>\n<table width=\"734\">\n<tbody>\n<tr>\n<td colspan=\"2\" width=\"734\">Toutes les informations ci-dessous sont correctes et R\u00c9ELLES.<\/td>\n<\/tr>\n<tr>\n<td>Nom du produit<\/td>\n<td>Mini UPS 5V pour cam\u00e9ra de s\u00e9curit\u00e9, cam\u00e9ra CCTV, cam\u00e9ra IP, etc.<\/td>\n<\/tr>\n<tr>\n<td>Tension de sortie<\/td>\n<td>5V<\/td>\n<\/tr>\n<tr>\n<td>Courant de sortie<\/td>\n<td>1,5 A<\/td>\n<\/tr>\n<tr>\n<td>Capacit\u00e9 de la batterie<\/td>\n<td>3000 mAh<\/td>\n<\/tr>\n<tr>\n<td>Tension d&#039;entr\u00e9e<\/td>\n<td>110-240 V CA<\/td>\n<\/tr>\n<tr>\n<td>Courant d&#039;entr\u00e9e<\/td>\n<td>0,5 A max.<\/td>\n<\/tr>\n<tr>\n<td rowspan=\"2\">Temps de sauvegarde<\/td>\n<td>environ 4 heures (jour)<\/td>\n<\/tr>\n<tr>\n<td>environ 2 heures (nuit)<\/td>\n<\/tr>\n<tr>\n<td>Port de charge (IN)<\/td>\n<td>Prise secteur<\/td>\n<\/tr>\n<tr>\n<td>Orifice de d\u00e9charge (OUT)<\/td>\n<td>Micro-USB<\/td>\n<\/tr>\n<tr>\n<td>Mat\u00e9riau du bo\u00eetier<\/td>\n<td>Plastique ABS<\/td>\n<\/tr>\n<tr>\n<td>Couleur du bo\u00eetier<\/td>\n<td>Noir<\/td>\n<\/tr>\n<tr>\n<td>Dimensions du bo\u00eetier<\/td>\n<td>100x52x57mm<\/td>\n<\/tr>\n<tr>\n<td>Poids<\/td>\n<td>170g<\/td>\n<\/tr>\n<tr>\n<td>Application<\/td>\n<td width=\"533\">Appareil 5 V : cam\u00e9ra IP\/syst\u00e8me de s\u00e9curit\u00e9\/acc\u00e8s de porte\/lumi\u00e8re LED\/bande LED\/haut-parleur\/ventilateurs, etc.<\/td>\n<\/tr>\n<tr>\n<td>Emballer<\/td>\n<td>40 pi\u00e8ces dans un carton (35x21x30cm), environ 8 kg\/carton<\/td>\n<\/tr>\n<tr>\n<td>Garantie<\/td>\n<td>12 mois<\/td>\n<\/tr>\n<\/tbody>\n<\/table>","protected":false},"excerpt":{"rendered":"<div class=\"woocommerce-product-details__short-description\">\n<ul class=\"ul1\">\n<li class=\"li1\">Type : Mini-onduleur MU5-01 5 V 2 A<\/li>\n<li class=\"li1\">Nom du produit : alimentation de secours sans interruption \u00e0 batterie au lithium Mylion 5V Mini DC UPS<\/li>\n<li class=\"li1\">Application : routeur<span class=\"s2\">,<\/span>ADSL<span class=\"s2\">,<\/span>modem<span class=\"s2\">,<\/span>CCTV<span class=\"s2\">,<\/span>t\u00e9l\u00e9communication<span class=\"s2\">,<\/span>Wifi<span class=\"s2\">,<\/span>m\u00e9dical<span class=\"s2\">,<\/span>sans fil<span class=\"s2\">,<\/span>dirig\u00e9<span class=\"s2\">,<\/span>r\u00e9seau<span class=\"s2\">,<\/span>Internet<\/li>\n<li class=\"li1\">Caract\u00e9ristiques : petite taille, grande capacit\u00e9, sortie CC 5 V 2 A, entr\u00e9e CA<\/li>\n<li class=\"li1\">Type de batterie : alimentation de secours par batterie lithium-ion<\/li>\n<li class=\"li1\">Fonction : petite<span class=\"s2\">,<\/span>intelligent<span class=\"s2\">,<\/span>s\u00fbr<span class=\"s2\">,<\/span>fournir de l&#039;\u00e9nergie aux appareils \u00e9lectroniques en cas de panne de courant alternatif<\/li>\n<li class=\"li1\">Autonomie de secours : offre une alimentation \u00e0 l&#039;appareil 5V2A pendant environ 4 heures<\/li>\n<\/ul>\n<\/div>","protected":false},"featured_media":3367,"template":"","meta":{"_seopress_robots_primary_cat":"none","_seopress_titles_title":"Mylion Mini DC UPS 5V 2A Lithium ion battery backup uninterrupted power supply","_seopress_titles_desc":"Mylion Mini DC UPS 5V 2A Lithium ion battery backup uninterrupted power supply","_seopress_robots_index":"","site-sidebar-layout":"default","site-content-layout":"default","ast-site-content-layout":"default","site-content-style":"default","site-sidebar-style":"default","ast-global-header-display":"","ast-banner-title-visibility":"","ast-main-header-display":"","ast-hfb-above-header-display":"","ast-hfb-below-header-display":"","ast-hfb-mobile-header-display":"","site-post-title":"","ast-breadcrumbs-content":"","ast-featured-img":"","footer-sml-layout":"","theme-transparent-header-meta":"default","adv-header-id-meta":"","stick-header-meta":"","header-above-stick-meta":"","header-main-stick-meta":"","header-below-stick-meta":"","astra-migrate-meta-layouts":"default","ast-page-background-enabled":"default","ast-page-background-meta":{"desktop":{"background-color":"","background-image":"","background-repeat":"repeat","background-position":"center center","background-size":"auto","background-attachment":"scroll","background-type":"","background-media":"","overlay-type":"","overlay-color":"","overlay-opacity":"","overlay-gradient":""},"tablet":{"background-color":"","background-image":"","background-repeat":"repeat","background-position":"center center","background-size":"auto","background-attachment":"scroll","background-type":"","background-media":"","overlay-type":"","overlay-color":"","overlay-opacity":"","overlay-gradient":""},"mobile":{"background-color":"","background-image":"","background-repeat":"repeat","background-position":"center center","background-size":"auto","background-attachment":"scroll","background-type":"","background-media":"","overlay-type":"","overlay-color":"","overlay-opacity":"","overlay-gradient":""}},"ast-content-background-meta":{"desktop":{"background-color":"var(--ast-global-color-5)","background-image":"","background-repeat":"repeat","background-position":"center center","background-size":"auto","background-attachment":"scroll","background-type":"","background-media":"","overlay-type":"","overlay-color":"","overlay-opacity":"","overlay-gradient":""},"tablet":{"background-color":"var(--ast-global-color-5)","background-image":"","background-repeat":"repeat","background-position":"center center","background-size":"auto","background-attachment":"scroll","background-type":"","background-media":"","overlay-type":"","overlay-color":"","overlay-opacity":"","overlay-gradient":""},"mobile":{"background-color":"var(--ast-global-color-5)","background-image":"","background-repeat":"repeat","background-position":"center center","background-size":"auto","background-attachment":"scroll","background-type":"","background-media":"","overlay-type":"","overlay-color":"","overlay-opacity":"","overlay-gradient":""}}},"product_brand":[],"product_cat":[3],"product_tag":[99,100,98,55,101,97],"class_list":{"0":"post-3361","1":"product","2":"type-product","3":"status-publish","4":"has-post-thumbnail","6":"product_cat-mini-dc-ups","7":"product_tag-5v-2a-ups","8":"product_tag-5v-dc-ups","9":"product_tag-5v-ups","10":"product_tag-battery-backup","11":"product_tag-ip-camera-ups","12":"product_tag-power-supply","13":"desktop-align-left","14":"tablet-align-left","15":"mobile-align-left","17":"first","18":"instock","19":"shipping-taxable","20":"product-type-simple"},"_links":{"self":[{"href":"https:\/\/ygspower.com\/fr\/wp-json\/wp\/v2\/product\/3361","targetHints":{"allow":["GET"]}}],"collection":[{"href":"https:\/\/ygspower.com\/fr\/wp-json\/wp\/v2\/product"}],"about":[{"href":"https:\/\/ygspower.com\/fr\/wp-json\/wp\/v2\/types\/product"}],"version-history":[{"count":0,"href":"https:\/\/ygspower.com\/fr\/wp-json\/wp\/v2\/product\/3361\/revisions"}],"wp:featuredmedia":[{"embeddable":true,"href":"https:\/\/ygspower.com\/fr\/wp-json\/wp\/v2\/media\/3367"}],"wp:attachment":[{"href":"https:\/\/ygspower.com\/fr\/wp-json\/wp\/v2\/media?parent=3361"}],"wp:term":[{"taxonomy":"product_brand","embeddable":true,"href":"https:\/\/ygspower.com\/fr\/wp-json\/wp\/v2\/product_brand?post=3361"},{"taxonomy":"product_cat","embeddable":true,"href":"https:\/\/ygspower.com\/fr\/wp-json\/wp\/v2\/product_cat?post=3361"},{"taxonomy":"product_tag","embeddable":true,"href":"https:\/\/ygspower.com\/fr\/wp-json\/wp\/v2\/product_tag?post=3361"}],"curies":[{"name":"wp","href":"https:\/\/api.w.org\/{rel}","templated":true}]}}