{"id":350,"date":"2020-10-29T13:00:57","date_gmt":"2020-10-29T05:00:57","guid":{"rendered":"https:\/\/zhangs1.sg-host.com\/?post_type=product&#038;p=350"},"modified":"2022-10-25T17:03:04","modified_gmt":"2022-10-25T09:03:04","slug":"life-po4-12v-250ah-storage-lithium-ion-battery","status":"publish","type":"product","link":"https:\/\/ygspower.com\/fr\/produit\/life-po4-12v-250ah-storage-lithium-ion-battery\/","title":{"rendered":"Batterie lithium-ion de stockage LiFe PO4 12 V 250 Ah"},"content":{"rendered":"<p><img fetchpriority=\"high\" decoding=\"async\" class=\"alignnone size-full wp-image-2741\" src=\"http:\/\/ygspower.com\/wp-content\/uploads\/2020\/10\/lifepo4-battery-12v100ah_01.jpg\" alt=\"\" width=\"750\" height=\"326\" srcset=\"https:\/\/ygspower.com\/wp-content\/uploads\/2020\/10\/lifepo4-battery-12v100ah_01.jpg 750w, https:\/\/ygspower.com\/wp-content\/uploads\/2020\/10\/lifepo4-battery-12v100ah_01-600x261.jpg 600w, https:\/\/ygspower.com\/wp-content\/uploads\/2020\/10\/lifepo4-battery-12v100ah_01-300x130.jpg 300w\" sizes=\"(max-width: 750px) 100vw, 750px\" \/><\/p>\n<table style=\"height: 1590px\" width=\"743\">\n<tbody>\n<tr>\n<td width=\"341\">Nom du produit<\/td>\n<td width=\"584\">Pack de batteries lithium fer phosphate 12v 250ah batteries de stockage lifepo4<\/p>\n<p>remplacement de la batterie au plomb<\/td>\n<\/tr>\n<tr>\n<td>Nom du style<\/td>\n<td>MLFP12-250<\/td>\n<\/tr>\n<tr>\n<td>Type de batterie<\/td>\n<td>Batterie LiFe PO4 12V250Ah<\/td>\n<\/tr>\n<tr>\n<td>Capacit\u00e9 nominale<\/td>\n<td>250 Ah<\/td>\n<\/tr>\n<tr>\n<td>Energie massique gravim\u00e9trique<\/td>\n<td>115 Wh\/kg<\/td>\n<\/tr>\n<tr>\n<td>Energie sp\u00e9cifique volum\u00e9trique<\/td>\n<td>103 Wh\/L<\/td>\n<\/tr>\n<tr>\n<td>Dimensions du bo\u00eetier en plastique mm<\/td>\n<td>L512xL223xH270mm<\/td>\n<\/tr>\n<tr>\n<td>Couleur<\/td>\n<td>noir<\/td>\n<\/tr>\n<tr>\n<td>Poids<\/td>\n<td>27,66 kg<\/td>\n<\/tr>\n<tr>\n<td colspan=\"2\">Tension<\/td>\n<\/tr>\n<tr>\n<td>Tension nominale<\/td>\n<td>12,8 V<\/td>\n<\/tr>\n<tr>\n<td>Tension de coupure de charge<\/td>\n<td>14,2 V<\/td>\n<\/tr>\n<tr>\n<td>Tension de coupure de d\u00e9charge<\/td>\n<td>11,2 V<\/td>\n<\/tr>\n<tr>\n<td colspan=\"2\">Actuel<\/td>\n<\/tr>\n<tr>\n<td>Courant de charge maximal<\/td>\n<td>0,5 \u00b0C<\/td>\n<\/tr>\n<tr>\n<td>Courant de d\u00e9charge maximal<\/td>\n<td>1C<\/td>\n<\/tr>\n<tr>\n<td>Courant de d\u00e9charge d&#039;impulsion max.<\/td>\n<td>2C 2S<\/td>\n<\/tr>\n<tr>\n<td>Courant de charge et de d\u00e9charge standard<\/td>\n<td>0,3 \u00b0C<\/td>\n<\/tr>\n<tr>\n<td colspan=\"2\">Temp\u00e9rature de fonctionnement<\/td>\n<\/tr>\n<tr>\n<td>Temp\u00e9rature de charge<\/td>\n<td>0\u2103-45\u2103<\/td>\n<\/tr>\n<tr>\n<td>Temp\u00e9rature de refoulement<\/td>\n<td>-20\u2103-60\u2103<\/td>\n<\/tr>\n<tr>\n<td>Temp\u00e9rature de stockage<\/td>\n<td>-10\u2103-45\u2103<\/td>\n<\/tr>\n<tr>\n<td colspan=\"2\">Cycle de vie<\/td>\n<\/tr>\n<tr>\n<td>80%DOD<\/td>\n<td>\u22651500 fois<\/td>\n<\/tr>\n<tr>\n<td>70%DOD (20%-90%SOC)<\/td>\n<td>\u22652000 fois<\/td>\n<\/tr>\n<tr>\n<td>-20\u2103 Taux de d\u00e9charge \u00e0 basse temp\u00e9rature<\/td>\n<td>\u226570%<\/td>\n<\/tr>\n<tr>\n<td>Taux d&#039;autod\u00e9charge (par mois)<\/td>\n<td>\u22645%\/mois<\/td>\n<\/tr>\n<tr>\n<td rowspan=\"4\">Fonctionnalit\u00e9<\/td>\n<td>S\u00fbr, longue dur\u00e9e de vie, respectueux de l&#039;environnement,<\/td>\n<\/tr>\n<tr>\n<td>Bonnes performances \u00e0 haute temp\u00e9rature<\/td>\n<\/tr>\n<tr>\n<td>Faible r\u00e9sistance interne, faible autod\u00e9charge<\/td>\n<\/tr>\n<tr>\n<td>Densit\u00e9 \u00e9nerg\u00e9tique \u00e9lev\u00e9e, pas d&#039;effet m\u00e9moire<\/td>\n<\/tr>\n<tr>\n<td rowspan=\"5\">Application<\/td>\n<td width=\"584\">Syst\u00e8me de t\u00e9l\u00e9communication, d&#039;\u00e9nergie solaire et \u00e9olienne<\/td>\n<\/tr>\n<tr>\n<td>\u00e9quipements de communication et \u00e9lectriques<\/td>\n<\/tr>\n<tr>\n<td>Centrales \u00e9lectriques, \u00e9quipements de contr\u00f4le<\/td>\n<\/tr>\n<tr>\n<td>Onduleur haute puissance\/Alimentation de secours en veille<\/td>\n<\/tr>\n<tr>\n<td>services ferroviaires, mat\u00e9riel d&#039;\u00e9clairage<\/td>\n<\/tr>\n<\/tbody>\n<\/table>\n<p><img decoding=\"async\" class=\"alignnone size-full wp-image-2742\" style=\"font-style: inherit;font-weight: inherit\" src=\"http:\/\/ygspower.com\/wp-content\/uploads\/2020\/10\/lifepo4-battery-12v100ah_02.jpg\" alt=\"\" width=\"750\" height=\"948\" srcset=\"https:\/\/ygspower.com\/wp-content\/uploads\/2020\/10\/lifepo4-battery-12v100ah_02.jpg 750w, https:\/\/ygspower.com\/wp-content\/uploads\/2020\/10\/lifepo4-battery-12v100ah_02-600x758.jpg 600w, https:\/\/ygspower.com\/wp-content\/uploads\/2020\/10\/lifepo4-battery-12v100ah_02-237x300.jpg 237w\" sizes=\"(max-width: 750px) 100vw, 750px\" \/> <img decoding=\"async\" class=\"alignnone size-full wp-image-2743\" style=\"font-style: inherit;font-weight: inherit\" src=\"http:\/\/ygspower.com\/wp-content\/uploads\/2020\/10\/lifepo4-battery-12v100ah_03.jpg\" alt=\"\" width=\"750\" height=\"948\" srcset=\"https:\/\/ygspower.com\/wp-content\/uploads\/2020\/10\/lifepo4-battery-12v100ah_03.jpg 750w, https:\/\/ygspower.com\/wp-content\/uploads\/2020\/10\/lifepo4-battery-12v100ah_03-600x758.jpg 600w, https:\/\/ygspower.com\/wp-content\/uploads\/2020\/10\/lifepo4-battery-12v100ah_03-237x300.jpg 237w\" sizes=\"(max-width: 750px) 100vw, 750px\" \/> <img loading=\"lazy\" decoding=\"async\" class=\"alignnone size-full wp-image-2744\" style=\"font-style: inherit;font-weight: inherit\" src=\"http:\/\/ygspower.com\/wp-content\/uploads\/2020\/10\/lifepo4-battery-12v100ah_04.jpg\" alt=\"\" width=\"750\" height=\"1228\" srcset=\"https:\/\/ygspower.com\/wp-content\/uploads\/2020\/10\/lifepo4-battery-12v100ah_04.jpg 750w, https:\/\/ygspower.com\/wp-content\/uploads\/2020\/10\/lifepo4-battery-12v100ah_04-600x982.jpg 600w, https:\/\/ygspower.com\/wp-content\/uploads\/2020\/10\/lifepo4-battery-12v100ah_04-183x300.jpg 183w, https:\/\/ygspower.com\/wp-content\/uploads\/2020\/10\/lifepo4-battery-12v100ah_04-625x1024.jpg 625w\" sizes=\"(max-width: 750px) 100vw, 750px\" \/> <img loading=\"lazy\" decoding=\"async\" class=\"alignnone size-full wp-image-2745\" style=\"font-style: inherit;font-weight: inherit\" src=\"http:\/\/ygspower.com\/wp-content\/uploads\/2020\/10\/lifepo4-battery-12v100ah_05.jpg\" alt=\"\" width=\"750\" height=\"847\" srcset=\"https:\/\/ygspower.com\/wp-content\/uploads\/2020\/10\/lifepo4-battery-12v100ah_05.jpg 750w, https:\/\/ygspower.com\/wp-content\/uploads\/2020\/10\/lifepo4-battery-12v100ah_05-600x678.jpg 600w, https:\/\/ygspower.com\/wp-content\/uploads\/2020\/10\/lifepo4-battery-12v100ah_05-266x300.jpg 266w\" sizes=\"(max-width: 750px) 100vw, 750px\" \/> <img loading=\"lazy\" decoding=\"async\" class=\"alignnone size-full wp-image-2746\" style=\"font-style: inherit;font-weight: inherit\" src=\"http:\/\/ygspower.com\/wp-content\/uploads\/2020\/10\/lifepo4-battery-12v100ah_06.jpg\" alt=\"\" width=\"750\" height=\"655\" srcset=\"https:\/\/ygspower.com\/wp-content\/uploads\/2020\/10\/lifepo4-battery-12v100ah_06.jpg 750w, https:\/\/ygspower.com\/wp-content\/uploads\/2020\/10\/lifepo4-battery-12v100ah_06-600x524.jpg 600w, https:\/\/ygspower.com\/wp-content\/uploads\/2020\/10\/lifepo4-battery-12v100ah_06-300x262.jpg 300w\" sizes=\"(max-width: 750px) 100vw, 750px\" \/> <img loading=\"lazy\" decoding=\"async\" class=\"alignnone size-full wp-image-2747\" style=\"font-style: inherit;font-weight: inherit\" src=\"http:\/\/ygspower.com\/wp-content\/uploads\/2020\/10\/lifepo4-battery-12v100ah_07.jpg\" alt=\"\" width=\"750\" height=\"684\" srcset=\"https:\/\/ygspower.com\/wp-content\/uploads\/2020\/10\/lifepo4-battery-12v100ah_07.jpg 750w, https:\/\/ygspower.com\/wp-content\/uploads\/2020\/10\/lifepo4-battery-12v100ah_07-600x547.jpg 600w, https:\/\/ygspower.com\/wp-content\/uploads\/2020\/10\/lifepo4-battery-12v100ah_07-300x274.jpg 300w\" sizes=\"(max-width: 750px) 100vw, 750px\" \/> <img loading=\"lazy\" decoding=\"async\" class=\"alignnone size-full wp-image-2748\" style=\"font-style: inherit;font-weight: inherit\" src=\"http:\/\/ygspower.com\/wp-content\/uploads\/2020\/10\/lifepo4-battery-12v100ah_08.jpg\" alt=\"\" width=\"750\" height=\"867\" srcset=\"https:\/\/ygspower.com\/wp-content\/uploads\/2020\/10\/lifepo4-battery-12v100ah_08.jpg 750w, https:\/\/ygspower.com\/wp-content\/uploads\/2020\/10\/lifepo4-battery-12v100ah_08-600x694.jpg 600w, https:\/\/ygspower.com\/wp-content\/uploads\/2020\/10\/lifepo4-battery-12v100ah_08-260x300.jpg 260w\" sizes=\"(max-width: 750px) 100vw, 750px\" \/><img loading=\"lazy\" decoding=\"async\" class=\"alignnone size-full wp-image-2749\" style=\"font-style: inherit;font-weight: inherit\" src=\"http:\/\/ygspower.com\/wp-content\/uploads\/2020\/10\/lifepo4-battery-12v100ah_09.jpg\" alt=\"\" width=\"750\" height=\"1519\" srcset=\"https:\/\/ygspower.com\/wp-content\/uploads\/2020\/10\/lifepo4-battery-12v100ah_09.jpg 750w, https:\/\/ygspower.com\/wp-content\/uploads\/2020\/10\/lifepo4-battery-12v100ah_09-600x1215.jpg 600w, https:\/\/ygspower.com\/wp-content\/uploads\/2020\/10\/lifepo4-battery-12v100ah_09-148x300.jpg 148w, https:\/\/ygspower.com\/wp-content\/uploads\/2020\/10\/lifepo4-battery-12v100ah_09-506x1024.jpg 506w\" sizes=\"(max-width: 750px) 100vw, 750px\" \/><\/p>\n<p><img loading=\"lazy\" decoding=\"async\" class=\"size-full wp-image-2751 alignleft\" src=\"http:\/\/ygspower.com\/wp-content\/uploads\/2020\/10\/lifepo4-battery-12v100ah_11.jpg\" alt=\"\" width=\"750\" height=\"1228\" srcset=\"https:\/\/ygspower.com\/wp-content\/uploads\/2020\/10\/lifepo4-battery-12v100ah_11.jpg 750w, https:\/\/ygspower.com\/wp-content\/uploads\/2020\/10\/lifepo4-battery-12v100ah_11-600x982.jpg 600w, https:\/\/ygspower.com\/wp-content\/uploads\/2020\/10\/lifepo4-battery-12v100ah_11-183x300.jpg 183w, https:\/\/ygspower.com\/wp-content\/uploads\/2020\/10\/lifepo4-battery-12v100ah_11-625x1024.jpg 625w\" sizes=\"(max-width: 750px) 100vw, 750px\" \/><\/p>","protected":false},"excerpt":{"rendered":"<ul class=\"ul1\">\n<li class=\"li1\">Type : Batterie LiFe PO4 12V 250Ah LFP12250 - remplacement de la batterie plomb-acide<\/li>\n<li class=\"li1\">Nom du produit : batterie de stockage de secours au lithium-ion LiFe PO4<\/li>\n<li class=\"li1\">Dimensions du bo\u00eetier noir : 223x512x270mm<\/li>\n<li class=\"li1\">Poids : environ 27,66 kg<\/li>\n<li class=\"li1\">Capacit\u00e9 de la batterie : 250 Ah<\/li>\n<li class=\"li1\">Dur\u00e9e de vie du cycle : plus de 2000 fois 70%DOD<\/li>\n<li class=\"li1\">Application : stockage d&#039;\u00e9nergie solaire<span class=\"s2\">,<\/span> v\u00e9hicule \u00e9lectrique<span class=\"s2\">,<\/span> Oups<span class=\"s2\">,<\/span>centrale \u00e9lectrique<\/li>\n<li class=\"li1\">Caract\u00e9ristiques : haute puissance et capacit\u00e9<span class=\"s2\">,<\/span> s\u00fbr<span class=\"s2\">,<\/span> longue dur\u00e9e de vie<span class=\"s2\">,<\/span> vert<span class=\"s2\">,<\/span> respectueux de l&#039;environnement<span class=\"s2\">,<\/span> bonne performance \u00e0 haute temp\u00e9rature<\/li>\n<\/ul>","protected":false},"featured_media":354,"template":"","meta":{"_seopress_robots_primary_cat":"none","_seopress_titles_title":"LiFe PO4 12V 250Ah Storage Lithium ion Battery","_seopress_titles_desc":"LiFe PO4 12V 250Ah Storage Lithium ion Battery","_seopress_robots_index":"","site-sidebar-layout":"default","site-content-layout":"default","ast-site-content-layout":"default","site-content-style":"default","site-sidebar-style":"default","ast-global-header-display":"","ast-banner-title-visibility":"","ast-main-header-display":"","ast-hfb-above-header-display":"","ast-hfb-below-header-display":"","ast-hfb-mobile-header-display":"","site-post-title":"","ast-breadcrumbs-content":"","ast-featured-img":"","footer-sml-layout":"","theme-transparent-header-meta":"default","adv-header-id-meta":"","stick-header-meta":"","header-above-stick-meta":"","header-main-stick-meta":"","header-below-stick-meta":"","astra-migrate-meta-layouts":"default","ast-page-background-enabled":"default","ast-page-background-meta":{"desktop":{"background-color":"","background-image":"","background-repeat":"repeat","background-position":"center center","background-size":"auto","background-attachment":"scroll","background-type":"","background-media":"","overlay-type":"","overlay-color":"","overlay-opacity":"","overlay-gradient":""},"tablet":{"background-color":"","background-image":"","background-repeat":"repeat","background-position":"center center","background-size":"auto","background-attachment":"scroll","background-type":"","background-media":"","overlay-type":"","overlay-color":"","overlay-opacity":"","overlay-gradient":""},"mobile":{"background-color":"","background-image":"","background-repeat":"repeat","background-position":"center center","background-size":"auto","background-attachment":"scroll","background-type":"","background-media":"","overlay-type":"","overlay-color":"","overlay-opacity":"","overlay-gradient":""}},"ast-content-background-meta":{"desktop":{"background-color":"var(--ast-global-color-5)","background-image":"","background-repeat":"repeat","background-position":"center center","background-size":"auto","background-attachment":"scroll","background-type":"","background-media":"","overlay-type":"","overlay-color":"","overlay-opacity":"","overlay-gradient":""},"tablet":{"background-color":"var(--ast-global-color-5)","background-image":"","background-repeat":"repeat","background-position":"center center","background-size":"auto","background-attachment":"scroll","background-type":"","background-media":"","overlay-type":"","overlay-color":"","overlay-opacity":"","overlay-gradient":""},"mobile":{"background-color":"var(--ast-global-color-5)","background-image":"","background-repeat":"repeat","background-position":"center center","background-size":"auto","background-attachment":"scroll","background-type":"","background-media":"","overlay-type":"","overlay-color":"","overlay-opacity":"","overlay-gradient":""}}},"product_brand":[],"product_cat":[28],"product_tag":[],"class_list":{"0":"post-350","1":"product","2":"type-product","3":"status-publish","4":"has-post-thumbnail","6":"product_cat-life-po4-battery","7":"desktop-align-left","8":"tablet-align-left","9":"mobile-align-left","11":"first","12":"instock","13":"shipping-taxable","14":"product-type-simple"},"_links":{"self":[{"href":"https:\/\/ygspower.com\/fr\/wp-json\/wp\/v2\/product\/350","targetHints":{"allow":["GET"]}}],"collection":[{"href":"https:\/\/ygspower.com\/fr\/wp-json\/wp\/v2\/product"}],"about":[{"href":"https:\/\/ygspower.com\/fr\/wp-json\/wp\/v2\/types\/product"}],"version-history":[{"count":0,"href":"https:\/\/ygspower.com\/fr\/wp-json\/wp\/v2\/product\/350\/revisions"}],"wp:featuredmedia":[{"embeddable":true,"href":"https:\/\/ygspower.com\/fr\/wp-json\/wp\/v2\/media\/354"}],"wp:attachment":[{"href":"https:\/\/ygspower.com\/fr\/wp-json\/wp\/v2\/media?parent=350"}],"wp:term":[{"taxonomy":"product_brand","embeddable":true,"href":"https:\/\/ygspower.com\/fr\/wp-json\/wp\/v2\/product_brand?post=350"},{"taxonomy":"product_cat","embeddable":true,"href":"https:\/\/ygspower.com\/fr\/wp-json\/wp\/v2\/product_cat?post=350"},{"taxonomy":"product_tag","embeddable":true,"href":"https:\/\/ygspower.com\/fr\/wp-json\/wp\/v2\/product_tag?post=350"}],"curies":[{"name":"wp","href":"https:\/\/api.w.org\/{rel}","templated":true}]}}