{"id":4835,"date":"2021-11-27T10:13:12","date_gmt":"2021-11-27T02:13:12","guid":{"rendered":"https:\/\/darksalmon-dugong-512221.hostingersite.com\/?post_type=product&#038;p=4835"},"modified":"2021-12-01T11:49:49","modified_gmt":"2021-12-01T03:49:49","slug":"mylion-5v-2a-portable-power-bank-mpw922-fast-wireless-charge","status":"publish","type":"product","link":"https:\/\/ygspower.com\/fr\/produit\/mylion-5v-2a-portable-power-bank-mpw922-fast-wireless-charge\/","title":{"rendered":"Batterie externe portable Mylion 12 V 2 A MPW922 Charge sans fil rapide"},"content":{"rendered":"<p><img fetchpriority=\"high\" decoding=\"async\" class=\"size-full wp-image-4845 aligncenter\" src=\"http:\/\/ygspower.com\/wp-content\/uploads\/2021\/11\/wireless-power-bank-1-1.jpg\" alt=\"\" width=\"750\" height=\"328\" srcset=\"https:\/\/ygspower.com\/wp-content\/uploads\/2021\/11\/wireless-power-bank-1-1.jpg 750w, https:\/\/ygspower.com\/wp-content\/uploads\/2021\/11\/wireless-power-bank-1-1-600x262.jpg 600w, https:\/\/ygspower.com\/wp-content\/uploads\/2021\/11\/wireless-power-bank-1-1-300x131.jpg 300w\" sizes=\"(max-width: 750px) 100vw, 750px\" \/><\/p>\n<table width=\"848\">\n<tbody>\n<tr>\n<td width=\"184\">Nom du style<\/td>\n<td width=\"664\">MPW922<\/td>\n<\/tr>\n<tr>\n<td>Fonction<\/td>\n<td>Charge rapide sans fil 15 W, USB 5 V, sortie CC 9 V et 12 V, batterie de secours au lithium portable, banque d&#039;alimentation<\/td>\n<\/tr>\n<tr>\n<td>Courant de sortie<\/td>\n<td>2A<\/td>\n<\/tr>\n<tr>\n<td>Puissance de sortie<\/td>\n<td>74 Wh\/20000 mAh<\/td>\n<\/tr>\n<tr>\n<td>Alimentation du chargeur sans fil<\/td>\n<td>15W, le chargeur sans fil le plus rapide du march\u00e9 actuel<\/td>\n<\/tr>\n<tr>\n<td>Temps de charge sans fil rapide<\/td>\n<td>chargez compl\u00e8tement l&#039;iPhone 12 en 40 minutes<\/td>\n<\/tr>\n<tr>\n<td rowspan=\"3\">Autonomie de la batterie<\/td>\n<td>Sortie 12 V 0,5 A (6 W) : environ 12,5 heures<\/td>\n<\/tr>\n<tr>\n<td>Sortie 12 V 1,0 A (12 W) : environ 6 heures<\/td>\n<\/tr>\n<tr>\n<td>Sortie USB 5 V : charge l&#039;iPhone 12 environ 7 \u00e0 8 fois, le Huawei Pro 40 environ 6 \u00e0 7 fois<\/td>\n<\/tr>\n<tr>\n<td>12V (ENTR\u00c9E ET SORTIE) 1<\/td>\n<td>12V DC5.5\u00d72.1 Noir<\/td>\n<\/tr>\n<tr>\n<td>12V (ENTR\u00c9E ET SORTIE) 2<\/td>\n<td>12 V CC 5,5 \u00d7 2,5 Jaune<\/td>\n<\/tr>\n<tr>\n<td>Orifice de d\u00e9charge (OUT)3<\/td>\n<td>USB 5 V<\/td>\n<\/tr>\n<tr>\n<td>Tension d&#039;entr\u00e9e<\/td>\n<td>12,6 V CC<\/td>\n<\/tr>\n<tr>\n<td>Courant d&#039;entr\u00e9e<\/td>\n<td>DC1A<\/td>\n<\/tr>\n<tr>\n<td>Couleur du bo\u00eetier<\/td>\n<td>Noir<\/td>\n<\/tr>\n<tr>\n<td>Dimensions du bo\u00eetier<\/td>\n<td>138x84x42mm<\/td>\n<\/tr>\n<tr>\n<td>Poids<\/td>\n<td>580g<\/td>\n<\/tr>\n<tr>\n<td>C\u00e2ble de transfert<\/td>\n<td>AWG#20 50 cm de longueur, DC5,5 \u00d7 2,1 noir et DC.5,5 \u00d7 2,5 jaune<\/td>\n<\/tr>\n<tr>\n<td>Frais (offre gratuite)<\/td>\n<td>Chargeur 12,6 V 1 A<\/td>\n<\/tr>\n<tr>\n<td>Marque de la cellule de batterie<\/td>\n<td>Cellule de marque chinoise ou cellule japonaise cor\u00e9enne<\/td>\n<\/tr>\n<tr>\n<td>Certification des cellules de batterie<\/td>\n<td>CB, UN38.3, BIS, KC, FDS, ROHS, CQC, CEM<\/td>\n<\/tr>\n<tr>\n<td>Protection de la batterie<\/td>\n<td width=\"664\">Protection contre la temp\u00e9rature, surcharge et d\u00e9charge, surintensit\u00e9, court-circuit<\/td>\n<\/tr>\n<tr>\n<td>Cycle de vie<\/td>\n<td>capacit\u00e9 de charge et de d\u00e9charge standard \u2265 80%, dur\u00e9e de vie du cycle \u2265 600 fois<\/td>\n<\/tr>\n<tr>\n<td>Application<\/td>\n<td width=\"664\">iPhone, t\u00e9l\u00e9phone intelligent, t\u00e9l\u00e9phone intelligent Huawei, lumi\u00e8re LED \/ bande LED \/ s\u00e9curit\u00e9 \/ appareil photo \/ maison intelligente \/ camping \/ haut-parleur \/ produits \u00e9lectriques 12 V<\/td>\n<\/tr>\n<tr>\n<td>Emballer<\/td>\n<td>10 pi\u00e8ces dans un carton (36x21x30cm), environ 9 kg\/carton<\/td>\n<\/tr>\n<tr>\n<td>Garantie<\/td>\n<td>12 mois<\/td>\n<\/tr>\n<\/tbody>\n<\/table>\n<p><img decoding=\"async\" class=\"size-full wp-image-4846 aligncenter\" src=\"http:\/\/ygspower.com\/wp-content\/uploads\/2021\/11\/wireless-power-bank-2-1.jpg\" alt=\"\" width=\"750\" height=\"939\" srcset=\"https:\/\/ygspower.com\/wp-content\/uploads\/2021\/11\/wireless-power-bank-2-1.jpg 750w, https:\/\/ygspower.com\/wp-content\/uploads\/2021\/11\/wireless-power-bank-2-1-600x751.jpg 600w, https:\/\/ygspower.com\/wp-content\/uploads\/2021\/11\/wireless-power-bank-2-1-240x300.jpg 240w\" sizes=\"(max-width: 750px) 100vw, 750px\" \/> <img decoding=\"async\" class=\"size-full wp-image-4847 aligncenter\" src=\"http:\/\/ygspower.com\/wp-content\/uploads\/2021\/11\/wireless-power-bank-3-1.jpg\" alt=\"\" width=\"750\" height=\"1769\" srcset=\"https:\/\/ygspower.com\/wp-content\/uploads\/2021\/11\/wireless-power-bank-3-1.jpg 750w, https:\/\/ygspower.com\/wp-content\/uploads\/2021\/11\/wireless-power-bank-3-1-600x1415.jpg 600w, https:\/\/ygspower.com\/wp-content\/uploads\/2021\/11\/wireless-power-bank-3-1-127x300.jpg 127w, https:\/\/ygspower.com\/wp-content\/uploads\/2021\/11\/wireless-power-bank-3-1-434x1024.jpg 434w, https:\/\/ygspower.com\/wp-content\/uploads\/2021\/11\/wireless-power-bank-3-1-651x1536.jpg 651w\" sizes=\"(max-width: 750px) 100vw, 750px\" \/> <img loading=\"lazy\" decoding=\"async\" class=\"size-full wp-image-4848 aligncenter\" src=\"http:\/\/ygspower.com\/wp-content\/uploads\/2021\/11\/wireless-power-bank-4-1.jpg\" alt=\"\" width=\"750\" height=\"2174\" srcset=\"https:\/\/ygspower.com\/wp-content\/uploads\/2021\/11\/wireless-power-bank-4-1.jpg 750w, https:\/\/ygspower.com\/wp-content\/uploads\/2021\/11\/wireless-power-bank-4-1-600x1739.jpg 600w, https:\/\/ygspower.com\/wp-content\/uploads\/2021\/11\/wireless-power-bank-4-1-103x300.jpg 103w, https:\/\/ygspower.com\/wp-content\/uploads\/2021\/11\/wireless-power-bank-4-1-353x1024.jpg 353w, https:\/\/ygspower.com\/wp-content\/uploads\/2021\/11\/wireless-power-bank-4-1-530x1536.jpg 530w, https:\/\/ygspower.com\/wp-content\/uploads\/2021\/11\/wireless-power-bank-4-1-707x2048.jpg 707w\" sizes=\"(max-width: 750px) 100vw, 750px\" \/> <img loading=\"lazy\" decoding=\"async\" class=\"size-full wp-image-4849 aligncenter\" src=\"http:\/\/ygspower.com\/wp-content\/uploads\/2021\/11\/wireless-power-bank-5-1.jpg\" alt=\"\" width=\"750\" height=\"1615\" srcset=\"https:\/\/ygspower.com\/wp-content\/uploads\/2021\/11\/wireless-power-bank-5-1.jpg 750w, https:\/\/ygspower.com\/wp-content\/uploads\/2021\/11\/wireless-power-bank-5-1-600x1292.jpg 600w, https:\/\/ygspower.com\/wp-content\/uploads\/2021\/11\/wireless-power-bank-5-1-139x300.jpg 139w, https:\/\/ygspower.com\/wp-content\/uploads\/2021\/11\/wireless-power-bank-5-1-476x1024.jpg 476w, https:\/\/ygspower.com\/wp-content\/uploads\/2021\/11\/wireless-power-bank-5-1-713x1536.jpg 713w\" sizes=\"(max-width: 750px) 100vw, 750px\" \/> <img loading=\"lazy\" decoding=\"async\" class=\"size-full wp-image-4850 aligncenter\" src=\"http:\/\/ygspower.com\/wp-content\/uploads\/2021\/11\/wireless-power-bank-6-1-scaled.jpg\" alt=\"\" width=\"675\" height=\"2560\" srcset=\"https:\/\/ygspower.com\/wp-content\/uploads\/2021\/11\/wireless-power-bank-6-1-scaled.jpg 675w, https:\/\/ygspower.com\/wp-content\/uploads\/2021\/11\/wireless-power-bank-6-1-600x2277.jpg 600w, https:\/\/ygspower.com\/wp-content\/uploads\/2021\/11\/wireless-power-bank-6-1-79x300.jpg 79w, https:\/\/ygspower.com\/wp-content\/uploads\/2021\/11\/wireless-power-bank-6-1-270x1024.jpg 270w, https:\/\/ygspower.com\/wp-content\/uploads\/2021\/11\/wireless-power-bank-6-1-405x1536.jpg 405w, https:\/\/ygspower.com\/wp-content\/uploads\/2021\/11\/wireless-power-bank-6-1-540x2048.jpg 540w\" sizes=\"(max-width: 675px) 100vw, 675px\" \/> <img loading=\"lazy\" decoding=\"async\" class=\"size-full wp-image-4851 aligncenter\" src=\"http:\/\/ygspower.com\/wp-content\/uploads\/2021\/11\/wireless-power-bank-7-1.jpg\" alt=\"\" width=\"750\" height=\"2298\" srcset=\"https:\/\/ygspower.com\/wp-content\/uploads\/2021\/11\/wireless-power-bank-7-1.jpg 750w, https:\/\/ygspower.com\/wp-content\/uploads\/2021\/11\/wireless-power-bank-7-1-600x1838.jpg 600w, https:\/\/ygspower.com\/wp-content\/uploads\/2021\/11\/wireless-power-bank-7-1-98x300.jpg 98w, https:\/\/ygspower.com\/wp-content\/uploads\/2021\/11\/wireless-power-bank-7-1-334x1024.jpg 334w, https:\/\/ygspower.com\/wp-content\/uploads\/2021\/11\/wireless-power-bank-7-1-501x1536.jpg 501w, https:\/\/ygspower.com\/wp-content\/uploads\/2021\/11\/wireless-power-bank-7-1-668x2048.jpg 668w\" sizes=\"(max-width: 750px) 100vw, 750px\" \/> <img loading=\"lazy\" decoding=\"async\" class=\"size-full wp-image-4852 aligncenter\" src=\"http:\/\/ygspower.com\/wp-content\/uploads\/2021\/11\/wireless-power-bank-8-1.jpg\" alt=\"\" width=\"750\" height=\"2055\" srcset=\"https:\/\/ygspower.com\/wp-content\/uploads\/2021\/11\/wireless-power-bank-8-1.jpg 750w, https:\/\/ygspower.com\/wp-content\/uploads\/2021\/11\/wireless-power-bank-8-1-600x1644.jpg 600w, https:\/\/ygspower.com\/wp-content\/uploads\/2021\/11\/wireless-power-bank-8-1-109x300.jpg 109w, https:\/\/ygspower.com\/wp-content\/uploads\/2021\/11\/wireless-power-bank-8-1-374x1024.jpg 374w, https:\/\/ygspower.com\/wp-content\/uploads\/2021\/11\/wireless-power-bank-8-1-561x1536.jpg 561w, https:\/\/ygspower.com\/wp-content\/uploads\/2021\/11\/wireless-power-bank-8-1-747x2048.jpg 747w\" sizes=\"(max-width: 750px) 100vw, 750px\" \/><\/p>","protected":false},"excerpt":{"rendered":"<ul class=\"ul1\">\n<li class=\"li2\">Type: MPW922<\/li>\n<li class=\"li2\">Nom du produit : banque d&#039;alimentation sans fil rapide 12v 15w<\/li>\n<li>Capacit\u00e9 de la batterie : 12 V 6 600 mAh\/5 V 20 000 mAh<\/li>\n<li class=\"li2\">Certifications : CB, UN38.3, BIS, KC, MSDS, ROHS, CQC, CEM<\/li>\n<li class=\"li2\">Application : LED, t\u00e9l\u00e9phone portable, appareil photo, acc\u00e8s de porte, empreinte digitale, pompe 12 V, p\u00eache, camping<\/li>\n<li>Fonctionnalit\u00e9 : petite banque d&#039;alimentation sans fil haute puissance et rapide de 15 W avec sortie 12 V CC<\/li>\n<li class=\"li2\">Avantage : multifonction, petite taille, grande capacit\u00e9, portable, chargement sans fil<\/li>\n<li>Fonction : affichage LED, chargement sans fil rapide, sortie USB 5 V et 12 DC multifonction<\/li>\n<li>Accessoires : chargeur et c\u00e2ble de transfert gratuits<\/li>\n<\/ul>","protected":false},"featured_media":4838,"template":"","meta":{"_seopress_robots_primary_cat":"none","_seopress_titles_title":"Mylion 12V 2A Portable Power Bank MPW922 Fast Wireless Charge","_seopress_titles_desc":"Mylion 12V 2A Portable Power Bank MPW922 Fast Wireless Charge, power bank, fast wireless charge, portable power abnk, led lighting, camping","_seopress_robots_index":"","site-sidebar-layout":"default","site-content-layout":"default","ast-site-content-layout":"default","site-content-style":"default","site-sidebar-style":"default","ast-global-header-display":"","ast-banner-title-visibility":"","ast-main-header-display":"","ast-hfb-above-header-display":"","ast-hfb-below-header-display":"","ast-hfb-mobile-header-display":"","site-post-title":"","ast-breadcrumbs-content":"","ast-featured-img":"","footer-sml-layout":"","theme-transparent-header-meta":"default","adv-header-id-meta":"","stick-header-meta":"","header-above-stick-meta":"","header-main-stick-meta":"","header-below-stick-meta":"","astra-migrate-meta-layouts":"default","ast-page-background-enabled":"default","ast-page-background-meta":{"desktop":{"background-color":"","background-image":"","background-repeat":"repeat","background-position":"center center","background-size":"auto","background-attachment":"scroll","background-type":"","background-media":"","overlay-type":"","overlay-color":"","overlay-opacity":"","overlay-gradient":""},"tablet":{"background-color":"","background-image":"","background-repeat":"repeat","background-position":"center center","background-size":"auto","background-attachment":"scroll","background-type":"","background-media":"","overlay-type":"","overlay-color":"","overlay-opacity":"","overlay-gradient":""},"mobile":{"background-color":"","background-image":"","background-repeat":"repeat","background-position":"center center","background-size":"auto","background-attachment":"scroll","background-type":"","background-media":"","overlay-type":"","overlay-color":"","overlay-opacity":"","overlay-gradient":""}},"ast-content-background-meta":{"desktop":{"background-color":"var(--ast-global-color-5)","background-image":"","background-repeat":"repeat","background-position":"center center","background-size":"auto","background-attachment":"scroll","background-type":"","background-media":"","overlay-type":"","overlay-color":"","overlay-opacity":"","overlay-gradient":""},"tablet":{"background-color":"var(--ast-global-color-5)","background-image":"","background-repeat":"repeat","background-position":"center center","background-size":"auto","background-attachment":"scroll","background-type":"","background-media":"","overlay-type":"","overlay-color":"","overlay-opacity":"","overlay-gradient":""},"mobile":{"background-color":"var(--ast-global-color-5)","background-image":"","background-repeat":"repeat","background-position":"center center","background-size":"auto","background-attachment":"scroll","background-type":"","background-media":"","overlay-type":"","overlay-color":"","overlay-opacity":"","overlay-gradient":""}}},"product_brand":[],"product_cat":[5],"product_tag":[228,55,231,199,230,200,229,198],"class_list":{"0":"post-4835","1":"product","2":"type-product","3":"status-publish","4":"has-post-thumbnail","6":"product_cat-multi-function-powerbank-portable-battery-portable-power-supply-backup","7":"product_tag-12v-2a-power-bank","8":"product_tag-battery-backup","9":"product_tag-camping","10":"product_tag-fast-wireless-charge","11":"product_tag-led-lighting","12":"product_tag-mlion","13":"product_tag-portable-power-abnk","14":"product_tag-power-bank","15":"desktop-align-left","16":"tablet-align-left","17":"mobile-align-left","19":"first","20":"instock","21":"shipping-taxable","22":"product-type-simple"},"_links":{"self":[{"href":"https:\/\/ygspower.com\/fr\/wp-json\/wp\/v2\/product\/4835","targetHints":{"allow":["GET"]}}],"collection":[{"href":"https:\/\/ygspower.com\/fr\/wp-json\/wp\/v2\/product"}],"about":[{"href":"https:\/\/ygspower.com\/fr\/wp-json\/wp\/v2\/types\/product"}],"version-history":[{"count":0,"href":"https:\/\/ygspower.com\/fr\/wp-json\/wp\/v2\/product\/4835\/revisions"}],"wp:featuredmedia":[{"embeddable":true,"href":"https:\/\/ygspower.com\/fr\/wp-json\/wp\/v2\/media\/4838"}],"wp:attachment":[{"href":"https:\/\/ygspower.com\/fr\/wp-json\/wp\/v2\/media?parent=4835"}],"wp:term":[{"taxonomy":"product_brand","embeddable":true,"href":"https:\/\/ygspower.com\/fr\/wp-json\/wp\/v2\/product_brand?post=4835"},{"taxonomy":"product_cat","embeddable":true,"href":"https:\/\/ygspower.com\/fr\/wp-json\/wp\/v2\/product_cat?post=4835"},{"taxonomy":"product_tag","embeddable":true,"href":"https:\/\/ygspower.com\/fr\/wp-json\/wp\/v2\/product_tag?post=4835"}],"curies":[{"name":"wp","href":"https:\/\/api.w.org\/{rel}","templated":true}]}}