{"id":5140,"date":"2021-11-27T16:49:00","date_gmt":"2021-11-27T08:49:00","guid":{"rendered":"https:\/\/darksalmon-dugong-512221.hostingersite.com\/?post_type=product&#038;p=5140"},"modified":"2021-12-01T11:12:07","modified_gmt":"2021-12-01T03:12:07","slug":"mylion-14-8v-2600mah-lithium-battery-pack","status":"publish","type":"product","link":"https:\/\/ygspower.com\/fr\/produit\/mylion-14-8v-2600mah-lithium-battery-pack\/","title":{"rendered":"Pack de batterie au lithium Mylion 14,8 V 2600 mAh"},"content":{"rendered":"<p><img fetchpriority=\"high\" decoding=\"async\" class=\"wp-image-5142 aligncenter\" src=\"http:\/\/ygspower.com\/wp-content\/uploads\/2021\/11\/14.8v-2600mah-1.jpg\" alt=\"\" width=\"463\" height=\"463\" srcset=\"https:\/\/ygspower.com\/wp-content\/uploads\/2021\/11\/14.8v-2600mah-1.jpg 750w, https:\/\/ygspower.com\/wp-content\/uploads\/2021\/11\/14.8v-2600mah-1-300x300.jpg 300w, https:\/\/ygspower.com\/wp-content\/uploads\/2021\/11\/14.8v-2600mah-1-100x100.jpg 100w, https:\/\/ygspower.com\/wp-content\/uploads\/2021\/11\/14.8v-2600mah-1-600x600.jpg 600w, https:\/\/ygspower.com\/wp-content\/uploads\/2021\/11\/14.8v-2600mah-1-150x150.jpg 150w\" sizes=\"(max-width: 463px) 100vw, 463px\" \/><\/p>\n<table style=\"border-collapse: collapse;width: 1352px;height: 1080px\" border=\"0\" width=\"892\" cellspacing=\"0\" cellpadding=\"0\">\n<tbody>\n<tr style=\"height: 18.00pt\">\n<td class=\"et4\" style=\"height: 18.00pt;width: 230.00pt\" width=\"306\" height=\"24\">Nom du produit<\/td>\n<td class=\"et5\" style=\"width: 439.00pt\" width=\"585\">Pack de batteries lithium-ion<\/td>\n<\/tr>\n<tr style=\"height: 18.00pt\">\n<td class=\"et4\" style=\"height: 18.00pt\" height=\"24\">Nom du style<\/td>\n<td class=\"et4\">14,8 V 2600 mAh<\/td>\n<\/tr>\n<tr style=\"height: 18.00pt\">\n<td class=\"et4\" style=\"height: 18.00pt\" height=\"24\">Capacit\u00e9 nominale<\/td>\n<td class=\"et8\">2600 mAh<\/td>\n<\/tr>\n<tr style=\"height: 18.00pt\">\n<td class=\"et4\" style=\"height: 18.00pt\" height=\"24\">Tension nominale<\/td>\n<td class=\"et8\">14,8 V<\/td>\n<\/tr>\n<tr style=\"height: 18.00pt\">\n<td class=\"et4\" style=\"height: 18.00pt\" height=\"24\">Tension de charge maximale<\/td>\n<td class=\"et8\">16,8 V<\/td>\n<\/tr>\n<tr style=\"height: 18.00pt\">\n<td class=\"et4\" style=\"height: 18.00pt\" height=\"24\">Tension de coupure de d\u00e9charge<\/td>\n<td class=\"et8\">12V<\/td>\n<\/tr>\n<tr style=\"height: 18.00pt\">\n<td class=\"et4\" style=\"height: 18.00pt\" height=\"24\">Courant de d\u00e9charge continu maximal<\/td>\n<td class=\"et8\">1-2A<\/td>\n<\/tr>\n<tr style=\"height: 18.00pt\">\n<td class=\"et4\" style=\"height: 18.00pt\" height=\"24\">Courant de charge<\/td>\n<td class=\"et8\">1-2A<\/td>\n<\/tr>\n<tr style=\"height: 18.00pt\">\n<td class=\"et4\" style=\"height: 18.00pt\" height=\"24\">Puissance de sortie<\/td>\n<td class=\"et8\">38,48 W<\/td>\n<\/tr>\n<tr style=\"height: 18.00pt\">\n<td class=\"et9\" style=\"height: 36.00pt;border-bottom: .5pt solid #000000\" rowspan=\"2\" height=\"48\">Temps de travail<\/td>\n<td class=\"et10\">Sortie 14,8 V 0,5 A (7,4 W) : environ 5,2 heures<\/td>\n<\/tr>\n<tr style=\"height: 18.00pt\">\n<td class=\"et10\">Sortie 14,8 V 1,0 A (14,8 W) : environ 2,6 heures<\/td>\n<\/tr>\n<tr style=\"height: 18.00pt\">\n<td class=\"et4\" style=\"height: 18.00pt\" height=\"24\">Port de charge (IN)<\/td>\n<td class=\"et12\" style=\"border-bottom: .5pt solid #000000\" rowspan=\"2\">Fiche T&amp;DC.2.5\u00d75.5 ou fiche s\u00e9lectionn\u00e9e<\/td>\n<\/tr>\n<tr style=\"height: 18.00pt\">\n<td class=\"et4\" style=\"height: 18.00pt\" height=\"24\">Orifice de d\u00e9charge (OUT)<\/td>\n<\/tr>\n<tr style=\"height: 18.00pt\">\n<td class=\"et4\" style=\"height: 18.00pt\" height=\"24\">Couleur PVC<\/td>\n<td class=\"et14\">Bleu<\/td>\n<\/tr>\n<tr style=\"height: 18.00pt\">\n<td class=\"et4\" style=\"height: 18.00pt\" height=\"24\">Dimensions de la batterie (mm)<\/td>\n<td class=\"et15\">72x67x18<\/td>\n<\/tr>\n<tr style=\"height: 18.00pt\">\n<td class=\"et4\" style=\"height: 18.00pt\" height=\"24\">Poids<\/td>\n<td class=\"et8\">Env.180g<\/td>\n<\/tr>\n<tr style=\"height: 18.00pt\">\n<td class=\"et16\" style=\"height: 18.00pt\" height=\"24\">Marque de la cellule de batterie<\/td>\n<td class=\"et10\">Cellule de marque chinoise (ou cellule Samsung LG Sony Sanyo Panasonic)<\/td>\n<\/tr>\n<tr style=\"height: 18.00pt\">\n<td class=\"et16\" style=\"height: 18.00pt\" height=\"24\">Certification des cellules de batterie<\/td>\n<td class=\"et10\">CB, CE, UL, UN38.3, BIS, KC, FDS, ROHS, CQC, SGS, CEM<\/td>\n<\/tr>\n<tr style=\"height: 18.00pt\">\n<td class=\"et16\" style=\"height: 18.00pt\" height=\"24\">Protection de la batterie<\/td>\n<td class=\"et10\">Surcharge et d\u00e9charge, surintensit\u00e9, court-circuit<\/td>\n<\/tr>\n<tr style=\"height: 18.00pt\">\n<td class=\"et16\" style=\"height: 18.00pt\" height=\"24\">Cycle de vie<\/td>\n<td class=\"et10\">capacit\u00e9 de charge et de d\u00e9charge standard \u2265 80% C5mAh, dur\u00e9e de vie du cycle \u2265 600<\/td>\n<\/tr>\n<tr style=\"height: 54.00pt\">\n<td class=\"et16\" style=\"height: 54.00pt\" height=\"72\">Application<\/td>\n<td class=\"et17\" style=\"width: 439.00pt\" width=\"585\">Pulv\u00e9risateur de jardin, instrument m\u00e9dical, aspirateur intelligent, instrument d&#039;ext\u00e9rieur, commande de porte, LED solaire, remplacement de batterie au plomb 12 V, etc.<\/td>\n<\/tr>\n<tr style=\"height: 18.00pt\">\n<td class=\"et16\" style=\"height: 18.00pt\" height=\"24\">Emballer<\/td>\n<td class=\"et10\">40 pi\u00e8ces dans un carton (15x29x37cm), environ 8,2 kg\/carton<\/td>\n<\/tr>\n<tr style=\"height: 18.00pt\">\n<td class=\"et16\" style=\"height: 18.00pt\" height=\"24\">Garantie<\/td>\n<td class=\"et10\">12 mois<\/td>\n<\/tr>\n<\/tbody>\n<\/table>","protected":false},"excerpt":{"rendered":"<p>Nom du produit : Pack de batteries lithium-ion<\/p>\n<p>Nom du mod\u00e8le : 14,8 V 2\u00a0600 mAh<\/p>\n<p>Capacit\u00e9 nominale : 2600 mAh<\/p>\n<p>Tension nominale : 14,8 V<\/p>\n<p>Courant de d\u00e9charge continu maximal : 1-2 A<\/p>\n<p>Courant de charge : 1-2 A<\/p>\n<p>Puissance de sortie : 38,48 W<\/p>\n<p>Poids : environ 180 g<\/p>\n<p>Protection de la batterie : surcharge et d\u00e9charge, surintensit\u00e9, court-circuit<\/p>\n<p>Application : \u00e9clairage LED\/bande LED\/torche\/produits \u00e9lectriques portables, etc.<\/p>\n<p>Garantie: 12 mois<\/p>","protected":false},"featured_media":5143,"template":"","meta":{"_seopress_robots_primary_cat":"","_seopress_titles_title":"Mylion 14.8v 2600mah lithium battery pack","_seopress_titles_desc":"Mylion 14.8v 2600mah lithium battery pack, Lithium battery pack, Mylion, 18650 14.8v 2600mah, Lithium battery ","_seopress_robots_index":"","site-sidebar-layout":"default","site-content-layout":"default","ast-site-content-layout":"default","site-content-style":"default","site-sidebar-style":"default","ast-global-header-display":"","ast-banner-title-visibility":"","ast-main-header-display":"","ast-hfb-above-header-display":"","ast-hfb-below-header-display":"","ast-hfb-mobile-header-display":"","site-post-title":"","ast-breadcrumbs-content":"","ast-featured-img":"","footer-sml-layout":"","theme-transparent-header-meta":"default","adv-header-id-meta":"","stick-header-meta":"","header-above-stick-meta":"","header-main-stick-meta":"","header-below-stick-meta":"","astra-migrate-meta-layouts":"default","ast-page-background-enabled":"default","ast-page-background-meta":{"desktop":{"background-color":"","background-image":"","background-repeat":"repeat","background-position":"center center","background-size":"auto","background-attachment":"scroll","background-type":"","background-media":"","overlay-type":"","overlay-color":"","overlay-opacity":"","overlay-gradient":""},"tablet":{"background-color":"","background-image":"","background-repeat":"repeat","background-position":"center center","background-size":"auto","background-attachment":"scroll","background-type":"","background-media":"","overlay-type":"","overlay-color":"","overlay-opacity":"","overlay-gradient":""},"mobile":{"background-color":"","background-image":"","background-repeat":"repeat","background-position":"center center","background-size":"auto","background-attachment":"scroll","background-type":"","background-media":"","overlay-type":"","overlay-color":"","overlay-opacity":"","overlay-gradient":""}},"ast-content-background-meta":{"desktop":{"background-color":"var(--ast-global-color-5)","background-image":"","background-repeat":"repeat","background-position":"center center","background-size":"auto","background-attachment":"scroll","background-type":"","background-media":"","overlay-type":"","overlay-color":"","overlay-opacity":"","overlay-gradient":""},"tablet":{"background-color":"var(--ast-global-color-5)","background-image":"","background-repeat":"repeat","background-position":"center center","background-size":"auto","background-attachment":"scroll","background-type":"","background-media":"","overlay-type":"","overlay-color":"","overlay-opacity":"","overlay-gradient":""},"mobile":{"background-color":"var(--ast-global-color-5)","background-image":"","background-repeat":"repeat","background-position":"center center","background-size":"auto","background-attachment":"scroll","background-type":"","background-media":"","overlay-type":"","overlay-color":"","overlay-opacity":"","overlay-gradient":""}}},"product_brand":[],"product_cat":[23],"product_tag":[221,181,202,74],"class_list":{"0":"post-5140","1":"product","2":"type-product","3":"status-publish","4":"has-post-thumbnail","6":"product_cat-customized-lithium-battery","7":"product_tag-18650-14-8v-2600mah","8":"product_tag-lithium-battery","9":"product_tag-lithium-battery-pack","10":"product_tag-mylion","11":"desktop-align-left","12":"tablet-align-left","13":"mobile-align-left","15":"first","16":"instock","17":"shipping-taxable","18":"product-type-simple"},"_links":{"self":[{"href":"https:\/\/ygspower.com\/fr\/wp-json\/wp\/v2\/product\/5140","targetHints":{"allow":["GET"]}}],"collection":[{"href":"https:\/\/ygspower.com\/fr\/wp-json\/wp\/v2\/product"}],"about":[{"href":"https:\/\/ygspower.com\/fr\/wp-json\/wp\/v2\/types\/product"}],"version-history":[{"count":0,"href":"https:\/\/ygspower.com\/fr\/wp-json\/wp\/v2\/product\/5140\/revisions"}],"wp:featuredmedia":[{"embeddable":true,"href":"https:\/\/ygspower.com\/fr\/wp-json\/wp\/v2\/media\/5143"}],"wp:attachment":[{"href":"https:\/\/ygspower.com\/fr\/wp-json\/wp\/v2\/media?parent=5140"}],"wp:term":[{"taxonomy":"product_brand","embeddable":true,"href":"https:\/\/ygspower.com\/fr\/wp-json\/wp\/v2\/product_brand?post=5140"},{"taxonomy":"product_cat","embeddable":true,"href":"https:\/\/ygspower.com\/fr\/wp-json\/wp\/v2\/product_cat?post=5140"},{"taxonomy":"product_tag","embeddable":true,"href":"https:\/\/ygspower.com\/fr\/wp-json\/wp\/v2\/product_tag?post=5140"}],"curies":[{"name":"wp","href":"https:\/\/api.w.org\/{rel}","templated":true}]}}