{"id":5332,"date":"2021-12-03T17:25:43","date_gmt":"2021-12-03T09:25:43","guid":{"rendered":"https:\/\/darksalmon-dugong-512221.hostingersite.com\/?post_type=product&#038;p=5332"},"modified":"2021-12-03T17:25:50","modified_gmt":"2021-12-03T09:25:50","slug":"mylion-lifepo4-12v-200ah-lithium-battery-pack","status":"publish","type":"product","link":"https:\/\/ygspower.com\/fr\/produit\/mylion-lifepo4-12v-200ah-lithium-battery-pack\/","title":{"rendered":"Pack de batteries au lithium Mylion LifePo4 12V 200Ah"},"content":{"rendered":"<p><img fetchpriority=\"high\" decoding=\"async\" class=\"alignnone size-full wp-image-5341 aligncenter\" src=\"http:\/\/ygspower.com\/wp-content\/uploads\/2021\/12\/lifepo4-12v100ah-1.jpg\" alt=\"\" width=\"750\" height=\"326\" srcset=\"https:\/\/ygspower.com\/wp-content\/uploads\/2021\/12\/lifepo4-12v100ah-1.jpg 750w, https:\/\/ygspower.com\/wp-content\/uploads\/2021\/12\/lifepo4-12v100ah-1-600x261.jpg 600w, https:\/\/ygspower.com\/wp-content\/uploads\/2021\/12\/lifepo4-12v100ah-1-300x130.jpg 300w\" sizes=\"(max-width: 750px) 100vw, 750px\" \/><\/p>\n<table width=\"925\">\n<tbody>\n<tr>\n<td width=\"341\">Nom du produit<\/td>\n<td width=\"584\">Pack de batteries lithium fer phosphate<\/td>\n<\/tr>\n<tr>\n<td>Nom du style<\/td>\n<td>MLFP12-200<\/td>\n<\/tr>\n<tr>\n<td>Type de batterie<\/td>\n<td>Batterie LiFe PO4 12V200Ah<\/td>\n<\/tr>\n<tr>\n<td>Capacit\u00e9 nominale<\/td>\n<td>200 Ah<\/td>\n<\/tr>\n<tr>\n<td>Energie massique gravim\u00e9trique<\/td>\n<td>115 Wh\/kg<\/td>\n<\/tr>\n<tr>\n<td>Energie sp\u00e9cifique volum\u00e9trique<\/td>\n<td>103 Wh\/L<\/td>\n<\/tr>\n<tr>\n<td>Dimensions du bo\u00eetier en plastique mm<\/td>\n<td>L490xL171xH240mm<\/td>\n<\/tr>\n<tr>\n<td>Couleur<\/td>\n<td>noir<\/td>\n<\/tr>\n<tr>\n<td>Poids<\/td>\n<td>23 kg<\/td>\n<\/tr>\n<tr>\n<td colspan=\"2\">Tension<\/td>\n<\/tr>\n<tr>\n<td>Tension nominale<\/td>\n<td>12,8 V<\/td>\n<\/tr>\n<tr>\n<td>Tension de coupure de charge<\/td>\n<td>14,2 V<\/td>\n<\/tr>\n<tr>\n<td>Tension de coupure de d\u00e9charge<\/td>\n<td>11,2 V<\/td>\n<\/tr>\n<tr>\n<td colspan=\"2\">Actuel<\/td>\n<\/tr>\n<tr>\n<td>Courant de charge maximal<\/td>\n<td>0,5 \u00b0C<\/td>\n<\/tr>\n<tr>\n<td>Courant de d\u00e9charge maximal<\/td>\n<td>100A<\/td>\n<\/tr>\n<tr>\n<td>Courant de d\u00e9charge d&#039;impulsion max.<\/td>\n<td>2C 2S<\/td>\n<\/tr>\n<tr>\n<td>Courant de charge et de d\u00e9charge standard<\/td>\n<td>0,3 \u00b0C<\/td>\n<\/tr>\n<tr>\n<td colspan=\"2\">Temp\u00e9rature de fonctionnement<\/td>\n<\/tr>\n<tr>\n<td>Temp\u00e9rature de charge<\/td>\n<td>0\u2103-45\u2103<\/td>\n<\/tr>\n<tr>\n<td>Temp\u00e9rature de refoulement<\/td>\n<td>-20\u2103-60\u2103<\/td>\n<\/tr>\n<tr>\n<td>Temp\u00e9rature de stockage<\/td>\n<td>-10\u2103-45\u2103<\/td>\n<\/tr>\n<tr>\n<td colspan=\"2\">Cycle de vie<\/td>\n<\/tr>\n<tr>\n<td>80%DOD<\/td>\n<td>\u22651500 fois<\/td>\n<\/tr>\n<tr>\n<td>70%DOD (20%-90%SOC)<\/td>\n<td>\u22652000 fois<\/td>\n<\/tr>\n<tr>\n<td>-20\u2103 Taux de d\u00e9charge \u00e0 basse temp\u00e9rature<\/td>\n<td>\u226570%<\/td>\n<\/tr>\n<tr>\n<td>Taux d&#039;autod\u00e9charge (par mois)<\/td>\n<td>\u22643%\/mois<\/td>\n<\/tr>\n<tr>\n<td rowspan=\"4\">Fonctionnalit\u00e9<\/td>\n<td>S\u00fbr, longue dur\u00e9e de vie, respectueux de l&#039;environnement,<\/td>\n<\/tr>\n<tr>\n<td>Bonnes performances \u00e0 haute temp\u00e9rature<\/td>\n<\/tr>\n<tr>\n<td>Faible r\u00e9sistance interne, faible autod\u00e9charge<\/td>\n<\/tr>\n<tr>\n<td>Densit\u00e9 \u00e9nerg\u00e9tique \u00e9lev\u00e9e, pas d&#039;effet m\u00e9moire<\/td>\n<\/tr>\n<tr>\n<td rowspan=\"5\">Application<\/td>\n<td width=\"584\">Syst\u00e8me de t\u00e9l\u00e9communication, d&#039;\u00e9nergie solaire et \u00e9olienne<\/td>\n<\/tr>\n<tr>\n<td>\u00e9quipements de communication et \u00e9lectriques<\/td>\n<\/tr>\n<tr>\n<td>Centrales \u00e9lectriques, \u00e9quipements de contr\u00f4le<\/td>\n<\/tr>\n<tr>\n<td>Onduleur haute puissance\/Alimentation de secours en veille<\/td>\n<\/tr>\n<tr>\n<td>services ferroviaires, mat\u00e9riel d&#039;\u00e9clairage<\/td>\n<\/tr>\n<\/tbody>\n<\/table>\n<p style=\"text-align: center\"><img decoding=\"async\" class=\"alignnone size-full wp-image-5342\" src=\"http:\/\/ygspower.com\/wp-content\/uploads\/2021\/12\/lifepo4-12v100ah-2.jpg\" alt=\"\" width=\"750\" height=\"948\" srcset=\"https:\/\/ygspower.com\/wp-content\/uploads\/2021\/12\/lifepo4-12v100ah-2.jpg 750w, https:\/\/ygspower.com\/wp-content\/uploads\/2021\/12\/lifepo4-12v100ah-2-600x758.jpg 600w, https:\/\/ygspower.com\/wp-content\/uploads\/2021\/12\/lifepo4-12v100ah-2-237x300.jpg 237w\" sizes=\"(max-width: 750px) 100vw, 750px\" \/> <img decoding=\"async\" class=\"alignnone size-full wp-image-5343\" src=\"http:\/\/ygspower.com\/wp-content\/uploads\/2021\/12\/lifepo4-12v100ah-3.jpg\" alt=\"\" width=\"750\" height=\"948\" srcset=\"https:\/\/ygspower.com\/wp-content\/uploads\/2021\/12\/lifepo4-12v100ah-3.jpg 750w, https:\/\/ygspower.com\/wp-content\/uploads\/2021\/12\/lifepo4-12v100ah-3-600x758.jpg 600w, https:\/\/ygspower.com\/wp-content\/uploads\/2021\/12\/lifepo4-12v100ah-3-237x300.jpg 237w\" sizes=\"(max-width: 750px) 100vw, 750px\" \/> <img loading=\"lazy\" decoding=\"async\" class=\"alignnone size-full wp-image-5344\" src=\"http:\/\/ygspower.com\/wp-content\/uploads\/2021\/12\/lifepo4-12v100ah-4.jpg\" alt=\"\" width=\"750\" height=\"1228\" srcset=\"https:\/\/ygspower.com\/wp-content\/uploads\/2021\/12\/lifepo4-12v100ah-4.jpg 750w, https:\/\/ygspower.com\/wp-content\/uploads\/2021\/12\/lifepo4-12v100ah-4-600x982.jpg 600w, https:\/\/ygspower.com\/wp-content\/uploads\/2021\/12\/lifepo4-12v100ah-4-183x300.jpg 183w, https:\/\/ygspower.com\/wp-content\/uploads\/2021\/12\/lifepo4-12v100ah-4-625x1024.jpg 625w\" sizes=\"(max-width: 750px) 100vw, 750px\" \/> <img loading=\"lazy\" decoding=\"async\" class=\"alignnone size-full wp-image-5345\" src=\"http:\/\/ygspower.com\/wp-content\/uploads\/2021\/12\/lifepo4-12v100ah-5.jpg\" alt=\"\" width=\"750\" height=\"847\" srcset=\"https:\/\/ygspower.com\/wp-content\/uploads\/2021\/12\/lifepo4-12v100ah-5.jpg 750w, https:\/\/ygspower.com\/wp-content\/uploads\/2021\/12\/lifepo4-12v100ah-5-600x678.jpg 600w, https:\/\/ygspower.com\/wp-content\/uploads\/2021\/12\/lifepo4-12v100ah-5-266x300.jpg 266w\" sizes=\"(max-width: 750px) 100vw, 750px\" \/> <img loading=\"lazy\" decoding=\"async\" class=\"alignnone size-full wp-image-5346\" src=\"http:\/\/ygspower.com\/wp-content\/uploads\/2021\/12\/lifepo4-12v100ah-6.jpg\" alt=\"\" width=\"750\" height=\"655\" srcset=\"https:\/\/ygspower.com\/wp-content\/uploads\/2021\/12\/lifepo4-12v100ah-6.jpg 750w, https:\/\/ygspower.com\/wp-content\/uploads\/2021\/12\/lifepo4-12v100ah-6-600x524.jpg 600w, https:\/\/ygspower.com\/wp-content\/uploads\/2021\/12\/lifepo4-12v100ah-6-300x262.jpg 300w\" sizes=\"(max-width: 750px) 100vw, 750px\" \/><\/p>\n<p style=\"text-align: center\"><img loading=\"lazy\" decoding=\"async\" class=\"alignnone size-full wp-image-5347\" src=\"http:\/\/ygspower.com\/wp-content\/uploads\/2021\/12\/lifepo4-12v100ah-7.jpg\" alt=\"\" width=\"750\" height=\"684\" srcset=\"https:\/\/ygspower.com\/wp-content\/uploads\/2021\/12\/lifepo4-12v100ah-7.jpg 750w, https:\/\/ygspower.com\/wp-content\/uploads\/2021\/12\/lifepo4-12v100ah-7-600x547.jpg 600w, https:\/\/ygspower.com\/wp-content\/uploads\/2021\/12\/lifepo4-12v100ah-7-300x274.jpg 300w\" sizes=\"(max-width: 750px) 100vw, 750px\" \/><img loading=\"lazy\" decoding=\"async\" class=\"alignnone size-full wp-image-5348\" src=\"http:\/\/ygspower.com\/wp-content\/uploads\/2021\/12\/lifepo4-12v100ah-8.jpg\" alt=\"\" width=\"750\" height=\"867\" srcset=\"https:\/\/ygspower.com\/wp-content\/uploads\/2021\/12\/lifepo4-12v100ah-8.jpg 750w, https:\/\/ygspower.com\/wp-content\/uploads\/2021\/12\/lifepo4-12v100ah-8-600x694.jpg 600w, https:\/\/ygspower.com\/wp-content\/uploads\/2021\/12\/lifepo4-12v100ah-8-260x300.jpg 260w\" sizes=\"(max-width: 750px) 100vw, 750px\" \/> <img loading=\"lazy\" decoding=\"async\" class=\"alignnone size-full wp-image-5349\" src=\"http:\/\/ygspower.com\/wp-content\/uploads\/2021\/12\/lifepo4-12v100ah-9.jpg\" alt=\"\" width=\"750\" height=\"1519\" srcset=\"https:\/\/ygspower.com\/wp-content\/uploads\/2021\/12\/lifepo4-12v100ah-9.jpg 750w, https:\/\/ygspower.com\/wp-content\/uploads\/2021\/12\/lifepo4-12v100ah-9-600x1215.jpg 600w, https:\/\/ygspower.com\/wp-content\/uploads\/2021\/12\/lifepo4-12v100ah-9-148x300.jpg 148w, https:\/\/ygspower.com\/wp-content\/uploads\/2021\/12\/lifepo4-12v100ah-9-506x1024.jpg 506w\" sizes=\"(max-width: 750px) 100vw, 750px\" \/> <img loading=\"lazy\" decoding=\"async\" class=\"alignnone size-full wp-image-5350\" src=\"http:\/\/ygspower.com\/wp-content\/uploads\/2021\/12\/lifepo4-12v100ah-10.jpg\" alt=\"\" width=\"750\" height=\"1172\" srcset=\"https:\/\/ygspower.com\/wp-content\/uploads\/2021\/12\/lifepo4-12v100ah-10.jpg 750w, https:\/\/ygspower.com\/wp-content\/uploads\/2021\/12\/lifepo4-12v100ah-10-600x938.jpg 600w, https:\/\/ygspower.com\/wp-content\/uploads\/2021\/12\/lifepo4-12v100ah-10-192x300.jpg 192w, https:\/\/ygspower.com\/wp-content\/uploads\/2021\/12\/lifepo4-12v100ah-10-655x1024.jpg 655w\" sizes=\"(max-width: 750px) 100vw, 750px\" \/> <img loading=\"lazy\" decoding=\"async\" class=\"alignnone size-full wp-image-5351\" src=\"http:\/\/ygspower.com\/wp-content\/uploads\/2021\/12\/lifepo4-12v100ah-11.jpg\" alt=\"\" width=\"750\" height=\"1228\" srcset=\"https:\/\/ygspower.com\/wp-content\/uploads\/2021\/12\/lifepo4-12v100ah-11.jpg 750w, https:\/\/ygspower.com\/wp-content\/uploads\/2021\/12\/lifepo4-12v100ah-11-600x982.jpg 600w, https:\/\/ygspower.com\/wp-content\/uploads\/2021\/12\/lifepo4-12v100ah-11-183x300.jpg 183w, https:\/\/ygspower.com\/wp-content\/uploads\/2021\/12\/lifepo4-12v100ah-11-625x1024.jpg 625w\" sizes=\"(max-width: 750px) 100vw, 750px\" \/><\/p>","protected":false},"excerpt":{"rendered":"<p>Nom du produit : Pack de batteries au lithium fer phosphate<\/p>\n<p>Nom du mod\u00e8le : MLFP12-200<\/p>\n<p>Type de batterie : Batterie LiFe PO4 12V200Ah<\/p>\n<p>Capacit\u00e9 nominale : 200 Ah<\/p>\n<p>\u00c9nergie massique gravim\u00e9trique : 115 Wh\/kg<\/p>\n<p>Energie volum\u00e9trique sp\u00e9cifique : 103 Wh\/L<\/p>\n<p>Dimensions du bo\u00eetier en plastique mm : L490 x l171 x H240 mm<\/p>\n<p>Poids : 23 kg<\/p>\n<p>Fonctionnalit\u00e9 : S\u00fbr, longue dur\u00e9e de vie, respectueux de l&#039;environnement,<\/p>\n<p>Bonnes performances \u00e0 haute temp\u00e9rature<\/p>\n<p>Faible r\u00e9sistance interne, faible autod\u00e9charge<\/p>\n<p>Densit\u00e9 \u00e9nerg\u00e9tique \u00e9lev\u00e9e, pas d&#039;effet m\u00e9moire<\/p>\n<p>Application : t\u00e9l\u00e9communications, syst\u00e8mes d&#039;\u00e9nergie solaire et \u00e9olienne, \u00e9quipements de communication et \u00e9lectriques, centrales \u00e9lectriques, \u00e9quipements de contr\u00f4le, onduleurs haute puissance \/ alimentation de secours, services publics ferroviaires, \u00e9quipements d&#039;\u00e9clairage<\/p>","protected":false},"featured_media":5334,"template":"","meta":{"_seopress_robots_primary_cat":"","_seopress_titles_title":"Mylion LifePo4 12V 200Ah lithium battery pack","_seopress_titles_desc":"Mylion LifePo4 12V 200Ah lithium battery pack, Mylion, lithium battery, LifePo4 12v battery, batteries, 12v 200ah battery, led lamp, medical instrument","_seopress_robots_index":"","site-sidebar-layout":"default","site-content-layout":"default","ast-site-content-layout":"default","site-content-style":"default","site-sidebar-style":"default","ast-global-header-display":"","ast-banner-title-visibility":"","ast-main-header-display":"","ast-hfb-above-header-display":"","ast-hfb-below-header-display":"","ast-hfb-mobile-header-display":"","site-post-title":"","ast-breadcrumbs-content":"","ast-featured-img":"","footer-sml-layout":"","theme-transparent-header-meta":"default","adv-header-id-meta":"","stick-header-meta":"","header-above-stick-meta":"","header-main-stick-meta":"","header-below-stick-meta":"","astra-migrate-meta-layouts":"default","ast-page-background-enabled":"default","ast-page-background-meta":{"desktop":{"background-color":"","background-image":"","background-repeat":"repeat","background-position":"center center","background-size":"auto","background-attachment":"scroll","background-type":"","background-media":"","overlay-type":"","overlay-color":"","overlay-opacity":"","overlay-gradient":""},"tablet":{"background-color":"","background-image":"","background-repeat":"repeat","background-position":"center center","background-size":"auto","background-attachment":"scroll","background-type":"","background-media":"","overlay-type":"","overlay-color":"","overlay-opacity":"","overlay-gradient":""},"mobile":{"background-color":"","background-image":"","background-repeat":"repeat","background-position":"center center","background-size":"auto","background-attachment":"scroll","background-type":"","background-media":"","overlay-type":"","overlay-color":"","overlay-opacity":"","overlay-gradient":""}},"ast-content-background-meta":{"desktop":{"background-color":"var(--ast-global-color-5)","background-image":"","background-repeat":"repeat","background-position":"center center","background-size":"auto","background-attachment":"scroll","background-type":"","background-media":"","overlay-type":"","overlay-color":"","overlay-opacity":"","overlay-gradient":""},"tablet":{"background-color":"var(--ast-global-color-5)","background-image":"","background-repeat":"repeat","background-position":"center center","background-size":"auto","background-attachment":"scroll","background-type":"","background-media":"","overlay-type":"","overlay-color":"","overlay-opacity":"","overlay-gradient":""},"mobile":{"background-color":"var(--ast-global-color-5)","background-image":"","background-repeat":"repeat","background-position":"center center","background-size":"auto","background-attachment":"scroll","background-type":"","background-media":"","overlay-type":"","overlay-color":"","overlay-opacity":"","overlay-gradient":""}}},"product_brand":[],"product_cat":[28],"product_tag":[247,242,248,246,181,249,74],"class_list":{"0":"post-5332","1":"product","2":"type-product","3":"status-publish","4":"has-post-thumbnail","6":"product_cat-life-po4-battery","7":"product_tag-12v-200ah-battery","8":"product_tag-batteries","9":"product_tag-led-lamp","10":"product_tag-lifepo4-12v-battery","11":"product_tag-lithium-battery","12":"product_tag-medical-instrument","13":"product_tag-mylion","14":"desktop-align-left","15":"tablet-align-left","16":"mobile-align-left","18":"first","19":"instock","20":"shipping-taxable","21":"product-type-simple"},"_links":{"self":[{"href":"https:\/\/ygspower.com\/fr\/wp-json\/wp\/v2\/product\/5332","targetHints":{"allow":["GET"]}}],"collection":[{"href":"https:\/\/ygspower.com\/fr\/wp-json\/wp\/v2\/product"}],"about":[{"href":"https:\/\/ygspower.com\/fr\/wp-json\/wp\/v2\/types\/product"}],"version-history":[{"count":0,"href":"https:\/\/ygspower.com\/fr\/wp-json\/wp\/v2\/product\/5332\/revisions"}],"wp:featuredmedia":[{"embeddable":true,"href":"https:\/\/ygspower.com\/fr\/wp-json\/wp\/v2\/media\/5334"}],"wp:attachment":[{"href":"https:\/\/ygspower.com\/fr\/wp-json\/wp\/v2\/media?parent=5332"}],"wp:term":[{"taxonomy":"product_brand","embeddable":true,"href":"https:\/\/ygspower.com\/fr\/wp-json\/wp\/v2\/product_brand?post=5332"},{"taxonomy":"product_cat","embeddable":true,"href":"https:\/\/ygspower.com\/fr\/wp-json\/wp\/v2\/product_cat?post=5332"},{"taxonomy":"product_tag","embeddable":true,"href":"https:\/\/ygspower.com\/fr\/wp-json\/wp\/v2\/product_tag?post=5332"}],"curies":[{"name":"wp","href":"https:\/\/api.w.org\/{rel}","templated":true}]}}