{"id":5602,"date":"2022-01-10T15:36:25","date_gmt":"2022-01-10T07:36:25","guid":{"rendered":"https:\/\/darksalmon-dugong-512221.hostingersite.com\/?post_type=product&#038;p=5602"},"modified":"2023-02-09T10:27:06","modified_gmt":"2023-02-09T02:27:06","slug":"mylion-12v-12a-life-po4-battery-for-garden-sprayer","status":"publish","type":"product","link":"https:\/\/ygspower.com\/fr\/produit\/mylion-12v-12a-life-po4-battery-for-garden-sprayer\/","title":{"rendered":"Batterie Mylion 12V 12A LiFe PO4 pour pulv\u00e9risateur de jardin"},"content":{"rendered":"<p>Batterie Mylion 12V 12A LiFe PO4 pour pulv\u00e9risateur de jardin<\/p>\n<p><img fetchpriority=\"high\" decoding=\"async\" class=\"alignnone size-full wp-image-5605 aligncenter\" src=\"http:\/\/ygspower.com\/wp-content\/uploads\/2022\/01\/12v-battery-10-1.jpg\" alt=\"\" width=\"1000\" height=\"1000\" srcset=\"https:\/\/ygspower.com\/wp-content\/uploads\/2022\/01\/12v-battery-10-1.jpg 1000w, https:\/\/ygspower.com\/wp-content\/uploads\/2022\/01\/12v-battery-10-1-300x300.jpg 300w, https:\/\/ygspower.com\/wp-content\/uploads\/2022\/01\/12v-battery-10-1-100x100.jpg 100w, https:\/\/ygspower.com\/wp-content\/uploads\/2022\/01\/12v-battery-10-1-600x600.jpg 600w, https:\/\/ygspower.com\/wp-content\/uploads\/2022\/01\/12v-battery-10-1-150x150.jpg 150w, https:\/\/ygspower.com\/wp-content\/uploads\/2022\/01\/12v-battery-10-1-768x768.jpg 768w\" sizes=\"(max-width: 1000px) 100vw, 1000px\" \/><\/p>\n<table width=\"914\">\n<tbody>\n<tr>\n<td width=\"379\">Toutes les informations ci-dessous sont correctes et R\u00c9ELLES.<\/td>\n<td width=\"535\"><\/td>\n<\/tr>\n<tr>\n<td>Nom du produit<\/td>\n<td>Pack de batteries lithium fer phosphate<\/td>\n<\/tr>\n<tr>\n<td>Nom du style<\/td>\n<td>MLFP12-12<\/td>\n<\/tr>\n<tr>\n<td>Type de batterie<\/td>\n<td>Batterie LiFe PO4 12V12Ah<\/td>\n<\/tr>\n<tr>\n<td>Capacit\u00e9 nominale<\/td>\n<td>7 Ah<\/td>\n<\/tr>\n<tr>\n<td>Energie massique gravim\u00e9trique<\/td>\n<td><\/td>\n<\/tr>\n<tr>\n<td>Energie sp\u00e9cifique volum\u00e9trique<\/td>\n<td><\/td>\n<\/tr>\n<tr>\n<td>Dimensions du bo\u00eetier en plastique mm<\/td>\n<td>L151xL98xH100mm<\/td>\n<\/tr>\n<tr>\n<td>Couleur<\/td>\n<td>noir<\/td>\n<\/tr>\n<tr>\n<td>Poids<\/td>\n<td>3kg<\/td>\n<\/tr>\n<tr>\n<td colspan=\"2\">Tension<\/td>\n<\/tr>\n<tr>\n<td>Tension nominale<\/td>\n<td>12,8 V<\/td>\n<\/tr>\n<tr>\n<td>Tension de coupure de charge<\/td>\n<td>14,2 V<\/td>\n<\/tr>\n<tr>\n<td>Tension de coupure de d\u00e9charge<\/td>\n<td>11,2 V<\/td>\n<\/tr>\n<tr>\n<td colspan=\"2\">Actuel<\/td>\n<\/tr>\n<tr>\n<td>Courant de charge maximal<\/td>\n<td>0,5 C 6 A<\/td>\n<\/tr>\n<tr>\n<td>Courant de d\u00e9charge maximal<\/td>\n<td>1C 12A<\/td>\n<\/tr>\n<tr>\n<td>Courant de d\u00e9charge d&#039;impulsion max.<\/td>\n<td>15A<\/td>\n<\/tr>\n<tr>\n<td>Courant de charge et de d\u00e9charge standard<\/td>\n<td>0,2 C 2,4 A<\/td>\n<\/tr>\n<tr>\n<td colspan=\"2\">Temp\u00e9rature de fonctionnement<\/td>\n<\/tr>\n<tr>\n<td>Temp\u00e9rature de charge<\/td>\n<td>0\u2103-45\u2103<\/td>\n<\/tr>\n<tr>\n<td>Temp\u00e9rature de refoulement<\/td>\n<td>-20\u2103-60\u2103<\/td>\n<\/tr>\n<tr>\n<td>Temp\u00e9rature de stockage<\/td>\n<td>-10\u2103-45\u2103<\/td>\n<\/tr>\n<tr>\n<td colspan=\"2\">Cycle de vie<\/td>\n<\/tr>\n<tr>\n<td>80%DOD<\/td>\n<td>\u22651500 fois<\/td>\n<\/tr>\n<tr>\n<td>70%DOD (20%-90%SOC)<\/td>\n<td>\u22652000 fois<\/td>\n<\/tr>\n<tr>\n<td>-20\u2103 Taux de d\u00e9charge \u00e0 basse temp\u00e9rature<\/td>\n<td>\u226570%<\/td>\n<\/tr>\n<tr>\n<td>Taux d&#039;autod\u00e9charge (par mois)<\/td>\n<td>\u22643%\/mois<\/td>\n<\/tr>\n<tr>\n<td rowspan=\"4\">Fonctionnalit\u00e9<\/td>\n<td>S\u00fbr, longue dur\u00e9e de vie, respectueux de l&#039;environnement,<\/td>\n<\/tr>\n<tr>\n<td>Bonnes performances \u00e0 haute temp\u00e9rature<\/td>\n<\/tr>\n<tr>\n<td>Faible r\u00e9sistance interne, faible autod\u00e9charge<\/td>\n<\/tr>\n<tr>\n<td>Densit\u00e9 \u00e9nerg\u00e9tique \u00e9lev\u00e9e, pas d&#039;effet m\u00e9moire<\/td>\n<\/tr>\n<tr>\n<td rowspan=\"5\">Application<\/td>\n<td width=\"535\">Syst\u00e8me de t\u00e9l\u00e9communication, d&#039;\u00e9nergie solaire et \u00e9olienne<\/td>\n<\/tr>\n<tr>\n<td>\u00e9quipements de communication et \u00e9lectriques<\/td>\n<\/tr>\n<tr>\n<td>Centrales \u00e9lectriques, \u00e9quipements de contr\u00f4le<\/td>\n<\/tr>\n<tr>\n<td>Onduleur haute puissance\/Alimentation de secours en veille<\/td>\n<\/tr>\n<tr>\n<td>services ferroviaires, mat\u00e9riel d&#039;\u00e9clairage<\/td>\n<\/tr>\n<\/tbody>\n<\/table>\n<p><img decoding=\"async\" class=\"alignnone size-full wp-image-5606\" src=\"http:\/\/ygspower.com\/wp-content\/uploads\/2022\/01\/12v-battery-2.jpg\" alt=\"\" width=\"1000\" height=\"1000\" srcset=\"https:\/\/ygspower.com\/wp-content\/uploads\/2022\/01\/12v-battery-2.jpg 1000w, https:\/\/ygspower.com\/wp-content\/uploads\/2022\/01\/12v-battery-2-300x300.jpg 300w, https:\/\/ygspower.com\/wp-content\/uploads\/2022\/01\/12v-battery-2-100x100.jpg 100w, https:\/\/ygspower.com\/wp-content\/uploads\/2022\/01\/12v-battery-2-600x600.jpg 600w, https:\/\/ygspower.com\/wp-content\/uploads\/2022\/01\/12v-battery-2-150x150.jpg 150w, https:\/\/ygspower.com\/wp-content\/uploads\/2022\/01\/12v-battery-2-768x768.jpg 768w\" sizes=\"(max-width: 1000px) 100vw, 1000px\" \/> <img decoding=\"async\" class=\"alignnone size-full wp-image-5607\" src=\"http:\/\/ygspower.com\/wp-content\/uploads\/2022\/01\/12v-battery-3.jpg\" alt=\"\" width=\"1000\" height=\"1000\" srcset=\"https:\/\/ygspower.com\/wp-content\/uploads\/2022\/01\/12v-battery-3.jpg 1000w, https:\/\/ygspower.com\/wp-content\/uploads\/2022\/01\/12v-battery-3-300x300.jpg 300w, https:\/\/ygspower.com\/wp-content\/uploads\/2022\/01\/12v-battery-3-100x100.jpg 100w, https:\/\/ygspower.com\/wp-content\/uploads\/2022\/01\/12v-battery-3-600x600.jpg 600w, https:\/\/ygspower.com\/wp-content\/uploads\/2022\/01\/12v-battery-3-150x150.jpg 150w, https:\/\/ygspower.com\/wp-content\/uploads\/2022\/01\/12v-battery-3-768x768.jpg 768w\" sizes=\"(max-width: 1000px) 100vw, 1000px\" \/> <img loading=\"lazy\" decoding=\"async\" class=\"alignnone size-full wp-image-5608\" src=\"http:\/\/ygspower.com\/wp-content\/uploads\/2022\/01\/12v-battery-4.jpg\" alt=\"\" width=\"1000\" height=\"1000\" srcset=\"https:\/\/ygspower.com\/wp-content\/uploads\/2022\/01\/12v-battery-4.jpg 1000w, https:\/\/ygspower.com\/wp-content\/uploads\/2022\/01\/12v-battery-4-300x300.jpg 300w, https:\/\/ygspower.com\/wp-content\/uploads\/2022\/01\/12v-battery-4-100x100.jpg 100w, https:\/\/ygspower.com\/wp-content\/uploads\/2022\/01\/12v-battery-4-600x600.jpg 600w, https:\/\/ygspower.com\/wp-content\/uploads\/2022\/01\/12v-battery-4-150x150.jpg 150w, https:\/\/ygspower.com\/wp-content\/uploads\/2022\/01\/12v-battery-4-768x768.jpg 768w\" sizes=\"(max-width: 1000px) 100vw, 1000px\" \/> <img loading=\"lazy\" decoding=\"async\" class=\"alignnone size-full wp-image-5609\" src=\"http:\/\/ygspower.com\/wp-content\/uploads\/2022\/01\/12v-battery-5.jpg\" alt=\"\" width=\"1000\" height=\"1000\" srcset=\"https:\/\/ygspower.com\/wp-content\/uploads\/2022\/01\/12v-battery-5.jpg 1000w, https:\/\/ygspower.com\/wp-content\/uploads\/2022\/01\/12v-battery-5-300x300.jpg 300w, https:\/\/ygspower.com\/wp-content\/uploads\/2022\/01\/12v-battery-5-100x100.jpg 100w, https:\/\/ygspower.com\/wp-content\/uploads\/2022\/01\/12v-battery-5-600x600.jpg 600w, https:\/\/ygspower.com\/wp-content\/uploads\/2022\/01\/12v-battery-5-150x150.jpg 150w, https:\/\/ygspower.com\/wp-content\/uploads\/2022\/01\/12v-battery-5-768x768.jpg 768w\" sizes=\"(max-width: 1000px) 100vw, 1000px\" \/> <img loading=\"lazy\" decoding=\"async\" class=\"alignnone size-full wp-image-5610\" src=\"http:\/\/ygspower.com\/wp-content\/uploads\/2022\/01\/12v-battery-6.jpg\" alt=\"\" width=\"1000\" height=\"1000\" srcset=\"https:\/\/ygspower.com\/wp-content\/uploads\/2022\/01\/12v-battery-6.jpg 1000w, https:\/\/ygspower.com\/wp-content\/uploads\/2022\/01\/12v-battery-6-300x300.jpg 300w, https:\/\/ygspower.com\/wp-content\/uploads\/2022\/01\/12v-battery-6-100x100.jpg 100w, https:\/\/ygspower.com\/wp-content\/uploads\/2022\/01\/12v-battery-6-600x600.jpg 600w, https:\/\/ygspower.com\/wp-content\/uploads\/2022\/01\/12v-battery-6-150x150.jpg 150w, https:\/\/ygspower.com\/wp-content\/uploads\/2022\/01\/12v-battery-6-768x768.jpg 768w\" sizes=\"(max-width: 1000px) 100vw, 1000px\" \/> <img loading=\"lazy\" decoding=\"async\" class=\"alignnone size-full wp-image-5611\" src=\"http:\/\/ygspower.com\/wp-content\/uploads\/2022\/01\/12v-battery-7.jpg\" alt=\"\" width=\"1000\" height=\"1000\" srcset=\"https:\/\/ygspower.com\/wp-content\/uploads\/2022\/01\/12v-battery-7.jpg 1000w, https:\/\/ygspower.com\/wp-content\/uploads\/2022\/01\/12v-battery-7-300x300.jpg 300w, https:\/\/ygspower.com\/wp-content\/uploads\/2022\/01\/12v-battery-7-100x100.jpg 100w, https:\/\/ygspower.com\/wp-content\/uploads\/2022\/01\/12v-battery-7-600x600.jpg 600w, https:\/\/ygspower.com\/wp-content\/uploads\/2022\/01\/12v-battery-7-150x150.jpg 150w, https:\/\/ygspower.com\/wp-content\/uploads\/2022\/01\/12v-battery-7-768x768.jpg 768w\" sizes=\"(max-width: 1000px) 100vw, 1000px\" \/><\/p>","protected":false},"excerpt":{"rendered":"<p>Nom du produit : Pack de batteries au lithium fer phosphate<br \/>\nNom du mod\u00e8le : MLFP12-12<br \/>\nType de batterie : Batterie LiFe PO4 12V12Ah<br \/>\nCapacit\u00e9 nominale : 12 Ah<br \/>\nGarantie: 1 an<br \/>\nCouleur: noir<br \/>\nPoids : 3 kg<br \/>\nDimensions du bo\u00eetier en plastique mm : L151 x l98 x H100 mm<br \/>\nFonctionnalit\u00e9 : S\u00fbr, longue dur\u00e9e de vie, respectueux de l&#039;environnement,<br \/>\nBonnes performances \u00e0 haute temp\u00e9rature<br \/>\nFaible r\u00e9sistance interne, faible autod\u00e9charge<br \/>\nDensit\u00e9 \u00e9nerg\u00e9tique \u00e9lev\u00e9e, pas d&#039;effet m\u00e9moire<br \/>\nApplication : t\u00e9l\u00e9communications, syst\u00e8mes d&#039;\u00e9nergie solaire et \u00e9olienne<br \/>\n\u00e9quipements de communication et \u00e9lectriques<br \/>\nCentrales \u00e9lectriques, \u00e9quipements de contr\u00f4le<br \/>\nOnduleur haute puissance\/Alimentation de secours en veille<br \/>\nservices ferroviaires, mat\u00e9riel d&#039;\u00e9clairage<\/p>","protected":false},"featured_media":5614,"template":"","meta":{"_seopress_robots_primary_cat":"none","_seopress_titles_title":"12v 12a LiFe PO4 battery","_seopress_titles_desc":"12v 12a LiFe PO4 battery, Mylion, LifePo4, Lithium iron phosphate battery pack, lithium battery, Telecommunication, solar&amp;wind power system, communications, electric equipment, Power stations, Control equipment, High power UPS\/Stand-by power backup\r\nrailway utilities, lighting equipment\r\n","_seopress_robots_index":"","site-sidebar-layout":"default","site-content-layout":"default","ast-site-content-layout":"default","site-content-style":"default","site-sidebar-style":"default","ast-global-header-display":"","ast-banner-title-visibility":"","ast-main-header-display":"","ast-hfb-above-header-display":"","ast-hfb-below-header-display":"","ast-hfb-mobile-header-display":"","site-post-title":"","ast-breadcrumbs-content":"","ast-featured-img":"","footer-sml-layout":"","theme-transparent-header-meta":"default","adv-header-id-meta":"","stick-header-meta":"","header-above-stick-meta":"","header-main-stick-meta":"","header-below-stick-meta":"","astra-migrate-meta-layouts":"default","ast-page-background-enabled":"default","ast-page-background-meta":{"desktop":{"background-color":"","background-image":"","background-repeat":"repeat","background-position":"center center","background-size":"auto","background-attachment":"scroll","background-type":"","background-media":"","overlay-type":"","overlay-color":"","overlay-opacity":"","overlay-gradient":""},"tablet":{"background-color":"","background-image":"","background-repeat":"repeat","background-position":"center center","background-size":"auto","background-attachment":"scroll","background-type":"","background-media":"","overlay-type":"","overlay-color":"","overlay-opacity":"","overlay-gradient":""},"mobile":{"background-color":"","background-image":"","background-repeat":"repeat","background-position":"center center","background-size":"auto","background-attachment":"scroll","background-type":"","background-media":"","overlay-type":"","overlay-color":"","overlay-opacity":"","overlay-gradient":""}},"ast-content-background-meta":{"desktop":{"background-color":"var(--ast-global-color-5)","background-image":"","background-repeat":"repeat","background-position":"center center","background-size":"auto","background-attachment":"scroll","background-type":"","background-media":"","overlay-type":"","overlay-color":"","overlay-opacity":"","overlay-gradient":""},"tablet":{"background-color":"var(--ast-global-color-5)","background-image":"","background-repeat":"repeat","background-position":"center center","background-size":"auto","background-attachment":"scroll","background-type":"","background-media":"","overlay-type":"","overlay-color":"","overlay-opacity":"","overlay-gradient":""},"mobile":{"background-color":"var(--ast-global-color-5)","background-image":"","background-repeat":"repeat","background-position":"center center","background-size":"auto","background-attachment":"scroll","background-type":"","background-media":"","overlay-type":"","overlay-color":"","overlay-opacity":"","overlay-gradient":""}}},"product_brand":[],"product_cat":[28],"product_tag":[319,322,320,323,315,324,181,316,74,321,318,317],"class_list":{"0":"post-5602","1":"product","2":"type-product","3":"status-publish","4":"has-post-thumbnail","6":"product_cat-life-po4-battery","7":"product_tag-communications","8":"product_tag-control-equipment","9":"product_tag-electric-equipment","10":"product_tag-high-power-ups-stand-by-power-backup-railway-utilities","11":"product_tag-lifepo4","12":"product_tag-lighting-equipment","13":"product_tag-lithium-battery","14":"product_tag-lithium-iron-phosphate-battery-pack","15":"product_tag-mylion","16":"product_tag-power-stations","17":"product_tag-solarwind-power-system","18":"product_tag-telecommunication","19":"desktop-align-left","20":"tablet-align-left","21":"mobile-align-left","23":"first","24":"instock","25":"shipping-taxable","26":"product-type-simple"},"_links":{"self":[{"href":"https:\/\/ygspower.com\/fr\/wp-json\/wp\/v2\/product\/5602","targetHints":{"allow":["GET"]}}],"collection":[{"href":"https:\/\/ygspower.com\/fr\/wp-json\/wp\/v2\/product"}],"about":[{"href":"https:\/\/ygspower.com\/fr\/wp-json\/wp\/v2\/types\/product"}],"version-history":[{"count":0,"href":"https:\/\/ygspower.com\/fr\/wp-json\/wp\/v2\/product\/5602\/revisions"}],"wp:featuredmedia":[{"embeddable":true,"href":"https:\/\/ygspower.com\/fr\/wp-json\/wp\/v2\/media\/5614"}],"wp:attachment":[{"href":"https:\/\/ygspower.com\/fr\/wp-json\/wp\/v2\/media?parent=5602"}],"wp:term":[{"taxonomy":"product_brand","embeddable":true,"href":"https:\/\/ygspower.com\/fr\/wp-json\/wp\/v2\/product_brand?post=5602"},{"taxonomy":"product_cat","embeddable":true,"href":"https:\/\/ygspower.com\/fr\/wp-json\/wp\/v2\/product_cat?post=5602"},{"taxonomy":"product_tag","embeddable":true,"href":"https:\/\/ygspower.com\/fr\/wp-json\/wp\/v2\/product_tag?post=5602"}],"curies":[{"name":"wp","href":"https:\/\/api.w.org\/{rel}","templated":true}]}}