{"id":5858,"date":"2022-03-01T15:48:12","date_gmt":"2022-03-01T07:48:12","guid":{"rendered":"https:\/\/darksalmon-dugong-512221.hostingersite.com\/?post_type=product&#038;p=5858"},"modified":"2024-08-21T15:52:27","modified_gmt":"2024-08-21T07:52:27","slug":"mylion-12v-100ah-lifepo4-battery-for-solar-power-system-rechargeable-battery-solar-power-bank-lead-acid-replacement-lithium-battery","status":"publish","type":"product","link":"https:\/\/ygspower.com\/fr\/produit\/mylion-12v-100ah-lifepo4-battery-for-solar-power-system-rechargeable-battery-solar-power-bank-lead-acid-replacement-lithium-battery\/","title":{"rendered":"Batterie LiFePO4 Mylion 12 V 100 Ah pour voiture de tourisme en bateau en plein air, remplacement au plomb-acide"},"content":{"rendered":"<p><img fetchpriority=\"high\" decoding=\"async\" class=\"wp-image-5860 aligncenter\" src=\"http:\/\/ygspower.com\/wp-content\/uploads\/2022\/03\/12v-100ah-battery-1.jpg\" alt=\"\" width=\"592\" height=\"592\" srcset=\"https:\/\/ygspower.com\/wp-content\/uploads\/2022\/03\/12v-100ah-battery-1.jpg 1000w, https:\/\/ygspower.com\/wp-content\/uploads\/2022\/03\/12v-100ah-battery-1-300x300.jpg 300w, https:\/\/ygspower.com\/wp-content\/uploads\/2022\/03\/12v-100ah-battery-1-100x100.jpg 100w, https:\/\/ygspower.com\/wp-content\/uploads\/2022\/03\/12v-100ah-battery-1-600x600.jpg 600w, https:\/\/ygspower.com\/wp-content\/uploads\/2022\/03\/12v-100ah-battery-1-150x150.jpg 150w, https:\/\/ygspower.com\/wp-content\/uploads\/2022\/03\/12v-100ah-battery-1-768x768.jpg 768w\" sizes=\"(max-width: 592px) 100vw, 592px\" \/><\/p>\n<p>Batterie Lifepo4 Mylion 12 V 100 Ah pour syst\u00e8me d&#039;\u00e9nergie solaire, batterie rechargeable, banque d&#039;\u00e9nergie solaire, batterie au lithium de remplacement au plomb-acide<\/p>\n<table width=\"925\">\n<tbody>\n<tr>\n<td width=\"341\">Nom du produit<\/td>\n<td width=\"584\">Pack de batteries lithium fer phosphate<\/td>\n<\/tr>\n<tr>\n<td>Nom du style<\/td>\n<td>MLFP12-100<\/td>\n<\/tr>\n<tr>\n<td>Type de batterie<\/td>\n<td>Batterie LiFe PO4 12V100Ah<\/td>\n<\/tr>\n<tr>\n<td>Capacit\u00e9 nominale<\/td>\n<td>100 Ah<\/td>\n<\/tr>\n<tr>\n<td>Energie massique gravim\u00e9trique<\/td>\n<td>115 Wh\/kg<\/td>\n<\/tr>\n<tr>\n<td>Energie sp\u00e9cifique volum\u00e9trique<\/td>\n<td>103 Wh\/L<\/td>\n<\/tr>\n<tr>\n<td>Dimensions du bo\u00eetier en plastique mm<\/td>\n<td>L327xL172xH220mm<\/td>\n<\/tr>\n<tr>\n<td>Couleur<\/td>\n<td>noir<\/td>\n<\/tr>\n<tr>\n<td>Poids<\/td>\n<td>11,06 kg<\/td>\n<\/tr>\n<tr>\n<td colspan=\"2\">Tension<\/td>\n<\/tr>\n<tr>\n<td>Tension nominale<\/td>\n<td>12,8 V<\/td>\n<\/tr>\n<tr>\n<td>Tension de coupure de charge<\/td>\n<td>14,2 V<\/td>\n<\/tr>\n<tr>\n<td>Tension de coupure de d\u00e9charge<\/td>\n<td>11,2 V<\/td>\n<\/tr>\n<tr>\n<td colspan=\"2\">Actuel<\/td>\n<\/tr>\n<tr>\n<td>Courant de charge maximal<\/td>\n<td>0,5 \u00b0C<\/td>\n<\/tr>\n<tr>\n<td>Courant de d\u00e9charge maximal<\/td>\n<td>1C<\/td>\n<\/tr>\n<tr>\n<td>Courant de d\u00e9charge d&#039;impulsion max.<\/td>\n<td>2C 2S<\/td>\n<\/tr>\n<tr>\n<td>Courant de charge et de d\u00e9charge standard<\/td>\n<td>0,3 \u00b0C<\/td>\n<\/tr>\n<tr>\n<td colspan=\"2\">Temp\u00e9rature de fonctionnement<\/td>\n<\/tr>\n<tr>\n<td>Temp\u00e9rature de charge<\/td>\n<td>0\u2103-45\u2103<\/td>\n<\/tr>\n<tr>\n<td>Temp\u00e9rature de refoulement<\/td>\n<td>-20\u2103-60\u2103<\/td>\n<\/tr>\n<tr>\n<td>Temp\u00e9rature de stockage<\/td>\n<td>-10\u2103-45\u2103<\/td>\n<\/tr>\n<tr>\n<td colspan=\"2\">Cycle de vie<\/td>\n<\/tr>\n<tr>\n<td>80%DOD<\/td>\n<td>\u22651500 fois<\/td>\n<\/tr>\n<tr>\n<td>70%DOD (20%-90%SOC)<\/td>\n<td>\u22652000 fois<\/td>\n<\/tr>\n<tr>\n<td>-20\u2103 Taux de d\u00e9charge \u00e0 basse temp\u00e9rature<\/td>\n<td>\u226570%<\/td>\n<\/tr>\n<tr>\n<td>Taux d&#039;autod\u00e9charge (par mois)<\/td>\n<td>\u22643%\/mois<\/td>\n<\/tr>\n<tr>\n<td rowspan=\"4\">Fonctionnalit\u00e9<\/td>\n<td>S\u00fbr, longue dur\u00e9e de vie, respectueux de l&#039;environnement,<\/td>\n<\/tr>\n<tr>\n<td>Bonnes performances \u00e0 haute temp\u00e9rature<\/td>\n<\/tr>\n<tr>\n<td>Faible r\u00e9sistance interne, faible autod\u00e9charge<\/td>\n<\/tr>\n<tr>\n<td>Densit\u00e9 \u00e9nerg\u00e9tique \u00e9lev\u00e9e, pas d&#039;effet m\u00e9moire<\/td>\n<\/tr>\n<tr>\n<td rowspan=\"5\">Application<\/td>\n<td width=\"584\">Syst\u00e8me de t\u00e9l\u00e9communication, d&#039;\u00e9nergie solaire et \u00e9olienne<\/td>\n<\/tr>\n<tr>\n<td>\u00e9quipements de communication et \u00e9lectriques<\/td>\n<\/tr>\n<tr>\n<td>Centrales \u00e9lectriques, \u00e9quipements de contr\u00f4le<\/td>\n<\/tr>\n<tr>\n<td>Onduleur haute puissance\/Alimentation de secours en veille<\/td>\n<\/tr>\n<tr>\n<td>services ferroviaires, mat\u00e9riel d&#039;\u00e9clairage<\/td>\n<\/tr>\n<\/tbody>\n<\/table>\n<p style=\"text-align: center\">\u00a0\u00a0 <span style=\"font-size: 16px\"> <img decoding=\"async\" class=\"alignnone size-full wp-image-5861\" src=\"http:\/\/ygspower.com\/wp-content\/uploads\/2022\/03\/lifepo4-12v100ah-7.jpg\" alt=\"\" width=\"750\" height=\"684\" srcset=\"https:\/\/ygspower.com\/wp-content\/uploads\/2022\/03\/lifepo4-12v100ah-7.jpg 750w, https:\/\/ygspower.com\/wp-content\/uploads\/2022\/03\/lifepo4-12v100ah-7-600x547.jpg 600w, https:\/\/ygspower.com\/wp-content\/uploads\/2022\/03\/lifepo4-12v100ah-7-300x274.jpg 300w\" sizes=\"(max-width: 750px) 100vw, 750px\" \/><\/span><span style=\"font-size: 16px\">\u00a0<\/span><span style=\"font-size: 16px\"><br \/>\n<img decoding=\"async\" class=\"alignnone size-full wp-image-5862\" src=\"http:\/\/ygspower.com\/wp-content\/uploads\/2022\/03\/lifepo4-12v100ah-1.jpg\" alt=\"\" width=\"750\" height=\"326\" srcset=\"https:\/\/ygspower.com\/wp-content\/uploads\/2022\/03\/lifepo4-12v100ah-1.jpg 750w, https:\/\/ygspower.com\/wp-content\/uploads\/2022\/03\/lifepo4-12v100ah-1-600x261.jpg 600w, https:\/\/ygspower.com\/wp-content\/uploads\/2022\/03\/lifepo4-12v100ah-1-300x130.jpg 300w\" sizes=\"(max-width: 750px) 100vw, 750px\" \/><br \/>\n<img loading=\"lazy\" decoding=\"async\" class=\"alignnone size-full wp-image-5863\" src=\"http:\/\/ygspower.com\/wp-content\/uploads\/2022\/03\/lifepo4-12v100ah-2.jpg\" alt=\"\" width=\"750\" height=\"948\" srcset=\"https:\/\/ygspower.com\/wp-content\/uploads\/2022\/03\/lifepo4-12v100ah-2.jpg 750w, https:\/\/ygspower.com\/wp-content\/uploads\/2022\/03\/lifepo4-12v100ah-2-600x758.jpg 600w, https:\/\/ygspower.com\/wp-content\/uploads\/2022\/03\/lifepo4-12v100ah-2-237x300.jpg 237w\" sizes=\"(max-width: 750px) 100vw, 750px\" \/><br \/>\n<img loading=\"lazy\" decoding=\"async\" class=\"size-full wp-image-5864 aligncenter\" src=\"http:\/\/ygspower.com\/wp-content\/uploads\/2022\/03\/lifepo4-12v100ah-3.jpg\" alt=\"\" width=\"750\" height=\"948\" srcset=\"https:\/\/ygspower.com\/wp-content\/uploads\/2022\/03\/lifepo4-12v100ah-3.jpg 750w, https:\/\/ygspower.com\/wp-content\/uploads\/2022\/03\/lifepo4-12v100ah-3-600x758.jpg 600w, https:\/\/ygspower.com\/wp-content\/uploads\/2022\/03\/lifepo4-12v100ah-3-237x300.jpg 237w\" sizes=\"(max-width: 750px) 100vw, 750px\" \/><img loading=\"lazy\" decoding=\"async\" class=\"size-full wp-image-5865 aligncenter\" src=\"http:\/\/ygspower.com\/wp-content\/uploads\/2022\/03\/lifepo4-12v100ah-4.jpg\" alt=\"\" width=\"750\" height=\"1228\" srcset=\"https:\/\/ygspower.com\/wp-content\/uploads\/2022\/03\/lifepo4-12v100ah-4.jpg 750w, https:\/\/ygspower.com\/wp-content\/uploads\/2022\/03\/lifepo4-12v100ah-4-600x982.jpg 600w, https:\/\/ygspower.com\/wp-content\/uploads\/2022\/03\/lifepo4-12v100ah-4-183x300.jpg 183w, https:\/\/ygspower.com\/wp-content\/uploads\/2022\/03\/lifepo4-12v100ah-4-625x1024.jpg 625w\" sizes=\"(max-width: 750px) 100vw, 750px\" \/> <img loading=\"lazy\" decoding=\"async\" class=\"size-full wp-image-5867 aligncenter\" src=\"http:\/\/ygspower.com\/wp-content\/uploads\/2022\/03\/lifepo4-12v100ah-6.jpg\" alt=\"\" width=\"750\" height=\"655\" srcset=\"https:\/\/ygspower.com\/wp-content\/uploads\/2022\/03\/lifepo4-12v100ah-6.jpg 750w, https:\/\/ygspower.com\/wp-content\/uploads\/2022\/03\/lifepo4-12v100ah-6-600x524.jpg 600w, https:\/\/ygspower.com\/wp-content\/uploads\/2022\/03\/lifepo4-12v100ah-6-300x262.jpg 300w\" sizes=\"(max-width: 750px) 100vw, 750px\" \/><br \/>\n<img loading=\"lazy\" decoding=\"async\" class=\"alignnone size-full wp-image-5866\" src=\"http:\/\/ygspower.com\/wp-content\/uploads\/2022\/03\/lifepo4-12v100ah-5.jpg\" alt=\"\" width=\"750\" height=\"847\" srcset=\"https:\/\/ygspower.com\/wp-content\/uploads\/2022\/03\/lifepo4-12v100ah-5.jpg 750w, https:\/\/ygspower.com\/wp-content\/uploads\/2022\/03\/lifepo4-12v100ah-5-600x678.jpg 600w, https:\/\/ygspower.com\/wp-content\/uploads\/2022\/03\/lifepo4-12v100ah-5-266x300.jpg 266w\" sizes=\"(max-width: 750px) 100vw, 750px\" \/><br \/>\n<img loading=\"lazy\" decoding=\"async\" class=\"alignnone size-full wp-image-5868\" src=\"http:\/\/ygspower.com\/wp-content\/uploads\/2022\/03\/lifepo4-12v100ah-8.jpg\" alt=\"\" width=\"750\" height=\"867\" srcset=\"https:\/\/ygspower.com\/wp-content\/uploads\/2022\/03\/lifepo4-12v100ah-8.jpg 750w, https:\/\/ygspower.com\/wp-content\/uploads\/2022\/03\/lifepo4-12v100ah-8-600x694.jpg 600w, https:\/\/ygspower.com\/wp-content\/uploads\/2022\/03\/lifepo4-12v100ah-8-260x300.jpg 260w\" sizes=\"(max-width: 750px) 100vw, 750px\" \/> <img loading=\"lazy\" decoding=\"async\" class=\"size-full wp-image-5869 aligncenter\" src=\"http:\/\/ygspower.com\/wp-content\/uploads\/2022\/03\/lifepo4-12v100ah-9.jpg\" alt=\"\" width=\"750\" height=\"1519\" srcset=\"https:\/\/ygspower.com\/wp-content\/uploads\/2022\/03\/lifepo4-12v100ah-9.jpg 750w, https:\/\/ygspower.com\/wp-content\/uploads\/2022\/03\/lifepo4-12v100ah-9-600x1215.jpg 600w, https:\/\/ygspower.com\/wp-content\/uploads\/2022\/03\/lifepo4-12v100ah-9-148x300.jpg 148w, https:\/\/ygspower.com\/wp-content\/uploads\/2022\/03\/lifepo4-12v100ah-9-506x1024.jpg 506w\" sizes=\"(max-width: 750px) 100vw, 750px\" \/> <img loading=\"lazy\" decoding=\"async\" class=\"size-full wp-image-5870 aligncenter\" src=\"http:\/\/ygspower.com\/wp-content\/uploads\/2022\/03\/lifepo4-12v100ah-10.jpg\" alt=\"\" width=\"750\" height=\"1172\" srcset=\"https:\/\/ygspower.com\/wp-content\/uploads\/2022\/03\/lifepo4-12v100ah-10.jpg 750w, https:\/\/ygspower.com\/wp-content\/uploads\/2022\/03\/lifepo4-12v100ah-10-600x938.jpg 600w, https:\/\/ygspower.com\/wp-content\/uploads\/2022\/03\/lifepo4-12v100ah-10-192x300.jpg 192w, https:\/\/ygspower.com\/wp-content\/uploads\/2022\/03\/lifepo4-12v100ah-10-655x1024.jpg 655w\" sizes=\"(max-width: 750px) 100vw, 750px\" \/> <img loading=\"lazy\" decoding=\"async\" class=\"alignnone size-full wp-image-5871\" src=\"http:\/\/ygspower.com\/wp-content\/uploads\/2022\/03\/lifepo4-12v100ah-11.jpg\" alt=\"\" width=\"750\" height=\"1228\" srcset=\"https:\/\/ygspower.com\/wp-content\/uploads\/2022\/03\/lifepo4-12v100ah-11.jpg 750w, https:\/\/ygspower.com\/wp-content\/uploads\/2022\/03\/lifepo4-12v100ah-11-600x982.jpg 600w, https:\/\/ygspower.com\/wp-content\/uploads\/2022\/03\/lifepo4-12v100ah-11-183x300.jpg 183w, https:\/\/ygspower.com\/wp-content\/uploads\/2022\/03\/lifepo4-12v100ah-11-625x1024.jpg 625w\" sizes=\"(max-width: 750px) 100vw, 750px\" \/><br \/>\n<\/span><\/p>","protected":false},"excerpt":{"rendered":"<ul class=\"ul1\">\n<li class=\"li1\">Type : Remplacement de batterie au plomb LFP12100<\/li>\n<li class=\"li1\">Nom du produit : batterie de secours au lithium-ion 12 V LiFe PO4<\/li>\n<li class=\"li1\">Dimensions du bo\u00eetier noir : 172x327x320mm<\/li>\n<li class=\"li1\">Poids : environ 11 kg<\/li>\n<li>Tension de la batterie : batterie lithium-ion 12 V<\/li>\n<li class=\"li1\">Capacit\u00e9 de la batterie : batterie 100 Ah<\/li>\n<li class=\"li1\">Dur\u00e9e de vie du cycle : plus de 2000 fois 70%DOD<\/li>\n<li class=\"li1\">Application : stockage d&#039;\u00e9nergie solaire<span class=\"s2\">,<\/span> v\u00e9hicule \u00e9lectrique<span class=\"s2\">,<\/span> Oups<span class=\"s2\">,<\/span>centrale \u00e9lectrique<\/li>\n<li class=\"li1\">Caract\u00e9ristiques : haute puissance et capacit\u00e9<span class=\"s2\">,<\/span> s\u00fbr<span class=\"s2\">,<\/span> longue dur\u00e9e de vie<span class=\"s2\">,<\/span> vert<span class=\"s2\">,<\/span> respectueux de l&#039;environnement<span class=\"s2\">,<\/span> bonne performance \u00e0 haute temp\u00e9rature<\/li>\n<\/ul>","protected":false},"featured_media":5873,"template":"","meta":{"_seopress_robots_primary_cat":"","_seopress_titles_title":"mylion 12v 100Ah Lifepo4 battery for solar power system rechargeable battery solar power bank lead-acid replacement lithium battery","_seopress_titles_desc":"mylion 12v 100Ah Lifepo4 battery for solar power system rechargeable battery solar power bank lead-acid replacement lithium battery, mylion, lifepo4 battery, 12v battery, solar power, solar panel, power, rechargeable battery, lithium battery","_seopress_robots_index":"","site-sidebar-layout":"default","site-content-layout":"default","ast-site-content-layout":"default","site-content-style":"default","site-sidebar-style":"default","ast-global-header-display":"","ast-banner-title-visibility":"","ast-main-header-display":"","ast-hfb-above-header-display":"","ast-hfb-below-header-display":"","ast-hfb-mobile-header-display":"","site-post-title":"","ast-breadcrumbs-content":"","ast-featured-img":"","footer-sml-layout":"","theme-transparent-header-meta":"","adv-header-id-meta":"","stick-header-meta":"","header-above-stick-meta":"","header-main-stick-meta":"","header-below-stick-meta":"","astra-migrate-meta-layouts":"default","ast-page-background-enabled":"default","ast-page-background-meta":{"desktop":{"background-color":"","background-image":"","background-repeat":"repeat","background-position":"center center","background-size":"auto","background-attachment":"scroll","background-type":"","background-media":"","overlay-type":"","overlay-color":"","overlay-opacity":"","overlay-gradient":""},"tablet":{"background-color":"","background-image":"","background-repeat":"repeat","background-position":"center center","background-size":"auto","background-attachment":"scroll","background-type":"","background-media":"","overlay-type":"","overlay-color":"","overlay-opacity":"","overlay-gradient":""},"mobile":{"background-color":"","background-image":"","background-repeat":"repeat","background-position":"center center","background-size":"auto","background-attachment":"scroll","background-type":"","background-media":"","overlay-type":"","overlay-color":"","overlay-opacity":"","overlay-gradient":""}},"ast-content-background-meta":{"desktop":{"background-color":"var(--ast-global-color-5)","background-image":"","background-repeat":"repeat","background-position":"center center","background-size":"auto","background-attachment":"scroll","background-type":"","background-media":"","overlay-type":"","overlay-color":"","overlay-opacity":"","overlay-gradient":""},"tablet":{"background-color":"var(--ast-global-color-5)","background-image":"","background-repeat":"repeat","background-position":"center center","background-size":"auto","background-attachment":"scroll","background-type":"","background-media":"","overlay-type":"","overlay-color":"","overlay-opacity":"","overlay-gradient":""},"mobile":{"background-color":"var(--ast-global-color-5)","background-image":"","background-repeat":"repeat","background-position":"center center","background-size":"auto","background-attachment":"scroll","background-type":"","background-media":"","overlay-type":"","overlay-color":"","overlay-opacity":"","overlay-gradient":""}}},"product_brand":[],"product_cat":[28],"product_tag":[403,726,402,181,74,405,406,725,591,404,380,724,727],"class_list":{"0":"post-5858","1":"product","2":"type-product","3":"status-publish","4":"has-post-thumbnail","6":"product_cat-life-po4-battery","7":"product_tag-12v-battery","8":"product_tag-houseboat","9":"product_tag-lifepo4-battery","10":"product_tag-lithium-battery","11":"product_tag-mylion","12":"product_tag-power","13":"product_tag-rechargeable-battery","14":"product_tag-recreational-vehicle","15":"product_tag-rv","16":"product_tag-solar-panel","17":"product_tag-solar-power","18":"product_tag-touring-car","19":"product_tag-yacht","20":"desktop-align-left","21":"tablet-align-left","22":"mobile-align-left","24":"first","25":"instock","26":"shipping-taxable","27":"product-type-simple"},"_links":{"self":[{"href":"https:\/\/ygspower.com\/fr\/wp-json\/wp\/v2\/product\/5858","targetHints":{"allow":["GET"]}}],"collection":[{"href":"https:\/\/ygspower.com\/fr\/wp-json\/wp\/v2\/product"}],"about":[{"href":"https:\/\/ygspower.com\/fr\/wp-json\/wp\/v2\/types\/product"}],"version-history":[{"count":0,"href":"https:\/\/ygspower.com\/fr\/wp-json\/wp\/v2\/product\/5858\/revisions"}],"wp:featuredmedia":[{"embeddable":true,"href":"https:\/\/ygspower.com\/fr\/wp-json\/wp\/v2\/media\/5873"}],"wp:attachment":[{"href":"https:\/\/ygspower.com\/fr\/wp-json\/wp\/v2\/media?parent=5858"}],"wp:term":[{"taxonomy":"product_brand","embeddable":true,"href":"https:\/\/ygspower.com\/fr\/wp-json\/wp\/v2\/product_brand?post=5858"},{"taxonomy":"product_cat","embeddable":true,"href":"https:\/\/ygspower.com\/fr\/wp-json\/wp\/v2\/product_cat?post=5858"},{"taxonomy":"product_tag","embeddable":true,"href":"https:\/\/ygspower.com\/fr\/wp-json\/wp\/v2\/product_tag?post=5858"}],"curies":[{"name":"wp","href":"https:\/\/api.w.org\/{rel}","templated":true}]}}