{"id":5912,"date":"2022-03-02T16:48:00","date_gmt":"2022-03-02T08:48:00","guid":{"rendered":"https:\/\/darksalmon-dugong-512221.hostingersite.com\/?post_type=product&#038;p=5912"},"modified":"2022-05-09T17:06:25","modified_gmt":"2022-05-09T09:06:25","slug":"mylion-12v-150ah-solar-panel-battery-charger-controll-rechargeable-battery-solar-power-bank-etc-solar-power-storage-batteries","status":"publish","type":"product","link":"https:\/\/ygspower.com\/fr\/produit\/mylion-12v-150ah-solar-panel-battery-charger-controll-rechargeable-battery-solar-power-bank-etc-solar-power-storage-batteries\/","title":{"rendered":"Batterie solaire Mylion 12V150Ah Batterie de stockage au plomb-acide GEL AGM scell\u00e9e sans entretien pour centrale \u00e9lectrique UPS"},"content":{"rendered":"<p><img fetchpriority=\"high\" decoding=\"async\" class=\"size-full wp-image-5914 aligncenter\" src=\"http:\/\/ygspower.com\/wp-content\/uploads\/2022\/03\/12v-150ah-battery-1.jpg\" alt=\"\" width=\"750\" height=\"750\" srcset=\"https:\/\/ygspower.com\/wp-content\/uploads\/2022\/03\/12v-150ah-battery-1.jpg 750w, https:\/\/ygspower.com\/wp-content\/uploads\/2022\/03\/12v-150ah-battery-1-300x300.jpg 300w, https:\/\/ygspower.com\/wp-content\/uploads\/2022\/03\/12v-150ah-battery-1-100x100.jpg 100w, https:\/\/ygspower.com\/wp-content\/uploads\/2022\/03\/12v-150ah-battery-1-600x600.jpg 600w, https:\/\/ygspower.com\/wp-content\/uploads\/2022\/03\/12v-150ah-battery-1-150x150.jpg 150w\" sizes=\"(max-width: 750px) 100vw, 750px\" \/><\/p>\n<p>Batterie solaire Mylion 12V150Ah Batterie de stockage au plomb-acide GEL AGM scell\u00e9e sans entretien pour centrale \u00e9lectrique UPS<\/p>\n<table width=\"940\">\n<tbody>\n<tr>\n<td colspan=\"5\" width=\"940\">Batterie de stockage solaire scell\u00e9e au plomb-acide gel AGM Mylion sans entretien 100ah-250ah<\/td>\n<\/tr>\n<tr>\n<td>Nom du produit<\/td>\n<td>ML 6-FM-100<\/td>\n<td><span style=\"color: #ff0000;\">ML 6-FM-150<\/span><\/td>\n<td>ML 6-FM-200<\/td>\n<td>ML 6-FM-250<\/td>\n<\/tr>\n<tr>\n<td>Nom du style<\/td>\n<td>Batterie 12V 100Ah<\/td>\n<td><span style=\"color: #ff0000;\">Batterie 12V 150Ah<\/span><\/td>\n<td>Batterie 12V 200Ah<\/td>\n<td>Batterie 12V 250Ah<\/td>\n<\/tr>\n<tr>\n<td>Capacit\u00e9 nominale<\/td>\n<td>100 Ah\/10 h<\/td>\n<td>150 Ah\/10 h<\/td>\n<td>200 Ah\/10 h<\/td>\n<td>250 Ah\/10 h<\/td>\n<\/tr>\n<tr>\n<td>Tension nominale<\/td>\n<td>12V<\/td>\n<td>12V<\/td>\n<td>12V<\/td>\n<td>12V<\/td>\n<\/tr>\n<tr>\n<td>Tension de charge maximale<\/td>\n<td>14,8 V<\/td>\n<td>14,8 V<\/td>\n<td>14,8 V<\/td>\n<td>14,8 V<\/td>\n<\/tr>\n<tr>\n<td>Courant de charge maximal<\/td>\n<td>0,2 C 20 A<\/td>\n<td>0,2 C 30 A<\/td>\n<td>0,2 C 40 A<\/td>\n<td>0,2 C 50 A<\/td>\n<\/tr>\n<tr>\n<td>Courant de d\u00e9charge maximal<\/td>\n<td>30A<\/td>\n<td>45A<\/td>\n<td>60A<\/td>\n<td>75A<\/td>\n<\/tr>\n<tr>\n<td>Puissance de sortie<\/td>\n<td>1200 W<\/td>\n<td>1800 W<\/td>\n<td>2400 W<\/td>\n<td>3000 W<\/td>\n<\/tr>\n<tr>\n<td>Terminal<\/td>\n<td>M8 x 18, T8<\/td>\n<td>M8 x 20, T8<\/td>\n<td>M8 x 20, T8<\/td>\n<td>M8 x 20, T8<\/td>\n<\/tr>\n<tr>\n<td>couleur<\/td>\n<td>Gris<\/td>\n<td>Gris<\/td>\n<td>Gris<\/td>\n<td>Gris<\/td>\n<\/tr>\n<tr>\n<td>Dimensions de la batterie (mm)<\/td>\n<td>330x171x220mm<\/td>\n<td>482x171x240mm<\/td>\n<td>525x240x224mm<\/td>\n<td>520x268x225mm<\/td>\n<\/tr>\n<tr>\n<td>Poids<\/td>\n<td>Environ 21,5 kg<\/td>\n<td>Environ 32 kg<\/td>\n<td>Environ 46 kg<\/td>\n<td>Environ 51 kg<\/td>\n<\/tr>\n<tr>\n<td>Application<\/td>\n<td colspan=\"4\" width=\"752\">Syst\u00e8me solaire, batterie de stockage, batterie d&#039;\u00e9clairage, batterie UPS, etc.<\/td>\n<\/tr>\n<tr>\n<td>Emballer<\/td>\n<td width=\"188\">1 pi\u00e8ce\/carton 25 kg\/carton<\/td>\n<td width=\"188\">1 pi\u00e8ce\/carton 37 kg\/carton<\/td>\n<td width=\"188\">1 pi\u00e8ce\/carton 50 kg\/carton<\/td>\n<td width=\"188\">1 pi\u00e8ce\/carton 55 kg\/carton<\/td>\n<\/tr>\n<tr>\n<td>Garantie<\/td>\n<td>12 mois<\/td>\n<td>12 mois<\/td>\n<td>12 mois<\/td>\n<td>12 mois<\/td>\n<\/tr>\n<\/tbody>\n<\/table>\n<p style=\"text-align: center;\"><img decoding=\"async\" class=\"size-full wp-image-5901 aligncenter\" src=\"http:\/\/ygspower.com\/wp-content\/uploads\/2022\/03\/16462008291.png\" alt=\"\" width=\"750\" height=\"1500\" srcset=\"https:\/\/ygspower.com\/wp-content\/uploads\/2022\/03\/16462008291.png 750w, https:\/\/ygspower.com\/wp-content\/uploads\/2022\/03\/16462008291-600x1200.png 600w, https:\/\/ygspower.com\/wp-content\/uploads\/2022\/03\/16462008291-150x300.png 150w, https:\/\/ygspower.com\/wp-content\/uploads\/2022\/03\/16462008291-512x1024.png 512w\" sizes=\"(max-width: 750px) 100vw, 750px\" \/> <img decoding=\"async\" class=\"alignnone size-full wp-image-5902\" src=\"http:\/\/ygspower.com\/wp-content\/uploads\/2022\/03\/16462008381.png\" alt=\"\" width=\"750\" height=\"375\" srcset=\"https:\/\/ygspower.com\/wp-content\/uploads\/2022\/03\/16462008381.png 750w, https:\/\/ygspower.com\/wp-content\/uploads\/2022\/03\/16462008381-600x300.png 600w, https:\/\/ygspower.com\/wp-content\/uploads\/2022\/03\/16462008381-300x150.png 300w\" sizes=\"(max-width: 750px) 100vw, 750px\" \/> <img loading=\"lazy\" decoding=\"async\" class=\"size-full wp-image-5903 aligncenter\" src=\"http:\/\/ygspower.com\/wp-content\/uploads\/2022\/03\/16462008461.png\" alt=\"\" width=\"750\" height=\"1504\" srcset=\"https:\/\/ygspower.com\/wp-content\/uploads\/2022\/03\/16462008461.png 750w, https:\/\/ygspower.com\/wp-content\/uploads\/2022\/03\/16462008461-600x1203.png 600w, https:\/\/ygspower.com\/wp-content\/uploads\/2022\/03\/16462008461-150x300.png 150w, https:\/\/ygspower.com\/wp-content\/uploads\/2022\/03\/16462008461-511x1024.png 511w\" sizes=\"(max-width: 750px) 100vw, 750px\" \/><\/p>","protected":false},"excerpt":{"rendered":"<div class=\"elementor-element elementor-element-2906a469 elementor-widget elementor-widget-woocommerce-product-short-description\" data-id=\"2906a469\" data-element_type=\"widget\" data-widget_type=\"woocommerce-product-short-description.default\">\n<div class=\"elementor-widget-container\">\n<div class=\"woocommerce-product-details__short-description\">\n<dl class=\"do-entry-item\">\n<dt class=\"do-entry-item\"><span class=\"attr-name J-attr-name\" title=\"Taille de la batterie\">* Tension et capacit\u00e9 de la batterie :\u00a0<\/span>12V 150ah<\/dt>\n<\/dl>\n<dl class=\"do-entry-item\">\n<dt class=\"do-entry-item\"><span class=\"attr-name J-attr-name\" title=\"Type de batterie\">* Type de batterie :\u00a0<\/span>Batterie de stockage plomb-acide sans entretien scell\u00e9e<\/dt>\n<\/dl>\n<dl class=\"do-entry-item\">\n<dt class=\"do-entry-item\"><span class=\"attr-name J-attr-name\" title=\"Num\u00e9ro de mod\u00e8le\">* Num\u00e9ro de mod\u00e8le :\u00a0<\/span>6-FM-150<\/dt>\n<dt>* Dimensions : L482 x l171 x H240 mm<\/dt>\n<\/dl>\n<dl class=\"do-entry-item\">\n<dt class=\"do-entry-item\"><span class=\"attr-name J-attr-name\" title=\"Poids\">* Poids:\u00a0<\/span>32 kg<\/dt>\n<dt>\n<dl class=\"do-entry-item\">\n<dt class=\"do-entry-item\"><span class=\"attr-name J-attr-name\" title=\"Application\">* Application : R\u00e9sidentiel,\u00a0<\/span>Appareils \u00e9lectrom\u00e9nagers, syst\u00e8mes d&#039;alimentation \u00e9lectrique, syst\u00e8mes d&#039;\u00e9nergie solaire, alimentations sans interruption (UPS), syst\u00e8me solaire, \u00e9clairage, etc.<\/dt>\n<\/dl>\n<\/dt>\n<\/dl>\n<\/div>\n<\/div>\n<\/div>\n<div class=\"elementor-element elementor-element-4ec4e175 elementor-product-price-block-yes elementor-widget elementor-widget-woocommerce-product-price\" data-id=\"4ec4e175\" data-element_type=\"widget\" data-widget_type=\"woocommerce-product-price.default\">\n<div class=\"elementor-widget-container\">\n<p class=\"price\">\n<\/div>\n<\/div>","protected":false},"featured_media":5915,"template":"","meta":{"_seopress_robots_primary_cat":"none","_seopress_titles_title":"mylion 12v 150ah solar panel battery charger controll rechargeable battery solar power bank etc solar power storage batteries","_seopress_titles_desc":"mylion 12v 150ah solar panel battery charger control rechargeable battery solar power bank etc solar power storage batteries, mylion, solar panel, battery charger, rechargeable battery, solar power bank, solar power, 12v 150ah battery","_seopress_robots_index":"","site-sidebar-layout":"default","site-content-layout":"default","ast-site-content-layout":"default","site-content-style":"default","site-sidebar-style":"default","ast-global-header-display":"","ast-banner-title-visibility":"","ast-main-header-display":"","ast-hfb-above-header-display":"","ast-hfb-below-header-display":"","ast-hfb-mobile-header-display":"","site-post-title":"","ast-breadcrumbs-content":"","ast-featured-img":"","footer-sml-layout":"","theme-transparent-header-meta":"","adv-header-id-meta":"","stick-header-meta":"","header-above-stick-meta":"","header-main-stick-meta":"","header-below-stick-meta":"","astra-migrate-meta-layouts":"default","ast-page-background-enabled":"default","ast-page-background-meta":{"desktop":{"background-color":"","background-image":"","background-repeat":"repeat","background-position":"center center","background-size":"auto","background-attachment":"scroll","background-type":"","background-media":"","overlay-type":"","overlay-color":"","overlay-opacity":"","overlay-gradient":""},"tablet":{"background-color":"","background-image":"","background-repeat":"repeat","background-position":"center center","background-size":"auto","background-attachment":"scroll","background-type":"","background-media":"","overlay-type":"","overlay-color":"","overlay-opacity":"","overlay-gradient":""},"mobile":{"background-color":"","background-image":"","background-repeat":"repeat","background-position":"center center","background-size":"auto","background-attachment":"scroll","background-type":"","background-media":"","overlay-type":"","overlay-color":"","overlay-opacity":"","overlay-gradient":""}},"ast-content-background-meta":{"desktop":{"background-color":"var(--ast-global-color-5)","background-image":"","background-repeat":"repeat","background-position":"center center","background-size":"auto","background-attachment":"scroll","background-type":"","background-media":"","overlay-type":"","overlay-color":"","overlay-opacity":"","overlay-gradient":""},"tablet":{"background-color":"var(--ast-global-color-5)","background-image":"","background-repeat":"repeat","background-position":"center center","background-size":"auto","background-attachment":"scroll","background-type":"","background-media":"","overlay-type":"","overlay-color":"","overlay-opacity":"","overlay-gradient":""},"mobile":{"background-color":"var(--ast-global-color-5)","background-image":"","background-repeat":"repeat","background-position":"center center","background-size":"auto","background-attachment":"scroll","background-type":"","background-media":"","overlay-type":"","overlay-color":"","overlay-opacity":"","overlay-gradient":""}}},"product_brand":[],"product_cat":[411],"product_tag":[417,677,413,74,406,418,404,380,416,675],"class_list":{"0":"post-5912","1":"product","2":"type-product","3":"status-publish","4":"has-post-thumbnail","6":"product_cat-lead-acid-battery","7":"product_tag-12v-150ah-battery","8":"product_tag-12v150ah-battery","9":"product_tag-battery-charger","10":"product_tag-mylion","11":"product_tag-rechargeable-battery","12":"product_tag-solar-battery","13":"product_tag-solar-panel","14":"product_tag-solar-power","15":"product_tag-solar-power-bank","16":"product_tag-storage-battery","17":"desktop-align-left","18":"tablet-align-left","19":"mobile-align-left","21":"first","22":"instock","23":"shipping-taxable","24":"product-type-simple"},"_links":{"self":[{"href":"https:\/\/ygspower.com\/fr\/wp-json\/wp\/v2\/product\/5912","targetHints":{"allow":["GET"]}}],"collection":[{"href":"https:\/\/ygspower.com\/fr\/wp-json\/wp\/v2\/product"}],"about":[{"href":"https:\/\/ygspower.com\/fr\/wp-json\/wp\/v2\/types\/product"}],"version-history":[{"count":0,"href":"https:\/\/ygspower.com\/fr\/wp-json\/wp\/v2\/product\/5912\/revisions"}],"wp:featuredmedia":[{"embeddable":true,"href":"https:\/\/ygspower.com\/fr\/wp-json\/wp\/v2\/media\/5915"}],"wp:attachment":[{"href":"https:\/\/ygspower.com\/fr\/wp-json\/wp\/v2\/media?parent=5912"}],"wp:term":[{"taxonomy":"product_brand","embeddable":true,"href":"https:\/\/ygspower.com\/fr\/wp-json\/wp\/v2\/product_brand?post=5912"},{"taxonomy":"product_cat","embeddable":true,"href":"https:\/\/ygspower.com\/fr\/wp-json\/wp\/v2\/product_cat?post=5912"},{"taxonomy":"product_tag","embeddable":true,"href":"https:\/\/ygspower.com\/fr\/wp-json\/wp\/v2\/product_tag?post=5912"}],"curies":[{"name":"wp","href":"https:\/\/api.w.org\/{rel}","templated":true}]}}