{"id":5918,"date":"2022-03-02T17:07:19","date_gmt":"2022-03-02T09:07:19","guid":{"rendered":"https:\/\/darksalmon-dugong-512221.hostingersite.com\/?post_type=product&#038;p=5918"},"modified":"2023-08-17T18:21:02","modified_gmt":"2023-08-17T10:21:02","slug":"mylion-12v-200ah-best-batteries-for-solar-power-deep-cycle-battery-12v-200ah-solar-battery-rechargeable-battery-solar-power-bank","status":"publish","type":"product","link":"https:\/\/ygspower.com\/fr\/produit\/mylion-12v-200ah-best-batteries-for-solar-power-deep-cycle-battery-12v-200ah-solar-battery-rechargeable-battery-solar-power-bank\/","title":{"rendered":"Batterie de stockage \u00e0 d\u00e9charge profonde Mylion 12V200Ah La meilleure batterie solaire rechargeable scell\u00e9e au gel 12V 200Ah"},"content":{"rendered":"<p><img fetchpriority=\"high\" decoding=\"async\" class=\"size-full wp-image-5920 aligncenter\" src=\"http:\/\/ygspower.com\/wp-content\/uploads\/2022\/03\/12v-200ah-battery-2.jpg\" alt=\"\" width=\"750\" height=\"750\" srcset=\"https:\/\/ygspower.com\/wp-content\/uploads\/2022\/03\/12v-200ah-battery-2.jpg 750w, https:\/\/ygspower.com\/wp-content\/uploads\/2022\/03\/12v-200ah-battery-2-300x300.jpg 300w, https:\/\/ygspower.com\/wp-content\/uploads\/2022\/03\/12v-200ah-battery-2-100x100.jpg 100w, https:\/\/ygspower.com\/wp-content\/uploads\/2022\/03\/12v-200ah-battery-2-600x600.jpg 600w, https:\/\/ygspower.com\/wp-content\/uploads\/2022\/03\/12v-200ah-battery-2-150x150.jpg 150w\" sizes=\"(max-width: 750px) 100vw, 750px\" \/><\/p>\n<p>Batterie de stockage \u00e0 d\u00e9charge profonde Mylion 12V200Ah La meilleure batterie rechargeable scell\u00e9e au gel pour l&#039;\u00e9nergie solaire Banque d&#039;\u00e9nergie solaire<\/p>\n<table style=\"border-collapse: collapse;width: 835px;height: 762px\" border=\"0\" width=\"758\" cellspacing=\"0\" cellpadding=\"0\">\n<tbody>\n<tr style=\"height: 20.50pt\">\n<td class=\"et6\" style=\"height: 20.50pt;width: 122.30pt\" width=\"163\" height=\"27\">Nom du produit<\/td>\n<td class=\"et7\" style=\"width: 111.70pt\" width=\"148\">ML 6-FM-100<\/td>\n<td class=\"et7\" style=\"width: 111.70pt\" width=\"148\">ML 6-FM-150<\/td>\n<td class=\"et7\" style=\"width: 111.70pt\" width=\"148\"><span style=\"color: #ff0000\">ML 6-FM-200<\/span><\/td>\n<td class=\"et7\" style=\"width: 111.70pt\" width=\"148\">ML 6-FM-250<\/td>\n<\/tr>\n<tr style=\"height: 20.50pt\">\n<td class=\"et6\" style=\"height: 20.50pt\" height=\"27\">Nom du style<\/td>\n<td class=\"et8\">12V 100Ah<\/td>\n<td class=\"et8\">12V 150Ah<\/td>\n<td class=\"et8\"><span style=\"color: #ff0000\">12V 200Ah<\/span><\/td>\n<td class=\"et8\">12V 250Ah<\/td>\n<\/tr>\n<tr style=\"height: 20.50pt\">\n<td class=\"et6\" style=\"height: 20.50pt\" height=\"27\">Capacit\u00e9 nominale<\/td>\n<td class=\"et8\">100 Ah\/10 h<\/td>\n<td class=\"et8\">150 Ah\/10 h<\/td>\n<td class=\"et8\">200 Ah\/10 h<\/td>\n<td class=\"et8\">250 Ah\/10 h<\/td>\n<\/tr>\n<tr style=\"height: 20.50pt\">\n<td class=\"et6\" style=\"height: 20.50pt\" height=\"27\">Tension nominale<\/td>\n<td class=\"et8\">12V<\/td>\n<td class=\"et8\">12V<\/td>\n<td class=\"et8\">12V<\/td>\n<td class=\"et8\">12V<\/td>\n<\/tr>\n<tr style=\"height: 20.50pt\">\n<td class=\"et6\" style=\"height: 20.50pt\" height=\"27\">Tension de charge maximale<\/td>\n<td class=\"et8\">14,8 V<\/td>\n<td class=\"et8\">14,8 V<\/td>\n<td class=\"et8\">14,8 V<\/td>\n<td class=\"et8\">14,8 V<\/td>\n<\/tr>\n<tr style=\"height: 20.50pt\">\n<td class=\"et6\" style=\"height: 20.50pt\" height=\"27\">Courant de charge maximal<\/td>\n<td class=\"et8\">0,2 C 20 A<\/td>\n<td class=\"et8\">0,2 C 30 A<\/td>\n<td class=\"et8\">0,2 C 40 A<\/td>\n<td class=\"et8\">0,2 C 50 A<\/td>\n<\/tr>\n<tr style=\"height: 20.50pt\">\n<td class=\"et6\" style=\"height: 20.50pt\" height=\"27\">Courant de d\u00e9charge maximal<\/td>\n<td class=\"et8\">30A<\/td>\n<td class=\"et8\">45A<\/td>\n<td class=\"et8\">60A<\/td>\n<td class=\"et8\">75A<\/td>\n<\/tr>\n<tr style=\"height: 20.50pt\">\n<td class=\"et6\" style=\"height: 20.50pt\" height=\"27\">Puissance de sortie<\/td>\n<td class=\"et8\">1200 W<\/td>\n<td class=\"et8\">1800 W<\/td>\n<td class=\"et8\">2400 W<\/td>\n<td class=\"et8\">3000 W<\/td>\n<\/tr>\n<tr style=\"height: 20.50pt\">\n<td class=\"et6\" style=\"height: 20.50pt\" height=\"27\">Terminal<\/td>\n<td class=\"et9\">M8 x 18, T8<\/td>\n<td class=\"et9\">M8 x 20, T8<\/td>\n<td class=\"et9\">M8 x 20, T8<\/td>\n<td class=\"et9\">M8 x 20, T8<\/td>\n<\/tr>\n<tr style=\"height: 20.50pt\">\n<td class=\"et6\" style=\"height: 20.50pt\" height=\"27\">couleur<\/td>\n<td class=\"et10\">Gris<\/td>\n<td class=\"et10\">Gris<\/td>\n<td class=\"et10\">Gris<\/td>\n<td class=\"et10\">Gris<\/td>\n<\/tr>\n<tr style=\"height: 20.50pt\">\n<td class=\"et6\" style=\"height: 20.50pt\" height=\"27\">Dimensions de la batterie (mm)<\/td>\n<td class=\"et10\">330x171x220 mm<\/td>\n<td class=\"et10\">482x171x240 mm<\/td>\n<td class=\"et10\">525x240x224 mm<\/td>\n<td class=\"et10\">520x268x225mm<\/td>\n<\/tr>\n<tr style=\"height: 20.50pt\">\n<td class=\"et6\" style=\"height: 20.50pt\" height=\"27\">Poids<\/td>\n<td class=\"et8\">Environ 21,5 kg<\/td>\n<td class=\"et8\">Environ 32,5 kg<\/td>\n<td class=\"et8\">Environ 46 kg<\/td>\n<td class=\"et8\">Environ 51 kg<\/td>\n<\/tr>\n<tr style=\"height: 20.50pt\">\n<td class=\"et11\" style=\"height: 20.50pt\" height=\"27\">Application<\/td>\n<td class=\"et12\" style=\"width: 446.80pt;border-right: .5pt solid #000000\" colspan=\"4\" width=\"595\">Syst\u00e8me solaire, batterie de stockage, batterie d&#039;\u00e9clairage, batterie UPS, etc.<\/td>\n<\/tr>\n<tr style=\"height: 30.50pt\">\n<td class=\"et11\" style=\"height: 30.50pt\" height=\"40\">Emballer<\/td>\n<td class=\"et15\" style=\"width: 111.70pt\" width=\"148\">1 pi\u00e8ce dans un carton d&#039;environ 25 kg\/carton<\/td>\n<td class=\"et15\" style=\"width: 111.70pt\" width=\"148\">1 pi\u00e8ce dans un carton environ 37 kg\/carton<\/td>\n<td class=\"et15\" style=\"width: 111.70pt\" width=\"148\">1 pi\u00e8ce dans un carton d&#039;environ 50 kg\/carton<\/td>\n<td class=\"et15\" style=\"width: 111.70pt\" width=\"148\">1 pi\u00e8ce dans un carton d&#039;environ 55 kg\/carton<\/td>\n<\/tr>\n<tr style=\"height: 20.50pt\">\n<td class=\"et11\" style=\"height: 20.50pt\" height=\"27\">Garantie<\/td>\n<td class=\"et16\">12 mois<\/td>\n<td class=\"et16\">12 mois<\/td>\n<td class=\"et16\">12 mois<\/td>\n<td class=\"et16\">12 mois<\/td>\n<\/tr>\n<\/tbody>\n<\/table>\n<p><img decoding=\"async\" class=\"size-full wp-image-5922 aligncenter\" src=\"http:\/\/ygspower.com\/wp-content\/uploads\/2022\/03\/12v-200ah-battery-3.jpg\" alt=\"\" width=\"750\" height=\"750\" srcset=\"https:\/\/ygspower.com\/wp-content\/uploads\/2022\/03\/12v-200ah-battery-3.jpg 750w, https:\/\/ygspower.com\/wp-content\/uploads\/2022\/03\/12v-200ah-battery-3-300x300.jpg 300w, https:\/\/ygspower.com\/wp-content\/uploads\/2022\/03\/12v-200ah-battery-3-100x100.jpg 100w, https:\/\/ygspower.com\/wp-content\/uploads\/2022\/03\/12v-200ah-battery-3-600x600.jpg 600w, https:\/\/ygspower.com\/wp-content\/uploads\/2022\/03\/12v-200ah-battery-3-150x150.jpg 150w\" sizes=\"(max-width: 750px) 100vw, 750px\" \/> <img decoding=\"async\" class=\"size-full wp-image-5923 aligncenter\" src=\"http:\/\/ygspower.com\/wp-content\/uploads\/2022\/03\/12v-200ah-battery-4.jpg\" alt=\"\" width=\"750\" height=\"750\" srcset=\"https:\/\/ygspower.com\/wp-content\/uploads\/2022\/03\/12v-200ah-battery-4.jpg 750w, https:\/\/ygspower.com\/wp-content\/uploads\/2022\/03\/12v-200ah-battery-4-300x300.jpg 300w, https:\/\/ygspower.com\/wp-content\/uploads\/2022\/03\/12v-200ah-battery-4-100x100.jpg 100w, https:\/\/ygspower.com\/wp-content\/uploads\/2022\/03\/12v-200ah-battery-4-600x600.jpg 600w, https:\/\/ygspower.com\/wp-content\/uploads\/2022\/03\/12v-200ah-battery-4-150x150.jpg 150w\" sizes=\"(max-width: 750px) 100vw, 750px\" \/> <img loading=\"lazy\" decoding=\"async\" class=\"size-full wp-image-5924 aligncenter\" src=\"http:\/\/ygspower.com\/wp-content\/uploads\/2022\/03\/12v-200ah-battery-5.jpg\" alt=\"\" width=\"750\" height=\"750\" srcset=\"https:\/\/ygspower.com\/wp-content\/uploads\/2022\/03\/12v-200ah-battery-5.jpg 750w, https:\/\/ygspower.com\/wp-content\/uploads\/2022\/03\/12v-200ah-battery-5-300x300.jpg 300w, https:\/\/ygspower.com\/wp-content\/uploads\/2022\/03\/12v-200ah-battery-5-100x100.jpg 100w, https:\/\/ygspower.com\/wp-content\/uploads\/2022\/03\/12v-200ah-battery-5-600x600.jpg 600w, https:\/\/ygspower.com\/wp-content\/uploads\/2022\/03\/12v-200ah-battery-5-150x150.jpg 150w\" sizes=\"(max-width: 750px) 100vw, 750px\" \/> <img loading=\"lazy\" decoding=\"async\" class=\"size-full wp-image-5925 aligncenter\" src=\"http:\/\/ygspower.com\/wp-content\/uploads\/2022\/03\/12v-200ah-battery-6.jpg\" alt=\"\" width=\"750\" height=\"750\" srcset=\"https:\/\/ygspower.com\/wp-content\/uploads\/2022\/03\/12v-200ah-battery-6.jpg 750w, https:\/\/ygspower.com\/wp-content\/uploads\/2022\/03\/12v-200ah-battery-6-300x300.jpg 300w, https:\/\/ygspower.com\/wp-content\/uploads\/2022\/03\/12v-200ah-battery-6-100x100.jpg 100w, https:\/\/ygspower.com\/wp-content\/uploads\/2022\/03\/12v-200ah-battery-6-600x600.jpg 600w, https:\/\/ygspower.com\/wp-content\/uploads\/2022\/03\/12v-200ah-battery-6-150x150.jpg 150w\" sizes=\"(max-width: 750px) 100vw, 750px\" \/><\/p>\n<p style=\"text-align: center\"><img loading=\"lazy\" decoding=\"async\" class=\"size-full wp-image-5926 aligncenter\" src=\"http:\/\/ygspower.com\/wp-content\/uploads\/2022\/03\/16462008291-1.png\" alt=\"\" width=\"750\" height=\"1500\" srcset=\"https:\/\/ygspower.com\/wp-content\/uploads\/2022\/03\/16462008291-1.png 750w, https:\/\/ygspower.com\/wp-content\/uploads\/2022\/03\/16462008291-1-600x1200.png 600w, https:\/\/ygspower.com\/wp-content\/uploads\/2022\/03\/16462008291-1-150x300.png 150w, https:\/\/ygspower.com\/wp-content\/uploads\/2022\/03\/16462008291-1-512x1024.png 512w\" sizes=\"(max-width: 750px) 100vw, 750px\" \/> <img loading=\"lazy\" decoding=\"async\" class=\"alignnone size-full wp-image-5927\" src=\"http:\/\/ygspower.com\/wp-content\/uploads\/2022\/03\/16462008381-1.png\" alt=\"\" width=\"750\" height=\"375\" srcset=\"https:\/\/ygspower.com\/wp-content\/uploads\/2022\/03\/16462008381-1.png 750w, https:\/\/ygspower.com\/wp-content\/uploads\/2022\/03\/16462008381-1-600x300.png 600w, https:\/\/ygspower.com\/wp-content\/uploads\/2022\/03\/16462008381-1-300x150.png 300w\" sizes=\"(max-width: 750px) 100vw, 750px\" \/> <img loading=\"lazy\" decoding=\"async\" class=\"size-full wp-image-5928 aligncenter\" src=\"http:\/\/ygspower.com\/wp-content\/uploads\/2022\/03\/16462008461-1.png\" alt=\"\" width=\"750\" height=\"1504\" srcset=\"https:\/\/ygspower.com\/wp-content\/uploads\/2022\/03\/16462008461-1.png 750w, https:\/\/ygspower.com\/wp-content\/uploads\/2022\/03\/16462008461-1-600x1203.png 600w, https:\/\/ygspower.com\/wp-content\/uploads\/2022\/03\/16462008461-1-150x300.png 150w, https:\/\/ygspower.com\/wp-content\/uploads\/2022\/03\/16462008461-1-511x1024.png 511w\" sizes=\"(max-width: 750px) 100vw, 750px\" \/><\/p>","protected":false},"excerpt":{"rendered":"<p>* Tension et capacit\u00e9 de la batterie : Batterie de stockage 12 V 200 Ah<\/p>\n<p>* Type de batterie : Batterie plomb-acide scell\u00e9e sans entretien<\/p>\n<p>* Num\u00e9ro de mod\u00e8le : 6-FM-200<\/p>\n<p>* Dimensions : L525 x l240 x H224 mm<\/p>\n<p>* Poids : 46 kg<\/p>\n<p>* Application : r\u00e9sidentiel, appareils \u00e9lectrom\u00e9nagers, syst\u00e8mes d&#039;alimentation \u00e9lectrique, syst\u00e8mes d&#039;\u00e9nergie solaire, alimentations sans interruption UPS, syst\u00e8me solaire, \u00e9clairage, etc.<\/p>","protected":false},"featured_media":5929,"template":"","meta":{"_seopress_robots_primary_cat":"none","_seopress_titles_title":"mylion 12V 200Ah best batteries for solar power deep cycle battery 12v 200ah solar battery rechargeable battery solar power bank","_seopress_titles_desc":"mylion 12V 200Ah best batteries for solar power deep cycle battery 12v 200ah solar battery rechargeable battery solar power bank, mylion, 12v 200ah battery, solar power, solar battery, battery, rechargeable battery, power bank, deep cycle","_seopress_robots_index":"","site-sidebar-layout":"default","site-content-layout":"default","ast-site-content-layout":"default","site-content-style":"default","site-sidebar-style":"default","ast-global-header-display":"","ast-banner-title-visibility":"","ast-main-header-display":"","ast-hfb-above-header-display":"","ast-hfb-below-header-display":"","ast-hfb-mobile-header-display":"","site-post-title":"","ast-breadcrumbs-content":"","ast-featured-img":"","footer-sml-layout":"","theme-transparent-header-meta":"","adv-header-id-meta":"","stick-header-meta":"","header-above-stick-meta":"","header-main-stick-meta":"","header-below-stick-meta":"","astra-migrate-meta-layouts":"default","ast-page-background-enabled":"default","ast-page-background-meta":{"desktop":{"background-color":"","background-image":"","background-repeat":"repeat","background-position":"center center","background-size":"auto","background-attachment":"scroll","background-type":"","background-media":"","overlay-type":"","overlay-color":"","overlay-opacity":"","overlay-gradient":""},"tablet":{"background-color":"","background-image":"","background-repeat":"repeat","background-position":"center center","background-size":"auto","background-attachment":"scroll","background-type":"","background-media":"","overlay-type":"","overlay-color":"","overlay-opacity":"","overlay-gradient":""},"mobile":{"background-color":"","background-image":"","background-repeat":"repeat","background-position":"center center","background-size":"auto","background-attachment":"scroll","background-type":"","background-media":"","overlay-type":"","overlay-color":"","overlay-opacity":"","overlay-gradient":""}},"ast-content-background-meta":{"desktop":{"background-color":"var(--ast-global-color-5)","background-image":"","background-repeat":"repeat","background-position":"center center","background-size":"auto","background-attachment":"scroll","background-type":"","background-media":"","overlay-type":"","overlay-color":"","overlay-opacity":"","overlay-gradient":""},"tablet":{"background-color":"var(--ast-global-color-5)","background-image":"","background-repeat":"repeat","background-position":"center center","background-size":"auto","background-attachment":"scroll","background-type":"","background-media":"","overlay-type":"","overlay-color":"","overlay-opacity":"","overlay-gradient":""},"mobile":{"background-color":"var(--ast-global-color-5)","background-image":"","background-repeat":"repeat","background-position":"center center","background-size":"auto","background-attachment":"scroll","background-type":"","background-media":"","overlay-type":"","overlay-color":"","overlay-opacity":"","overlay-gradient":""}}},"product_brand":[],"product_cat":[411],"product_tag":[247,178,419,74,198,406,418,380,675],"class_list":{"0":"post-5918","1":"product","2":"type-product","3":"status-publish","4":"has-post-thumbnail","6":"product_cat-lead-acid-battery","7":"product_tag-12v-200ah-battery","8":"product_tag-battery","9":"product_tag-deep-cycle","10":"product_tag-mylion","11":"product_tag-power-bank","12":"product_tag-rechargeable-battery","13":"product_tag-solar-battery","14":"product_tag-solar-power","15":"product_tag-storage-battery","16":"desktop-align-left","17":"tablet-align-left","18":"mobile-align-left","20":"first","21":"instock","22":"shipping-taxable","23":"product-type-simple"},"_links":{"self":[{"href":"https:\/\/ygspower.com\/fr\/wp-json\/wp\/v2\/product\/5918","targetHints":{"allow":["GET"]}}],"collection":[{"href":"https:\/\/ygspower.com\/fr\/wp-json\/wp\/v2\/product"}],"about":[{"href":"https:\/\/ygspower.com\/fr\/wp-json\/wp\/v2\/types\/product"}],"version-history":[{"count":0,"href":"https:\/\/ygspower.com\/fr\/wp-json\/wp\/v2\/product\/5918\/revisions"}],"wp:featuredmedia":[{"embeddable":true,"href":"https:\/\/ygspower.com\/fr\/wp-json\/wp\/v2\/media\/5929"}],"wp:attachment":[{"href":"https:\/\/ygspower.com\/fr\/wp-json\/wp\/v2\/media?parent=5918"}],"wp:term":[{"taxonomy":"product_brand","embeddable":true,"href":"https:\/\/ygspower.com\/fr\/wp-json\/wp\/v2\/product_brand?post=5918"},{"taxonomy":"product_cat","embeddable":true,"href":"https:\/\/ygspower.com\/fr\/wp-json\/wp\/v2\/product_cat?post=5918"},{"taxonomy":"product_tag","embeddable":true,"href":"https:\/\/ygspower.com\/fr\/wp-json\/wp\/v2\/product_tag?post=5918"}],"curies":[{"name":"wp","href":"https:\/\/api.w.org\/{rel}","templated":true}]}}