{"id":5936,"date":"2022-03-02T17:31:25","date_gmt":"2022-03-02T09:31:25","guid":{"rendered":"https:\/\/darksalmon-dugong-512221.hostingersite.com\/?post_type=product&#038;p=5936"},"modified":"2022-05-24T17:27:08","modified_gmt":"2022-05-24T09:27:08","slug":"mylion-12v-250ah-solar-panel-battery-charger-control-batteries-for-solar-system-caravan-solar-system-home-power-battery","status":"publish","type":"product","link":"https:\/\/ygspower.com\/fr\/produit\/mylion-12v-250ah-solar-panel-battery-charger-control-batteries-for-solar-system-caravan-solar-system-home-power-battery\/","title":{"rendered":"Batterie de stockage solaire Mylion 12V 250Ah Batterie de stockage Akku pour centrale \u00e9lectrique r\u00e9sidentielle"},"content":{"rendered":"<p><img fetchpriority=\"high\" decoding=\"async\" class=\"size-full wp-image-5938 aligncenter\" src=\"http:\/\/ygspower.com\/wp-content\/uploads\/2022\/03\/12v-250ah-battery-1.jpg\" alt=\"\" width=\"750\" height=\"750\" srcset=\"https:\/\/ygspower.com\/wp-content\/uploads\/2022\/03\/12v-250ah-battery-1.jpg 750w, https:\/\/ygspower.com\/wp-content\/uploads\/2022\/03\/12v-250ah-battery-1-300x300.jpg 300w, https:\/\/ygspower.com\/wp-content\/uploads\/2022\/03\/12v-250ah-battery-1-100x100.jpg 100w, https:\/\/ygspower.com\/wp-content\/uploads\/2022\/03\/12v-250ah-battery-1-600x600.jpg 600w, https:\/\/ygspower.com\/wp-content\/uploads\/2022\/03\/12v-250ah-battery-1-150x150.jpg 150w\" sizes=\"(max-width: 750px) 100vw, 750px\" \/><\/p>\n<table width=\"940\">\n<tbody>\n<tr>\n<td colspan=\"5\" width=\"940\">Batterie de stockage solaire scell\u00e9e au plomb-acide gel AGM Mylion sans entretien 100ah-250ah<\/td>\n<\/tr>\n<tr>\n<td>Nom du produit<\/td>\n<td>ML 6-FM-100<\/td>\n<td>ML 6-FM-150<\/td>\n<td>ML 6-FM-200<\/td>\n<td><span style=\"color: #ff0000;\">ML 6-FM-250<\/span><\/td>\n<\/tr>\n<tr>\n<td>Nom du style<\/td>\n<td>Batterie 12V 100Ah<\/td>\n<td>Batterie 12V 150Ah<\/td>\n<td>Batterie 12V 200Ah<\/td>\n<td><span style=\"color: #ff0000;\">Batterie 12V 250Ah<\/span><\/td>\n<\/tr>\n<tr>\n<td>Capacit\u00e9 nominale<\/td>\n<td>100 Ah\/10 h<\/td>\n<td>150 Ah\/10 h<\/td>\n<td>200 Ah\/10 h<\/td>\n<td>250 Ah\/10 h<\/td>\n<\/tr>\n<tr>\n<td>Tension nominale<\/td>\n<td>12V<\/td>\n<td>12V<\/td>\n<td>12V<\/td>\n<td>12V<\/td>\n<\/tr>\n<tr>\n<td>Tension de charge maximale<\/td>\n<td>14,8 V<\/td>\n<td>14,8 V<\/td>\n<td>14,8 V<\/td>\n<td>14,8 V<\/td>\n<\/tr>\n<tr>\n<td>Courant de charge maximal<\/td>\n<td>0,2 C 20 A<\/td>\n<td>0,2 C 30 A<\/td>\n<td>0,2 C 40 A<\/td>\n<td>0,2 C 50 A<\/td>\n<\/tr>\n<tr>\n<td>Courant de d\u00e9charge maximal<\/td>\n<td>30A<\/td>\n<td>45A<\/td>\n<td>60A<\/td>\n<td>75A<\/td>\n<\/tr>\n<tr>\n<td>Puissance de sortie<\/td>\n<td>1200 W<\/td>\n<td>1800 W<\/td>\n<td>2400 W<\/td>\n<td>3000 W<\/td>\n<\/tr>\n<tr>\n<td>Terminal<\/td>\n<td>M8 x 18, T8<\/td>\n<td>M8 x 20, T8<\/td>\n<td>M8 x 20, T8<\/td>\n<td>M8 x 20, T8<\/td>\n<\/tr>\n<tr>\n<td>couleur<\/td>\n<td>Gris<\/td>\n<td>Gris<\/td>\n<td>Gris<\/td>\n<td>Gris<\/td>\n<\/tr>\n<tr>\n<td>Dimensions de la batterie (mm)<\/td>\n<td>330x171x220mm<\/td>\n<td>482x171x240mm<\/td>\n<td>525x240x224mm<\/td>\n<td>520x268x225mm<\/td>\n<\/tr>\n<tr>\n<td>Poids<\/td>\n<td>Environ 21,5 kg<\/td>\n<td>Environ 32 kg<\/td>\n<td>Environ 46 kg<\/td>\n<td>Environ 51 kg<\/td>\n<\/tr>\n<tr>\n<td>Application<\/td>\n<td colspan=\"4\" width=\"752\">Syst\u00e8me solaire, batterie de stockage, batterie d&#039;\u00e9clairage, batterie UPS, etc.<\/td>\n<\/tr>\n<tr>\n<td>Emballer<\/td>\n<td width=\"188\">1 pi\u00e8ce\/carton 25 kg\/carton<\/td>\n<td width=\"188\">1 pi\u00e8ce\/carton 37 kg\/carton<\/td>\n<td width=\"188\">1 pi\u00e8ce\/carton 50 kg\/carton<\/td>\n<td width=\"188\">1 pi\u00e8ce\/carton 55 kg\/carton<\/td>\n<\/tr>\n<tr>\n<td>Garantie<\/td>\n<td>12 mois<\/td>\n<td>12 mois<\/td>\n<td>12 mois<\/td>\n<td>12 mois<\/td>\n<\/tr>\n<\/tbody>\n<\/table>\n<p><img decoding=\"async\" class=\"aligncenter size-full wp-image-7162\" src=\"http:\/\/ygspower.com\/wp-content\/uploads\/2022\/03\/agm-battery-1.jpg\" alt=\"\" width=\"750\" height=\"326\" srcset=\"https:\/\/ygspower.com\/wp-content\/uploads\/2022\/03\/agm-battery-1.jpg 750w, https:\/\/ygspower.com\/wp-content\/uploads\/2022\/03\/agm-battery-1-600x261.jpg 600w, https:\/\/ygspower.com\/wp-content\/uploads\/2022\/03\/agm-battery-1-300x130.jpg 300w\" sizes=\"(max-width: 750px) 100vw, 750px\" \/> <img decoding=\"async\" class=\"aligncenter size-full wp-image-7163\" src=\"http:\/\/ygspower.com\/wp-content\/uploads\/2022\/03\/agm-battery-2.jpg\" alt=\"\" width=\"750\" height=\"948\" srcset=\"https:\/\/ygspower.com\/wp-content\/uploads\/2022\/03\/agm-battery-2.jpg 750w, https:\/\/ygspower.com\/wp-content\/uploads\/2022\/03\/agm-battery-2-600x758.jpg 600w, https:\/\/ygspower.com\/wp-content\/uploads\/2022\/03\/agm-battery-2-237x300.jpg 237w\" sizes=\"(max-width: 750px) 100vw, 750px\" \/> <img loading=\"lazy\" decoding=\"async\" class=\"aligncenter size-full wp-image-7164\" src=\"http:\/\/ygspower.com\/wp-content\/uploads\/2022\/03\/agm-battery-3.jpg\" alt=\"\" width=\"750\" height=\"948\" srcset=\"https:\/\/ygspower.com\/wp-content\/uploads\/2022\/03\/agm-battery-3.jpg 750w, https:\/\/ygspower.com\/wp-content\/uploads\/2022\/03\/agm-battery-3-600x758.jpg 600w, https:\/\/ygspower.com\/wp-content\/uploads\/2022\/03\/agm-battery-3-237x300.jpg 237w\" sizes=\"(max-width: 750px) 100vw, 750px\" \/> <img loading=\"lazy\" decoding=\"async\" class=\"aligncenter size-full wp-image-7165\" src=\"http:\/\/ygspower.com\/wp-content\/uploads\/2022\/03\/agm-battery-4.jpg\" alt=\"\" width=\"750\" height=\"1228\" srcset=\"https:\/\/ygspower.com\/wp-content\/uploads\/2022\/03\/agm-battery-4.jpg 750w, https:\/\/ygspower.com\/wp-content\/uploads\/2022\/03\/agm-battery-4-600x982.jpg 600w, https:\/\/ygspower.com\/wp-content\/uploads\/2022\/03\/agm-battery-4-183x300.jpg 183w, https:\/\/ygspower.com\/wp-content\/uploads\/2022\/03\/agm-battery-4-625x1024.jpg 625w\" sizes=\"(max-width: 750px) 100vw, 750px\" \/> <img loading=\"lazy\" decoding=\"async\" class=\"aligncenter size-full wp-image-7166\" src=\"http:\/\/ygspower.com\/wp-content\/uploads\/2022\/03\/agm-battery-5.jpg\" alt=\"\" width=\"750\" height=\"2186\" srcset=\"https:\/\/ygspower.com\/wp-content\/uploads\/2022\/03\/agm-battery-5.jpg 750w, https:\/\/ygspower.com\/wp-content\/uploads\/2022\/03\/agm-battery-5-600x1749.jpg 600w, https:\/\/ygspower.com\/wp-content\/uploads\/2022\/03\/agm-battery-5-103x300.jpg 103w, https:\/\/ygspower.com\/wp-content\/uploads\/2022\/03\/agm-battery-5-351x1024.jpg 351w, https:\/\/ygspower.com\/wp-content\/uploads\/2022\/03\/agm-battery-5-527x1536.jpg 527w, https:\/\/ygspower.com\/wp-content\/uploads\/2022\/03\/agm-battery-5-703x2048.jpg 703w\" sizes=\"(max-width: 750px) 100vw, 750px\" \/> <img loading=\"lazy\" decoding=\"async\" class=\"aligncenter size-full wp-image-7167\" src=\"http:\/\/ygspower.com\/wp-content\/uploads\/2022\/03\/agm-battery-6.jpg\" alt=\"\" width=\"750\" height=\"2102\" srcset=\"https:\/\/ygspower.com\/wp-content\/uploads\/2022\/03\/agm-battery-6.jpg 750w, https:\/\/ygspower.com\/wp-content\/uploads\/2022\/03\/agm-battery-6-600x1682.jpg 600w, https:\/\/ygspower.com\/wp-content\/uploads\/2022\/03\/agm-battery-6-107x300.jpg 107w, https:\/\/ygspower.com\/wp-content\/uploads\/2022\/03\/agm-battery-6-365x1024.jpg 365w, https:\/\/ygspower.com\/wp-content\/uploads\/2022\/03\/agm-battery-6-548x1536.jpg 548w, https:\/\/ygspower.com\/wp-content\/uploads\/2022\/03\/agm-battery-6-731x2048.jpg 731w\" sizes=\"(max-width: 750px) 100vw, 750px\" \/> <img loading=\"lazy\" decoding=\"async\" class=\"aligncenter size-full wp-image-7168\" src=\"http:\/\/ygspower.com\/wp-content\/uploads\/2022\/03\/agm-battery-7.jpg\" alt=\"\" width=\"750\" height=\"1417\" srcset=\"https:\/\/ygspower.com\/wp-content\/uploads\/2022\/03\/agm-battery-7.jpg 750w, https:\/\/ygspower.com\/wp-content\/uploads\/2022\/03\/agm-battery-7-600x1134.jpg 600w, https:\/\/ygspower.com\/wp-content\/uploads\/2022\/03\/agm-battery-7-159x300.jpg 159w, https:\/\/ygspower.com\/wp-content\/uploads\/2022\/03\/agm-battery-7-542x1024.jpg 542w\" sizes=\"(max-width: 750px) 100vw, 750px\" \/> <img loading=\"lazy\" decoding=\"async\" class=\"aligncenter size-full wp-image-7169\" src=\"http:\/\/ygspower.com\/wp-content\/uploads\/2022\/03\/agm-battery-8.jpg\" alt=\"\" width=\"750\" height=\"2048\" srcset=\"https:\/\/ygspower.com\/wp-content\/uploads\/2022\/03\/agm-battery-8.jpg 750w, https:\/\/ygspower.com\/wp-content\/uploads\/2022\/03\/agm-battery-8-600x1638.jpg 600w, https:\/\/ygspower.com\/wp-content\/uploads\/2022\/03\/agm-battery-8-110x300.jpg 110w, https:\/\/ygspower.com\/wp-content\/uploads\/2022\/03\/agm-battery-8-375x1024.jpg 375w, https:\/\/ygspower.com\/wp-content\/uploads\/2022\/03\/agm-battery-8-563x1536.jpg 563w\" sizes=\"(max-width: 750px) 100vw, 750px\" \/> <img loading=\"lazy\" decoding=\"async\" class=\"aligncenter size-full wp-image-7170\" src=\"http:\/\/ygspower.com\/wp-content\/uploads\/2022\/03\/agm-battery-9.jpg\" alt=\"\" width=\"750\" height=\"825\" srcset=\"https:\/\/ygspower.com\/wp-content\/uploads\/2022\/03\/agm-battery-9.jpg 750w, https:\/\/ygspower.com\/wp-content\/uploads\/2022\/03\/agm-battery-9-600x660.jpg 600w, https:\/\/ygspower.com\/wp-content\/uploads\/2022\/03\/agm-battery-9-273x300.jpg 273w\" sizes=\"(max-width: 750px) 100vw, 750px\" \/> <img loading=\"lazy\" decoding=\"async\" class=\"aligncenter size-full wp-image-7171\" src=\"http:\/\/ygspower.com\/wp-content\/uploads\/2022\/03\/agm-battery-10.jpg\" alt=\"\" width=\"750\" height=\"524\" srcset=\"https:\/\/ygspower.com\/wp-content\/uploads\/2022\/03\/agm-battery-10.jpg 750w, https:\/\/ygspower.com\/wp-content\/uploads\/2022\/03\/agm-battery-10-600x419.jpg 600w, https:\/\/ygspower.com\/wp-content\/uploads\/2022\/03\/agm-battery-10-300x210.jpg 300w\" sizes=\"(max-width: 750px) 100vw, 750px\" \/><\/p>\n<p style=\"text-align: center;\">","protected":false},"excerpt":{"rendered":"<p>* Tension et capacit\u00e9 de la batterie : 12 V 250 Ah<\/p>\n<p>* Type de batterie : Batterie plomb-acide scell\u00e9e sans entretien<\/p>\n<p>* Num\u00e9ro de mod\u00e8le : 6-FM-250<\/p>\n<p>* Dimensions : L520 x l269 x H228 mm<\/p>\n<p>* Poids : 51 kg<\/p>\n<p>* Application : r\u00e9sidentiel, appareils \u00e9lectrom\u00e9nagers, syst\u00e8mes d&#039;alimentation \u00e9lectrique, syst\u00e8mes d&#039;\u00e9nergie solaire, alimentations sans interruption UPS, syst\u00e8me solaire, \u00e9clairage, etc.<\/p>","protected":false},"featured_media":5947,"template":"","meta":{"_seopress_robots_primary_cat":"none","_seopress_titles_title":"mylion 12v 250ah solar panel battery charger control batteries for solar system caravan solar system home power battery","_seopress_titles_desc":"mylion 12v 250ah solar panel battery charger control batteries for solar system caravan solar system home power battery, mylion, 12v 250ah battery, solar panel, solar battery, battery charger, solar system, solar power, power bank, solar,solar system caravan ","_seopress_robots_index":"","site-sidebar-layout":"default","site-content-layout":"default","ast-site-content-layout":"default","site-content-style":"default","site-sidebar-style":"default","ast-global-header-display":"","ast-banner-title-visibility":"","ast-main-header-display":"","ast-hfb-above-header-display":"","ast-hfb-below-header-display":"","ast-hfb-mobile-header-display":"","site-post-title":"","ast-breadcrumbs-content":"","ast-featured-img":"","footer-sml-layout":"","theme-transparent-header-meta":"","adv-header-id-meta":"","stick-header-meta":"","header-above-stick-meta":"","header-main-stick-meta":"","header-below-stick-meta":"","astra-migrate-meta-layouts":"default","ast-page-background-enabled":"default","ast-page-background-meta":{"desktop":{"background-color":"","background-image":"","background-repeat":"repeat","background-position":"center center","background-size":"auto","background-attachment":"scroll","background-type":"","background-media":"","overlay-type":"","overlay-color":"","overlay-opacity":"","overlay-gradient":""},"tablet":{"background-color":"","background-image":"","background-repeat":"repeat","background-position":"center center","background-size":"auto","background-attachment":"scroll","background-type":"","background-media":"","overlay-type":"","overlay-color":"","overlay-opacity":"","overlay-gradient":""},"mobile":{"background-color":"","background-image":"","background-repeat":"repeat","background-position":"center center","background-size":"auto","background-attachment":"scroll","background-type":"","background-media":"","overlay-type":"","overlay-color":"","overlay-opacity":"","overlay-gradient":""}},"ast-content-background-meta":{"desktop":{"background-color":"var(--ast-global-color-5)","background-image":"","background-repeat":"repeat","background-position":"center center","background-size":"auto","background-attachment":"scroll","background-type":"","background-media":"","overlay-type":"","overlay-color":"","overlay-opacity":"","overlay-gradient":""},"tablet":{"background-color":"var(--ast-global-color-5)","background-image":"","background-repeat":"repeat","background-position":"center center","background-size":"auto","background-attachment":"scroll","background-type":"","background-media":"","overlay-type":"","overlay-color":"","overlay-opacity":"","overlay-gradient":""},"mobile":{"background-color":"var(--ast-global-color-5)","background-image":"","background-repeat":"repeat","background-position":"center center","background-size":"auto","background-attachment":"scroll","background-type":"","background-media":"","overlay-type":"","overlay-color":"","overlay-opacity":"","overlay-gradient":""}}},"product_brand":[],"product_cat":[411],"product_tag":[420,676,413,74,198,422,418,404,380,421,423,675],"class_list":{"0":"post-5936","1":"product","2":"type-product","3":"status-publish","4":"has-post-thumbnail","6":"product_cat-lead-acid-battery","7":"product_tag-12v-250ah-battery","8":"product_tag-12v250ah-storage-battery","9":"product_tag-battery-charger","10":"product_tag-mylion","11":"product_tag-power-bank","12":"product_tag-solar","13":"product_tag-solar-battery","14":"product_tag-solar-panel","15":"product_tag-solar-power","16":"product_tag-solar-system","17":"product_tag-solar-system-caravan","18":"product_tag-storage-battery","19":"desktop-align-left","20":"tablet-align-left","21":"mobile-align-left","23":"first","24":"instock","25":"shipping-taxable","26":"product-type-simple"},"_links":{"self":[{"href":"https:\/\/ygspower.com\/fr\/wp-json\/wp\/v2\/product\/5936","targetHints":{"allow":["GET"]}}],"collection":[{"href":"https:\/\/ygspower.com\/fr\/wp-json\/wp\/v2\/product"}],"about":[{"href":"https:\/\/ygspower.com\/fr\/wp-json\/wp\/v2\/types\/product"}],"version-history":[{"count":0,"href":"https:\/\/ygspower.com\/fr\/wp-json\/wp\/v2\/product\/5936\/revisions"}],"wp:featuredmedia":[{"embeddable":true,"href":"https:\/\/ygspower.com\/fr\/wp-json\/wp\/v2\/media\/5947"}],"wp:attachment":[{"href":"https:\/\/ygspower.com\/fr\/wp-json\/wp\/v2\/media?parent=5936"}],"wp:term":[{"taxonomy":"product_brand","embeddable":true,"href":"https:\/\/ygspower.com\/fr\/wp-json\/wp\/v2\/product_brand?post=5936"},{"taxonomy":"product_cat","embeddable":true,"href":"https:\/\/ygspower.com\/fr\/wp-json\/wp\/v2\/product_cat?post=5936"},{"taxonomy":"product_tag","embeddable":true,"href":"https:\/\/ygspower.com\/fr\/wp-json\/wp\/v2\/product_tag?post=5936"}],"curies":[{"name":"wp","href":"https:\/\/api.w.org\/{rel}","templated":true}]}}