{"id":6180,"date":"2022-03-22T17:42:55","date_gmt":"2022-03-22T09:42:55","guid":{"rendered":"https:\/\/darksalmon-dugong-512221.hostingersite.com\/?post_type=product&#038;p=6180"},"modified":"2022-10-25T17:07:00","modified_gmt":"2022-10-25T09:07:00","slug":"mylion-mw3ks-3kva-2700w-oline-ups-industrial-long-backup-time-ups-power-factor-high-frequency-online-ups-for-medical-equipment","status":"publish","type":"product","link":"https:\/\/ygspower.com\/fr\/produit\/mylion-mw3ks-3kva-2700w-oline-ups-industrial-long-backup-time-ups-power-factor-high-frequency-online-ups-for-medical-equipment\/","title":{"rendered":"Onduleur en ligne Mylion MW3KS 3KVA 2700W Onduleur industriel \u00e0 longue dur\u00e9e de sauvegarde Onduleur en ligne haute fr\u00e9quence \u00e0 facteur de puissance pour \u00e9quipement m\u00e9dical"},"content":{"rendered":"<p>Onduleur en ligne Mylion MW3KS 3KVA 2700W Onduleur industriel \u00e0 longue dur\u00e9e de sauvegarde Onduleur en ligne haute fr\u00e9quence \u00e0 facteur de puissance pour \u00e9quipement m\u00e9dical<\/p>\n<p><img fetchpriority=\"high\" decoding=\"async\" class=\"size-full wp-image-6178 aligncenter\" src=\"http:\/\/ygspower.com\/wp-content\/uploads\/2022\/03\/W2KL-UPS.jpg\" alt=\"\" width=\"750\" height=\"750\" srcset=\"https:\/\/ygspower.com\/wp-content\/uploads\/2022\/03\/W2KL-UPS.jpg 750w, https:\/\/ygspower.com\/wp-content\/uploads\/2022\/03\/W2KL-UPS-300x300.jpg 300w, https:\/\/ygspower.com\/wp-content\/uploads\/2022\/03\/W2KL-UPS-100x100.jpg 100w, https:\/\/ygspower.com\/wp-content\/uploads\/2022\/03\/W2KL-UPS-600x600.jpg 600w, https:\/\/ygspower.com\/wp-content\/uploads\/2022\/03\/W2KL-UPS-150x150.jpg 150w\" sizes=\"(max-width: 750px) 100vw, 750px\" \/><\/p>\n<table border=\"1\" cellspacing=\"0\" cellpadding=\"0\">\n<tbody>\n<tr>\n<td height=\"40\" data-spm-anchor-id=\"a2700.wholesale.0.i20.68ce665eKPXPhP\">Nom du produit<\/td>\n<td colspan=\"6\">BATTERIE DE SECOURS UPS<\/td>\n<\/tr>\n<tr>\n<td height=\"40\">Mod\u00e8le<\/td>\n<td>MN600S<\/td>\n<td>MW1KS<\/td>\n<td>MW2KS<\/td>\n<td>MW3KS<\/td>\n<td>MW6KS<\/td>\n<td>MW10KL<\/td>\n<\/tr>\n<tr>\n<td height=\"40\" data-spm-anchor-id=\"a2700.wholesale.0.i21.68ce665eKPXPhP\">Capacit\u00e9<\/td>\n<td data-spm-anchor-id=\"a2700.wholesale.0.i23.68ce665eKPXPhP\">600 VA<\/td>\n<td>1\u00a0kVA<\/td>\n<td>2\u00a0kVA<\/td>\n<td>3\u00a0kVA<\/td>\n<td>6\u00a0kVA<\/td>\n<td>10\u00a0kVA<\/td>\n<\/tr>\n<tr>\n<td height=\"40\">Puissance nominale<\/td>\n<td>360 W<\/td>\n<td>900 W<\/td>\n<td>1800 W<\/td>\n<td>2700 W<\/td>\n<td>5400 W<\/td>\n<td>9000 W<\/td>\n<\/tr>\n<tr>\n<td height=\"40\">Phase<\/td>\n<td colspan=\"6\">C\u00e9libataire<\/td>\n<\/tr>\n<tr>\n<td height=\"40\">Mode<\/td>\n<td colspan=\"6\">En ligne<\/td>\n<\/tr>\n<tr>\n<td height=\"40\">Plage de tension d&#039;entr\u00e9e<\/td>\n<td>145-290 Vca<\/td>\n<td>120-295 Vca<\/td>\n<td>120-295 Vca<\/td>\n<td>120-295 Vca<\/td>\n<td>80-275 Vca<\/td>\n<td>80-275 Vca<\/td>\n<\/tr>\n<tr>\n<td height=\"40\">Plage de tension de sortie<\/td>\n<td>195-255 Vca \u00b11%<\/td>\n<td>208-240 Vca \u00b11%<\/td>\n<td>208-240 Vca \u00b11%<\/td>\n<td>208-240 Vca \u00b11%<\/td>\n<td>208-240 Vca \u00b11%<\/td>\n<td>208-240 Vca \u00b11%<\/td>\n<\/tr>\n<tr>\n<td height=\"40\">Forme d&#039;onde de sortie<\/td>\n<td colspan=\"6\">Onde sinuso\u00efdale pure<\/td>\n<\/tr>\n<tr>\n<td height=\"40\">Mod\u00e8le et quantit\u00e9 de batterie<\/td>\n<td>12V7Ah*1<\/td>\n<td>12V7Ah*2<\/td>\n<td>12V7Ah*3<\/td>\n<td>12V7Ah*6<\/td>\n<td>12V7Ah*16<\/td>\n<td>Batterie externe 12V18Ah*16<\/td>\n<\/tr>\n<tr>\n<td height=\"40\">Temps de charge<\/td>\n<td>12-15 heures<\/td>\n<td>7-8 heures<\/td>\n<td>7-8 heures<\/td>\n<td>7-8 heures<\/td>\n<td>12-15 heures<\/td>\n<td>12-15 heures<\/td>\n<\/tr>\n<tr>\n<td height=\"40\">M\u00e9thode d&#039;affichage<\/td>\n<td colspan=\"6\">\u00c9cran LCD<\/td>\n<\/tr>\n<tr>\n<td height=\"40\">Taille (P x L x H) mm<\/td>\n<td>L365xL130xH210<\/td>\n<td>L360xL145xH225<\/td>\n<td>L400xL190xH330<\/td>\n<td>L400xL190xH330<\/td>\n<td>L502xL230xH553<\/td>\n<td>L422xL190xH337<\/td>\n<\/tr>\n<tr>\n<td height=\"40\">Poids (kg)<\/td>\n<td>4.9<\/td>\n<td>9.2<\/td>\n<td>17.7<\/td>\n<td>22.9<\/td>\n<td>54.5<\/td>\n<td>12.5 Batterie non incluse<\/td>\n<\/tr>\n<\/tbody>\n<\/table>\n<p><img decoding=\"async\" class=\"size-full wp-image-6167 aligncenter\" src=\"http:\/\/ygspower.com\/wp-content\/uploads\/2022\/03\/Online-type-UPS-1-2.jpg\" alt=\"\" width=\"790\" height=\"700\" srcset=\"https:\/\/ygspower.com\/wp-content\/uploads\/2022\/03\/Online-type-UPS-1-2.jpg 790w, https:\/\/ygspower.com\/wp-content\/uploads\/2022\/03\/Online-type-UPS-1-2-600x532.jpg 600w, https:\/\/ygspower.com\/wp-content\/uploads\/2022\/03\/Online-type-UPS-1-2-300x266.jpg 300w, https:\/\/ygspower.com\/wp-content\/uploads\/2022\/03\/Online-type-UPS-1-2-768x681.jpg 768w\" sizes=\"(max-width: 790px) 100vw, 790px\" \/> <img decoding=\"async\" class=\"size-full wp-image-6173 aligncenter\" src=\"http:\/\/ygspower.com\/wp-content\/uploads\/2022\/03\/Online-UPS-2.jpeg\" alt=\"\" width=\"750\" height=\"750\" srcset=\"https:\/\/ygspower.com\/wp-content\/uploads\/2022\/03\/Online-UPS-2.jpeg 750w, https:\/\/ygspower.com\/wp-content\/uploads\/2022\/03\/Online-UPS-2-300x300.jpeg 300w, https:\/\/ygspower.com\/wp-content\/uploads\/2022\/03\/Online-UPS-2-100x100.jpeg 100w, https:\/\/ygspower.com\/wp-content\/uploads\/2022\/03\/Online-UPS-2-600x600.jpeg 600w, https:\/\/ygspower.com\/wp-content\/uploads\/2022\/03\/Online-UPS-2-150x150.jpeg 150w\" sizes=\"(max-width: 750px) 100vw, 750px\" \/> <img loading=\"lazy\" decoding=\"async\" class=\"size-full wp-image-6172 aligncenter\" src=\"http:\/\/ygspower.com\/wp-content\/uploads\/2022\/03\/Online-type-UPS-6-2.jpg\" alt=\"\" width=\"790\" height=\"1288\" srcset=\"https:\/\/ygspower.com\/wp-content\/uploads\/2022\/03\/Online-type-UPS-6-2.jpg 790w, https:\/\/ygspower.com\/wp-content\/uploads\/2022\/03\/Online-type-UPS-6-2-600x978.jpg 600w, https:\/\/ygspower.com\/wp-content\/uploads\/2022\/03\/Online-type-UPS-6-2-184x300.jpg 184w, https:\/\/ygspower.com\/wp-content\/uploads\/2022\/03\/Online-type-UPS-6-2-628x1024.jpg 628w, https:\/\/ygspower.com\/wp-content\/uploads\/2022\/03\/Online-type-UPS-6-2-768x1252.jpg 768w\" sizes=\"(max-width: 790px) 100vw, 790px\" \/> <img loading=\"lazy\" decoding=\"async\" class=\"size-full wp-image-6171 aligncenter\" src=\"http:\/\/ygspower.com\/wp-content\/uploads\/2022\/03\/Online-type-UPS-5-2.jpg\" alt=\"\" width=\"790\" height=\"834\" srcset=\"https:\/\/ygspower.com\/wp-content\/uploads\/2022\/03\/Online-type-UPS-5-2.jpg 790w, https:\/\/ygspower.com\/wp-content\/uploads\/2022\/03\/Online-type-UPS-5-2-600x633.jpg 600w, https:\/\/ygspower.com\/wp-content\/uploads\/2022\/03\/Online-type-UPS-5-2-284x300.jpg 284w, https:\/\/ygspower.com\/wp-content\/uploads\/2022\/03\/Online-type-UPS-5-2-768x811.jpg 768w\" sizes=\"(max-width: 790px) 100vw, 790px\" \/> <img loading=\"lazy\" decoding=\"async\" class=\"size-full wp-image-6170 aligncenter\" src=\"http:\/\/ygspower.com\/wp-content\/uploads\/2022\/03\/Online-type-UPS-4-2.jpg\" alt=\"\" width=\"790\" height=\"1339\" srcset=\"https:\/\/ygspower.com\/wp-content\/uploads\/2022\/03\/Online-type-UPS-4-2.jpg 790w, https:\/\/ygspower.com\/wp-content\/uploads\/2022\/03\/Online-type-UPS-4-2-600x1017.jpg 600w, https:\/\/ygspower.com\/wp-content\/uploads\/2022\/03\/Online-type-UPS-4-2-177x300.jpg 177w, https:\/\/ygspower.com\/wp-content\/uploads\/2022\/03\/Online-type-UPS-4-2-604x1024.jpg 604w, https:\/\/ygspower.com\/wp-content\/uploads\/2022\/03\/Online-type-UPS-4-2-768x1302.jpg 768w\" sizes=\"(max-width: 790px) 100vw, 790px\" \/> <img loading=\"lazy\" decoding=\"async\" class=\"size-full wp-image-6169 aligncenter\" src=\"http:\/\/ygspower.com\/wp-content\/uploads\/2022\/03\/Online-type-UPS-3-2.jpg\" alt=\"\" width=\"790\" height=\"952\" srcset=\"https:\/\/ygspower.com\/wp-content\/uploads\/2022\/03\/Online-type-UPS-3-2.jpg 790w, https:\/\/ygspower.com\/wp-content\/uploads\/2022\/03\/Online-type-UPS-3-2-600x723.jpg 600w, https:\/\/ygspower.com\/wp-content\/uploads\/2022\/03\/Online-type-UPS-3-2-249x300.jpg 249w, https:\/\/ygspower.com\/wp-content\/uploads\/2022\/03\/Online-type-UPS-3-2-768x925.jpg 768w\" sizes=\"(max-width: 790px) 100vw, 790px\" \/> <img loading=\"lazy\" decoding=\"async\" class=\"size-full wp-image-6168 aligncenter\" src=\"http:\/\/ygspower.com\/wp-content\/uploads\/2022\/03\/Online-type-UPS-2-2.jpg\" alt=\"\" width=\"790\" height=\"794\" srcset=\"https:\/\/ygspower.com\/wp-content\/uploads\/2022\/03\/Online-type-UPS-2-2.jpg 790w, https:\/\/ygspower.com\/wp-content\/uploads\/2022\/03\/Online-type-UPS-2-2-100x100.jpg 100w, https:\/\/ygspower.com\/wp-content\/uploads\/2022\/03\/Online-type-UPS-2-2-600x603.jpg 600w, https:\/\/ygspower.com\/wp-content\/uploads\/2022\/03\/Online-type-UPS-2-2-298x300.jpg 298w, https:\/\/ygspower.com\/wp-content\/uploads\/2022\/03\/Online-type-UPS-2-2-150x150.jpg 150w, https:\/\/ygspower.com\/wp-content\/uploads\/2022\/03\/Online-type-UPS-2-2-768x772.jpg 768w\" sizes=\"(max-width: 790px) 100vw, 790px\" \/><\/p>","protected":false},"excerpt":{"rendered":"<p>Mod\u00e8le: MW3KS<br \/>\nCapacit\u00e9 : 3\u00a0KVA<\/p>\n<p>Puissance nominale : 2700 W<\/p>\n<p>Phase : Simple<\/p>\n<p>Plage de tension d&#039;entr\u00e9e : 120-295 Vca<\/p>\n<p>Mod\u00e8le et quantit\u00e9 de batterie : 12 V 7 Ah x 6<\/p>\n<p>Temps de charge : 7-8 heures<\/p>\n<p>Taille (P x L x H) mm : L400 x L190 x H330<\/p>\n<p>Poids (kg) : 22,9 kg<\/p>","protected":false},"featured_media":6173,"template":"","meta":{"_seopress_robots_primary_cat":"none","_seopress_titles_title":"Mylion MW3KS 3KVA 2700W Online UPS Industrial long Backup Time UPS power factor high frequency online ups for medical equipment","_seopress_titles_desc":"Mylion MW3KS 3KVA 2700W Online UPS Industrial long Backup Time UPS power factor high frequency online ups for medical equipment, mylion, ups, online ups, medical equipment, Industrial, Backup ups, high frequency, factor","_seopress_robots_index":"","site-sidebar-layout":"default","site-content-layout":"default","ast-site-content-layout":"default","site-content-style":"default","site-sidebar-style":"default","ast-global-header-display":"","ast-banner-title-visibility":"","ast-main-header-display":"","ast-hfb-above-header-display":"","ast-hfb-below-header-display":"","ast-hfb-mobile-header-display":"","site-post-title":"","ast-breadcrumbs-content":"","ast-featured-img":"","footer-sml-layout":"","theme-transparent-header-meta":"","adv-header-id-meta":"","stick-header-meta":"","header-above-stick-meta":"","header-main-stick-meta":"","header-below-stick-meta":"","astra-migrate-meta-layouts":"default","ast-page-background-enabled":"default","ast-page-background-meta":{"desktop":{"background-color":"","background-image":"","background-repeat":"repeat","background-position":"center center","background-size":"auto","background-attachment":"scroll","background-type":"","background-media":"","overlay-type":"","overlay-color":"","overlay-opacity":"","overlay-gradient":""},"tablet":{"background-color":"","background-image":"","background-repeat":"repeat","background-position":"center center","background-size":"auto","background-attachment":"scroll","background-type":"","background-media":"","overlay-type":"","overlay-color":"","overlay-opacity":"","overlay-gradient":""},"mobile":{"background-color":"","background-image":"","background-repeat":"repeat","background-position":"center center","background-size":"auto","background-attachment":"scroll","background-type":"","background-media":"","overlay-type":"","overlay-color":"","overlay-opacity":"","overlay-gradient":""}},"ast-content-background-meta":{"desktop":{"background-color":"var(--ast-global-color-5)","background-image":"","background-repeat":"repeat","background-position":"center center","background-size":"auto","background-attachment":"scroll","background-type":"","background-media":"","overlay-type":"","overlay-color":"","overlay-opacity":"","overlay-gradient":""},"tablet":{"background-color":"var(--ast-global-color-5)","background-image":"","background-repeat":"repeat","background-position":"center center","background-size":"auto","background-attachment":"scroll","background-type":"","background-media":"","overlay-type":"","overlay-color":"","overlay-opacity":"","overlay-gradient":""},"mobile":{"background-color":"var(--ast-global-color-5)","background-image":"","background-repeat":"repeat","background-position":"center center","background-size":"auto","background-attachment":"scroll","background-type":"","background-media":"","overlay-type":"","overlay-color":"","overlay-opacity":"","overlay-gradient":""}}},"product_brand":[],"product_cat":[469],"product_tag":[476,477,470,475,474,74,449,161],"class_list":{"0":"post-6180","1":"product","2":"type-product","3":"status-publish","4":"has-post-thumbnail","6":"product_cat-ups","7":"product_tag-backup-ups","8":"product_tag-factor","9":"product_tag-high-frequency","10":"product_tag-industrial","11":"product_tag-medical-equipment","12":"product_tag-mylion","13":"product_tag-online-ups","14":"product_tag-ups","15":"desktop-align-left","16":"tablet-align-left","17":"mobile-align-left","19":"first","20":"instock","21":"shipping-taxable","22":"product-type-simple"},"_links":{"self":[{"href":"https:\/\/ygspower.com\/fr\/wp-json\/wp\/v2\/product\/6180","targetHints":{"allow":["GET"]}}],"collection":[{"href":"https:\/\/ygspower.com\/fr\/wp-json\/wp\/v2\/product"}],"about":[{"href":"https:\/\/ygspower.com\/fr\/wp-json\/wp\/v2\/types\/product"}],"version-history":[{"count":0,"href":"https:\/\/ygspower.com\/fr\/wp-json\/wp\/v2\/product\/6180\/revisions"}],"wp:featuredmedia":[{"embeddable":true,"href":"https:\/\/ygspower.com\/fr\/wp-json\/wp\/v2\/media\/6173"}],"wp:attachment":[{"href":"https:\/\/ygspower.com\/fr\/wp-json\/wp\/v2\/media?parent=6180"}],"wp:term":[{"taxonomy":"product_brand","embeddable":true,"href":"https:\/\/ygspower.com\/fr\/wp-json\/wp\/v2\/product_brand?post=6180"},{"taxonomy":"product_cat","embeddable":true,"href":"https:\/\/ygspower.com\/fr\/wp-json\/wp\/v2\/product_cat?post=6180"},{"taxonomy":"product_tag","embeddable":true,"href":"https:\/\/ygspower.com\/fr\/wp-json\/wp\/v2\/product_tag?post=6180"}],"curies":[{"name":"wp","href":"https:\/\/api.w.org\/{rel}","templated":true}]}}