{"id":6205,"date":"2022-03-23T15:06:58","date_gmt":"2022-03-23T07:06:58","guid":{"rendered":"https:\/\/darksalmon-dugong-512221.hostingersite.com\/?post_type=product&#038;p=6205"},"modified":"2022-10-25T17:06:45","modified_gmt":"2022-10-25T09:06:45","slug":"mylion-online-ups-mw10kl-10kva-9000w-lithium-battery-uninterrupted-power-supply-ups-systems-with-lcd-display","status":"publish","type":"product","link":"https:\/\/ygspower.com\/fr\/produit\/mylion-online-ups-mw10kl-10kva-9000w-lithium-battery-uninterrupted-power-supply-ups-systems-with-lcd-display\/","title":{"rendered":"Syst\u00e8mes d&#039;alimentation sans interruption (UPS) \u00e0 batterie au lithium Mylion Online UPS MW10KL 10KVA 9000W avec \u00e9cran LCD"},"content":{"rendered":"<p>Syst\u00e8mes d&#039;alimentation sans interruption (UPS) \u00e0 batterie au lithium Mylion Online UPS MW10KL 10KVA 9000W avec \u00e9cran LCD <img fetchpriority=\"high\" decoding=\"async\" class=\"size-full wp-image-6209 aligncenter\" src=\"http:\/\/ygspower.com\/wp-content\/uploads\/2022\/03\/10kva-ups.jpg\" alt=\"\" width=\"750\" height=\"750\" srcset=\"https:\/\/ygspower.com\/wp-content\/uploads\/2022\/03\/10kva-ups.jpg 750w, https:\/\/ygspower.com\/wp-content\/uploads\/2022\/03\/10kva-ups-300x300.jpg 300w, https:\/\/ygspower.com\/wp-content\/uploads\/2022\/03\/10kva-ups-100x100.jpg 100w, https:\/\/ygspower.com\/wp-content\/uploads\/2022\/03\/10kva-ups-600x600.jpg 600w, https:\/\/ygspower.com\/wp-content\/uploads\/2022\/03\/10kva-ups-150x150.jpg 150w\" sizes=\"(max-width: 750px) 100vw, 750px\" \/><\/p>\n<table border=\"1\" cellspacing=\"0\" cellpadding=\"0\">\n<tbody>\n<tr>\n<td height=\"40\" data-spm-anchor-id=\"a2700.wholesale.0.i14.784e665eCugYJo\">Nom du produit<\/td>\n<td colspan=\"6\">BATTERIE DE SECOURS UPS<\/td>\n<\/tr>\n<tr>\n<td height=\"40\">Mod\u00e8le<\/td>\n<td>MN600S<\/td>\n<td>MW1KS<\/td>\n<td>MW2KS<\/td>\n<td>MW3KS<\/td>\n<td>MW6KS<\/td>\n<td>MW10KL<\/td>\n<\/tr>\n<tr>\n<td height=\"40\">Capacit\u00e9<\/td>\n<td>600 VA<\/td>\n<td>1\u00a0kVA<\/td>\n<td>2\u00a0kVA<\/td>\n<td>3\u00a0kVA<\/td>\n<td>6\u00a0kVA<\/td>\n<td>10\u00a0kVA<\/td>\n<\/tr>\n<tr>\n<td height=\"40\">Puissance nominale<\/td>\n<td>360 W<\/td>\n<td>900 W<\/td>\n<td>1800 W<\/td>\n<td>2700 W<\/td>\n<td>5400 W<\/td>\n<td>9000 W<\/td>\n<\/tr>\n<tr>\n<td height=\"40\">Phase<\/td>\n<td colspan=\"6\">C\u00e9libataire<\/td>\n<\/tr>\n<tr>\n<td height=\"40\">Mode<\/td>\n<td colspan=\"6\">En ligne<\/td>\n<\/tr>\n<tr>\n<td height=\"40\">Plage de tension d&#039;entr\u00e9e<\/td>\n<td>145-290 Vca<\/td>\n<td>120-295 Vca<\/td>\n<td>120-295 Vca<\/td>\n<td>120-295 Vca<\/td>\n<td>80-275 Vca<\/td>\n<td>80-275 Vca<\/td>\n<\/tr>\n<tr>\n<td height=\"40\">Plage de tension de sortie<\/td>\n<td>195-255 Vca \u00b11%<\/td>\n<td>208-240 Vca \u00b11%<\/td>\n<td>208-240 Vca \u00b11%<\/td>\n<td>208-240 Vca \u00b11%<\/td>\n<td>208-240 Vca \u00b11%<\/td>\n<td>208-240 Vca \u00b11%<\/td>\n<\/tr>\n<tr>\n<td height=\"40\">Forme d&#039;onde de sortie<\/td>\n<td colspan=\"6\">Onde sinuso\u00efdale pure<\/td>\n<\/tr>\n<tr>\n<td height=\"40\">Mod\u00e8le et quantit\u00e9 de batterie<\/td>\n<td>12V7Ah*1<\/td>\n<td>12V7Ah*2<\/td>\n<td>12V7Ah*3<\/td>\n<td>12V7Ah*6<\/td>\n<td>12V7Ah*16<\/td>\n<td>Batterie externe 12V18Ah*16<\/td>\n<\/tr>\n<tr>\n<td height=\"40\">Temps de charge<\/td>\n<td>12-15 heures<\/td>\n<td>7-8 heures<\/td>\n<td>7-8 heures<\/td>\n<td>7-8 heures<\/td>\n<td>12-15 heures<\/td>\n<td>12-15 heures<\/td>\n<\/tr>\n<tr>\n<td height=\"40\">M\u00e9thode d&#039;affichage<\/td>\n<td colspan=\"6\">\u00c9cran LCD<\/td>\n<\/tr>\n<tr>\n<td height=\"40\">Taille (P x L x H) mm<\/td>\n<td>L365xL130xH210<\/td>\n<td>L360xL145xH225<\/td>\n<td>L400xL190xH330<\/td>\n<td>L400xL190xH330<\/td>\n<td>L502xL230xH553<\/td>\n<td>L422xL190xH337<\/td>\n<\/tr>\n<tr>\n<td height=\"40\">Poids (kg)<\/td>\n<td>4.9<\/td>\n<td>9.2<\/td>\n<td>17.7<\/td>\n<td>22.9<\/td>\n<td>54.5<\/td>\n<td>12.5 Batterie non incluse<\/td>\n<\/tr>\n<\/tbody>\n<\/table>\n<p><img decoding=\"async\" class=\"size-full wp-image-6189 aligncenter\" src=\"http:\/\/ygspower.com\/wp-content\/uploads\/2022\/03\/Online-UPS-3.jpeg\" alt=\"\" width=\"750\" height=\"750\" srcset=\"https:\/\/ygspower.com\/wp-content\/uploads\/2022\/03\/Online-UPS-3.jpeg 750w, https:\/\/ygspower.com\/wp-content\/uploads\/2022\/03\/Online-UPS-3-300x300.jpeg 300w, https:\/\/ygspower.com\/wp-content\/uploads\/2022\/03\/Online-UPS-3-100x100.jpeg 100w, https:\/\/ygspower.com\/wp-content\/uploads\/2022\/03\/Online-UPS-3-600x600.jpeg 600w, https:\/\/ygspower.com\/wp-content\/uploads\/2022\/03\/Online-UPS-3-150x150.jpeg 150w\" sizes=\"(max-width: 750px) 100vw, 750px\" \/> <img decoding=\"async\" class=\"size-full wp-image-6194 aligncenter\" src=\"http:\/\/ygspower.com\/wp-content\/uploads\/2022\/03\/Online-type-UPS-1-3.jpg\" alt=\"\" width=\"790\" height=\"700\" srcset=\"https:\/\/ygspower.com\/wp-content\/uploads\/2022\/03\/Online-type-UPS-1-3.jpg 790w, https:\/\/ygspower.com\/wp-content\/uploads\/2022\/03\/Online-type-UPS-1-3-600x532.jpg 600w, https:\/\/ygspower.com\/wp-content\/uploads\/2022\/03\/Online-type-UPS-1-3-300x266.jpg 300w, https:\/\/ygspower.com\/wp-content\/uploads\/2022\/03\/Online-type-UPS-1-3-768x681.jpg 768w\" sizes=\"(max-width: 790px) 100vw, 790px\" \/> \u00a0<img loading=\"lazy\" decoding=\"async\" class=\"size-full wp-image-6192 aligncenter\" src=\"http:\/\/ygspower.com\/wp-content\/uploads\/2022\/03\/W2KL-UPS-1.jpg\" alt=\"\" width=\"750\" height=\"750\" srcset=\"https:\/\/ygspower.com\/wp-content\/uploads\/2022\/03\/W2KL-UPS-1.jpg 750w, https:\/\/ygspower.com\/wp-content\/uploads\/2022\/03\/W2KL-UPS-1-300x300.jpg 300w, https:\/\/ygspower.com\/wp-content\/uploads\/2022\/03\/W2KL-UPS-1-100x100.jpg 100w, https:\/\/ygspower.com\/wp-content\/uploads\/2022\/03\/W2KL-UPS-1-600x600.jpg 600w, https:\/\/ygspower.com\/wp-content\/uploads\/2022\/03\/W2KL-UPS-1-150x150.jpg 150w\" sizes=\"(max-width: 750px) 100vw, 750px\" \/> <img loading=\"lazy\" decoding=\"async\" class=\"size-full wp-image-6191 aligncenter\" src=\"http:\/\/ygspower.com\/wp-content\/uploads\/2022\/03\/Online-type-UPS-3-3.jpg\" alt=\"\" width=\"790\" height=\"952\" srcset=\"https:\/\/ygspower.com\/wp-content\/uploads\/2022\/03\/Online-type-UPS-3-3.jpg 790w, https:\/\/ygspower.com\/wp-content\/uploads\/2022\/03\/Online-type-UPS-3-3-600x723.jpg 600w, https:\/\/ygspower.com\/wp-content\/uploads\/2022\/03\/Online-type-UPS-3-3-249x300.jpg 249w, https:\/\/ygspower.com\/wp-content\/uploads\/2022\/03\/Online-type-UPS-3-3-768x925.jpg 768w\" sizes=\"(max-width: 790px) 100vw, 790px\" \/> <img loading=\"lazy\" decoding=\"async\" class=\"size-full wp-image-6190 aligncenter\" src=\"http:\/\/ygspower.com\/wp-content\/uploads\/2022\/03\/Online-type-UPS-2-3.jpg\" alt=\"\" width=\"790\" height=\"794\" srcset=\"https:\/\/ygspower.com\/wp-content\/uploads\/2022\/03\/Online-type-UPS-2-3.jpg 790w, https:\/\/ygspower.com\/wp-content\/uploads\/2022\/03\/Online-type-UPS-2-3-100x100.jpg 100w, https:\/\/ygspower.com\/wp-content\/uploads\/2022\/03\/Online-type-UPS-2-3-600x603.jpg 600w, https:\/\/ygspower.com\/wp-content\/uploads\/2022\/03\/Online-type-UPS-2-3-298x300.jpg 298w, https:\/\/ygspower.com\/wp-content\/uploads\/2022\/03\/Online-type-UPS-2-3-150x150.jpg 150w, https:\/\/ygspower.com\/wp-content\/uploads\/2022\/03\/Online-type-UPS-2-3-768x772.jpg 768w\" sizes=\"(max-width: 790px) 100vw, 790px\" \/><\/p>","protected":false},"excerpt":{"rendered":"<p>Mod\u00e8le : MW10KL<br \/>\nCapacit\u00e9 : 10 KVA<\/p>\n<p>Puissance nominale : 9000 W<\/p>\n<p>Phase : Simple<\/p>\n<p>Plage de tension d&#039;entr\u00e9e : 80-275 Vca<\/p>\n<p>Mod\u00e8le et quantit\u00e9 de batterie : Batterie externe 12V18Ah*16<\/p>\n<p>Temps de charge : 12 \u00e0 15 heures<\/p>\n<p>Taille (P x L x H) mm : L422 x L190 x H337<\/p>\n<p>Poids (kg) : 12,5 Batterie non incluse<\/p>","protected":false},"featured_media":6210,"template":"","meta":{"_seopress_robots_primary_cat":"","_seopress_titles_title":"Mylion Online UPS MW10KL 10KVA 9000W lithium battery uninterrupted power supply (ups) systems with LCD display","_seopress_titles_desc":"Mylion Online UPS MW10KL 10KVA 9000W lithium battery uninterrupted power supply (ups) systems with LCD display, mylion, online ups, lithium battery, uninterrupted power supply, LCD display, power supply","_seopress_robots_index":"","site-sidebar-layout":"default","site-content-layout":"default","ast-site-content-layout":"default","site-content-style":"default","site-sidebar-style":"default","ast-global-header-display":"","ast-banner-title-visibility":"","ast-main-header-display":"","ast-hfb-above-header-display":"","ast-hfb-below-header-display":"","ast-hfb-mobile-header-display":"","site-post-title":"","ast-breadcrumbs-content":"","ast-featured-img":"","footer-sml-layout":"","theme-transparent-header-meta":"","adv-header-id-meta":"","stick-header-meta":"","header-above-stick-meta":"","header-main-stick-meta":"","header-below-stick-meta":"","astra-migrate-meta-layouts":"default","ast-page-background-enabled":"default","ast-page-background-meta":{"desktop":{"background-color":"","background-image":"","background-repeat":"repeat","background-position":"center center","background-size":"auto","background-attachment":"scroll","background-type":"","background-media":"","overlay-type":"","overlay-color":"","overlay-opacity":"","overlay-gradient":""},"tablet":{"background-color":"","background-image":"","background-repeat":"repeat","background-position":"center center","background-size":"auto","background-attachment":"scroll","background-type":"","background-media":"","overlay-type":"","overlay-color":"","overlay-opacity":"","overlay-gradient":""},"mobile":{"background-color":"","background-image":"","background-repeat":"repeat","background-position":"center center","background-size":"auto","background-attachment":"scroll","background-type":"","background-media":"","overlay-type":"","overlay-color":"","overlay-opacity":"","overlay-gradient":""}},"ast-content-background-meta":{"desktop":{"background-color":"var(--ast-global-color-5)","background-image":"","background-repeat":"repeat","background-position":"center center","background-size":"auto","background-attachment":"scroll","background-type":"","background-media":"","overlay-type":"","overlay-color":"","overlay-opacity":"","overlay-gradient":""},"tablet":{"background-color":"var(--ast-global-color-5)","background-image":"","background-repeat":"repeat","background-position":"center center","background-size":"auto","background-attachment":"scroll","background-type":"","background-media":"","overlay-type":"","overlay-color":"","overlay-opacity":"","overlay-gradient":""},"mobile":{"background-color":"var(--ast-global-color-5)","background-image":"","background-repeat":"repeat","background-position":"center center","background-size":"auto","background-attachment":"scroll","background-type":"","background-media":"","overlay-type":"","overlay-color":"","overlay-opacity":"","overlay-gradient":""}}},"product_brand":[],"product_cat":[469],"product_tag":[456,181,74,449,97,473],"class_list":{"0":"post-6205","1":"product","2":"type-product","3":"status-publish","4":"has-post-thumbnail","6":"product_cat-ups","7":"product_tag-lcd-display","8":"product_tag-lithium-battery","9":"product_tag-mylion","10":"product_tag-online-ups","11":"product_tag-power-supply","12":"product_tag-uninterrupted-power-supply","13":"desktop-align-left","14":"tablet-align-left","15":"mobile-align-left","17":"first","18":"instock","19":"shipping-taxable","20":"product-type-simple"},"_links":{"self":[{"href":"https:\/\/ygspower.com\/fr\/wp-json\/wp\/v2\/product\/6205","targetHints":{"allow":["GET"]}}],"collection":[{"href":"https:\/\/ygspower.com\/fr\/wp-json\/wp\/v2\/product"}],"about":[{"href":"https:\/\/ygspower.com\/fr\/wp-json\/wp\/v2\/types\/product"}],"version-history":[{"count":0,"href":"https:\/\/ygspower.com\/fr\/wp-json\/wp\/v2\/product\/6205\/revisions"}],"wp:featuredmedia":[{"embeddable":true,"href":"https:\/\/ygspower.com\/fr\/wp-json\/wp\/v2\/media\/6210"}],"wp:attachment":[{"href":"https:\/\/ygspower.com\/fr\/wp-json\/wp\/v2\/media?parent=6205"}],"wp:term":[{"taxonomy":"product_brand","embeddable":true,"href":"https:\/\/ygspower.com\/fr\/wp-json\/wp\/v2\/product_brand?post=6205"},{"taxonomy":"product_cat","embeddable":true,"href":"https:\/\/ygspower.com\/fr\/wp-json\/wp\/v2\/product_cat?post=6205"},{"taxonomy":"product_tag","embeddable":true,"href":"https:\/\/ygspower.com\/fr\/wp-json\/wp\/v2\/product_tag?post=6205"}],"curies":[{"name":"wp","href":"https:\/\/api.w.org\/{rel}","templated":true}]}}