{"id":6226,"date":"2022-03-23T17:36:13","date_gmt":"2022-03-23T09:36:13","guid":{"rendered":"https:\/\/darksalmon-dugong-512221.hostingersite.com\/?post_type=product&#038;p=6226"},"modified":"2022-10-25T17:06:36","modified_gmt":"2022-10-25T09:06:36","slug":"mylion-china-manufacturer-single-phase-off-line-ups-battery-ml650va-360w-simulated-sine-wave-offline-ups-for-computer","status":"publish","type":"product","link":"https:\/\/ygspower.com\/fr\/produit\/mylion-china-manufacturer-single-phase-off-line-ups-battery-ml650va-360w-simulated-sine-wave-offline-ups-for-computer\/","title":{"rendered":"Mylion 650VA UPS 360W 12V7AH Batterie de secours au plomb-acide 650VA UPS pour ordinateur"},"content":{"rendered":"<p>Mylion Chine Fabricant Monophas\u00e9 Off Line Ups Batterie ML650VA 360W Onde sinuso\u00efdale simul\u00e9e Offline Ups pour ordinateur<\/p>\n<p><img fetchpriority=\"high\" decoding=\"async\" class=\"aligncenter size-full wp-image-6840\" src=\"http:\/\/ygspower.com\/wp-content\/uploads\/2022\/03\/600va-ups.jpeg\" alt=\"\" width=\"750\" height=\"417\" srcset=\"https:\/\/ygspower.com\/wp-content\/uploads\/2022\/03\/600va-ups.jpeg 750w, https:\/\/ygspower.com\/wp-content\/uploads\/2022\/03\/600va-ups-600x334.jpeg 600w, https:\/\/ygspower.com\/wp-content\/uploads\/2022\/03\/600va-ups-300x167.jpeg 300w\" sizes=\"(max-width: 750px) 100vw, 750px\" \/><\/p>\n<table border=\"0\" cellspacing=\"0\" cellpadding=\"0\">\n<tbody>\n<tr>\n<td>\n<p align=\"center\" data-spm-anchor-id=\"a2700.wholesale.0.i15.2b9e2064JeA4vA\"><strong>Mod\u00e8le<\/strong><\/p>\n<\/td>\n<td>\n<p align=\"center\"><strong>500 VA<\/strong><\/p>\n<\/td>\n<td>\n<p align=\"center\"><span style=\"color: #ff0000\"><strong>650 VA<\/strong><\/span><\/p>\n<\/td>\n<td>\n<p align=\"center\"><strong>1000 VA<\/strong><\/p>\n<\/td>\n<td>\n<p align=\"center\"><strong>1500 VA<\/strong><\/p>\n<\/td>\n<td>\n<p align=\"center\"><strong>2000 VA<\/strong><\/p>\n<\/td>\n<td>\n<p align=\"center\"><strong>3000 VA<\/strong><\/p>\n<\/td>\n<\/tr>\n<tr>\n<td>\n<p align=\"center\"><strong>Puissance nominale<\/strong><\/p>\n<\/td>\n<td>\n<p align=\"center\">300w<\/p>\n<\/td>\n<td>\n<p align=\"center\"><span style=\"color: #ff0000\">360w<\/span><\/p>\n<\/td>\n<td>\n<p align=\"center\">600w<\/p>\n<\/td>\n<td>\n<p align=\"center\">900w<\/p>\n<\/td>\n<td>\n<p align=\"center\">1200w<\/p>\n<\/td>\n<td>\n<p align=\"center\">1800w<\/p>\n<\/td>\n<\/tr>\n<tr>\n<td>\n<p align=\"center\"><strong>Plage de tension d&#039;entr\u00e9e<\/strong><\/p>\n<\/td>\n<td>\n<p align=\"center\">165-265 VCA<\/p>\n<\/td>\n<td colspan=\"2\">\n<p align=\"center\">140-290 VCA<\/p>\n<\/td>\n<td colspan=\"3\">\n<p align=\"center\">162-268 VCA<\/p>\n<\/td>\n<\/tr>\n<tr>\n<td>\n<p align=\"center\"><strong>La tension de sortie<\/strong><\/p>\n<\/td>\n<td colspan=\"6\">\n<p align=\"center\">220 V \u00b1 10 % (Mode batterie)<\/p>\n<\/td>\n<\/tr>\n<tr>\n<td>\n<p align=\"center\"><strong>Temps de conversion<\/strong><\/p>\n<\/td>\n<td colspan=\"6\">\n<p align=\"center\">4 \u00e0 8 ms<\/p>\n<\/td>\n<\/tr>\n<tr>\n<td>\n<p align=\"center\"><strong>Forme d&#039;onde de sortie<\/strong><\/p>\n<\/td>\n<td colspan=\"6\">\n<p align=\"center\">Simuler une onde sinuso\u00efdale<\/p>\n<\/td>\n<\/tr>\n<tr>\n<td>\n<p align=\"center\"><strong>Mod\u00e8le et quantit\u00e9 de batterie<\/strong><\/p>\n<\/td>\n<td>\n<p align=\"center\">12 V\/4,5 Ah*1<\/p>\n<\/td>\n<td>\n<p align=\"center\">12 V\/7,5 Ah*1<\/p>\n<\/td>\n<td>\n<p align=\"center\">12 V\/9 Ah*1<\/p>\n<\/td>\n<td>\n<p align=\"center\">12V\/7Ahx2<\/p>\n<\/td>\n<td>\n<p align=\"center\">12V\/9Ahx2<\/p>\n<\/td>\n<td>\n<p align=\"center\">12V\/9Ahx4<\/p>\n<\/td>\n<\/tr>\n<tr>\n<td>\n<p align=\"center\"><strong>Temps de charge<\/strong><\/p>\n<\/td>\n<td colspan=\"6\">\n<p align=\"center\">Rechargeable \u00e0 la capacit\u00e9 90% en 6 heures<\/p>\n<\/td>\n<\/tr>\n<tr>\n<td>\n<p align=\"center\"><strong>M\u00e9thode d&#039;affichage<\/strong><\/p>\n<\/td>\n<td colspan=\"6\">\n<p align=\"center\">LCD pour type sup\u00e9rieur \u00e0 1000 VA<\/p>\n<\/td>\n<\/tr>\n<tr>\n<td>\n<p align=\"center\"><strong>taille (P x L x H) mm<\/strong><\/p>\n<\/td>\n<td colspan=\"2\">\n<p align=\"center\">380*145*205<\/p>\n<\/td>\n<td>\n<p align=\"center\">400*170*230<\/p>\n<\/td>\n<td colspan=\"2\">\n<p align=\"center\">440*210*290<\/p>\n<\/td>\n<td>\n<p align=\"center\">485*230*300<\/p>\n<\/td>\n<\/tr>\n<tr>\n<td>\n<p align=\"center\"><strong>poids (kg)<\/strong><\/p>\n<\/td>\n<td>\n<p align=\"center\">3.7<\/p>\n<\/td>\n<td>\n<p align=\"center\">4.5<\/p>\n<\/td>\n<td>\n<p align=\"center\">5.6<\/p>\n<\/td>\n<td>\n<p align=\"center\">10.5<\/p>\n<\/td>\n<td>\n<p align=\"center\">12<\/p>\n<\/td>\n<td>\n<p align=\"center\">20<\/p>\n<\/td>\n<\/tr>\n<tr>\n<td>\n<p align=\"center\"><strong>capacit\u00e9<\/strong><\/p>\n<\/td>\n<td>\n<p align=\"center\">500 VA<\/p>\n<\/td>\n<td>\n<p align=\"center\">650 VA<\/p>\n<\/td>\n<td>\n<p align=\"center\">1000 VA<\/p>\n<\/td>\n<td>\n<p align=\"center\">1500 VA<\/p>\n<\/td>\n<td>\n<p align=\"center\">2000 VA<\/p>\n<\/td>\n<td>\n<p align=\"center\">3000 VA<\/p>\n<\/td>\n<\/tr>\n<tr>\n<td>\n<p align=\"center\"><strong>Temp\u00e9rature et humidit\u00e9<\/strong><\/p>\n<\/td>\n<td colspan=\"6\">\n<p align=\"center\">Humidit\u00e9 0-90% et temp\u00e9rature 0-40\u00b0C<\/p>\n<\/td>\n<\/tr>\n<tr>\n<td>\n<p align=\"center\"><strong>bruit<\/strong><\/p>\n<\/td>\n<td colspan=\"6\">\n<p align=\"center\">Moins de 40 dB<\/p>\n<\/td>\n<\/tr>\n<\/tbody>\n<\/table>\n<p><img decoding=\"async\" class=\"aligncenter size-full wp-image-6832\" src=\"http:\/\/ygspower.com\/wp-content\/uploads\/2022\/03\/ups-1.jpg\" alt=\"\" width=\"750\" height=\"1584\" srcset=\"https:\/\/ygspower.com\/wp-content\/uploads\/2022\/03\/ups-1.jpg 750w, https:\/\/ygspower.com\/wp-content\/uploads\/2022\/03\/ups-1-600x1267.jpg 600w, https:\/\/ygspower.com\/wp-content\/uploads\/2022\/03\/ups-1-142x300.jpg 142w, https:\/\/ygspower.com\/wp-content\/uploads\/2022\/03\/ups-1-485x1024.jpg 485w, https:\/\/ygspower.com\/wp-content\/uploads\/2022\/03\/ups-1-727x1536.jpg 727w\" sizes=\"(max-width: 750px) 100vw, 750px\" \/> <img decoding=\"async\" class=\"aligncenter size-full wp-image-6833\" src=\"http:\/\/ygspower.com\/wp-content\/uploads\/2022\/03\/ups-2.jpg\" alt=\"\" width=\"750\" height=\"1008\" srcset=\"https:\/\/ygspower.com\/wp-content\/uploads\/2022\/03\/ups-2.jpg 750w, https:\/\/ygspower.com\/wp-content\/uploads\/2022\/03\/ups-2-600x806.jpg 600w, https:\/\/ygspower.com\/wp-content\/uploads\/2022\/03\/ups-2-223x300.jpg 223w\" sizes=\"(max-width: 750px) 100vw, 750px\" \/> <img loading=\"lazy\" decoding=\"async\" class=\"aligncenter size-full wp-image-6834\" src=\"http:\/\/ygspower.com\/wp-content\/uploads\/2022\/03\/ups-3.jpg\" alt=\"\" width=\"750\" height=\"703\" srcset=\"https:\/\/ygspower.com\/wp-content\/uploads\/2022\/03\/ups-3.jpg 750w, https:\/\/ygspower.com\/wp-content\/uploads\/2022\/03\/ups-3-600x562.jpg 600w, https:\/\/ygspower.com\/wp-content\/uploads\/2022\/03\/ups-3-300x281.jpg 300w\" sizes=\"(max-width: 750px) 100vw, 750px\" \/> <img loading=\"lazy\" decoding=\"async\" class=\"aligncenter size-full wp-image-6835\" src=\"http:\/\/ygspower.com\/wp-content\/uploads\/2022\/03\/ups-4.jpg\" alt=\"\" width=\"750\" height=\"1044\" srcset=\"https:\/\/ygspower.com\/wp-content\/uploads\/2022\/03\/ups-4.jpg 750w, https:\/\/ygspower.com\/wp-content\/uploads\/2022\/03\/ups-4-600x835.jpg 600w, https:\/\/ygspower.com\/wp-content\/uploads\/2022\/03\/ups-4-216x300.jpg 216w, https:\/\/ygspower.com\/wp-content\/uploads\/2022\/03\/ups-4-736x1024.jpg 736w\" sizes=\"(max-width: 750px) 100vw, 750px\" \/> <img loading=\"lazy\" decoding=\"async\" class=\"aligncenter size-full wp-image-6836\" src=\"http:\/\/ygspower.com\/wp-content\/uploads\/2022\/03\/ups-5.jpg\" alt=\"\" width=\"750\" height=\"977\" srcset=\"https:\/\/ygspower.com\/wp-content\/uploads\/2022\/03\/ups-5.jpg 750w, https:\/\/ygspower.com\/wp-content\/uploads\/2022\/03\/ups-5-600x782.jpg 600w, https:\/\/ygspower.com\/wp-content\/uploads\/2022\/03\/ups-5-230x300.jpg 230w\" sizes=\"(max-width: 750px) 100vw, 750px\" \/> <img loading=\"lazy\" decoding=\"async\" class=\"aligncenter size-full wp-image-6837\" src=\"http:\/\/ygspower.com\/wp-content\/uploads\/2022\/03\/ups-6.jpg\" alt=\"\" width=\"750\" height=\"983\" srcset=\"https:\/\/ygspower.com\/wp-content\/uploads\/2022\/03\/ups-6.jpg 750w, https:\/\/ygspower.com\/wp-content\/uploads\/2022\/03\/ups-6-600x786.jpg 600w, https:\/\/ygspower.com\/wp-content\/uploads\/2022\/03\/ups-6-229x300.jpg 229w\" sizes=\"(max-width: 750px) 100vw, 750px\" \/> <img loading=\"lazy\" decoding=\"async\" class=\"aligncenter size-full wp-image-6838\" src=\"http:\/\/ygspower.com\/wp-content\/uploads\/2022\/03\/ups-7.jpg\" alt=\"\" width=\"750\" height=\"790\" srcset=\"https:\/\/ygspower.com\/wp-content\/uploads\/2022\/03\/ups-7.jpg 750w, https:\/\/ygspower.com\/wp-content\/uploads\/2022\/03\/ups-7-600x632.jpg 600w, https:\/\/ygspower.com\/wp-content\/uploads\/2022\/03\/ups-7-285x300.jpg 285w\" sizes=\"(max-width: 750px) 100vw, 750px\" \/><\/p>\n<p>&nbsp;<\/p>","protected":false},"excerpt":{"rendered":"<p>Mod\u00e8le : ML650VA<\/p>\n<p>Capacit\u00e9 : 650 VA<\/p>\n<p>Puissance nominale : 360 W<\/p>\n<p>Plage de tension d&#039;entr\u00e9e : 140-290 VCA<\/p>\n<p>Mod\u00e8le et quantit\u00e9 de batterie : 12 V\/7 Ah x 1<\/p>\n<p>M\u00e9thode d&#039;affichage : LED<\/p>\n<p>Support logiciel : NON<\/p>\n<p>Taille (P x L x H) mm : L380 x L145 x H205<\/p>\n<p>Poids (kg) : 4,5<\/p>","protected":false},"featured_media":6224,"template":"","meta":{"_seopress_robots_primary_cat":"none","_seopress_titles_title":"Mylion China Manufacturer Single Phase online Ups Battery ML650VA 360W Simulated Sine Wave online Ups for computer","_seopress_titles_desc":"Mylion China Manufacturer Single Phase online Ups Battery ML650VA 360W Simulated Sine Wave online Ups for computer, mylion, china, manufacturer, Single Phase, Ups Battery, Simulated Sine Wave, computer","_seopress_robots_index":"","site-sidebar-layout":"default","site-content-layout":"default","ast-site-content-layout":"default","site-content-style":"default","site-sidebar-style":"default","ast-global-header-display":"","ast-banner-title-visibility":"","ast-main-header-display":"","ast-hfb-above-header-display":"","ast-hfb-below-header-display":"","ast-hfb-mobile-header-display":"","site-post-title":"","ast-breadcrumbs-content":"","ast-featured-img":"","footer-sml-layout":"","theme-transparent-header-meta":"","adv-header-id-meta":"","stick-header-meta":"","header-above-stick-meta":"","header-main-stick-meta":"","header-below-stick-meta":"","astra-migrate-meta-layouts":"default","ast-page-background-enabled":"default","ast-page-background-meta":{"desktop":{"background-color":"","background-image":"","background-repeat":"repeat","background-position":"center center","background-size":"auto","background-attachment":"scroll","background-type":"","background-media":"","overlay-type":"","overlay-color":"","overlay-opacity":"","overlay-gradient":""},"tablet":{"background-color":"","background-image":"","background-repeat":"repeat","background-position":"center center","background-size":"auto","background-attachment":"scroll","background-type":"","background-media":"","overlay-type":"","overlay-color":"","overlay-opacity":"","overlay-gradient":""},"mobile":{"background-color":"","background-image":"","background-repeat":"repeat","background-position":"center center","background-size":"auto","background-attachment":"scroll","background-type":"","background-media":"","overlay-type":"","overlay-color":"","overlay-opacity":"","overlay-gradient":""}},"ast-content-background-meta":{"desktop":{"background-color":"var(--ast-global-color-5)","background-image":"","background-repeat":"repeat","background-position":"center center","background-size":"auto","background-attachment":"scroll","background-type":"","background-media":"","overlay-type":"","overlay-color":"","overlay-opacity":"","overlay-gradient":""},"tablet":{"background-color":"var(--ast-global-color-5)","background-image":"","background-repeat":"repeat","background-position":"center center","background-size":"auto","background-attachment":"scroll","background-type":"","background-media":"","overlay-type":"","overlay-color":"","overlay-opacity":"","overlay-gradient":""},"mobile":{"background-color":"var(--ast-global-color-5)","background-image":"","background-repeat":"repeat","background-position":"center center","background-size":"auto","background-attachment":"scroll","background-type":"","background-media":"","overlay-type":"","overlay-color":"","overlay-opacity":"","overlay-gradient":""}}},"product_brand":[],"product_cat":[469],"product_tag":[697,476,495,494,496,74,498,471,161,497,698],"class_list":{"0":"post-6226","1":"product","2":"type-product","3":"status-publish","4":"has-post-thumbnail","6":"product_cat-ups","7":"product_tag-650va-ups","8":"product_tag-backup-ups","9":"product_tag-china","10":"product_tag-computer","11":"product_tag-manufacturer","12":"product_tag-mylion","13":"product_tag-simulated-sine-wave","14":"product_tag-single-phase","15":"product_tag-ups","16":"product_tag-ups-battery","17":"product_tag-ups-for-computer","18":"desktop-align-left","19":"tablet-align-left","20":"mobile-align-left","22":"first","23":"instock","24":"shipping-taxable","25":"product-type-simple"},"_links":{"self":[{"href":"https:\/\/ygspower.com\/fr\/wp-json\/wp\/v2\/product\/6226","targetHints":{"allow":["GET"]}}],"collection":[{"href":"https:\/\/ygspower.com\/fr\/wp-json\/wp\/v2\/product"}],"about":[{"href":"https:\/\/ygspower.com\/fr\/wp-json\/wp\/v2\/types\/product"}],"version-history":[{"count":0,"href":"https:\/\/ygspower.com\/fr\/wp-json\/wp\/v2\/product\/6226\/revisions"}],"wp:featuredmedia":[{"embeddable":true,"href":"https:\/\/ygspower.com\/fr\/wp-json\/wp\/v2\/media\/6224"}],"wp:attachment":[{"href":"https:\/\/ygspower.com\/fr\/wp-json\/wp\/v2\/media?parent=6226"}],"wp:term":[{"taxonomy":"product_brand","embeddable":true,"href":"https:\/\/ygspower.com\/fr\/wp-json\/wp\/v2\/product_brand?post=6226"},{"taxonomy":"product_cat","embeddable":true,"href":"https:\/\/ygspower.com\/fr\/wp-json\/wp\/v2\/product_cat?post=6226"},{"taxonomy":"product_tag","embeddable":true,"href":"https:\/\/ygspower.com\/fr\/wp-json\/wp\/v2\/product_tag?post=6226"}],"curies":[{"name":"wp","href":"https:\/\/api.w.org\/{rel}","templated":true}]}}