{"id":6735,"date":"2022-04-15T17:12:40","date_gmt":"2022-04-15T09:12:40","guid":{"rendered":"https:\/\/darksalmon-dugong-512221.hostingersite.com\/?post_type=product&#038;p=6735"},"modified":"2022-04-15T17:12:44","modified_gmt":"2022-04-15T09:12:44","slug":"mylion-60v-22ah-30ah-50ah-65ah-lifepo4-power-battery-lithium-iron-phosphate-batteries-deep-cycle-battery-for-electric-vehicle","status":"publish","type":"product","link":"https:\/\/ygspower.com\/fr\/produit\/mylion-60v-22ah-30ah-50ah-65ah-lifepo4-power-battery-lithium-iron-phosphate-batteries-deep-cycle-battery-for-electric-vehicle\/","title":{"rendered":"Batterie d&#039;alimentation mylion 60v 22ah 30ah 50ah 65ah lifepo4 Batteries au lithium fer phosphate Batterie \u00e0 d\u00e9charge profonde pour v\u00e9hicule \u00e9lectrique"},"content":{"rendered":"<p>Batterie d&#039;alimentation mylion 60v 22ah 30ah 50ah 65ah lifepo4 Batteries au lithium fer phosphate Batterie \u00e0 d\u00e9charge profonde pour v\u00e9hicule \u00e9lectrique<\/p>\n<p><img fetchpriority=\"high\" decoding=\"async\" class=\"size-full wp-image-6737 aligncenter\" src=\"http:\/\/ygspower.com\/wp-content\/uploads\/2022\/04\/\u4e2d\u6027-60V65Ah-\u52a8\u529b\u9502\u7535\u6c60\u4e3b\u56fe1.jpg\" alt=\"\" width=\"800\" height=\"800\" srcset=\"https:\/\/ygspower.com\/wp-content\/uploads\/2022\/04\/\u4e2d\u6027-60V65Ah-\u52a8\u529b\u9502\u7535\u6c60\u4e3b\u56fe1.jpg 800w, https:\/\/ygspower.com\/wp-content\/uploads\/2022\/04\/\u4e2d\u6027-60V65Ah-\u52a8\u529b\u9502\u7535\u6c60\u4e3b\u56fe1-300x300.jpg 300w, https:\/\/ygspower.com\/wp-content\/uploads\/2022\/04\/\u4e2d\u6027-60V65Ah-\u52a8\u529b\u9502\u7535\u6c60\u4e3b\u56fe1-100x100.jpg 100w, https:\/\/ygspower.com\/wp-content\/uploads\/2022\/04\/\u4e2d\u6027-60V65Ah-\u52a8\u529b\u9502\u7535\u6c60\u4e3b\u56fe1-600x600.jpg 600w, https:\/\/ygspower.com\/wp-content\/uploads\/2022\/04\/\u4e2d\u6027-60V65Ah-\u52a8\u529b\u9502\u7535\u6c60\u4e3b\u56fe1-150x150.jpg 150w, https:\/\/ygspower.com\/wp-content\/uploads\/2022\/04\/\u4e2d\u6027-60V65Ah-\u52a8\u529b\u9502\u7535\u6c60\u4e3b\u56fe1-768x768.jpg 768w\" sizes=\"(max-width: 800px) 100vw, 800px\" \/><\/p>\n<table border=\"2\" width=\"873\" cellspacing=\"0\" cellpadding=\"0\" data-spm-anchor-id=\"a2700.details.0.i21.4ccd260fpKeZGW\">\n<tbody>\n<tr>\n<td width=\"229\" height=\"27\" data-spm-anchor-id=\"a2700.details.0.i20.4ccd260fpKeZGW\">Nom du produit<\/td>\n<td width=\"161\">ML LF-6022<\/td>\n<td width=\"161\">ML LF-6030<\/td>\n<td width=\"161\">ML LF-6050<\/td>\n<td width=\"161\">ML LF-6065<\/td>\n<\/tr>\n<tr>\n<td height=\"27\">Nom du style<\/td>\n<td>60V 18Ah<\/td>\n<td>60V 30Ah<\/td>\n<td>60V 50Ah<\/td>\n<td>60V 65Ah<\/td>\n<\/tr>\n<tr>\n<td height=\"27\">Capacit\u00e9 nominale<\/td>\n<td>1,32 kWh<\/td>\n<td>1,8 kWh<\/td>\n<td>3,0 kWh<\/td>\n<td>3,9 kWh<\/td>\n<\/tr>\n<tr>\n<td height=\"27\">Tension standard<\/td>\n<td>64V<\/td>\n<td>64V<\/td>\n<td>60,8 V<\/td>\n<td>60,8 V<\/td>\n<\/tr>\n<tr>\n<td height=\"27\">Tension de charge maximale<\/td>\n<td>73V<\/td>\n<td>73V<\/td>\n<td>69,4 V<\/td>\n<td>69,4 V<\/td>\n<\/tr>\n<tr>\n<td height=\"27\">Courant de d\u00e9charge standard<\/td>\n<td>22A<\/td>\n<td>30A<\/td>\n<td>50A<\/td>\n<td>65A<\/td>\n<\/tr>\n<tr>\n<td height=\"27\">Courant de d\u00e9charge maximal<\/td>\n<td>44A<\/td>\n<td>60A<\/td>\n<td>100A<\/td>\n<td>130A<\/td>\n<\/tr>\n<tr>\n<td height=\"27\">Mat\u00e9riau de la cellule<\/td>\n<td>Batterie LiFePO4 20S<\/td>\n<td>Batterie LiFePO4 20S<\/td>\n<td>LiFePO4 19S<\/td>\n<td>LiFePO4 19S<\/td>\n<\/tr>\n<tr>\n<td height=\"27\">Utiliser la puissance du moteur<\/td>\n<td>300-600 W<\/td>\n<td>300-800 W<\/td>\n<td>800-1500W<\/td>\n<td>800-1500W<\/td>\n<\/tr>\n<tr>\n<td height=\"27\">Terminal<\/td>\n<td colspan=\"4\">Fiche Anderson ou personnalis\u00e9e<\/td>\n<\/tr>\n<tr>\n<td height=\"27\">Mat\u00e9riau de la coque<\/td>\n<td colspan=\"4\">Coque en m\u00e9tal noir<\/td>\n<\/tr>\n<tr>\n<td height=\"27\">Dimensions de la batterie (mm)<\/td>\n<td>180*160*310 mm<\/td>\n<td>192*160*320 mm<\/td>\n<td>230*190*310 mm<\/td>\n<td>285*233*260mm<\/td>\n<\/tr>\n<tr>\n<td height=\"27\">Poids<\/td>\n<td>Environ 11,2 kg<\/td>\n<td>Environ 11,8 kg<\/td>\n<td>Environ 27 kg<\/td>\n<td>Environ 33 kg<\/td>\n<\/tr>\n<tr>\n<td height=\"27\">Application<\/td>\n<td colspan=\"4\" width=\"644\">Syst\u00e8me d&#039;alimentation \u00e0 moteur, AGV, v\u00e9hicule \u00e9lectrique, v\u00e9lo \u00e9lectrique, voiture \u00e9lectrique, voiture de golf, etc.<\/td>\n<\/tr>\n<tr>\n<td height=\"41\">Emballer<\/td>\n<td width=\"161\">1 pi\u00e8ce dans un carton d&#039;environ 12 kg\/carton<\/td>\n<td width=\"161\">1 pi\u00e8ce dans un carton d&#039;environ 13 kg\/carton<\/td>\n<td width=\"161\">1 pi\u00e8ce dans un carton d&#039;environ 28 kg\/carton<\/td>\n<td width=\"161\">1 pi\u00e8ce dans un carton d&#039;environ 34 kg\/carton<\/td>\n<\/tr>\n<tr>\n<td height=\"27\">Garantie<\/td>\n<td>12 mois<\/td>\n<td>12 mois<\/td>\n<td>12 mois<\/td>\n<td>12 mois<\/td>\n<\/tr>\n<\/tbody>\n<\/table>\n<p><img decoding=\"async\" class=\"size-full wp-image-6738 aligncenter\" src=\"http:\/\/ygspower.com\/wp-content\/uploads\/2022\/04\/\u4e2d\u6027-60V65Ah-\u52a8\u529b\u9502\u7535\u6c60\u8be6\u60c5\u98751.jpg\" alt=\"\" width=\"800\" height=\"1051\" srcset=\"https:\/\/ygspower.com\/wp-content\/uploads\/2022\/04\/\u4e2d\u6027-60V65Ah-\u52a8\u529b\u9502\u7535\u6c60\u8be6\u60c5\u98751.jpg 800w, https:\/\/ygspower.com\/wp-content\/uploads\/2022\/04\/\u4e2d\u6027-60V65Ah-\u52a8\u529b\u9502\u7535\u6c60\u8be6\u60c5\u98751-600x788.jpg 600w, https:\/\/ygspower.com\/wp-content\/uploads\/2022\/04\/\u4e2d\u6027-60V65Ah-\u52a8\u529b\u9502\u7535\u6c60\u8be6\u60c5\u98751-228x300.jpg 228w, https:\/\/ygspower.com\/wp-content\/uploads\/2022\/04\/\u4e2d\u6027-60V65Ah-\u52a8\u529b\u9502\u7535\u6c60\u8be6\u60c5\u98751-779x1024.jpg 779w, https:\/\/ygspower.com\/wp-content\/uploads\/2022\/04\/\u4e2d\u6027-60V65Ah-\u52a8\u529b\u9502\u7535\u6c60\u8be6\u60c5\u98751-768x1009.jpg 768w\" sizes=\"(max-width: 800px) 100vw, 800px\" \/> <img decoding=\"async\" class=\"size-full wp-image-6739 aligncenter\" src=\"http:\/\/ygspower.com\/wp-content\/uploads\/2022\/04\/\u4e2d\u6027-60V65Ah-\u52a8\u529b\u9502\u7535\u6c60\u8be6\u60c5\u98752.jpg\" alt=\"\" width=\"800\" height=\"1751\" srcset=\"https:\/\/ygspower.com\/wp-content\/uploads\/2022\/04\/\u4e2d\u6027-60V65Ah-\u52a8\u529b\u9502\u7535\u6c60\u8be6\u60c5\u98752.jpg 800w, https:\/\/ygspower.com\/wp-content\/uploads\/2022\/04\/\u4e2d\u6027-60V65Ah-\u52a8\u529b\u9502\u7535\u6c60\u8be6\u60c5\u98752-600x1313.jpg 600w, https:\/\/ygspower.com\/wp-content\/uploads\/2022\/04\/\u4e2d\u6027-60V65Ah-\u52a8\u529b\u9502\u7535\u6c60\u8be6\u60c5\u98752-137x300.jpg 137w, https:\/\/ygspower.com\/wp-content\/uploads\/2022\/04\/\u4e2d\u6027-60V65Ah-\u52a8\u529b\u9502\u7535\u6c60\u8be6\u60c5\u98752-468x1024.jpg 468w, https:\/\/ygspower.com\/wp-content\/uploads\/2022\/04\/\u4e2d\u6027-60V65Ah-\u52a8\u529b\u9502\u7535\u6c60\u8be6\u60c5\u98752-768x1681.jpg 768w, https:\/\/ygspower.com\/wp-content\/uploads\/2022\/04\/\u4e2d\u6027-60V65Ah-\u52a8\u529b\u9502\u7535\u6c60\u8be6\u60c5\u98752-702x1536.jpg 702w\" sizes=\"(max-width: 800px) 100vw, 800px\" \/> <img loading=\"lazy\" decoding=\"async\" class=\"size-full wp-image-6740 aligncenter\" src=\"http:\/\/ygspower.com\/wp-content\/uploads\/2022\/04\/\u4e2d\u6027-60V65Ah-\u52a8\u529b\u9502\u7535\u6c60\u8be6\u60c5\u98753.jpg\" alt=\"\" width=\"800\" height=\"1813\" srcset=\"https:\/\/ygspower.com\/wp-content\/uploads\/2022\/04\/\u4e2d\u6027-60V65Ah-\u52a8\u529b\u9502\u7535\u6c60\u8be6\u60c5\u98753.jpg 800w, https:\/\/ygspower.com\/wp-content\/uploads\/2022\/04\/\u4e2d\u6027-60V65Ah-\u52a8\u529b\u9502\u7535\u6c60\u8be6\u60c5\u98753-600x1360.jpg 600w, https:\/\/ygspower.com\/wp-content\/uploads\/2022\/04\/\u4e2d\u6027-60V65Ah-\u52a8\u529b\u9502\u7535\u6c60\u8be6\u60c5\u98753-132x300.jpg 132w, https:\/\/ygspower.com\/wp-content\/uploads\/2022\/04\/\u4e2d\u6027-60V65Ah-\u52a8\u529b\u9502\u7535\u6c60\u8be6\u60c5\u98753-452x1024.jpg 452w, https:\/\/ygspower.com\/wp-content\/uploads\/2022\/04\/\u4e2d\u6027-60V65Ah-\u52a8\u529b\u9502\u7535\u6c60\u8be6\u60c5\u98753-768x1740.jpg 768w, https:\/\/ygspower.com\/wp-content\/uploads\/2022\/04\/\u4e2d\u6027-60V65Ah-\u52a8\u529b\u9502\u7535\u6c60\u8be6\u60c5\u98753-678x1536.jpg 678w\" sizes=\"(max-width: 800px) 100vw, 800px\" \/> <img loading=\"lazy\" decoding=\"async\" class=\"size-full wp-image-6741 aligncenter\" src=\"http:\/\/ygspower.com\/wp-content\/uploads\/2022\/04\/\u4e2d\u6027-60V65Ah-\u52a8\u529b\u9502\u7535\u6c60\u8be6\u60c5\u98754.jpg\" alt=\"\" width=\"800\" height=\"2069\" srcset=\"https:\/\/ygspower.com\/wp-content\/uploads\/2022\/04\/\u4e2d\u6027-60V65Ah-\u52a8\u529b\u9502\u7535\u6c60\u8be6\u60c5\u98754.jpg 800w, https:\/\/ygspower.com\/wp-content\/uploads\/2022\/04\/\u4e2d\u6027-60V65Ah-\u52a8\u529b\u9502\u7535\u6c60\u8be6\u60c5\u98754-600x1552.jpg 600w, https:\/\/ygspower.com\/wp-content\/uploads\/2022\/04\/\u4e2d\u6027-60V65Ah-\u52a8\u529b\u9502\u7535\u6c60\u8be6\u60c5\u98754-116x300.jpg 116w, https:\/\/ygspower.com\/wp-content\/uploads\/2022\/04\/\u4e2d\u6027-60V65Ah-\u52a8\u529b\u9502\u7535\u6c60\u8be6\u60c5\u98754-396x1024.jpg 396w, https:\/\/ygspower.com\/wp-content\/uploads\/2022\/04\/\u4e2d\u6027-60V65Ah-\u52a8\u529b\u9502\u7535\u6c60\u8be6\u60c5\u98754-768x1986.jpg 768w, https:\/\/ygspower.com\/wp-content\/uploads\/2022\/04\/\u4e2d\u6027-60V65Ah-\u52a8\u529b\u9502\u7535\u6c60\u8be6\u60c5\u98754-594x1536.jpg 594w, https:\/\/ygspower.com\/wp-content\/uploads\/2022\/04\/\u4e2d\u6027-60V65Ah-\u52a8\u529b\u9502\u7535\u6c60\u8be6\u60c5\u98754-792x2048.jpg 792w\" sizes=\"(max-width: 800px) 100vw, 800px\" \/> <img loading=\"lazy\" decoding=\"async\" class=\"size-full wp-image-6742 aligncenter\" src=\"http:\/\/ygspower.com\/wp-content\/uploads\/2022\/04\/\u4e2d\u6027-60V65Ah-\u52a8\u529b\u9502\u7535\u6c60\u8be6\u60c5\u98755.jpg\" alt=\"\" width=\"800\" height=\"1110\" srcset=\"https:\/\/ygspower.com\/wp-content\/uploads\/2022\/04\/\u4e2d\u6027-60V65Ah-\u52a8\u529b\u9502\u7535\u6c60\u8be6\u60c5\u98755.jpg 800w, https:\/\/ygspower.com\/wp-content\/uploads\/2022\/04\/\u4e2d\u6027-60V65Ah-\u52a8\u529b\u9502\u7535\u6c60\u8be6\u60c5\u98755-600x833.jpg 600w, https:\/\/ygspower.com\/wp-content\/uploads\/2022\/04\/\u4e2d\u6027-60V65Ah-\u52a8\u529b\u9502\u7535\u6c60\u8be6\u60c5\u98755-216x300.jpg 216w, https:\/\/ygspower.com\/wp-content\/uploads\/2022\/04\/\u4e2d\u6027-60V65Ah-\u52a8\u529b\u9502\u7535\u6c60\u8be6\u60c5\u98755-738x1024.jpg 738w, https:\/\/ygspower.com\/wp-content\/uploads\/2022\/04\/\u4e2d\u6027-60V65Ah-\u52a8\u529b\u9502\u7535\u6c60\u8be6\u60c5\u98755-768x1066.jpg 768w\" sizes=\"(max-width: 800px) 100vw, 800px\" \/> <img loading=\"lazy\" decoding=\"async\" class=\"size-full wp-image-6743 aligncenter\" src=\"http:\/\/ygspower.com\/wp-content\/uploads\/2022\/04\/\u4e2d\u6027-60V65Ah-\u52a8\u529b\u9502\u7535\u6c60\u8be6\u60c5\u98756.jpg\" alt=\"\" width=\"800\" height=\"2546\" srcset=\"https:\/\/ygspower.com\/wp-content\/uploads\/2022\/04\/\u4e2d\u6027-60V65Ah-\u52a8\u529b\u9502\u7535\u6c60\u8be6\u60c5\u98756.jpg 800w, https:\/\/ygspower.com\/wp-content\/uploads\/2022\/04\/\u4e2d\u6027-60V65Ah-\u52a8\u529b\u9502\u7535\u6c60\u8be6\u60c5\u98756-600x1910.jpg 600w, https:\/\/ygspower.com\/wp-content\/uploads\/2022\/04\/\u4e2d\u6027-60V65Ah-\u52a8\u529b\u9502\u7535\u6c60\u8be6\u60c5\u98756-94x300.jpg 94w, https:\/\/ygspower.com\/wp-content\/uploads\/2022\/04\/\u4e2d\u6027-60V65Ah-\u52a8\u529b\u9502\u7535\u6c60\u8be6\u60c5\u98756-322x1024.jpg 322w, https:\/\/ygspower.com\/wp-content\/uploads\/2022\/04\/\u4e2d\u6027-60V65Ah-\u52a8\u529b\u9502\u7535\u6c60\u8be6\u60c5\u98756-768x2444.jpg 768w, https:\/\/ygspower.com\/wp-content\/uploads\/2022\/04\/\u4e2d\u6027-60V65Ah-\u52a8\u529b\u9502\u7535\u6c60\u8be6\u60c5\u98756-483x1536.jpg 483w\" sizes=\"(max-width: 800px) 100vw, 800px\" \/> <img loading=\"lazy\" decoding=\"async\" class=\"size-full wp-image-6744 aligncenter\" src=\"http:\/\/ygspower.com\/wp-content\/uploads\/2022\/04\/\u4e2d\u6027-60V65Ah-\u52a8\u529b\u9502\u7535\u6c60\u8be6\u60c5\u98757.jpg\" alt=\"\" width=\"800\" height=\"1503\" srcset=\"https:\/\/ygspower.com\/wp-content\/uploads\/2022\/04\/\u4e2d\u6027-60V65Ah-\u52a8\u529b\u9502\u7535\u6c60\u8be6\u60c5\u98757.jpg 800w, https:\/\/ygspower.com\/wp-content\/uploads\/2022\/04\/\u4e2d\u6027-60V65Ah-\u52a8\u529b\u9502\u7535\u6c60\u8be6\u60c5\u98757-600x1127.jpg 600w, https:\/\/ygspower.com\/wp-content\/uploads\/2022\/04\/\u4e2d\u6027-60V65Ah-\u52a8\u529b\u9502\u7535\u6c60\u8be6\u60c5\u98757-160x300.jpg 160w, https:\/\/ygspower.com\/wp-content\/uploads\/2022\/04\/\u4e2d\u6027-60V65Ah-\u52a8\u529b\u9502\u7535\u6c60\u8be6\u60c5\u98757-545x1024.jpg 545w, https:\/\/ygspower.com\/wp-content\/uploads\/2022\/04\/\u4e2d\u6027-60V65Ah-\u52a8\u529b\u9502\u7535\u6c60\u8be6\u60c5\u98757-768x1443.jpg 768w\" sizes=\"(max-width: 800px) 100vw, 800px\" \/> <img loading=\"lazy\" decoding=\"async\" class=\"size-full wp-image-6745 aligncenter\" src=\"http:\/\/ygspower.com\/wp-content\/uploads\/2022\/04\/\u4e2d\u6027-60V65Ah-\u52a8\u529b\u9502\u7535\u6c60\u8be6\u60c5\u98758.jpg\" alt=\"\" width=\"800\" height=\"1038\" srcset=\"https:\/\/ygspower.com\/wp-content\/uploads\/2022\/04\/\u4e2d\u6027-60V65Ah-\u52a8\u529b\u9502\u7535\u6c60\u8be6\u60c5\u98758.jpg 800w, https:\/\/ygspower.com\/wp-content\/uploads\/2022\/04\/\u4e2d\u6027-60V65Ah-\u52a8\u529b\u9502\u7535\u6c60\u8be6\u60c5\u98758-600x779.jpg 600w, https:\/\/ygspower.com\/wp-content\/uploads\/2022\/04\/\u4e2d\u6027-60V65Ah-\u52a8\u529b\u9502\u7535\u6c60\u8be6\u60c5\u98758-231x300.jpg 231w, https:\/\/ygspower.com\/wp-content\/uploads\/2022\/04\/\u4e2d\u6027-60V65Ah-\u52a8\u529b\u9502\u7535\u6c60\u8be6\u60c5\u98758-789x1024.jpg 789w, https:\/\/ygspower.com\/wp-content\/uploads\/2022\/04\/\u4e2d\u6027-60V65Ah-\u52a8\u529b\u9502\u7535\u6c60\u8be6\u60c5\u98758-768x996.jpg 768w\" sizes=\"(max-width: 800px) 100vw, 800px\" \/><\/p>","protected":false},"excerpt":{"rendered":"<p><span class=\"attr-name J-attr-name\" title=\"Num\u00e9ro de mod\u00e8le\">Num\u00e9ro de mod\u00e8le : <\/span>60 V 18 Ah\/30 Ah\/50 Ah\/65 Ah<\/p>\n<p><span class=\"attr-name J-attr-name\" title=\"Tension nominale\">Tension nominale: <\/span>60 volts<\/p>\n<p><span class=\"attr-name J-attr-name\" title=\"Capacit\u00e9 nominale\" data-spm-anchor-id=\"a2700.details.0.i24.4ccd260fpKeZGW\">Capacit\u00e9 nominale : <\/span>1,32-3,9 kWh<\/p>\n<p><span class=\"attr-name J-attr-name\" title=\"Courant de d\u00e9charge standard\" data-spm-anchor-id=\"a2700.details.0.i29.4ccd260fpKeZGW\">Courant de d\u00e9charge standard : <\/span>22Ah-65Ah<\/p>\n<p><span class=\"attr-name J-attr-name\" title=\"Tension de charge maximale\">Tension de charge maximale : <\/span>64 V\/60,8 V<\/p>\n<p><span class=\"attr-name J-attr-name\" title=\"Utiliser la puissance du moteur\">Utiliser la puissance du moteur : <\/span>300-1500W<\/p>\n<p><span class=\"attr-name J-attr-name\" title=\"Application\" data-spm-anchor-id=\"a2700.details.0.i32.4ccd260fpKeZGW\">Application : <\/span>60V EV, syst\u00e8me d&#039;alimentation \u00e0 moteur, AGV, v\u00e9hicule \u00e9lectrique, v\u00e9lo \u00e9lectrique<\/p>","protected":false},"featured_media":6746,"template":"","meta":{"_seopress_robots_primary_cat":"","_seopress_titles_title":"mylion 60v 22ah 30ah 50ah 65ah lifepo4 power battery Lithium Iron Phosphate Batteries Deep Cycle Battery for Electric vehicle","_seopress_titles_desc":"mylion 60v 22ah 30ah 50ah 65ah lifepo4 power battery Lithium Iron Phosphate Batteries Deep Cycle Battery for Electric vehicle, mylion, Lifepo4, Lithium Iron Phosphate Batteries, batteries, Deep Cycle Battery, power system, Electric vehicle","_seopress_robots_index":"","site-sidebar-layout":"default","site-content-layout":"default","ast-site-content-layout":"default","site-content-style":"default","site-sidebar-style":"default","ast-global-header-display":"","ast-banner-title-visibility":"","ast-main-header-display":"","ast-hfb-above-header-display":"","ast-hfb-below-header-display":"","ast-hfb-mobile-header-display":"","site-post-title":"","ast-breadcrumbs-content":"","ast-featured-img":"","footer-sml-layout":"","theme-transparent-header-meta":"","adv-header-id-meta":"","stick-header-meta":"","header-above-stick-meta":"","header-main-stick-meta":"","header-below-stick-meta":"","astra-migrate-meta-layouts":"default","ast-page-background-enabled":"default","ast-page-background-meta":{"desktop":{"background-color":"","background-image":"","background-repeat":"repeat","background-position":"center center","background-size":"auto","background-attachment":"scroll","background-type":"","background-media":"","overlay-type":"","overlay-color":"","overlay-opacity":"","overlay-gradient":""},"tablet":{"background-color":"","background-image":"","background-repeat":"repeat","background-position":"center center","background-size":"auto","background-attachment":"scroll","background-type":"","background-media":"","overlay-type":"","overlay-color":"","overlay-opacity":"","overlay-gradient":""},"mobile":{"background-color":"","background-image":"","background-repeat":"repeat","background-position":"center center","background-size":"auto","background-attachment":"scroll","background-type":"","background-media":"","overlay-type":"","overlay-color":"","overlay-opacity":"","overlay-gradient":""}},"ast-content-background-meta":{"desktop":{"background-color":"var(--ast-global-color-5)","background-image":"","background-repeat":"repeat","background-position":"center center","background-size":"auto","background-attachment":"scroll","background-type":"","background-media":"","overlay-type":"","overlay-color":"","overlay-opacity":"","overlay-gradient":""},"tablet":{"background-color":"var(--ast-global-color-5)","background-image":"","background-repeat":"repeat","background-position":"center center","background-size":"auto","background-attachment":"scroll","background-type":"","background-media":"","overlay-type":"","overlay-color":"","overlay-opacity":"","overlay-gradient":""},"mobile":{"background-color":"var(--ast-global-color-5)","background-image":"","background-repeat":"repeat","background-position":"center center","background-size":"auto","background-attachment":"scroll","background-type":"","background-media":"","overlay-type":"","overlay-color":"","overlay-opacity":"","overlay-gradient":""}}},"product_brand":[],"product_cat":[28],"product_tag":[242,613,615,315,612,74,614],"class_list":{"0":"post-6735","1":"product","2":"type-product","3":"status-publish","4":"has-post-thumbnail","6":"product_cat-life-po4-battery","7":"product_tag-batteries","8":"product_tag-deep-cycle-battery","9":"product_tag-electric-vehicle","10":"product_tag-lifepo4","11":"product_tag-lithium-iron-phosphate-batteries","12":"product_tag-mylion","13":"product_tag-power-system","14":"desktop-align-left","15":"tablet-align-left","16":"mobile-align-left","18":"first","19":"instock","20":"shipping-taxable","21":"product-type-simple"},"_links":{"self":[{"href":"https:\/\/ygspower.com\/fr\/wp-json\/wp\/v2\/product\/6735","targetHints":{"allow":["GET"]}}],"collection":[{"href":"https:\/\/ygspower.com\/fr\/wp-json\/wp\/v2\/product"}],"about":[{"href":"https:\/\/ygspower.com\/fr\/wp-json\/wp\/v2\/types\/product"}],"version-history":[{"count":0,"href":"https:\/\/ygspower.com\/fr\/wp-json\/wp\/v2\/product\/6735\/revisions"}],"wp:featuredmedia":[{"embeddable":true,"href":"https:\/\/ygspower.com\/fr\/wp-json\/wp\/v2\/media\/6746"}],"wp:attachment":[{"href":"https:\/\/ygspower.com\/fr\/wp-json\/wp\/v2\/media?parent=6735"}],"wp:term":[{"taxonomy":"product_brand","embeddable":true,"href":"https:\/\/ygspower.com\/fr\/wp-json\/wp\/v2\/product_brand?post=6735"},{"taxonomy":"product_cat","embeddable":true,"href":"https:\/\/ygspower.com\/fr\/wp-json\/wp\/v2\/product_cat?post=6735"},{"taxonomy":"product_tag","embeddable":true,"href":"https:\/\/ygspower.com\/fr\/wp-json\/wp\/v2\/product_tag?post=6735"}],"curies":[{"name":"wp","href":"https:\/\/api.w.org\/{rel}","templated":true}]}}