{"id":6753,"date":"2022-04-15T17:32:12","date_gmt":"2022-04-15T09:32:12","guid":{"rendered":"https:\/\/darksalmon-dugong-512221.hostingersite.com\/?post_type=product&#038;p=6753"},"modified":"2022-06-09T18:58:15","modified_gmt":"2022-06-09T10:58:15","slug":"mylion-72v-22ah-30ah-50ah-65ah-lifepo4-power-battery-pack-lithium-iron-phosphate-batteries-deep-cycle-battery-for-electric-vehicle","status":"publish","type":"product","link":"https:\/\/ygspower.com\/fr\/produit\/mylion-72v-22ah-30ah-50ah-65ah-lifepo4-power-battery-pack-lithium-iron-phosphate-batteries-deep-cycle-battery-for-electric-vehicle\/","title":{"rendered":"Pack de batteries d&#039;alimentation Mylion 72v 22ah 30ah 50ah 65ah lifepo4 Batteries au lithium fer phosphate Batterie \u00e0 d\u00e9charge profonde pour v\u00e9hicule \u00e9lectrique"},"content":{"rendered":"<p>Pack de batteries d&#039;alimentation Mylion 72v 22ah 30ah 50ah 65ah lifepo4 Batteries au lithium fer phosphate Batterie \u00e0 d\u00e9charge profonde pour v\u00e9hicule \u00e9lectrique<\/p>\n<p>&nbsp;<\/p>\n<table border=\"2\" width=\"873\" cellspacing=\"0\" cellpadding=\"0\">\n<tbody>\n<tr>\n<td width=\"229\" height=\"27\" data-spm-anchor-id=\"a2700.wholesale.0.i25.38c37355aX0yLF\">Nom du produit<\/td>\n<td width=\"161\">ML LF-7222<\/td>\n<td width=\"161\">ML LF-7230<\/td>\n<td width=\"161\">ML LF-7250<\/td>\n<td width=\"161\">ML LF-7265<\/td>\n<\/tr>\n<tr>\n<td height=\"27\">Nom du style<\/td>\n<td>72V 22Ah<\/td>\n<td>72V 30Ah<\/td>\n<td>72V 50Ah<\/td>\n<td>72V 65Ah<\/td>\n<\/tr>\n<tr>\n<td height=\"27\">Capacit\u00e9 nominale<\/td>\n<td>1,584 kWh<\/td>\n<td>2,16 kWh<\/td>\n<td>3,6 kWh<\/td>\n<td>4,68 kWh<\/td>\n<\/tr>\n<tr>\n<td height=\"27\">Tension standard<\/td>\n<td>76,8 V<\/td>\n<td>76,8 V<\/td>\n<td>73,6 V<\/td>\n<td>73,6 V<\/td>\n<\/tr>\n<tr>\n<td height=\"27\">Tension de charge maximale<\/td>\n<td>87,6 V<\/td>\n<td>87,6 V<\/td>\n<td>84V<\/td>\n<td>84V<\/td>\n<\/tr>\n<tr>\n<td height=\"27\">Courant de d\u00e9charge standard<\/td>\n<td>22A<\/td>\n<td>30A<\/td>\n<td>50A<\/td>\n<td>65A<\/td>\n<\/tr>\n<tr>\n<td height=\"27\">Courant de d\u00e9charge maximal<\/td>\n<td>44A<\/td>\n<td>60A<\/td>\n<td>100A<\/td>\n<td>130A<\/td>\n<\/tr>\n<tr>\n<td height=\"27\">Mat\u00e9riau de la cellule<\/td>\n<td>Batterie LiFePO4 24S<\/td>\n<td>Batterie LiFePO4 24S<\/td>\n<td>Batterie LiFePO4 23S<\/td>\n<td>Batterie LiFePO4 23S<\/td>\n<\/tr>\n<tr>\n<td height=\"27\">Utiliser la puissance du moteur<\/td>\n<td>300-600 W<\/td>\n<td>300-800 W<\/td>\n<td>800-1500W<\/td>\n<td>800-1500W<\/td>\n<\/tr>\n<tr>\n<td height=\"27\">Terminal<\/td>\n<td colspan=\"4\">Fiche Anderson ou personnalis\u00e9e<\/td>\n<\/tr>\n<tr>\n<td height=\"27\">Mat\u00e9riau de la coque<\/td>\n<td colspan=\"4\">Coque en m\u00e9tal noir<\/td>\n<\/tr>\n<tr>\n<td height=\"27\">Dimensions de la batterie (mm)<\/td>\n<td>220*160*310 mm<\/td>\n<td>225*160*320 mm<\/td>\n<td>230*227*310 mm<\/td>\n<td>280*230*310mm<\/td>\n<\/tr>\n<tr>\n<td height=\"27\">Poids<\/td>\n<td>Environ 18,5 kg<\/td>\n<td>Environ 19 kg<\/td>\n<td>Environ 32 kg<\/td>\n<td>Environ 39 kg<\/td>\n<\/tr>\n<tr>\n<td height=\"27\">Application<\/td>\n<td colspan=\"4\" width=\"644\">Syst\u00e8me d&#039;alimentation \u00e0 moteur, AGV, v\u00e9hicule \u00e9lectrique, v\u00e9lo \u00e9lectrique, voiture \u00e9lectrique, voiture de golf, etc.<\/td>\n<\/tr>\n<tr>\n<td height=\"41\">Emballer<\/td>\n<td width=\"161\">1 pi\u00e8ce dans un carton d&#039;environ 20 kg\/carton<\/td>\n<td width=\"161\">1 pi\u00e8ce dans un carton d&#039;environ 20 kg\/carton<\/td>\n<td width=\"161\">1 pi\u00e8ce dans un carton environ 33 kg\/carton<\/td>\n<td width=\"161\">1 pi\u00e8ce dans un carton d&#039;environ 40 kg\/carton<\/td>\n<\/tr>\n<tr>\n<td height=\"27\">Garantie<\/td>\n<td>12 mois<\/td>\n<td>12 mois<\/td>\n<td>12 mois<\/td>\n<td>12 mois<\/td>\n<\/tr>\n<\/tbody>\n<\/table>\n<p><img fetchpriority=\"high\" decoding=\"async\" class=\"size-full wp-image-6762 aligncenter\" src=\"http:\/\/ygspower.com\/wp-content\/uploads\/2022\/04\/16500142591.png\" alt=\"\" width=\"800\" height=\"1038\" srcset=\"https:\/\/ygspower.com\/wp-content\/uploads\/2022\/04\/16500142591.png 800w, https:\/\/ygspower.com\/wp-content\/uploads\/2022\/04\/16500142591-600x779.png 600w, https:\/\/ygspower.com\/wp-content\/uploads\/2022\/04\/16500142591-231x300.png 231w, https:\/\/ygspower.com\/wp-content\/uploads\/2022\/04\/16500142591-789x1024.png 789w, https:\/\/ygspower.com\/wp-content\/uploads\/2022\/04\/16500142591-768x996.png 768w\" sizes=\"(max-width: 800px) 100vw, 800px\" \/><\/p>\n<p><img decoding=\"async\" class=\"aligncenter size-full wp-image-7300\" src=\"http:\/\/ygspower.com\/wp-content\/uploads\/2022\/04\/72V30Ah-battery-8.jpg\" alt=\"\" width=\"800\" height=\"1038\" srcset=\"https:\/\/ygspower.com\/wp-content\/uploads\/2022\/04\/72V30Ah-battery-8.jpg 800w, https:\/\/ygspower.com\/wp-content\/uploads\/2022\/04\/72V30Ah-battery-8-600x779.jpg 600w, https:\/\/ygspower.com\/wp-content\/uploads\/2022\/04\/72V30Ah-battery-8-231x300.jpg 231w, https:\/\/ygspower.com\/wp-content\/uploads\/2022\/04\/72V30Ah-battery-8-789x1024.jpg 789w, https:\/\/ygspower.com\/wp-content\/uploads\/2022\/04\/72V30Ah-battery-8-768x996.jpg 768w\" sizes=\"(max-width: 800px) 100vw, 800px\" \/><\/p>\n<p><img decoding=\"async\" class=\"aligncenter size-full wp-image-7301\" src=\"http:\/\/ygspower.com\/wp-content\/uploads\/2022\/04\/72V50Ah-battery-8.jpg\" alt=\"\" width=\"800\" height=\"1038\" srcset=\"https:\/\/ygspower.com\/wp-content\/uploads\/2022\/04\/72V50Ah-battery-8.jpg 800w, https:\/\/ygspower.com\/wp-content\/uploads\/2022\/04\/72V50Ah-battery-8-600x779.jpg 600w, https:\/\/ygspower.com\/wp-content\/uploads\/2022\/04\/72V50Ah-battery-8-231x300.jpg 231w, https:\/\/ygspower.com\/wp-content\/uploads\/2022\/04\/72V50Ah-battery-8-789x1024.jpg 789w, https:\/\/ygspower.com\/wp-content\/uploads\/2022\/04\/72V50Ah-battery-8-768x996.jpg 768w\" sizes=\"(max-width: 800px) 100vw, 800px\" \/><\/p>\n<p><img loading=\"lazy\" decoding=\"async\" class=\"aligncenter size-full wp-image-7303\" src=\"http:\/\/ygspower.com\/wp-content\/uploads\/2022\/04\/72V65Ah-battery-8.jpg\" alt=\"\" width=\"800\" height=\"1038\" srcset=\"https:\/\/ygspower.com\/wp-content\/uploads\/2022\/04\/72V65Ah-battery-8.jpg 800w, https:\/\/ygspower.com\/wp-content\/uploads\/2022\/04\/72V65Ah-battery-8-600x779.jpg 600w, https:\/\/ygspower.com\/wp-content\/uploads\/2022\/04\/72V65Ah-battery-8-231x300.jpg 231w, https:\/\/ygspower.com\/wp-content\/uploads\/2022\/04\/72V65Ah-battery-8-789x1024.jpg 789w, https:\/\/ygspower.com\/wp-content\/uploads\/2022\/04\/72V65Ah-battery-8-768x996.jpg 768w\" sizes=\"(max-width: 800px) 100vw, 800px\" \/><img loading=\"lazy\" decoding=\"async\" class=\"size-full wp-image-6757 aligncenter\" src=\"http:\/\/ygspower.com\/wp-content\/uploads\/2022\/04\/16500142241.png\" alt=\"\" width=\"800\" height=\"1751\" srcset=\"https:\/\/ygspower.com\/wp-content\/uploads\/2022\/04\/16500142241.png 800w, https:\/\/ygspower.com\/wp-content\/uploads\/2022\/04\/16500142241-600x1313.png 600w, https:\/\/ygspower.com\/wp-content\/uploads\/2022\/04\/16500142241-137x300.png 137w, https:\/\/ygspower.com\/wp-content\/uploads\/2022\/04\/16500142241-468x1024.png 468w, https:\/\/ygspower.com\/wp-content\/uploads\/2022\/04\/16500142241-768x1681.png 768w, https:\/\/ygspower.com\/wp-content\/uploads\/2022\/04\/16500142241-702x1536.png 702w\" sizes=\"(max-width: 800px) 100vw, 800px\" \/> <img loading=\"lazy\" decoding=\"async\" class=\"size-full wp-image-6758 aligncenter\" src=\"http:\/\/ygspower.com\/wp-content\/uploads\/2022\/04\/16500142301.png\" alt=\"\" width=\"800\" height=\"1813\" srcset=\"https:\/\/ygspower.com\/wp-content\/uploads\/2022\/04\/16500142301.png 800w, https:\/\/ygspower.com\/wp-content\/uploads\/2022\/04\/16500142301-600x1360.png 600w, https:\/\/ygspower.com\/wp-content\/uploads\/2022\/04\/16500142301-132x300.png 132w, https:\/\/ygspower.com\/wp-content\/uploads\/2022\/04\/16500142301-452x1024.png 452w, https:\/\/ygspower.com\/wp-content\/uploads\/2022\/04\/16500142301-768x1740.png 768w, https:\/\/ygspower.com\/wp-content\/uploads\/2022\/04\/16500142301-678x1536.png 678w\" sizes=\"(max-width: 800px) 100vw, 800px\" \/> <img loading=\"lazy\" decoding=\"async\" class=\"size-full wp-image-6759 aligncenter\" src=\"http:\/\/ygspower.com\/wp-content\/uploads\/2022\/04\/16500142381.png\" alt=\"\" width=\"800\" height=\"2069\" srcset=\"https:\/\/ygspower.com\/wp-content\/uploads\/2022\/04\/16500142381.png 800w, https:\/\/ygspower.com\/wp-content\/uploads\/2022\/04\/16500142381-600x1552.png 600w, https:\/\/ygspower.com\/wp-content\/uploads\/2022\/04\/16500142381-116x300.png 116w, https:\/\/ygspower.com\/wp-content\/uploads\/2022\/04\/16500142381-396x1024.png 396w, https:\/\/ygspower.com\/wp-content\/uploads\/2022\/04\/16500142381-768x1986.png 768w, https:\/\/ygspower.com\/wp-content\/uploads\/2022\/04\/16500142381-594x1536.png 594w, https:\/\/ygspower.com\/wp-content\/uploads\/2022\/04\/16500142381-792x2048.png 792w\" sizes=\"(max-width: 800px) 100vw, 800px\" \/> <img loading=\"lazy\" decoding=\"async\" class=\"size-full wp-image-6760 aligncenter\" src=\"http:\/\/ygspower.com\/wp-content\/uploads\/2022\/04\/16500142451.png\" alt=\"\" width=\"800\" height=\"1110\" srcset=\"https:\/\/ygspower.com\/wp-content\/uploads\/2022\/04\/16500142451.png 800w, https:\/\/ygspower.com\/wp-content\/uploads\/2022\/04\/16500142451-600x833.png 600w, https:\/\/ygspower.com\/wp-content\/uploads\/2022\/04\/16500142451-216x300.png 216w, https:\/\/ygspower.com\/wp-content\/uploads\/2022\/04\/16500142451-738x1024.png 738w, https:\/\/ygspower.com\/wp-content\/uploads\/2022\/04\/16500142451-768x1066.png 768w\" sizes=\"(max-width: 800px) 100vw, 800px\" \/> <img loading=\"lazy\" decoding=\"async\" class=\"size-full wp-image-6761 aligncenter\" src=\"http:\/\/ygspower.com\/wp-content\/uploads\/2022\/04\/16500142511.png\" alt=\"\" width=\"800\" height=\"2546\" srcset=\"https:\/\/ygspower.com\/wp-content\/uploads\/2022\/04\/16500142511.png 800w, https:\/\/ygspower.com\/wp-content\/uploads\/2022\/04\/16500142511-600x1910.png 600w, https:\/\/ygspower.com\/wp-content\/uploads\/2022\/04\/16500142511-94x300.png 94w, https:\/\/ygspower.com\/wp-content\/uploads\/2022\/04\/16500142511-322x1024.png 322w, https:\/\/ygspower.com\/wp-content\/uploads\/2022\/04\/16500142511-768x2444.png 768w, https:\/\/ygspower.com\/wp-content\/uploads\/2022\/04\/16500142511-483x1536.png 483w\" sizes=\"(max-width: 800px) 100vw, 800px\" \/><\/p>","protected":false},"excerpt":{"rendered":"<p>Mylion 72v 22ah 30ah 50ah 65ah lifepo4 power battery pack Lithium Iron Phosphate Batteries Deep Cycle Battery for Electric vehicle &nbsp; Product name ML LF-7222 ML LF-7230 ML LF-7250 ML LF-7265 Style name 72V 22Ah 72V 30Ah 72V 50Ah 72V 65Ah Norminal Capacity 1.584KWh 2.16KWh 3.6KWh 4.68KWh Standard Voltage 76.8V 76.8V 73.6V 73.6V Max charge [&hellip;]<\/p>","protected":false},"featured_media":6763,"template":"","meta":{"_seopress_robots_primary_cat":"none","_seopress_titles_title":"Mylion 72v 22ah 30ah 50ah 65ah lifepo4 power battery pack Lithium Iron Phosphate Batteries Deep Cycle Battery for Electric vehicle","_seopress_titles_desc":"Mylion 72v 22ah 30ah 50ah 65ah lifepo4 power battery pack Lithium Iron Phosphate Batteries Deep Cycle Battery for Electric vehicle, Mylion, lifepo4, power battery pack, Lithium Iron Phosphate Batteries, Deep Cycle Battery, Electric vehicle","_seopress_robots_index":"","site-sidebar-layout":"default","site-content-layout":"default","ast-site-content-layout":"default","site-content-style":"default","site-sidebar-style":"default","ast-global-header-display":"","ast-banner-title-visibility":"","ast-main-header-display":"","ast-hfb-above-header-display":"","ast-hfb-below-header-display":"","ast-hfb-mobile-header-display":"","site-post-title":"","ast-breadcrumbs-content":"","ast-featured-img":"","footer-sml-layout":"","theme-transparent-header-meta":"","adv-header-id-meta":"","stick-header-meta":"","header-above-stick-meta":"","header-main-stick-meta":"","header-below-stick-meta":"","astra-migrate-meta-layouts":"default","ast-page-background-enabled":"default","ast-page-background-meta":{"desktop":{"background-color":"","background-image":"","background-repeat":"repeat","background-position":"center center","background-size":"auto","background-attachment":"scroll","background-type":"","background-media":"","overlay-type":"","overlay-color":"","overlay-opacity":"","overlay-gradient":""},"tablet":{"background-color":"","background-image":"","background-repeat":"repeat","background-position":"center center","background-size":"auto","background-attachment":"scroll","background-type":"","background-media":"","overlay-type":"","overlay-color":"","overlay-opacity":"","overlay-gradient":""},"mobile":{"background-color":"","background-image":"","background-repeat":"repeat","background-position":"center center","background-size":"auto","background-attachment":"scroll","background-type":"","background-media":"","overlay-type":"","overlay-color":"","overlay-opacity":"","overlay-gradient":""}},"ast-content-background-meta":{"desktop":{"background-color":"var(--ast-global-color-5)","background-image":"","background-repeat":"repeat","background-position":"center center","background-size":"auto","background-attachment":"scroll","background-type":"","background-media":"","overlay-type":"","overlay-color":"","overlay-opacity":"","overlay-gradient":""},"tablet":{"background-color":"var(--ast-global-color-5)","background-image":"","background-repeat":"repeat","background-position":"center center","background-size":"auto","background-attachment":"scroll","background-type":"","background-media":"","overlay-type":"","overlay-color":"","overlay-opacity":"","overlay-gradient":""},"mobile":{"background-color":"var(--ast-global-color-5)","background-image":"","background-repeat":"repeat","background-position":"center center","background-size":"auto","background-attachment":"scroll","background-type":"","background-media":"","overlay-type":"","overlay-color":"","overlay-opacity":"","overlay-gradient":""}}},"product_brand":[],"product_cat":[28],"product_tag":[710,711,712,713,716,613,715,615,315,714,612,74,616],"class_list":{"0":"post-6753","1":"product","2":"type-product","3":"status-publish","4":"has-post-thumbnail","6":"product_cat-life-po4-battery","7":"product_tag-72v22ah-battery","8":"product_tag-72v30ah-battery","9":"product_tag-72v50ah-battery","10":"product_tag-72v65ah-battery","11":"product_tag-car-battery","12":"product_tag-deep-cycle-battery","13":"product_tag-e-vehicle-battery","14":"product_tag-electric-vehicle","15":"product_tag-lifepo4","16":"product_tag-lifepo4-battery-for-e-car","17":"product_tag-lithium-iron-phosphate-batteries","18":"product_tag-mylion","19":"product_tag-power-battery-pack","20":"desktop-align-left","21":"tablet-align-left","22":"mobile-align-left","24":"first","25":"instock","26":"shipping-taxable","27":"product-type-simple"},"_links":{"self":[{"href":"https:\/\/ygspower.com\/fr\/wp-json\/wp\/v2\/product\/6753","targetHints":{"allow":["GET"]}}],"collection":[{"href":"https:\/\/ygspower.com\/fr\/wp-json\/wp\/v2\/product"}],"about":[{"href":"https:\/\/ygspower.com\/fr\/wp-json\/wp\/v2\/types\/product"}],"version-history":[{"count":0,"href":"https:\/\/ygspower.com\/fr\/wp-json\/wp\/v2\/product\/6753\/revisions"}],"wp:featuredmedia":[{"embeddable":true,"href":"https:\/\/ygspower.com\/fr\/wp-json\/wp\/v2\/media\/6763"}],"wp:attachment":[{"href":"https:\/\/ygspower.com\/fr\/wp-json\/wp\/v2\/media?parent=6753"}],"wp:term":[{"taxonomy":"product_brand","embeddable":true,"href":"https:\/\/ygspower.com\/fr\/wp-json\/wp\/v2\/product_brand?post=6753"},{"taxonomy":"product_cat","embeddable":true,"href":"https:\/\/ygspower.com\/fr\/wp-json\/wp\/v2\/product_cat?post=6753"},{"taxonomy":"product_tag","embeddable":true,"href":"https:\/\/ygspower.com\/fr\/wp-json\/wp\/v2\/product_tag?post=6753"}],"curies":[{"name":"wp","href":"https:\/\/api.w.org\/{rel}","templated":true}]}}