{"id":7309,"date":"2022-06-09T19:02:51","date_gmt":"2022-06-09T11:02:51","guid":{"rendered":"https:\/\/darksalmon-dugong-512221.hostingersite.com\/?post_type=product&#038;p=7309"},"modified":"2022-06-09T20:01:14","modified_gmt":"2022-06-09T12:01:14","slug":"mylion-lfp72v-100ah-130ah-150ah-lifepo4-power-battery-for-electric-vehicle","status":"publish","type":"product","link":"https:\/\/ygspower.com\/fr\/produit\/mylion-lfp72v-100ah-130ah-150ah-lifepo4-power-battery-for-electric-vehicle\/","title":{"rendered":"Batterie d&#039;alimentation Mylion LFP72V 100Ah 130Ah 150Ah LiFePO4 Batteries au lithium fer phosphate pour v\u00e9hicule \u00e9lectrique"},"content":{"rendered":"<p>Batterie d&#039;alimentation Mylion LFP72V 100Ah 130Ah 150Ah LiFePO4 Batteries au lithium fer phosphate pour v\u00e9hicule \u00e9lectrique<\/p>\n<table style=\"height: 744px;\" width=\"999\">\n<tbody>\n<tr>\n<td width=\"211\">Nom du produit<\/td>\n<td width=\"207\">ML LF-72100<\/td>\n<td width=\"207\">ML LF-72130<\/td>\n<td width=\"207\">ML LF-72150<\/td>\n<\/tr>\n<tr>\n<td>Nom du style<\/td>\n<td>72V 100Ah<\/td>\n<td>72V 130Ah<\/td>\n<td>72V 150Ah<\/td>\n<\/tr>\n<tr>\n<td>Capacit\u00e9 nominale<\/td>\n<td>7,2 kWh<\/td>\n<td>9,36 kWh<\/td>\n<td>10,8 kWh<\/td>\n<\/tr>\n<tr>\n<td>Tension standard<\/td>\n<td>73,6 V<\/td>\n<td>73,6 V<\/td>\n<td>73,6 V<\/td>\n<\/tr>\n<tr>\n<td>Tension de charge maximale<\/td>\n<td>84V<\/td>\n<td>84V<\/td>\n<td>84V<\/td>\n<\/tr>\n<tr>\n<td>Courant de d\u00e9charge standard<\/td>\n<td>100A<\/td>\n<td>130A<\/td>\n<td>150A<\/td>\n<\/tr>\n<tr>\n<td>Courant de d\u00e9charge d&#039;impulsion max.<\/td>\n<td>200A<\/td>\n<td>260A<\/td>\n<td>300A<\/td>\n<\/tr>\n<tr>\n<td>Mat\u00e9riau de la cellule<\/td>\n<td>Batterie LiFePO4 23S<\/td>\n<td>Batterie LiFePO4 23S<\/td>\n<td>Batterie LiFePO4 23S<\/td>\n<\/tr>\n<tr>\n<td>Utiliser la puissance du moteur<\/td>\n<td>1500-4000W<\/td>\n<td>1500-4000W<\/td>\n<td>1500-5000W<\/td>\n<\/tr>\n<tr>\n<td>Terminal<\/td>\n<td colspan=\"3\">Prise Anderson ou personnalis\u00e9e<\/td>\n<\/tr>\n<tr>\n<td>Mat\u00e9riau de la coque<\/td>\n<td colspan=\"3\">Coque en m\u00e9tal noir<\/td>\n<\/tr>\n<tr>\n<td>Dimensions de la batterie (mm)<\/td>\n<td>453*276*240 mm<\/td>\n<td>565*276*240 mm<\/td>\n<td>680*276*240 mm<\/td>\n<\/tr>\n<tr>\n<td>Poids<\/td>\n<td>Environ 65 kg<\/td>\n<td>Environ 75 kg<\/td>\n<td>Environ 100 kg<\/td>\n<\/tr>\n<tr>\n<td>Application<\/td>\n<td colspan=\"3\" width=\"621\">Syst\u00e8me d&#039;alimentation \u00e0 moteur, AGV, v\u00e9hicule \u00e9lectrique, v\u00e9lo \u00e9lectrique, voiture \u00e9lectrique, voiture de golf, etc.<\/td>\n<\/tr>\n<tr>\n<td>Emballer<\/td>\n<td width=\"207\">1 pi\u00e8ce dans un carton, environ 66 kg\/carton<\/td>\n<td width=\"207\">1 pi\u00e8ce dans un carton environ 76 kg\/carton<\/td>\n<td width=\"207\">1 pi\u00e8ce dans un carton environ 101 kg\/carton<\/td>\n<\/tr>\n<tr>\n<td>Garantie<\/td>\n<td>12 mois<\/td>\n<td>12 mois<\/td>\n<td>12 mois<\/td>\n<\/tr>\n<\/tbody>\n<\/table>\n<p><img fetchpriority=\"high\" decoding=\"async\" class=\"aligncenter size-full wp-image-7317\" src=\"http:\/\/ygspower.com\/wp-content\/uploads\/2022\/06\/72V100Ah-battery-8.jpg\" alt=\"\" width=\"800\" height=\"1039\" srcset=\"https:\/\/ygspower.com\/wp-content\/uploads\/2022\/06\/72V100Ah-battery-8.jpg 800w, https:\/\/ygspower.com\/wp-content\/uploads\/2022\/06\/72V100Ah-battery-8-600x779.jpg 600w, https:\/\/ygspower.com\/wp-content\/uploads\/2022\/06\/72V100Ah-battery-8-231x300.jpg 231w, https:\/\/ygspower.com\/wp-content\/uploads\/2022\/06\/72V100Ah-battery-8-788x1024.jpg 788w, https:\/\/ygspower.com\/wp-content\/uploads\/2022\/06\/72V100Ah-battery-8-768x997.jpg 768w\" sizes=\"(max-width: 800px) 100vw, 800px\" \/><\/p>\n<p><img decoding=\"async\" class=\"aligncenter size-full wp-image-7318\" src=\"http:\/\/ygspower.com\/wp-content\/uploads\/2022\/06\/72V130Ah-battery-8.jpg\" alt=\"\" width=\"800\" height=\"1039\" srcset=\"https:\/\/ygspower.com\/wp-content\/uploads\/2022\/06\/72V130Ah-battery-8.jpg 800w, https:\/\/ygspower.com\/wp-content\/uploads\/2022\/06\/72V130Ah-battery-8-600x779.jpg 600w, https:\/\/ygspower.com\/wp-content\/uploads\/2022\/06\/72V130Ah-battery-8-231x300.jpg 231w, https:\/\/ygspower.com\/wp-content\/uploads\/2022\/06\/72V130Ah-battery-8-788x1024.jpg 788w, https:\/\/ygspower.com\/wp-content\/uploads\/2022\/06\/72V130Ah-battery-8-768x997.jpg 768w\" sizes=\"(max-width: 800px) 100vw, 800px\" \/><img decoding=\"async\" class=\"aligncenter size-full wp-image-7319\" src=\"http:\/\/ygspower.com\/wp-content\/uploads\/2022\/06\/72V150Ah-battery-8.jpg\" alt=\"\" width=\"800\" height=\"1038\" srcset=\"https:\/\/ygspower.com\/wp-content\/uploads\/2022\/06\/72V150Ah-battery-8.jpg 800w, https:\/\/ygspower.com\/wp-content\/uploads\/2022\/06\/72V150Ah-battery-8-600x779.jpg 600w, https:\/\/ygspower.com\/wp-content\/uploads\/2022\/06\/72V150Ah-battery-8-231x300.jpg 231w, https:\/\/ygspower.com\/wp-content\/uploads\/2022\/06\/72V150Ah-battery-8-789x1024.jpg 789w, https:\/\/ygspower.com\/wp-content\/uploads\/2022\/06\/72V150Ah-battery-8-768x996.jpg 768w\" sizes=\"(max-width: 800px) 100vw, 800px\" \/><img loading=\"lazy\" decoding=\"async\" class=\"aligncenter size-full wp-image-7311\" src=\"http:\/\/ygspower.com\/wp-content\/uploads\/2022\/06\/72V100Ah-battery-2.jpg\" alt=\"\" width=\"800\" height=\"1751\" srcset=\"https:\/\/ygspower.com\/wp-content\/uploads\/2022\/06\/72V100Ah-battery-2.jpg 800w, https:\/\/ygspower.com\/wp-content\/uploads\/2022\/06\/72V100Ah-battery-2-600x1313.jpg 600w, https:\/\/ygspower.com\/wp-content\/uploads\/2022\/06\/72V100Ah-battery-2-137x300.jpg 137w, https:\/\/ygspower.com\/wp-content\/uploads\/2022\/06\/72V100Ah-battery-2-468x1024.jpg 468w, https:\/\/ygspower.com\/wp-content\/uploads\/2022\/06\/72V100Ah-battery-2-768x1681.jpg 768w, https:\/\/ygspower.com\/wp-content\/uploads\/2022\/06\/72V100Ah-battery-2-702x1536.jpg 702w\" sizes=\"(max-width: 800px) 100vw, 800px\" \/> <img loading=\"lazy\" decoding=\"async\" class=\"aligncenter size-full wp-image-7312\" src=\"http:\/\/ygspower.com\/wp-content\/uploads\/2022\/06\/72V100Ah-battery-3.jpg\" alt=\"\" width=\"800\" height=\"1813\" srcset=\"https:\/\/ygspower.com\/wp-content\/uploads\/2022\/06\/72V100Ah-battery-3.jpg 800w, https:\/\/ygspower.com\/wp-content\/uploads\/2022\/06\/72V100Ah-battery-3-600x1360.jpg 600w, https:\/\/ygspower.com\/wp-content\/uploads\/2022\/06\/72V100Ah-battery-3-132x300.jpg 132w, https:\/\/ygspower.com\/wp-content\/uploads\/2022\/06\/72V100Ah-battery-3-452x1024.jpg 452w, https:\/\/ygspower.com\/wp-content\/uploads\/2022\/06\/72V100Ah-battery-3-768x1740.jpg 768w, https:\/\/ygspower.com\/wp-content\/uploads\/2022\/06\/72V100Ah-battery-3-678x1536.jpg 678w\" sizes=\"(max-width: 800px) 100vw, 800px\" \/> <img loading=\"lazy\" decoding=\"async\" class=\"aligncenter size-full wp-image-7313\" src=\"http:\/\/ygspower.com\/wp-content\/uploads\/2022\/06\/72V100Ah-battery-4.jpg\" alt=\"\" width=\"800\" height=\"2069\" srcset=\"https:\/\/ygspower.com\/wp-content\/uploads\/2022\/06\/72V100Ah-battery-4.jpg 800w, https:\/\/ygspower.com\/wp-content\/uploads\/2022\/06\/72V100Ah-battery-4-600x1552.jpg 600w, https:\/\/ygspower.com\/wp-content\/uploads\/2022\/06\/72V100Ah-battery-4-116x300.jpg 116w, https:\/\/ygspower.com\/wp-content\/uploads\/2022\/06\/72V100Ah-battery-4-396x1024.jpg 396w, https:\/\/ygspower.com\/wp-content\/uploads\/2022\/06\/72V100Ah-battery-4-768x1986.jpg 768w, https:\/\/ygspower.com\/wp-content\/uploads\/2022\/06\/72V100Ah-battery-4-594x1536.jpg 594w, https:\/\/ygspower.com\/wp-content\/uploads\/2022\/06\/72V100Ah-battery-4-792x2048.jpg 792w\" sizes=\"(max-width: 800px) 100vw, 800px\" \/> <img loading=\"lazy\" decoding=\"async\" class=\"aligncenter size-full wp-image-7314\" src=\"http:\/\/ygspower.com\/wp-content\/uploads\/2022\/06\/72V100Ah-battery-5.jpg\" alt=\"\" width=\"800\" height=\"1110\" srcset=\"https:\/\/ygspower.com\/wp-content\/uploads\/2022\/06\/72V100Ah-battery-5.jpg 800w, https:\/\/ygspower.com\/wp-content\/uploads\/2022\/06\/72V100Ah-battery-5-600x833.jpg 600w, https:\/\/ygspower.com\/wp-content\/uploads\/2022\/06\/72V100Ah-battery-5-216x300.jpg 216w, https:\/\/ygspower.com\/wp-content\/uploads\/2022\/06\/72V100Ah-battery-5-738x1024.jpg 738w, https:\/\/ygspower.com\/wp-content\/uploads\/2022\/06\/72V100Ah-battery-5-768x1066.jpg 768w\" sizes=\"(max-width: 800px) 100vw, 800px\" \/> <img loading=\"lazy\" decoding=\"async\" class=\"aligncenter size-full wp-image-7315\" src=\"http:\/\/ygspower.com\/wp-content\/uploads\/2022\/06\/72V100Ah-battery-6-scaled.jpg\" alt=\"\" width=\"805\" height=\"2560\" srcset=\"https:\/\/ygspower.com\/wp-content\/uploads\/2022\/06\/72V100Ah-battery-6-scaled.jpg 805w, https:\/\/ygspower.com\/wp-content\/uploads\/2022\/06\/72V100Ah-battery-6-600x1909.jpg 600w, https:\/\/ygspower.com\/wp-content\/uploads\/2022\/06\/72V100Ah-battery-6-94x300.jpg 94w, https:\/\/ygspower.com\/wp-content\/uploads\/2022\/06\/72V100Ah-battery-6-322x1024.jpg 322w, https:\/\/ygspower.com\/wp-content\/uploads\/2022\/06\/72V100Ah-battery-6-483x1536.jpg 483w, https:\/\/ygspower.com\/wp-content\/uploads\/2022\/06\/72V100Ah-battery-6-644x2048.jpg 644w\" sizes=\"(max-width: 805px) 100vw, 805px\" \/> <img loading=\"lazy\" decoding=\"async\" class=\"aligncenter size-full wp-image-7316\" src=\"http:\/\/ygspower.com\/wp-content\/uploads\/2022\/06\/72V100Ah-battery-7.jpg\" alt=\"\" width=\"800\" height=\"1503\" srcset=\"https:\/\/ygspower.com\/wp-content\/uploads\/2022\/06\/72V100Ah-battery-7.jpg 800w, https:\/\/ygspower.com\/wp-content\/uploads\/2022\/06\/72V100Ah-battery-7-600x1127.jpg 600w, https:\/\/ygspower.com\/wp-content\/uploads\/2022\/06\/72V100Ah-battery-7-160x300.jpg 160w, https:\/\/ygspower.com\/wp-content\/uploads\/2022\/06\/72V100Ah-battery-7-545x1024.jpg 545w, https:\/\/ygspower.com\/wp-content\/uploads\/2022\/06\/72V100Ah-battery-7-768x1443.jpg 768w\" sizes=\"(max-width: 800px) 100vw, 800px\" \/><\/p>\n<p>&nbsp;<\/p>\n<p>&nbsp;<\/p>\n<p>&nbsp;<\/p>\n<p>&nbsp;<\/p>","protected":false},"excerpt":{"rendered":"<ul class=\"ul1\">\n<li class=\"li1\">Type : LFP72V 100Ah 72V130Ah 72V150Ah Batterie LiFe PO4 pour voiture \u00e9lectrique<\/li>\n<li class=\"li1\">Nom du produit : batterie lithium-ion LiFe PO4<\/li>\n<li>Tension de la batterie : 72 V<\/li>\n<li class=\"li1\">Capacit\u00e9 de la batterie : 100 Ah, 130 Ah, 150 Ah<\/li>\n<li class=\"li1\">Dur\u00e9e de vie du cycle : plus de 2000 fois 70%DOD<\/li>\n<li class=\"li1\">Application : v\u00e9hicule \u00e9lectrique<span class=\"s2\">,<\/span> voiture \u00e9lectrique, voiturette de golf, etc.<\/li>\n<li class=\"li1\">Caract\u00e9ristiques : haute puissance et capacit\u00e9<span class=\"s2\">,<\/span>\u00a0s\u00fbr<span class=\"s2\">,<\/span>\u00a0longue dur\u00e9e de vie<span class=\"s2\">,<\/span>\u00a0vert<span class=\"s2\">,<\/span>\u00a0respectueux de l&#039;environnement<span class=\"s2\">,<\/span>\u00a0bonne performance \u00e0 haute temp\u00e9rature<\/li>\n<\/ul>","protected":false},"featured_media":7320,"template":"","meta":{"_seopress_robots_primary_cat":"none","_seopress_titles_title":"Mylion 72v 22ah 30ah 50ah 65ah lifepo4 power battery pack Lithium Iron Phosphate Batteries Deep Cycle Battery for Electric vehicle","_seopress_titles_desc":"Mylion 72v 22ah 30ah 50ah 65ah lifepo4 power battery pack Lithium Iron Phosphate Batteries Deep Cycle Battery for Electric vehicle, Mylion, lifepo4, power battery pack, Lithium Iron Phosphate Batteries, Deep Cycle Battery, Electric vehicle","_seopress_robots_index":"","site-sidebar-layout":"default","site-content-layout":"default","ast-site-content-layout":"default","site-content-style":"default","site-sidebar-style":"default","ast-global-header-display":"","ast-banner-title-visibility":"","ast-main-header-display":"","ast-hfb-above-header-display":"","ast-hfb-below-header-display":"","ast-hfb-mobile-header-display":"","site-post-title":"","ast-breadcrumbs-content":"","ast-featured-img":"","footer-sml-layout":"","theme-transparent-header-meta":"","adv-header-id-meta":"","stick-header-meta":"","header-above-stick-meta":"","header-main-stick-meta":"","header-below-stick-meta":"","astra-migrate-meta-layouts":"default","ast-page-background-enabled":"default","ast-page-background-meta":{"desktop":{"background-color":"","background-image":"","background-repeat":"repeat","background-position":"center center","background-size":"auto","background-attachment":"scroll","background-type":"","background-media":"","overlay-type":"","overlay-color":"","overlay-opacity":"","overlay-gradient":""},"tablet":{"background-color":"","background-image":"","background-repeat":"repeat","background-position":"center center","background-size":"auto","background-attachment":"scroll","background-type":"","background-media":"","overlay-type":"","overlay-color":"","overlay-opacity":"","overlay-gradient":""},"mobile":{"background-color":"","background-image":"","background-repeat":"repeat","background-position":"center center","background-size":"auto","background-attachment":"scroll","background-type":"","background-media":"","overlay-type":"","overlay-color":"","overlay-opacity":"","overlay-gradient":""}},"ast-content-background-meta":{"desktop":{"background-color":"var(--ast-global-color-5)","background-image":"","background-repeat":"repeat","background-position":"center center","background-size":"auto","background-attachment":"scroll","background-type":"","background-media":"","overlay-type":"","overlay-color":"","overlay-opacity":"","overlay-gradient":""},"tablet":{"background-color":"var(--ast-global-color-5)","background-image":"","background-repeat":"repeat","background-position":"center center","background-size":"auto","background-attachment":"scroll","background-type":"","background-media":"","overlay-type":"","overlay-color":"","overlay-opacity":"","overlay-gradient":""},"mobile":{"background-color":"var(--ast-global-color-5)","background-image":"","background-repeat":"repeat","background-position":"center center","background-size":"auto","background-attachment":"scroll","background-type":"","background-media":"","overlay-type":"","overlay-color":"","overlay-opacity":"","overlay-gradient":""}}},"product_brand":[],"product_cat":[28],"product_tag":[718,717,719,710,711,712,713,716,613,715,720,615,315,714,612,74,616],"class_list":{"0":"post-7309","1":"product","2":"type-product","3":"status-publish","4":"has-post-thumbnail","6":"product_cat-life-po4-battery","7":"product_tag-72v-130ah-battery","8":"product_tag-72v100ah","9":"product_tag-72v150ah-battery","10":"product_tag-72v22ah-battery","11":"product_tag-72v30ah-battery","12":"product_tag-72v50ah-battery","13":"product_tag-72v65ah-battery","14":"product_tag-car-battery","15":"product_tag-deep-cycle-battery","16":"product_tag-e-vehicle-battery","17":"product_tag-e-car-battery","18":"product_tag-electric-vehicle","19":"product_tag-lifepo4","20":"product_tag-lifepo4-battery-for-e-car","21":"product_tag-lithium-iron-phosphate-batteries","22":"product_tag-mylion","23":"product_tag-power-battery-pack","24":"desktop-align-left","25":"tablet-align-left","26":"mobile-align-left","28":"first","29":"instock","30":"shipping-taxable","31":"product-type-simple"},"_links":{"self":[{"href":"https:\/\/ygspower.com\/fr\/wp-json\/wp\/v2\/product\/7309","targetHints":{"allow":["GET"]}}],"collection":[{"href":"https:\/\/ygspower.com\/fr\/wp-json\/wp\/v2\/product"}],"about":[{"href":"https:\/\/ygspower.com\/fr\/wp-json\/wp\/v2\/types\/product"}],"version-history":[{"count":0,"href":"https:\/\/ygspower.com\/fr\/wp-json\/wp\/v2\/product\/7309\/revisions"}],"wp:featuredmedia":[{"embeddable":true,"href":"https:\/\/ygspower.com\/fr\/wp-json\/wp\/v2\/media\/7320"}],"wp:attachment":[{"href":"https:\/\/ygspower.com\/fr\/wp-json\/wp\/v2\/media?parent=7309"}],"wp:term":[{"taxonomy":"product_brand","embeddable":true,"href":"https:\/\/ygspower.com\/fr\/wp-json\/wp\/v2\/product_brand?post=7309"},{"taxonomy":"product_cat","embeddable":true,"href":"https:\/\/ygspower.com\/fr\/wp-json\/wp\/v2\/product_cat?post=7309"},{"taxonomy":"product_tag","embeddable":true,"href":"https:\/\/ygspower.com\/fr\/wp-json\/wp\/v2\/product_tag?post=7309"}],"curies":[{"name":"wp","href":"https:\/\/api.w.org\/{rel}","templated":true}]}}