{"id":740,"date":"2020-11-07T09:51:15","date_gmt":"2020-11-07T01:51:15","guid":{"rendered":"https:\/\/darksalmon-dugong-512221.hostingersite.com\/?post_type=product&#038;p=740"},"modified":"2022-10-25T17:04:22","modified_gmt":"2022-10-25T09:04:22","slug":"mini-dc-ups-battery-backup-mu1625","status":"publish","type":"product","link":"https:\/\/ygspower.com\/fr\/produit\/mini-dc-ups-battery-backup-mu1625\/","title":{"rendered":"Mini batterie de secours DC UPS \u00e9tanche \u00e0 \u00e9nergie solaire MU1625S 148 W 40 000 mAh Batterie de secours au lithium"},"content":{"rendered":"<div class=\"ast-oembed-container\" style=\"height: 100%;\"><iframe title=\"Kit de batterie de secours mini-onduleur DC \u00e9tanche \u00e0 \u00e9nergie solaire Mylion\" width=\"500\" height=\"281\" src=\"https:\/\/www.youtube.com\/embed\/qQ5vkAZZDVk?feature=oembed\" frameborder=\"0\" allow=\"accelerometer; autoplay; clipboard-write; encrypted-media; gyroscope; picture-in-picture; web-share\" referrerpolicy=\"strict-origin-when-cross-origin\" allowfullscreen><\/iframe><\/div>\n<p><img fetchpriority=\"high\" decoding=\"async\" class=\"aligncenter size-full wp-image-681\" src=\"http:\/\/ygspower.com\/wp-content\/uploads\/2020\/11\/220v2a-mini-dc-ups-details_01.jpg\" alt=\"\" width=\"750\" height=\"329\" srcset=\"https:\/\/ygspower.com\/wp-content\/uploads\/2020\/11\/220v2a-mini-dc-ups-details_01.jpg 750w, https:\/\/ygspower.com\/wp-content\/uploads\/2020\/11\/220v2a-mini-dc-ups-details_01-600x263.jpg 600w, https:\/\/ygspower.com\/wp-content\/uploads\/2020\/11\/220v2a-mini-dc-ups-details_01-300x132.jpg 300w\" sizes=\"(max-width: 750px) 100vw, 750px\" \/> <img decoding=\"async\" class=\"aligncenter size-full wp-image-682\" src=\"http:\/\/ygspower.com\/wp-content\/uploads\/2020\/11\/220v2a-mini-dc-ups-details_02.jpg\" alt=\"\" width=\"750\" height=\"830\" srcset=\"https:\/\/ygspower.com\/wp-content\/uploads\/2020\/11\/220v2a-mini-dc-ups-details_02.jpg 750w, https:\/\/ygspower.com\/wp-content\/uploads\/2020\/11\/220v2a-mini-dc-ups-details_02-600x664.jpg 600w, https:\/\/ygspower.com\/wp-content\/uploads\/2020\/11\/220v2a-mini-dc-ups-details_02-271x300.jpg 271w\" sizes=\"(max-width: 750px) 100vw, 750px\" \/> <img decoding=\"async\" class=\"aligncenter size-full wp-image-683\" src=\"http:\/\/ygspower.com\/wp-content\/uploads\/2020\/11\/220v2a-mini-dc-ups-details_03.jpg\" alt=\"\" width=\"750\" height=\"1261\" srcset=\"https:\/\/ygspower.com\/wp-content\/uploads\/2020\/11\/220v2a-mini-dc-ups-details_03.jpg 750w, https:\/\/ygspower.com\/wp-content\/uploads\/2020\/11\/220v2a-mini-dc-ups-details_03-600x1009.jpg 600w, https:\/\/ygspower.com\/wp-content\/uploads\/2020\/11\/220v2a-mini-dc-ups-details_03-178x300.jpg 178w, https:\/\/ygspower.com\/wp-content\/uploads\/2020\/11\/220v2a-mini-dc-ups-details_03-609x1024.jpg 609w\" sizes=\"(max-width: 750px) 100vw, 750px\" \/> <img loading=\"lazy\" decoding=\"async\" class=\"aligncenter size-full wp-image-684\" src=\"http:\/\/ygspower.com\/wp-content\/uploads\/2020\/11\/220v2a-mini-dc-ups-details_04.jpg\" alt=\"\" width=\"750\" height=\"1682\" srcset=\"https:\/\/ygspower.com\/wp-content\/uploads\/2020\/11\/220v2a-mini-dc-ups-details_04.jpg 750w, https:\/\/ygspower.com\/wp-content\/uploads\/2020\/11\/220v2a-mini-dc-ups-details_04-600x1346.jpg 600w, https:\/\/ygspower.com\/wp-content\/uploads\/2020\/11\/220v2a-mini-dc-ups-details_04-134x300.jpg 134w, https:\/\/ygspower.com\/wp-content\/uploads\/2020\/11\/220v2a-mini-dc-ups-details_04-457x1024.jpg 457w, https:\/\/ygspower.com\/wp-content\/uploads\/2020\/11\/220v2a-mini-dc-ups-details_04-685x1536.jpg 685w\" sizes=\"(max-width: 750px) 100vw, 750px\" \/> <img loading=\"lazy\" decoding=\"async\" class=\"aligncenter size-full wp-image-685\" src=\"http:\/\/ygspower.com\/wp-content\/uploads\/2020\/11\/220v2a-mini-dc-ups-details_05.jpg\" alt=\"\" width=\"750\" height=\"1957\" srcset=\"https:\/\/ygspower.com\/wp-content\/uploads\/2020\/11\/220v2a-mini-dc-ups-details_05.jpg 750w, https:\/\/ygspower.com\/wp-content\/uploads\/2020\/11\/220v2a-mini-dc-ups-details_05-600x1566.jpg 600w, https:\/\/ygspower.com\/wp-content\/uploads\/2020\/11\/220v2a-mini-dc-ups-details_05-115x300.jpg 115w, https:\/\/ygspower.com\/wp-content\/uploads\/2020\/11\/220v2a-mini-dc-ups-details_05-392x1024.jpg 392w, https:\/\/ygspower.com\/wp-content\/uploads\/2020\/11\/220v2a-mini-dc-ups-details_05-589x1536.jpg 589w\" sizes=\"(max-width: 750px) 100vw, 750px\" \/> <img loading=\"lazy\" decoding=\"async\" class=\"aligncenter size-full wp-image-686\" src=\"http:\/\/ygspower.com\/wp-content\/uploads\/2020\/11\/220v2a-mini-dc-ups-details_06.jpg\" alt=\"\" width=\"750\" height=\"1142\" srcset=\"https:\/\/ygspower.com\/wp-content\/uploads\/2020\/11\/220v2a-mini-dc-ups-details_06.jpg 750w, https:\/\/ygspower.com\/wp-content\/uploads\/2020\/11\/220v2a-mini-dc-ups-details_06-600x914.jpg 600w, https:\/\/ygspower.com\/wp-content\/uploads\/2020\/11\/220v2a-mini-dc-ups-details_06-197x300.jpg 197w, https:\/\/ygspower.com\/wp-content\/uploads\/2020\/11\/220v2a-mini-dc-ups-details_06-673x1024.jpg 673w\" sizes=\"(max-width: 750px) 100vw, 750px\" \/> <img loading=\"lazy\" decoding=\"async\" class=\"aligncenter size-full wp-image-687\" src=\"http:\/\/ygspower.com\/wp-content\/uploads\/2020\/11\/220v2a-mini-dc-ups-details_07.jpg\" alt=\"\" width=\"750\" height=\"1000\" srcset=\"https:\/\/ygspower.com\/wp-content\/uploads\/2020\/11\/220v2a-mini-dc-ups-details_07.jpg 750w, https:\/\/ygspower.com\/wp-content\/uploads\/2020\/11\/220v2a-mini-dc-ups-details_07-600x800.jpg 600w, https:\/\/ygspower.com\/wp-content\/uploads\/2020\/11\/220v2a-mini-dc-ups-details_07-225x300.jpg 225w\" sizes=\"(max-width: 750px) 100vw, 750px\" \/> <img loading=\"lazy\" decoding=\"async\" class=\"aligncenter size-full wp-image-688\" src=\"http:\/\/ygspower.com\/wp-content\/uploads\/2020\/11\/220v2a-mini-dc-ups-details_08.jpg\" alt=\"\" width=\"750\" height=\"1225\" srcset=\"https:\/\/ygspower.com\/wp-content\/uploads\/2020\/11\/220v2a-mini-dc-ups-details_08.jpg 750w, https:\/\/ygspower.com\/wp-content\/uploads\/2020\/11\/220v2a-mini-dc-ups-details_08-600x980.jpg 600w, https:\/\/ygspower.com\/wp-content\/uploads\/2020\/11\/220v2a-mini-dc-ups-details_08-184x300.jpg 184w, https:\/\/ygspower.com\/wp-content\/uploads\/2020\/11\/220v2a-mini-dc-ups-details_08-627x1024.jpg 627w\" sizes=\"(max-width: 750px) 100vw, 750px\" \/> <img loading=\"lazy\" decoding=\"async\" class=\"aligncenter size-full wp-image-689\" src=\"http:\/\/ygspower.com\/wp-content\/uploads\/2020\/11\/220v2a-mini-dc-ups-details_09.jpg\" alt=\"\" width=\"750\" height=\"708\" srcset=\"https:\/\/ygspower.com\/wp-content\/uploads\/2020\/11\/220v2a-mini-dc-ups-details_09.jpg 750w, https:\/\/ygspower.com\/wp-content\/uploads\/2020\/11\/220v2a-mini-dc-ups-details_09-600x566.jpg 600w, https:\/\/ygspower.com\/wp-content\/uploads\/2020\/11\/220v2a-mini-dc-ups-details_09-300x283.jpg 300w\" sizes=\"(max-width: 750px) 100vw, 750px\" \/><\/p>\n<table width=\"805\">\n<tbody>\n<tr>\n<td colspan=\"2\" width=\"805\">Toutes les informations ci-dessous sont correctes et R\u00c9ELLES.<\/td>\n<\/tr>\n<tr>\n<td>Nom du style<\/td>\n<td>Onduleur solaire MU1625S<\/td>\n<\/tr>\n<tr>\n<td>Nom du produit<\/td>\n<td width=\"553\">Mini UPS \u00e0 \u00e9nergie solaire pour routeur ADSL, routeur WiFi, cam\u00e9ra de vid\u00e9osurveillance\/s\u00e9curit\u00e9 ext\u00e9rieure, lampadaire, lampe solaire, etc.<\/td>\n<\/tr>\n<tr>\n<td>Tension de sortie<\/td>\n<td>12V<\/td>\n<\/tr>\n<tr>\n<td>Courant de sortie<\/td>\n<td>2A<\/td>\n<\/tr>\n<tr>\n<td>Puissance de sortie<\/td>\n<td>148 Wh\/40 000 mAh<\/td>\n<\/tr>\n<tr>\n<td>Tension d&#039;entr\u00e9e<\/td>\n<td>Alimentation par panneau solaire 15 V-24 V ou tension d&#039;entr\u00e9e personnalis\u00e9e<\/td>\n<\/tr>\n<tr>\n<td>Courant d&#039;entr\u00e9e<\/td>\n<td>Max 2A<\/td>\n<\/tr>\n<tr>\n<td rowspan=\"2\">Temps de travail<\/td>\n<td>Sortie 12 V 0,5 A (6 W) : environ 25 heures<\/td>\n<\/tr>\n<tr>\n<td>Sortie 12 V 1 A (12 W) : environ 13 heures<\/td>\n<\/tr>\n<tr>\n<td>Port de charge (IN)<\/td>\n<td>DC.5.5\u00d72.1 \u00e9tanche<\/td>\n<\/tr>\n<tr>\n<td>Orifice de d\u00e9charge (OUT)<\/td>\n<td>DC.5.5\u00d72.5 \u00e9tanche<\/td>\n<\/tr>\n<tr>\n<td>Mat\u00e9riau du bo\u00eetier<\/td>\n<td>ABS r\u00e9sistant \u00e0 l&#039;eau<\/td>\n<\/tr>\n<tr>\n<td>Changer<\/td>\n<td>R\u00e9sistant \u00e0 l&#039;eau<\/td>\n<\/tr>\n<tr>\n<td>Indicateur LED<\/td>\n<td>Travail et charge<\/td>\n<\/tr>\n<tr>\n<td>Couleur du bo\u00eetier<\/td>\n<td>Gris<\/td>\n<\/tr>\n<tr>\n<td>Dimensions du bo\u00eetier<\/td>\n<td>L200xL120xH75mm<\/td>\n<\/tr>\n<tr>\n<td>Poids<\/td>\n<td>1200g<\/td>\n<\/tr>\n<tr>\n<td>Marque de la cellule de batterie<\/td>\n<td>Cellule de marque chinoise<\/td>\n<\/tr>\n<tr>\n<td>Certification des cellules de batterie<\/td>\n<td>CB, UN38.3, BIS, KC, FDS, ROHS, CQC, CEM<\/td>\n<\/tr>\n<tr>\n<td>Protection de la batterie<\/td>\n<td width=\"553\">Protection contre la temp\u00e9rature, surcharge et d\u00e9charge, surintensit\u00e9, court-circuit<\/td>\n<\/tr>\n<tr>\n<td>Cycle de vie<\/td>\n<td>capacit\u00e9 de charge et de d\u00e9charge standard \u2265 80% C5mAh, dur\u00e9e de vie du cycle \u2265 600<\/td>\n<\/tr>\n<tr>\n<td>Application<\/td>\n<td>Lumi\u00e8re LED \/ bande LED \/ cam\u00e9ra de s\u00e9curit\u00e9 CCTV \/ IP, WIFI, routeur<\/td>\n<\/tr>\n<tr>\n<td>Emballer<\/td>\n<td>7 pi\u00e8ces dans un carton (L46 x l31 x H32 cm), environ 9,5 kg\/carton<\/td>\n<\/tr>\n<tr>\n<td>Garantie<\/td>\n<td>12 mois<\/td>\n<\/tr>\n<\/tbody>\n<\/table>","protected":false},"excerpt":{"rendered":"<p>Mylion MU1625S Mini UPS d&#039;alimentation solaire 15-24 V Entr\u00e9e 12 V constante 2 A Sortie Mini UPS CC pour lampadaire LED, cam\u00e9ra de s\u00e9curit\u00e9\/CCTV\/IP, acc\u00e8s de porte, modem ADSL Routeur WiFi AP sans fil, distributeur automatique d&#039;empreintes digitales, etc.<\/p>\n<ul>\n<li>Nom du produit : MU1625S 148Wh 15-24V Alimentation solaire IN 12V 2A OUT MINI DC UPS<\/li>\n<li>Application : \u00e9clairage LED\/s\u00e9curit\u00e9\/IP\/cam\u00e9ra de vid\u00e9osurveillance\/WIFI\/routeur\/CPAP m\u00e9dical<\/li>\n<li>Fonction : offrir une alimentation \u00e9lectrique ininterrompue aux appareils \u00e9lectroniques.<\/li>\n<li>Connecteur : DC5.5\u00d72.1 et prise secteur<\/li>\n<li>Caract\u00e9ristiques : \u00e9nergie solaire, \u00e9tanche<\/li>\n<li>Type de batterie : batterie lithium-ion<\/li>\n<li>Protection : temp\u00e9rature, surcharge et d\u00e9charge, surintensit\u00e9, court-circuit<\/li>\n<\/ul>","protected":false},"featured_media":7405,"template":"","meta":{"_seopress_robots_primary_cat":"none","_seopress_titles_title":"Solar Power Waterproof Mini DC UPS Battery Backup MU1625S","_seopress_titles_desc":"Solar Power Waterproof Mini DC UPS Battery Backup MU1625S","_seopress_robots_index":"","site-sidebar-layout":"default","site-content-layout":"default","ast-site-content-layout":"default","site-content-style":"default","site-sidebar-style":"default","ast-global-header-display":"","ast-banner-title-visibility":"","ast-main-header-display":"","ast-hfb-above-header-display":"","ast-hfb-below-header-display":"","ast-hfb-mobile-header-display":"","site-post-title":"","ast-breadcrumbs-content":"","ast-featured-img":"","footer-sml-layout":"","theme-transparent-header-meta":"default","adv-header-id-meta":"","stick-header-meta":"","header-above-stick-meta":"","header-main-stick-meta":"","header-below-stick-meta":"","astra-migrate-meta-layouts":"default","ast-page-background-enabled":"default","ast-page-background-meta":{"desktop":{"background-color":"","background-image":"","background-repeat":"repeat","background-position":"center center","background-size":"auto","background-attachment":"scroll","background-type":"","background-media":"","overlay-type":"","overlay-color":"","overlay-opacity":"","overlay-gradient":""},"tablet":{"background-color":"","background-image":"","background-repeat":"repeat","background-position":"center center","background-size":"auto","background-attachment":"scroll","background-type":"","background-media":"","overlay-type":"","overlay-color":"","overlay-opacity":"","overlay-gradient":""},"mobile":{"background-color":"","background-image":"","background-repeat":"repeat","background-position":"center center","background-size":"auto","background-attachment":"scroll","background-type":"","background-media":"","overlay-type":"","overlay-color":"","overlay-opacity":"","overlay-gradient":""}},"ast-content-background-meta":{"desktop":{"background-color":"var(--ast-global-color-5)","background-image":"","background-repeat":"repeat","background-position":"center center","background-size":"auto","background-attachment":"scroll","background-type":"","background-media":"","overlay-type":"","overlay-color":"","overlay-opacity":"","overlay-gradient":""},"tablet":{"background-color":"var(--ast-global-color-5)","background-image":"","background-repeat":"repeat","background-position":"center center","background-size":"auto","background-attachment":"scroll","background-type":"","background-media":"","overlay-type":"","overlay-color":"","overlay-opacity":"","overlay-gradient":""},"mobile":{"background-color":"var(--ast-global-color-5)","background-image":"","background-repeat":"repeat","background-position":"center center","background-size":"auto","background-attachment":"scroll","background-type":"","background-media":"","overlay-type":"","overlay-color":"","overlay-opacity":"","overlay-gradient":""}}},"product_brand":[],"product_cat":[3],"product_tag":[708,709,52,706,705,707],"class_list":{"0":"post-740","1":"product","2":"type-product","3":"status-publish","4":"has-post-thumbnail","6":"product_cat-mini-dc-ups","7":"product_tag-148w-dc-ups","8":"product_tag-40000mah-dc-ups","9":"product_tag-dc-ups","10":"product_tag-solar-dc-ups","11":"product_tag-solar-ups","12":"product_tag-waterproof-ups","13":"desktop-align-left","14":"tablet-align-left","15":"mobile-align-left","17":"first","18":"instock","19":"shipping-taxable","20":"product-type-simple"},"_links":{"self":[{"href":"https:\/\/ygspower.com\/fr\/wp-json\/wp\/v2\/product\/740","targetHints":{"allow":["GET"]}}],"collection":[{"href":"https:\/\/ygspower.com\/fr\/wp-json\/wp\/v2\/product"}],"about":[{"href":"https:\/\/ygspower.com\/fr\/wp-json\/wp\/v2\/types\/product"}],"version-history":[{"count":0,"href":"https:\/\/ygspower.com\/fr\/wp-json\/wp\/v2\/product\/740\/revisions"}],"wp:featuredmedia":[{"embeddable":true,"href":"https:\/\/ygspower.com\/fr\/wp-json\/wp\/v2\/media\/7405"}],"wp:attachment":[{"href":"https:\/\/ygspower.com\/fr\/wp-json\/wp\/v2\/media?parent=740"}],"wp:term":[{"taxonomy":"product_brand","embeddable":true,"href":"https:\/\/ygspower.com\/fr\/wp-json\/wp\/v2\/product_brand?post=740"},{"taxonomy":"product_cat","embeddable":true,"href":"https:\/\/ygspower.com\/fr\/wp-json\/wp\/v2\/product_cat?post=740"},{"taxonomy":"product_tag","embeddable":true,"href":"https:\/\/ygspower.com\/fr\/wp-json\/wp\/v2\/product_tag?post=740"}],"curies":[{"name":"wp","href":"https:\/\/api.w.org\/{rel}","templated":true}]}}