{"id":9631,"date":"2024-02-01T14:59:45","date_gmt":"2024-02-01T06:59:45","guid":{"rendered":"https:\/\/darksalmon-dugong-512221.hostingersite.com\/?post_type=product&#038;p=9631"},"modified":"2025-10-11T14:18:13","modified_gmt":"2025-10-11T06:18:13","slug":"mylion-110v-230v-ac-input-12v-2a-dc-output-mini-ups-life-po4-uninterruptible-power-supply-battery-bckup-unit-for-telecommunications-devices","status":"publish","type":"product","link":"https:\/\/ygspower.com\/fr\/produit\/mylion-110v-230v-ac-input-12v-2a-dc-output-mini-ups-life-po4-uninterruptible-power-supply-battery-bckup-unit-for-telecommunications-devices\/","title":{"rendered":"Mylin 110V-230V AC Input 12V 2A DC Output Smart Charger Mini UPS LiFe PO4 Uninterruptible Power Supply For IOT WiFi Router"},"content":{"rendered":"<table width=\"742\">\n<tbody>\n<tr>\n<td width=\"180\">Nom du produit<\/td>\n<td width=\"562\">Mini onduleur 12 V pour cam\u00e9ra de s\u00e9curit\u00e9 domestique<\/td>\n<\/tr>\n<tr>\n<td>Type de batterie<\/td>\n<td>Batterie LiFe PO4 \u2013 la batterie au lithium la plus s\u00fbre<\/td>\n<\/tr>\n<tr>\n<td>Tension de sortie<\/td>\n<td>12V<\/td>\n<\/tr>\n<tr>\n<td>Courant de sortie<\/td>\n<td>2A<\/td>\n<\/tr>\n<tr>\n<td>Capacit\u00e9 de la batterie<\/td>\n<td>25,6 Wh\/8000 mAh<\/td>\n<\/tr>\n<tr>\n<td>Tension d&#039;entr\u00e9e<\/td>\n<td>110-240 V CA<\/td>\n<\/tr>\n<tr>\n<td>Courant d&#039;entr\u00e9e<\/td>\n<td>2,5 A max.<\/td>\n<\/tr>\n<tr>\n<td rowspan=\"2\">Temps de travail<\/td>\n<td>environ 4 heures d&#039;autonomie de secours (si votre appareil est 12V0.5A)<\/td>\n<\/tr>\n<tr>\n<td>environ 2 heures d&#039;autonomie de secours (si votre appareil est 12V1A)<\/td>\n<\/tr>\n<tr>\n<td>Port de charge (IN)<\/td>\n<td>Prise secteur<\/td>\n<\/tr>\n<tr>\n<td>Orifice de d\u00e9charge (OUT)<\/td>\n<td>2 pi\u00e8ces DC5.5\u00d72.5<\/td>\n<\/tr>\n<tr>\n<td>Indicateur LED<\/td>\n<td>4 LED indiquent l&#039;\u00e9tat de la batterie<\/td>\n<\/tr>\n<tr>\n<td>Changer<\/td>\n<td>Interrupteur marche\/arr\u00eat\/Mettez l&#039;interrupteur sur ON avant de le charger ou de le d\u00e9charger<\/td>\n<\/tr>\n<tr>\n<td>Mat\u00e9riau du bo\u00eetier<\/td>\n<td>Plastique ABS<\/td>\n<\/tr>\n<tr>\n<td>Couleur du bo\u00eetier<\/td>\n<td>Blanc<\/td>\n<\/tr>\n<tr>\n<td>Mat\u00e9riau du bo\u00eetier<\/td>\n<td>ABS anti-incendie<\/td>\n<\/tr>\n<tr>\n<td>Dimensions du bo\u00eetier<\/td>\n<td>L126xL80xH42mm<\/td>\n<\/tr>\n<tr>\n<td>Poids<\/td>\n<td>246g<\/td>\n<\/tr>\n<tr>\n<td>Application<\/td>\n<td width=\"562\">Appareil 12 V : cam\u00e9ra IP\/syst\u00e8me de s\u00e9curit\u00e9\/acc\u00e8s de porte\/lumi\u00e8re LED\/bande LED\/haut-parleur\/ventilateurs, etc.<\/td>\n<\/tr>\n<tr>\n<td>Emballer<\/td>\n<td>20 pi\u00e8ces dans un carton (35x21x30cm), environ 7,5 kg\/carton<\/td>\n<\/tr>\n<tr>\n<td>Garantie<\/td>\n<td>12 mois<\/td>\n<\/tr>\n<\/tbody>\n<\/table>\n<p><img fetchpriority=\"high\" decoding=\"async\" class=\"aligncenter size-full wp-image-11789\" src=\"http:\/\/ygspower.com\/wp-content\/uploads\/2024\/02\/LiFePO4_01.jpg\" alt=\"\" width=\"1500\" height=\"1890\" srcset=\"https:\/\/ygspower.com\/wp-content\/uploads\/2024\/02\/LiFePO4_01.jpg 1500w, https:\/\/ygspower.com\/wp-content\/uploads\/2024\/02\/LiFePO4_01-238x300.jpg 238w, https:\/\/ygspower.com\/wp-content\/uploads\/2024\/02\/LiFePO4_01-813x1024.jpg 813w, https:\/\/ygspower.com\/wp-content\/uploads\/2024\/02\/LiFePO4_01-768x968.jpg 768w, https:\/\/ygspower.com\/wp-content\/uploads\/2024\/02\/LiFePO4_01-1219x1536.jpg 1219w, https:\/\/ygspower.com\/wp-content\/uploads\/2024\/02\/LiFePO4_01-10x12.jpg 10w, https:\/\/ygspower.com\/wp-content\/uploads\/2024\/02\/LiFePO4_01-600x756.jpg 600w\" sizes=\"(max-width: 1500px) 100vw, 1500px\" \/> <img decoding=\"async\" class=\"aligncenter size-full wp-image-11790\" src=\"http:\/\/ygspower.com\/wp-content\/uploads\/2024\/02\/LiFePO4_02.jpg\" alt=\"\" width=\"1500\" height=\"1981\" srcset=\"https:\/\/ygspower.com\/wp-content\/uploads\/2024\/02\/LiFePO4_02.jpg 1500w, https:\/\/ygspower.com\/wp-content\/uploads\/2024\/02\/LiFePO4_02-227x300.jpg 227w, https:\/\/ygspower.com\/wp-content\/uploads\/2024\/02\/LiFePO4_02-775x1024.jpg 775w, https:\/\/ygspower.com\/wp-content\/uploads\/2024\/02\/LiFePO4_02-768x1014.jpg 768w, https:\/\/ygspower.com\/wp-content\/uploads\/2024\/02\/LiFePO4_02-1163x1536.jpg 1163w, https:\/\/ygspower.com\/wp-content\/uploads\/2024\/02\/LiFePO4_02-9x12.jpg 9w, https:\/\/ygspower.com\/wp-content\/uploads\/2024\/02\/LiFePO4_02-600x792.jpg 600w\" sizes=\"(max-width: 1500px) 100vw, 1500px\" \/> <img decoding=\"async\" class=\"aligncenter size-full wp-image-11791\" src=\"http:\/\/ygspower.com\/wp-content\/uploads\/2024\/02\/LiFePO4_03.jpg\" alt=\"\" width=\"1500\" height=\"1918\" srcset=\"https:\/\/ygspower.com\/wp-content\/uploads\/2024\/02\/LiFePO4_03.jpg 1500w, https:\/\/ygspower.com\/wp-content\/uploads\/2024\/02\/LiFePO4_03-235x300.jpg 235w, https:\/\/ygspower.com\/wp-content\/uploads\/2024\/02\/LiFePO4_03-801x1024.jpg 801w, https:\/\/ygspower.com\/wp-content\/uploads\/2024\/02\/LiFePO4_03-768x982.jpg 768w, https:\/\/ygspower.com\/wp-content\/uploads\/2024\/02\/LiFePO4_03-1201x1536.jpg 1201w, https:\/\/ygspower.com\/wp-content\/uploads\/2024\/02\/LiFePO4_03-9x12.jpg 9w, https:\/\/ygspower.com\/wp-content\/uploads\/2024\/02\/LiFePO4_03-600x767.jpg 600w\" sizes=\"(max-width: 1500px) 100vw, 1500px\" \/> <img loading=\"lazy\" decoding=\"async\" class=\"aligncenter size-full wp-image-11792\" src=\"http:\/\/ygspower.com\/wp-content\/uploads\/2024\/02\/LiFePO4_04.jpg\" alt=\"\" width=\"1500\" height=\"1222\" srcset=\"https:\/\/ygspower.com\/wp-content\/uploads\/2024\/02\/LiFePO4_04.jpg 1500w, https:\/\/ygspower.com\/wp-content\/uploads\/2024\/02\/LiFePO4_04-300x244.jpg 300w, https:\/\/ygspower.com\/wp-content\/uploads\/2024\/02\/LiFePO4_04-1024x834.jpg 1024w, https:\/\/ygspower.com\/wp-content\/uploads\/2024\/02\/LiFePO4_04-768x626.jpg 768w, https:\/\/ygspower.com\/wp-content\/uploads\/2024\/02\/LiFePO4_04-15x12.jpg 15w, https:\/\/ygspower.com\/wp-content\/uploads\/2024\/02\/LiFePO4_04-600x489.jpg 600w\" sizes=\"(max-width: 1500px) 100vw, 1500px\" \/> <img loading=\"lazy\" decoding=\"async\" class=\"aligncenter size-full wp-image-11793\" src=\"http:\/\/ygspower.com\/wp-content\/uploads\/2024\/02\/LiFePO4_05.jpg\" alt=\"\" width=\"1500\" height=\"1197\" srcset=\"https:\/\/ygspower.com\/wp-content\/uploads\/2024\/02\/LiFePO4_05.jpg 1500w, https:\/\/ygspower.com\/wp-content\/uploads\/2024\/02\/LiFePO4_05-300x239.jpg 300w, https:\/\/ygspower.com\/wp-content\/uploads\/2024\/02\/LiFePO4_05-1024x817.jpg 1024w, https:\/\/ygspower.com\/wp-content\/uploads\/2024\/02\/LiFePO4_05-768x613.jpg 768w, https:\/\/ygspower.com\/wp-content\/uploads\/2024\/02\/LiFePO4_05-15x12.jpg 15w, https:\/\/ygspower.com\/wp-content\/uploads\/2024\/02\/LiFePO4_05-600x479.jpg 600w\" sizes=\"(max-width: 1500px) 100vw, 1500px\" \/> <img loading=\"lazy\" decoding=\"async\" class=\"aligncenter size-full wp-image-11794\" src=\"http:\/\/ygspower.com\/wp-content\/uploads\/2024\/02\/LiFePO4_06.jpg\" alt=\"\" width=\"1500\" height=\"1678\" srcset=\"https:\/\/ygspower.com\/wp-content\/uploads\/2024\/02\/LiFePO4_06.jpg 1500w, https:\/\/ygspower.com\/wp-content\/uploads\/2024\/02\/LiFePO4_06-268x300.jpg 268w, https:\/\/ygspower.com\/wp-content\/uploads\/2024\/02\/LiFePO4_06-915x1024.jpg 915w, https:\/\/ygspower.com\/wp-content\/uploads\/2024\/02\/LiFePO4_06-768x859.jpg 768w, https:\/\/ygspower.com\/wp-content\/uploads\/2024\/02\/LiFePO4_06-1373x1536.jpg 1373w, https:\/\/ygspower.com\/wp-content\/uploads\/2024\/02\/LiFePO4_06-11x12.jpg 11w, https:\/\/ygspower.com\/wp-content\/uploads\/2024\/02\/LiFePO4_06-600x671.jpg 600w\" sizes=\"(max-width: 1500px) 100vw, 1500px\" \/> <img loading=\"lazy\" decoding=\"async\" class=\"aligncenter size-full wp-image-11795\" src=\"http:\/\/ygspower.com\/wp-content\/uploads\/2024\/02\/LiFePO4_07-scaled.jpg\" alt=\"\" width=\"1178\" height=\"2560\" srcset=\"https:\/\/ygspower.com\/wp-content\/uploads\/2024\/02\/LiFePO4_07-scaled.jpg 1178w, https:\/\/ygspower.com\/wp-content\/uploads\/2024\/02\/LiFePO4_07-138x300.jpg 138w, https:\/\/ygspower.com\/wp-content\/uploads\/2024\/02\/LiFePO4_07-471x1024.jpg 471w, https:\/\/ygspower.com\/wp-content\/uploads\/2024\/02\/LiFePO4_07-768x1670.jpg 768w, https:\/\/ygspower.com\/wp-content\/uploads\/2024\/02\/LiFePO4_07-707x1536.jpg 707w, https:\/\/ygspower.com\/wp-content\/uploads\/2024\/02\/LiFePO4_07-942x2048.jpg 942w, https:\/\/ygspower.com\/wp-content\/uploads\/2024\/02\/LiFePO4_07-6x12.jpg 6w, https:\/\/ygspower.com\/wp-content\/uploads\/2024\/02\/LiFePO4_07-600x1304.jpg 600w\" sizes=\"(max-width: 1178px) 100vw, 1178px\" \/><\/p>\n<p>&nbsp;<\/p>","protected":false},"excerpt":{"rendered":"<p>Nom du produit : Mini onduleur 12 V pour cam\u00e9ra de s\u00e9curit\u00e9 domestique<br \/>\nType de batterie : Batterie LiFe PO4 - la batterie au lithium la plus s\u00fbre<br \/>\nTension de sortie : 12 V<br \/>\nCourant de sortie : 2 A<br \/>\nCapacit\u00e9 de la batterie : 3,2 V 4000 mAh\/25,6 Wh<br \/>\nTension d&#039;entr\u00e9e : 110-240 V CA<br \/>\nCourant d&#039;entr\u00e9e : 1 A max.<\/p>","protected":false},"featured_media":11797,"template":"","meta":{"_seopress_robots_primary_cat":"none","_seopress_titles_title":"Mylin 110V-230V AC Input 12V 2A DC Output Mini UPS LiFe PO4 Uninterruptible Power Supply Battery Bckup Unit For telecommunications devices","_seopress_titles_desc":"Product name: Mini 12V UPS for security home camera\r\nBattery type: LiFe PO4 Battery- the safest lithium battery\r\nOutput voltage: 12V\r\nOutput current: 2A\r\nBattery capacity: 3.2V4000mah\/25.6Wh\r\nInput voltage: AC110-240V\r\nInput current: 1A Max","_seopress_robots_index":"","site-sidebar-layout":"default","site-content-layout":"","ast-site-content-layout":"default","site-content-style":"default","site-sidebar-style":"default","ast-global-header-display":"","ast-banner-title-visibility":"","ast-main-header-display":"","ast-hfb-above-header-display":"","ast-hfb-below-header-display":"","ast-hfb-mobile-header-display":"","site-post-title":"","ast-breadcrumbs-content":"","ast-featured-img":"","footer-sml-layout":"","theme-transparent-header-meta":"default","adv-header-id-meta":"","stick-header-meta":"","header-above-stick-meta":"","header-main-stick-meta":"","header-below-stick-meta":"","astra-migrate-meta-layouts":"set","ast-page-background-enabled":"default","ast-page-background-meta":{"desktop":{"background-color":"","background-image":"","background-repeat":"repeat","background-position":"center center","background-size":"auto","background-attachment":"scroll","background-type":"","background-media":"","overlay-type":"","overlay-color":"","overlay-opacity":"","overlay-gradient":""},"tablet":{"background-color":"","background-image":"","background-repeat":"repeat","background-position":"center center","background-size":"auto","background-attachment":"scroll","background-type":"","background-media":"","overlay-type":"","overlay-color":"","overlay-opacity":"","overlay-gradient":""},"mobile":{"background-color":"","background-image":"","background-repeat":"repeat","background-position":"center center","background-size":"auto","background-attachment":"scroll","background-type":"","background-media":"","overlay-type":"","overlay-color":"","overlay-opacity":"","overlay-gradient":""}},"ast-content-background-meta":{"desktop":{"background-color":"var(--ast-global-color-5)","background-image":"","background-repeat":"repeat","background-position":"center center","background-size":"auto","background-attachment":"scroll","background-type":"","background-media":"","overlay-type":"","overlay-color":"","overlay-opacity":"","overlay-gradient":""},"tablet":{"background-color":"var(--ast-global-color-5)","background-image":"","background-repeat":"repeat","background-position":"center center","background-size":"auto","background-attachment":"scroll","background-type":"","background-media":"","overlay-type":"","overlay-color":"","overlay-opacity":"","overlay-gradient":""},"mobile":{"background-color":"var(--ast-global-color-5)","background-image":"","background-repeat":"repeat","background-position":"center center","background-size":"auto","background-attachment":"scroll","background-type":"","background-media":"","overlay-type":"","overlay-color":"","overlay-opacity":"","overlay-gradient":""}}},"product_brand":[],"product_cat":[80,3],"product_tag":[778,777,51,455],"class_list":{"0":"post-9631","1":"product","2":"type-product","3":"status-publish","4":"has-post-thumbnail","6":"product_cat-4-main-products-mini-ups-battery-backup-life-po4-battery-gel-battery-lithium-battery","7":"product_cat-mini-dc-ups","8":"product_tag-backup-battery","9":"product_tag-lifepo4-mini-ups","10":"product_tag-mini-ups","11":"product_tag-uninterruptible-power-supply","12":"desktop-align-left","13":"tablet-align-left","14":"mobile-align-left","16":"first","17":"instock","18":"shipping-taxable","19":"product-type-simple"},"_links":{"self":[{"href":"https:\/\/ygspower.com\/fr\/wp-json\/wp\/v2\/product\/9631","targetHints":{"allow":["GET"]}}],"collection":[{"href":"https:\/\/ygspower.com\/fr\/wp-json\/wp\/v2\/product"}],"about":[{"href":"https:\/\/ygspower.com\/fr\/wp-json\/wp\/v2\/types\/product"}],"version-history":[{"count":4,"href":"https:\/\/ygspower.com\/fr\/wp-json\/wp\/v2\/product\/9631\/revisions"}],"predecessor-version":[{"id":11804,"href":"https:\/\/ygspower.com\/fr\/wp-json\/wp\/v2\/product\/9631\/revisions\/11804"}],"wp:featuredmedia":[{"embeddable":true,"href":"https:\/\/ygspower.com\/fr\/wp-json\/wp\/v2\/media\/11797"}],"wp:attachment":[{"href":"https:\/\/ygspower.com\/fr\/wp-json\/wp\/v2\/media?parent=9631"}],"wp:term":[{"taxonomy":"product_brand","embeddable":true,"href":"https:\/\/ygspower.com\/fr\/wp-json\/wp\/v2\/product_brand?post=9631"},{"taxonomy":"product_cat","embeddable":true,"href":"https:\/\/ygspower.com\/fr\/wp-json\/wp\/v2\/product_cat?post=9631"},{"taxonomy":"product_tag","embeddable":true,"href":"https:\/\/ygspower.com\/fr\/wp-json\/wp\/v2\/product_tag?post=9631"}],"curies":[{"name":"wp","href":"https:\/\/api.w.org\/{rel}","templated":true}]}}