{"id":10550,"date":"2025-01-15T13:28:30","date_gmt":"2025-01-15T05:28:30","guid":{"rendered":"https:\/\/darksalmon-dugong-512221.hostingersite.com\/?post_type=product&#038;p=10550"},"modified":"2025-06-04T13:07:17","modified_gmt":"2025-06-04T05:07:17","slug":"mylion-muc66-mini-ups-type-c-pd-65w-in-out-lithium-battery-pack-backup-uninterruptible-power-supply-for-wifi-router","status":"publish","type":"product","link":"https:\/\/ygspower.com\/it\/prodotto\/mylion-muc66-mini-ups-type-c-pd-65w-in-out-lithium-battery-pack-backup-uninterruptible-power-supply-for-wifi-router\/","title":{"rendered":"Mylion MUC66 Mini UPS Tipo C PD 65W IN\/OUT Batteria al litio di backup Gruppo di continuit\u00e0 per router Wi-Fi"},"content":{"rendered":"<table style=\"height: 1328px;\" width=\"1334\">\n<tbody>\n<tr>\n<td width=\"517\">\n<h5>Nome stile<\/h5>\n<\/td>\n<td width=\"1645\">\n<h5>MUC66<\/h5>\n<\/td>\n<\/tr>\n<tr>\n<td>\n<h5>Tipo di batteria<\/h5>\n<\/td>\n<td>\n<h5>Batteria al litio<\/h5>\n<\/td>\n<\/tr>\n<tr>\n<td>\n<h5>Tensione di uscita\u00a4t<\/h5>\n<\/td>\n<td>\n<h5>20V3.25A 65W<\/h5>\n<\/td>\n<\/tr>\n<tr>\n<td>\n<h5>Capacit\u00e0 della batteria<\/h5>\n<\/td>\n<td>\n<h5>56,16 Wh<\/h5>\n<\/td>\n<\/tr>\n<tr>\n<td>\n<h5>Tensione di ingresso\u00a4t<\/h5>\n<\/td>\n<td>\n<h5>5V3A\/9V3A\/12V3A\/15V3A\/20V3,25A<\/h5>\n<\/td>\n<\/tr>\n<tr>\n<td>\n<h5>Tempo di carica completa della batteria<\/h5>\n<\/td>\n<td>\n<h5>Circa 2-3 ore con adattatore con tipo C PD 36W<\/h5>\n<\/td>\n<\/tr>\n<tr>\n<td rowspan=\"2\">\n<h5>Orario di lavoro<\/h5>\n<\/td>\n<td>\n<h5>Tempo di backup di 5-6 ore per dispositivo 12V1A<\/h5>\n<\/td>\n<\/tr>\n<tr>\n<td>\n<h5>Tempo di backup di 3-4 ore per dispositivo 12V2A<\/h5>\n<\/td>\n<\/tr>\n<tr>\n<td>\n<h5>Porta di ricarica (IN)<\/h5>\n<\/td>\n<td>\n<h5>Tipo C PD -65W bidirezionale<\/h5>\n<\/td>\n<\/tr>\n<tr>\n<td>\n<h5>Porta di scarico (OUT)1<\/h5>\n<\/td>\n<td>\n<h5>Tipo C PD -65W bidirezionale<\/h5>\n<\/td>\n<\/tr>\n<tr>\n<td>\n<h5>Porta di scarico (OUT)2<\/h5>\n<\/td>\n<td>\n<h5>Tipo C PD -30W unidirezionale<\/h5>\n<\/td>\n<\/tr>\n<tr>\n<td>\n<h5>LCD<\/h5>\n<\/td>\n<td>\n<h5>LCD Mostra le condizioni della batteria<\/h5>\n<\/td>\n<\/tr>\n<tr>\n<td>\n<h5>Interruttore<\/h5>\n<\/td>\n<td>\n<h5>Posizionare l&#039;interruttore su ON prima di utilizzarlo<\/h5>\n<\/td>\n<\/tr>\n<tr>\n<td>\n<h5>Materiale della cassa<\/h5>\n<\/td>\n<td>\n<h5>ABS Plastica ignifuga<\/h5>\n<\/td>\n<\/tr>\n<tr>\n<td>\n<h5>Colore della cassa<\/h5>\n<\/td>\n<td>\n<h5>Bianco<\/h5>\n<\/td>\n<\/tr>\n<tr>\n<td>\n<h5>Materiale della cassa<\/h5>\n<\/td>\n<td>\n<h5>ABS anti-incendio<\/h5>\n<\/td>\n<\/tr>\n<tr>\n<td>\n<h5>Dimensione della cassa<\/h5>\n<\/td>\n<td>\n<h5>L155xL87xA47,5mm<\/h5>\n<\/td>\n<\/tr>\n<tr>\n<td>\n<h5>Peso<\/h5>\n<\/td>\n<td>\n<h5>660g<\/h5>\n<\/td>\n<\/tr>\n<tr>\n<td rowspan=\"3\">\n<h5>Caratteristica<\/h5>\n<\/td>\n<td>\n<h5>Controllo IC intelligente, carica e scarica e temperatura<\/h5>\n<\/td>\n<\/tr>\n<tr>\n<td>\n<h5>Tipo C PD 65 W ingresso e uscita massimi<\/h5>\n<\/td>\n<\/tr>\n<tr>\n<td>\n<h5>Le uscite PD di tipo C da 2 pezzi possono fornire tensione e corrente diverse<\/h5>\n<\/td>\n<\/tr>\n<tr>\n<td>\n<h5>Applicazione<\/h5>\n<\/td>\n<td width=\"1645\">\n<h5>Router\/CPE\/ONT\/ONU\/HUB\/Telefono VoIP\/Telecamera IP\/Sistema di sicurezza\/Accesso porta<\/h5>\n<\/td>\n<\/tr>\n<tr>\n<td>\n<h5>Dimensioni della scatola regalo<\/h5>\n<\/td>\n<td width=\"1645\">\n<h5>L160xL95xP55mm<\/h5>\n<\/td>\n<\/tr>\n<tr>\n<td>\n<h5>Certificazione<\/h5>\n<\/td>\n<td width=\"1645\">\n<h5>CE, IEC62368, ROHS, LVD, FCC, REACH, UN38.3<\/h5>\n<\/td>\n<\/tr>\n<tr>\n<td>\n<h5>Adattatore CA opzionale<\/h5>\n<\/td>\n<td width=\"1645\">\n<h5>L&#039;adattatore CA abbinato 12V6A \u00e8 opzionale, se necessario, contattare il venditore MyLion<\/h5>\n<\/td>\n<\/tr>\n<tr>\n<td>\n<h5>Pacchetto<\/h5>\n<\/td>\n<td>\n<h5>12 pezzi in una scatola (35x21x30 cm), circa 8,5 kg\/scatola<\/h5>\n<\/td>\n<\/tr>\n<\/tbody>\n<\/table>\n<p><img fetchpriority=\"high\" decoding=\"async\" class=\"alignleft wp-image-10530\" src=\"http:\/\/ygspower.com\/wp-content\/uploads\/2025\/01\/1.jpg\" alt=\"\" width=\"630\" height=\"378\" srcset=\"https:\/\/ygspower.com\/wp-content\/uploads\/2025\/01\/1.jpg 1000w, https:\/\/ygspower.com\/wp-content\/uploads\/2025\/01\/1-300x180.jpg 300w, https:\/\/ygspower.com\/wp-content\/uploads\/2025\/01\/1-768x461.jpg 768w, https:\/\/ygspower.com\/wp-content\/uploads\/2025\/01\/1-18x12.jpg 18w, https:\/\/ygspower.com\/wp-content\/uploads\/2025\/01\/1-600x360.jpg 600w\" sizes=\"(max-width: 630px) 100vw, 630px\" \/><\/p>\n<p><strong>Vantaggi dell&#039;ingresso e dell&#039;uscita di tipo C del mini UPS MUC66<\/strong><\/p>\n<p>Il mini UPS MUC66 \u00e8 dotato di ingresso e uscita Type-C PD avanzati, che offrono praticit\u00e0 ed efficienza senza pari. Il supporto per pi\u00f9 livelli di tensione (5 V, 9 V, 12 V, 15 V, 20 V) e una porta Type-C PD da 65 W assicurano una ricarica rapida ed efficiente per una variet\u00e0 di dispositivi come router, laptop e smartphone.<\/p>\n<p>Il flusso di potenza bidirezionale consente di utilizzare la porta Type-C sia come input che come output, semplificando la gestione dei cavi e riducendo la necessit\u00e0 di adattatori aggiuntivi. Inoltre, il design compatto e reversibile dell&#039;interfaccia Type-C assicura una facile connessione.<\/p>\n<p>Il MUC66 supporta anche l&#039;uscita multi-dispositivo con la sua porta aggiuntiva da 30 W, perfetta per gli utenti con pi\u00f9 dispositivi critici. In sintesi, la tecnologia Type-C del MUC66 migliora la velocit\u00e0, la versatilit\u00e0 e la praticit\u00e0 per l&#039;utente, rendendolo un&#039;importante soluzione di alimentazione di backup per i dispositivi moderni.<\/p>\n<p>&nbsp;<\/p>\n<p><img decoding=\"async\" class=\"wp-image-10531 alignright\" src=\"http:\/\/ygspower.com\/wp-content\/uploads\/2025\/01\/2.jpg\" alt=\"\" width=\"634\" height=\"381\" srcset=\"https:\/\/ygspower.com\/wp-content\/uploads\/2025\/01\/2.jpg 1000w, https:\/\/ygspower.com\/wp-content\/uploads\/2025\/01\/2-300x180.jpg 300w, https:\/\/ygspower.com\/wp-content\/uploads\/2025\/01\/2-768x461.jpg 768w, https:\/\/ygspower.com\/wp-content\/uploads\/2025\/01\/2-18x12.jpg 18w, https:\/\/ygspower.com\/wp-content\/uploads\/2025\/01\/2-600x360.jpg 600w\" sizes=\"(max-width: 634px) 100vw, 634px\" \/><\/p>\n<p><strong>Vantaggi del mini UPS MUC66 Protezione intelligente del chip<\/strong><\/p>\n<p>MUC66 Mini UPS utilizza una protezione avanzata del chip intelligente per garantire la sicurezza e l&#039;efficienza dei dispositivi collegati e delle batterie interne. Il chip IC intelligente integrato fornisce una protezione completa, tra cui protezione da sovraccarico, scarica eccessiva, sovraccarico, cortocircuito e temperatura, prolungando la durata della batteria e prevenendo potenziali danni alle apparecchiature.<br \/>\nIl sistema di gestione intelligente assicura una tensione e una corrente di uscita stabili, proteggendo dispositivi elettronici sensibili come router, telecamere IP e telefoni VoIP da sovratensioni e fluttuazioni. Il chip intelligente ottimizza inoltre l&#039;efficienza energetica e migliora le prestazioni di carica e scarica per un funzionamento senza interruzioni durante le interruzioni di corrente.<\/p>\n<p>&nbsp;<\/p>\n<p><img decoding=\"async\" class=\"wp-image-10563 alignleft\" src=\"http:\/\/ygspower.com\/wp-content\/uploads\/2025\/01\/4.jpg\" alt=\"\" width=\"675\" height=\"405\" srcset=\"https:\/\/ygspower.com\/wp-content\/uploads\/2025\/01\/4.jpg 1000w, https:\/\/ygspower.com\/wp-content\/uploads\/2025\/01\/4-300x180.jpg 300w, https:\/\/ygspower.com\/wp-content\/uploads\/2025\/01\/4-768x461.jpg 768w, https:\/\/ygspower.com\/wp-content\/uploads\/2025\/01\/4-18x12.jpg 18w, https:\/\/ygspower.com\/wp-content\/uploads\/2025\/01\/4-600x360.jpg 600w\" sizes=\"(max-width: 675px) 100vw, 675px\" \/><\/p>\n<p><strong>Molteplici vantaggi di certificazione del mini UPS MUC66<\/strong><\/p>\n<p>Il mini UPS MUC66 detiene numerose certificazioni internazionali, tra cui CE, ROHS, FCC, LVD, REACH e UN38.3, che ne garantiscono la sicurezza, la qualit\u00e0 e la conformit\u00e0 agli standard globali. Queste certificazioni dimostrano che il prodotto \u00e8 conforme a rigorose normative sulla sicurezza elettronica, sulla protezione ambientale e sulle prestazioni affidabili. Con la certificazione UN38.3, MUC66 garantisce il trasporto sicuro delle batterie al litio, mentre le certificazioni CE e FCC confermano che soddisfa i requisiti di base di sicurezza e compatibilit\u00e0 elettromagnetica. La certificazione ROHS sottolinea il suo design ecologico e garantisce l&#039;assenza di sostanze nocive, mentre la certificazione REACH dimostra la conformit\u00e0 agli standard di sicurezza chimica. Queste certificazioni offrono agli utenti tranquillit\u00e0 e consentono a MUC66 di soddisfare le esigenze di diversi mercati in tutto il mondo.<\/p>\n<p>&nbsp;<\/p>\n<p><img loading=\"lazy\" decoding=\"async\" class=\"wp-image-10532 alignright\" src=\"http:\/\/ygspower.com\/wp-content\/uploads\/2025\/01\/3-2.jpg\" alt=\"\" width=\"627\" height=\"376\" srcset=\"https:\/\/ygspower.com\/wp-content\/uploads\/2025\/01\/3-2.jpg 1000w, https:\/\/ygspower.com\/wp-content\/uploads\/2025\/01\/3-2-300x180.jpg 300w, https:\/\/ygspower.com\/wp-content\/uploads\/2025\/01\/3-2-768x461.jpg 768w, https:\/\/ygspower.com\/wp-content\/uploads\/2025\/01\/3-2-18x12.jpg 18w, https:\/\/ygspower.com\/wp-content\/uploads\/2025\/01\/3-2-600x360.jpg 600w\" sizes=\"(max-width: 627px) 100vw, 627px\" \/><\/p>\n<p><strong>Scenari applicativi del Mini UPS MUC66<\/strong><\/p>\n<p>Progettato per molteplici applicazioni, il MUC66 Mini UPS fornisce un backup di alimentazione ininterrotto per un&#039;ampia gamma di dispositivi. Il suo ingresso\/uscita Type C PD e il supporto multi-tensione lo rendono una soluzione ideale per router, CPE, ONT, telefoni VoIP, telecamere IP e sistemi di sicurezza, garantendo un funzionamento senza interruzioni durante le interruzioni di corrente.<\/p>\n<p>Nelle case intelligenti, il MUC66 alimenta i router Wi-Fi per una connettivit\u00e0 Internet ininterrotta e supporta dispositivi intelligenti come i sistemi di accesso biometrico. Per gli uffici, mantiene i telefoni VoIP, gli hub e i sistemi di controllo degli accessi in funzione in modo stabile, migliorando l&#039;efficienza e la sicurezza del lavoro.<\/p>\n<p>Il suo design leggero e compatto lo rende adatto alle applicazioni portatili, mentre la sua protezione IC intelligente garantisce prestazioni sicure e affidabili.<\/p>","protected":false},"excerpt":{"rendered":"<p>Style name MUC66 Battery type Lithium battery Output voltage&amp;current 20V3.25A 65W Battery capacity 56.16Wh Input voltage&amp;current 5V3A\/9V3A\/12V3A\/15V3A\/20V3.25A Battery full charge time About 2-3hours by Adaptor with Type C PD 36W Working time 5-6 hours backup time for 12V1A device 3-4 hours backup time for 12V2A device Charge port(IN) Type C PD -65W Bidirectionaly Discharge port(OUT)1 [&hellip;]<\/p>","protected":false},"featured_media":10565,"template":"","meta":{"_seopress_robots_primary_cat":"none","_seopress_titles_title":"Mylion MUC66 20V 3.25A Mini UPS Type C 65W IN\/OUT Mini UPS","_seopress_titles_desc":"The solution for power outages at home and office, Type C IN\/OUT MUC66 Mini UPS. Keep your network connected, multiple output ports support multi-device output.","_seopress_robots_index":"","site-sidebar-layout":"default","site-content-layout":"","ast-site-content-layout":"default","site-content-style":"default","site-sidebar-style":"default","ast-global-header-display":"","ast-banner-title-visibility":"","ast-main-header-display":"","ast-hfb-above-header-display":"","ast-hfb-below-header-display":"","ast-hfb-mobile-header-display":"","site-post-title":"","ast-breadcrumbs-content":"","ast-featured-img":"","footer-sml-layout":"","theme-transparent-header-meta":"default","adv-header-id-meta":"","stick-header-meta":"","header-above-stick-meta":"","header-main-stick-meta":"","header-below-stick-meta":"","astra-migrate-meta-layouts":"set","ast-page-background-enabled":"default","ast-page-background-meta":{"desktop":{"background-color":"","background-image":"","background-repeat":"repeat","background-position":"center center","background-size":"auto","background-attachment":"scroll","background-type":"","background-media":"","overlay-type":"","overlay-color":"","overlay-opacity":"","overlay-gradient":""},"tablet":{"background-color":"","background-image":"","background-repeat":"repeat","background-position":"center center","background-size":"auto","background-attachment":"scroll","background-type":"","background-media":"","overlay-type":"","overlay-color":"","overlay-opacity":"","overlay-gradient":""},"mobile":{"background-color":"","background-image":"","background-repeat":"repeat","background-position":"center center","background-size":"auto","background-attachment":"scroll","background-type":"","background-media":"","overlay-type":"","overlay-color":"","overlay-opacity":"","overlay-gradient":""}},"ast-content-background-meta":{"desktop":{"background-color":"var(--ast-global-color-5)","background-image":"","background-repeat":"repeat","background-position":"center center","background-size":"auto","background-attachment":"scroll","background-type":"","background-media":"","overlay-type":"","overlay-color":"","overlay-opacity":"","overlay-gradient":""},"tablet":{"background-color":"var(--ast-global-color-5)","background-image":"","background-repeat":"repeat","background-position":"center center","background-size":"auto","background-attachment":"scroll","background-type":"","background-media":"","overlay-type":"","overlay-color":"","overlay-opacity":"","overlay-gradient":""},"mobile":{"background-color":"var(--ast-global-color-5)","background-image":"","background-repeat":"repeat","background-position":"center center","background-size":"auto","background-attachment":"scroll","background-type":"","background-media":"","overlay-type":"","overlay-color":"","overlay-opacity":"","overlay-gradient":""}}},"product_brand":[],"product_cat":[80,3],"product_tag":[],"class_list":{"0":"post-10550","1":"product","2":"type-product","3":"status-publish","4":"has-post-thumbnail","6":"product_cat-4-main-products-mini-ups-battery-backup-life-po4-battery-gel-battery-lithium-battery","7":"product_cat-mini-dc-ups","8":"desktop-align-left","9":"tablet-align-left","10":"mobile-align-left","12":"first","13":"instock","14":"shipping-taxable","15":"product-type-simple"},"_links":{"self":[{"href":"https:\/\/ygspower.com\/it\/wp-json\/wp\/v2\/product\/10550","targetHints":{"allow":["GET"]}}],"collection":[{"href":"https:\/\/ygspower.com\/it\/wp-json\/wp\/v2\/product"}],"about":[{"href":"https:\/\/ygspower.com\/it\/wp-json\/wp\/v2\/types\/product"}],"version-history":[{"count":5,"href":"https:\/\/ygspower.com\/it\/wp-json\/wp\/v2\/product\/10550\/revisions"}],"predecessor-version":[{"id":11170,"href":"https:\/\/ygspower.com\/it\/wp-json\/wp\/v2\/product\/10550\/revisions\/11170"}],"wp:featuredmedia":[{"embeddable":true,"href":"https:\/\/ygspower.com\/it\/wp-json\/wp\/v2\/media\/10565"}],"wp:attachment":[{"href":"https:\/\/ygspower.com\/it\/wp-json\/wp\/v2\/media?parent=10550"}],"wp:term":[{"taxonomy":"product_brand","embeddable":true,"href":"https:\/\/ygspower.com\/it\/wp-json\/wp\/v2\/product_brand?post=10550"},{"taxonomy":"product_cat","embeddable":true,"href":"https:\/\/ygspower.com\/it\/wp-json\/wp\/v2\/product_cat?post=10550"},{"taxonomy":"product_tag","embeddable":true,"href":"https:\/\/ygspower.com\/it\/wp-json\/wp\/v2\/product_tag?post=10550"}],"curies":[{"name":"wp","href":"https:\/\/api.w.org\/{rel}","templated":true}]}}